{"id":35748,"date":"2023-02-27T09:31:21","date_gmt":"2023-02-27T12:31:21","guid":{"rendered":"https:\/\/portal.uern.br\/uernemnumeros\/?page_id=35748"},"modified":"2023-02-27T09:31:21","modified_gmt":"2023-02-27T12:31:21","slug":"diretoria-de-informatizacao-dinf","status":"publish","type":"page","link":"https:\/\/portal.uern.br\/uernemnumeros\/diretoria-de-informatizacao-dinf\/","title":{"rendered":"Diretoria de Informatiza\u00e7\u00e3o \u2013 DINF"},"content":{"rendered":"<p>Aqui s\u00e3o os n\u00fameros da DINF.<\/p>\n<p><a href=\"https:\/\/docs.google.com\/presentation\/d\/e\/2PACX-1vTLcXfw77oRF9LgAySTE5u57FeB2LgFDZiGzCy7ymGyPMIzk7fmdO8gZICSMCoSaRoF_pIgqgzJFteS\/pub?start=true&amp;loop=true&amp;delayms=3000\" target=\"_blank\" rel=\"noopener\">DINF EM N\u00daMEROS<\/a><\/p>\n","protected":false},"excerpt":{"rendered":"<p>Aqui s\u00e3o os n\u00fameros da DINF. DINF EM N\u00daMEROS<\/p>\n","protected":false},"author":28,"featured_media":0,"parent":0,"menu_order":0,"comment_status":"closed","ping_status":"closed","template":"","meta":[],"_links":{"self":[{"href":"https:\/\/portal.uern.br\/uernemnumeros\/wp-json\/wp\/v2\/pages\/35748"}],"collection":[{"href":"https:\/\/portal.uern.br\/uernemnumeros\/wp-json\/wp\/v2\/pages"}],"about":[{"href":"https:\/\/portal.uern.br\/uernemnumeros\/wp-json\/wp\/v2\/types\/page"}],"author":[{"embeddable":true,"href":"https:\/\/portal.uern.br\/uernemnumeros\/wp-json\/wp\/v2\/users\/28"}],"replies":[{"embeddable":true,"href":"https:\/\/portal.uern.br\/uernemnumeros\/wp-json\/wp\/v2\/comments?post=35748"}],"version-history":[{"count":1,"href":"https:\/\/portal.uern.br\/uernemnumeros\/wp-json\/wp\/v2\/pages\/35748\/revisions"}],"predecessor-version":[{"id":35749,"href":"https:\/\/portal.uern.br\/uernemnumeros\/wp-json\/wp\/v2\/pages\/35748\/revisions\/35749"}],"wp:attachment":[{"href":"https:\/\/portal.uern.br\/uernemnumeros\/wp-json\/wp\/v2\/media?parent=35748"}],"curies":[{"name":"wp","href":"https:\/\/api.w.org\/{rel}","templated":true}]}}