{"id":35674,"date":"2023-02-27T07:23:03","date_gmt":"2023-02-27T10:23:03","guid":{"rendered":"https:\/\/portal.uern.br\/uernemnumeros\/?page_id=35674"},"modified":"2023-02-27T07:23:03","modified_gmt":"2023-02-27T10:23:03","slug":"diretoria-de-relacoes-internacionais-e-interinstitucionais","status":"publish","type":"page","link":"https:\/\/portal.uern.br\/uernemnumeros\/diretoria-de-relacoes-internacionais-e-interinstitucionais\/","title":{"rendered":"Diretoria de Rela\u00e7\u00f5es Internacionais e Interinstitucionais"},"content":{"rendered":"<table dir=\"ltr\" cellspacing=\"0\" cellpadding=\"0\">\n<tbody>\n<tr>\n<td><strong>A\u00e7\u00f5es realizadas<\/strong><\/td>\n<td><strong>Per\u00edodo<\/strong><\/td>\n<td><strong>Total<\/strong><\/td>\n<td><strong>Descri\u00e7\u00e3o das a\u00e7\u00f5es<\/strong><\/td>\n<\/tr>\n<tr>\n<td>Celebra\u00e7\u00e3o de conv\u00eanios entre a UERN e universidades estrangeiras<\/td>\n<td>2019 a 2022<\/td>\n<td>26<\/td>\n<td>\n<div>\n<p>Entre os anos de 2019 a 2022, foram assinados 26 acordos de coopera\u00e7\u00e3o internacional entre a UERN e universidades estrangeiras em Portugal (03), na Espanha (06), em Mo\u00e7ambique (01), NA Argentina (03), no Chile (03), na It\u00e1lia (01), na Col\u00f4mbia (02), no Peru (01),em Praga (01), em Guin\u00e9-Bissau (02), na Bol\u00edvia (01), em Cabo Verde (01) e na China (01).<\/p>\n<\/div>\n<\/td>\n<\/tr>\n<tr>\n<td>Cursos ofertados<\/td>\n<td>2020 a 2022<\/td>\n<td>\u00a0 \u00a0 \u00a0 05<\/td>\n<td>\n<div>\n<div>Em 2020, foi ofertado em sua primeira edi\u00e7\u00e3o, no formato online, o Curso de Portugu\u00eas para Estrangeiros. Em 2021 o curso foi reformulado e passou a ser Portugu\u00eas como L\u00edngua adicional. Em 2022, devido ao grande n\u00famero de inscritos, foram ofertadas duas turmas. Ainda em 2022, foi ofertada a primeira edi\u00e7\u00e3o do Curso de Espanhol B\u00e1sico.<\/div>\n<\/div>\n<\/td>\n<\/tr>\n<tr>\n<td>Alunos da UERN contemplados com a mobilidade internacional IN<\/td>\n<td>2020 a 2022<\/td>\n<td>\u00a0 \u00a0 \u00a0 45<\/td>\n<td>O Programa de Interc\u00e2mbio Acad\u00eamico Latinoamericano Virtual permitiu que os alunos da UERN cursassem disciplinas em universidades estrangeiras<\/td>\n<\/tr>\n<tr>\n<td>Alunos estrangeiros contemplados com a mobilidade internacional OUT<\/td>\n<td>2020 a 2022<\/td>\n<td>\u00a0 \u00a0 \u00a0 13<\/td>\n<td>O programa de Interc\u00e2mbio Acad\u00eamico Latinoamericano Virtual proporcionou que alunos estrangeiros pudessem cursar disciplinas na UERN.<\/td>\n<\/tr>\n<tr>\n<td>Sites traduzidos<\/td>\n<td>2020 a 2022<\/td>\n<td>\u00a0 \u00a0 \u00a029<\/td>\n<td>\n<div>\n<div>Atrav\u00e9s do conv\u00eanio entre FAPERN e UERN para Fortalecimento e Populariza\u00e7\u00e3o da CT &amp; I nos Territ\u00f3rios do RN, foi poss\u00edvel realizar a tradu\u00e7\u00e3o em ingl\u00eas e espanhol dos sites de p\u00f3s- gradua\u00e7\u00e3o da UERN.<\/div>\n<\/div>\n<\/td>\n<\/tr>\n<tr>\n<td>Eventos realizados na \u00e1rea de internacionaliza\u00e7\u00e3o<\/td>\n<td>2020 a 2022<\/td>\n<td>\u00a0 \u00a0 \u00a006<\/td>\n<td>\n<div>\n<div>Em 2021 surgiu a proposta de realiza\u00e7\u00e3o de v\u00eddeos interativos com pessoas de refer\u00eancia na \u00e1rea da internacionaliza\u00e7\u00e3o. Da\u00ed surgiu o UERN Conex\u00e3o Global, com sua primeira edi\u00e7\u00e3o em 2021 e outras 4 em 2022.<\/div>\n<\/div>\n<\/td>\n<\/tr>\n<\/tbody>\n<\/table>\n<p>&nbsp;<\/p>\n<p><a href=\"https:\/\/portal.uern.br\/uernemnumeros\/diretoria-de-relacoes-internacionais-e-interinstitucionais\/diretoria-de-relacoes-internacionais-e-interinstitucionais\/\" rel=\"attachment wp-att-35676\"><img fetchpriority=\"high\" decoding=\"async\" class=\"alignnone size-large wp-image-35676\" src=\"https:\/\/portal.uern.br\/uernemnumeros\/wp-content\/uploads\/sites\/19\/2023\/02\/Diretoria-de-Relacoes-Internacionais-e-Interinstitucionais-1024x633.png\" alt=\"\" width=\"800\" height=\"495\" srcset=\"https:\/\/portal.uern.br\/uernemnumeros\/wp-content\/uploads\/sites\/19\/2023\/02\/Diretoria-de-Relacoes-Internacionais-e-Interinstitucionais-1024x633.png 1024w, https:\/\/portal.uern.br\/uernemnumeros\/wp-content\/uploads\/sites\/19\/2023\/02\/Diretoria-de-Relacoes-Internacionais-e-Interinstitucionais-300x186.png 300w, https:\/\/portal.uern.br\/uernemnumeros\/wp-content\/uploads\/sites\/19\/2023\/02\/Diretoria-de-Relacoes-Internacionais-e-Interinstitucionais-768x475.png 768w, https:\/\/portal.uern.br\/uernemnumeros\/wp-content\/uploads\/sites\/19\/2023\/02\/Diretoria-de-Relacoes-Internacionais-e-Interinstitucionais.png 1200w\" sizes=\"(max-width: 800px) 100vw, 800px\" \/><\/a><\/p>\n<p>&nbsp;<\/p>\n","protected":false},"excerpt":{"rendered":"<p>A\u00e7\u00f5es realizadas Per\u00edodo Total Descri\u00e7\u00e3o das a\u00e7\u00f5es Celebra\u00e7\u00e3o de conv\u00eanios entre a UERN e universidades estrangeiras 2019 a 2022 26 Entre os anos de 2019 a 2022, foram assinados 26 acordos de coopera\u00e7\u00e3o internacional entre a UERN e universidades estrangeiras em Portugal (03), na Espanha (06), em Mo\u00e7ambique (01), NA Argentina (03), no Chile (03), [&hellip;]<\/p>\n","protected":false},"author":28,"featured_media":0,"parent":0,"menu_order":0,"comment_status":"closed","ping_status":"closed","template":"","meta":[],"_links":{"self":[{"href":"https:\/\/portal.uern.br\/uernemnumeros\/wp-json\/wp\/v2\/pages\/35674"}],"collection":[{"href":"https:\/\/portal.uern.br\/uernemnumeros\/wp-json\/wp\/v2\/pages"}],"about":[{"href":"https:\/\/portal.uern.br\/uernemnumeros\/wp-json\/wp\/v2\/types\/page"}],"author":[{"embeddable":true,"href":"https:\/\/portal.uern.br\/uernemnumeros\/wp-json\/wp\/v2\/users\/28"}],"replies":[{"embeddable":true,"href":"https:\/\/portal.uern.br\/uernemnumeros\/wp-json\/wp\/v2\/comments?post=35674"}],"version-history":[{"count":2,"href":"https:\/\/portal.uern.br\/uernemnumeros\/wp-json\/wp\/v2\/pages\/35674\/revisions"}],"predecessor-version":[{"id":35678,"href":"https:\/\/portal.uern.br\/uernemnumeros\/wp-json\/wp\/v2\/pages\/35674\/revisions\/35678"}],"wp:attachment":[{"href":"https:\/\/portal.uern.br\/uernemnumeros\/wp-json\/wp\/v2\/media?parent=35674"}],"curies":[{"name":"wp","href":"https:\/\/api.w.org\/{rel}","templated":true}]}}