{"id":35659,"date":"2023-02-23T10:41:28","date_gmt":"2023-02-23T13:41:28","guid":{"rendered":"https:\/\/portal.uern.br\/uernemnumeros\/?page_id=35659"},"modified":"2023-02-23T10:41:28","modified_gmt":"2023-02-23T13:41:28","slug":"licitacoes-e-contratos-2021","status":"publish","type":"page","link":"https:\/\/portal.uern.br\/uernemnumeros\/licitacoes-e-contratos-2021\/","title":{"rendered":"Licita\u00e7\u00f5es e Contratos \u2013 2021"},"content":{"rendered":"<p>No ano de 2021 foram realizados 120 procedimentos licitat\u00f3rios e contrata\u00e7\u00f5es diretas pela Funda\u00e7\u00e3o Universidade do Estado do Rio Grande do Norte, totalizando\u00a0R$ 5.285.821,00 em aquisi\u00e7\u00f5es e presta\u00e7\u00e3o de servi\u00e7o.<\/p>\n<table cellspacing=\"0\">\n<colgroup width=\"346\"><\/colgroup>\n<colgroup width=\"86\"><\/colgroup>\n<colgroup width=\"114\"><\/colgroup>\n<tbody>\n<tr>\n<td><strong>TIPO DE CONTRATA\u00c7\u00c3O<\/strong><\/td>\n<td><strong>QUANT.<\/strong><\/td>\n<td><strong>VALOR<\/strong><\/td>\n<\/tr>\n<tr>\n<td>CONCORR\u00caNCIAS<\/td>\n<td>0<\/td>\n<td>R$ 0,00<\/td>\n<\/tr>\n<tr>\n<td>TOMADAS DE PRE\u00c7OS<\/td>\n<td>6<\/td>\n<td>R$ 193.455,08<\/td>\n<\/tr>\n<tr>\n<td>PREG\u00d5ES ELETR\u00d4NICOS<\/td>\n<td>54<\/td>\n<td>R$ 1.514.625,43<\/td>\n<\/tr>\n<tr>\n<td>DISPENSAS DE LICITA\u00c7\u00c3O<\/td>\n<td>42<\/td>\n<td>R$ 348.004,29<\/td>\n<\/tr>\n<tr>\n<td>INEXIGIBILIDADES DE LICITA\u00c7\u00c3O<\/td>\n<td>12<\/td>\n<td>R$ 45.365,76<\/td>\n<\/tr>\n<tr>\n<td>ADES\u00d5ES \u00c0 ATAS DE REGISTRO DE PRE\u00c7OS<\/td>\n<td>6<\/td>\n<td>R$ 3.184.370,44<\/td>\n<\/tr>\n<tr>\n<td>ATAS DE REGISTRO DE PRE\u00c7OS<\/td>\n<td>0<\/td>\n<td>R$ 0,00<\/td>\n<\/tr>\n<tr>\n<td>LEIL\u00d5ES<\/td>\n<td>0<\/td>\n<td>R$ 0,00<\/td>\n<\/tr>\n<tr>\n<td>ADES\u00d5ES \u00c0 CONTRATOS<\/td>\n<td>0<\/td>\n<td>R$ 0,00<\/td>\n<\/tr>\n<\/tbody>\n<\/table>\n<p>&nbsp;<\/p>\n<p><strong>Procedimentos Licitat\u00f3rios por Modalidade<\/strong><\/p>\n<p><a href=\"https:\/\/portal.uern.br\/uernemnumeros\/licitacoes-e-contratos-2021\/procedimentos-licitatorios-por-modalidade-2021\/\" rel=\"attachment wp-att-35660\"><img fetchpriority=\"high\" decoding=\"async\" class=\"alignnone size-large wp-image-35660\" src=\"https:\/\/portal.uern.br\/uernemnumeros\/wp-content\/uploads\/sites\/19\/2023\/02\/Procedimentos-Licitatorios-por-Modalidade-2021-1024x385.png\" alt=\"\" width=\"800\" height=\"301\" srcset=\"https:\/\/portal.uern.br\/uernemnumeros\/wp-content\/uploads\/sites\/19\/2023\/02\/Procedimentos-Licitatorios-por-Modalidade-2021-1024x385.png 1024w, https:\/\/portal.uern.br\/uernemnumeros\/wp-content\/uploads\/sites\/19\/2023\/02\/Procedimentos-Licitatorios-por-Modalidade-2021-300x113.png 300w, https:\/\/portal.uern.br\/uernemnumeros\/wp-content\/uploads\/sites\/19\/2023\/02\/Procedimentos-Licitatorios-por-Modalidade-2021-768x289.png 768w, https:\/\/portal.uern.br\/uernemnumeros\/wp-content\/uploads\/sites\/19\/2023\/02\/Procedimentos-Licitatorios-por-Modalidade-2021.png 1064w\" sizes=\"(max-width: 800px) 100vw, 800px\" \/><\/a><\/p>\n<p>&nbsp;<\/p>\n<p><strong>Percentual por Modalidade de Licita\u00e7\u00e3o (%)<\/strong><\/p>\n<p><a href=\"https:\/\/portal.uern.br\/uernemnumeros\/licitacoes-e-contratos-2021\/percentual-por-modalidade-de-licitacao-2021\/\" rel=\"attachment wp-att-35661\"><img decoding=\"async\" class=\"alignnone size-full wp-image-35661\" src=\"https:\/\/portal.uern.br\/uernemnumeros\/wp-content\/uploads\/sites\/19\/2023\/02\/Percentual-por-Modalidade-de-Licitacao-2021.png\" alt=\"\" width=\"587\" height=\"399\" srcset=\"https:\/\/portal.uern.br\/uernemnumeros\/wp-content\/uploads\/sites\/19\/2023\/02\/Percentual-por-Modalidade-de-Licitacao-2021.png 587w, https:\/\/portal.uern.br\/uernemnumeros\/wp-content\/uploads\/sites\/19\/2023\/02\/Percentual-por-Modalidade-de-Licitacao-2021-300x204.png 300w\" sizes=\"(max-width: 587px) 100vw, 587px\" \/><\/a><\/p>\n<p>&nbsp;<\/p>\n","protected":false},"excerpt":{"rendered":"<p>No ano de 2021 foram realizados 120 procedimentos licitat\u00f3rios e contrata\u00e7\u00f5es diretas pela Funda\u00e7\u00e3o Universidade do Estado do Rio Grande do Norte, totalizando\u00a0R$ 5.285.821,00 em aquisi\u00e7\u00f5es e presta\u00e7\u00e3o de servi\u00e7o. TIPO DE CONTRATA\u00c7\u00c3O QUANT. VALOR CONCORR\u00caNCIAS 0 R$ 0,00 TOMADAS DE PRE\u00c7OS 6 R$ 193.455,08 PREG\u00d5ES ELETR\u00d4NICOS 54 R$ 1.514.625,43 DISPENSAS DE LICITA\u00c7\u00c3O 42 R$ [&hellip;]<\/p>\n","protected":false},"author":28,"featured_media":0,"parent":0,"menu_order":0,"comment_status":"closed","ping_status":"closed","template":"","meta":[],"_links":{"self":[{"href":"https:\/\/portal.uern.br\/uernemnumeros\/wp-json\/wp\/v2\/pages\/35659"}],"collection":[{"href":"https:\/\/portal.uern.br\/uernemnumeros\/wp-json\/wp\/v2\/pages"}],"about":[{"href":"https:\/\/portal.uern.br\/uernemnumeros\/wp-json\/wp\/v2\/types\/page"}],"author":[{"embeddable":true,"href":"https:\/\/portal.uern.br\/uernemnumeros\/wp-json\/wp\/v2\/users\/28"}],"replies":[{"embeddable":true,"href":"https:\/\/portal.uern.br\/uernemnumeros\/wp-json\/wp\/v2\/comments?post=35659"}],"version-history":[{"count":2,"href":"https:\/\/portal.uern.br\/uernemnumeros\/wp-json\/wp\/v2\/pages\/35659\/revisions"}],"predecessor-version":[{"id":35663,"href":"https:\/\/portal.uern.br\/uernemnumeros\/wp-json\/wp\/v2\/pages\/35659\/revisions\/35663"}],"wp:attachment":[{"href":"https:\/\/portal.uern.br\/uernemnumeros\/wp-json\/wp\/v2\/media?parent=35659"}],"curies":[{"name":"wp","href":"https:\/\/api.w.org\/{rel}","templated":true}]}}