{"id":35641,"date":"2023-02-23T10:35:12","date_gmt":"2023-02-23T13:35:12","guid":{"rendered":"https:\/\/portal.uern.br\/uernemnumeros\/?page_id=35641"},"modified":"2023-02-23T10:35:12","modified_gmt":"2023-02-23T13:35:12","slug":"licitacoes-e-contratos-2018","status":"publish","type":"page","link":"https:\/\/portal.uern.br\/uernemnumeros\/licitacoes-e-contratos-2018\/","title":{"rendered":"Licita\u00e7\u00f5es e Contratos \u2013 2018"},"content":{"rendered":"<p>No ano de 2018 foram realizados 128 procedimentos licitat\u00f3rios e contrata\u00e7\u00f5es diretas pela Funda\u00e7\u00e3o Universidade do Estado do Rio Grande do Norte, totalizando R$ 8.983.442,00 em aquisi\u00e7\u00f5es e presta\u00e7\u00e3o de servi\u00e7o.<\/p>\n<table cellspacing=\"0\">\n<tbody>\n<tr>\n<td><strong>TIPO DE CONTRATA\u00c7\u00c3O<\/strong><\/td>\n<td><strong>QUANT.<\/strong><\/td>\n<td><strong>VALOR<\/strong><\/td>\n<\/tr>\n<tr>\n<td>CONCORR\u00caNCIAS<\/td>\n<td>0<\/td>\n<td>R$ 0,00<\/td>\n<\/tr>\n<tr>\n<td>TOMADAS DE PRE\u00c7OS<\/td>\n<td>6<\/td>\n<td>R$ 723.267,18<\/td>\n<\/tr>\n<tr>\n<td>PREG\u00d5ES ELETR\u00d4NICOS<\/td>\n<td>36<\/td>\n<td>R$ 6.128.375,35<\/td>\n<\/tr>\n<tr>\n<td>DISPENSAS DE LICITA\u00c7\u00c3O<\/td>\n<td>36<\/td>\n<td>R$ 1.047.585,59<\/td>\n<\/tr>\n<tr>\n<td>INEXIGIBILIDADES DE LICITA\u00c7\u00c3O<\/td>\n<td>46<\/td>\n<td>R$ 376.496,52<\/td>\n<\/tr>\n<tr>\n<td>ADES\u00d5ES \u00c0 ATAS DE REGISTRO DE PRE\u00c7OS<\/td>\n<td>3<\/td>\n<td>R$ 672.830,96<\/td>\n<\/tr>\n<tr>\n<td>ATAS DE REGISTRO DE PRE\u00c7OS<\/td>\n<td>0<\/td>\n<td>R$ 0,00<\/td>\n<\/tr>\n<tr>\n<td>LEIL\u00d5ES<\/td>\n<td>0<\/td>\n<td>R$ 0,00<\/td>\n<\/tr>\n<tr>\n<td>ADES\u00d5ES \u00c0 CONTRATOS<\/td>\n<td>1<\/td>\n<td>R$ 34.886,40<\/td>\n<\/tr>\n<\/tbody>\n<\/table>\n<p>&nbsp;<\/p>\n<p><strong>Procedimentos Licitat\u00f3rios por Modalidade<\/strong><\/p>\n<p><a href=\"https:\/\/portal.uern.br\/uernemnumeros\/licitacoes-e-contratos-2018\/procedimentos-licitatorios-por-modalidade\/\" rel=\"attachment wp-att-35642\"><img fetchpriority=\"high\" decoding=\"async\" class=\"alignnone size-full wp-image-35642\" src=\"https:\/\/portal.uern.br\/uernemnumeros\/wp-content\/uploads\/sites\/19\/2023\/02\/Procedimentos-Licitatorios-por-Modalidade.png\" alt=\"\" width=\"934\" height=\"443\" srcset=\"https:\/\/portal.uern.br\/uernemnumeros\/wp-content\/uploads\/sites\/19\/2023\/02\/Procedimentos-Licitatorios-por-Modalidade.png 934w, https:\/\/portal.uern.br\/uernemnumeros\/wp-content\/uploads\/sites\/19\/2023\/02\/Procedimentos-Licitatorios-por-Modalidade-300x142.png 300w, https:\/\/portal.uern.br\/uernemnumeros\/wp-content\/uploads\/sites\/19\/2023\/02\/Procedimentos-Licitatorios-por-Modalidade-768x364.png 768w\" sizes=\"(max-width: 934px) 100vw, 934px\" \/><\/a><\/p>\n<p>&nbsp;<\/p>\n<p><strong>Percentual por Modalidade de Licita\u00e7\u00e3o (%)<\/strong><\/p>\n<p><a href=\"https:\/\/portal.uern.br\/uernemnumeros\/licitacoes-e-contratos-2018\/percentual-por-modalidade-de-licitacao\/\" rel=\"attachment wp-att-35643\"><img decoding=\"async\" class=\"alignnone size-full wp-image-35643\" src=\"https:\/\/portal.uern.br\/uernemnumeros\/wp-content\/uploads\/sites\/19\/2023\/02\/Percentual-por-Modalidade-de-Licitacao.png\" alt=\"\" width=\"548\" height=\"426\" srcset=\"https:\/\/portal.uern.br\/uernemnumeros\/wp-content\/uploads\/sites\/19\/2023\/02\/Percentual-por-Modalidade-de-Licitacao.png 548w, https:\/\/portal.uern.br\/uernemnumeros\/wp-content\/uploads\/sites\/19\/2023\/02\/Percentual-por-Modalidade-de-Licitacao-300x233.png 300w\" sizes=\"(max-width: 548px) 100vw, 548px\" \/><\/a><\/p>\n<p>&nbsp;<\/p>\n","protected":false},"excerpt":{"rendered":"<p>No ano de 2018 foram realizados 128 procedimentos licitat\u00f3rios e contrata\u00e7\u00f5es diretas pela Funda\u00e7\u00e3o Universidade do Estado do Rio Grande do Norte, totalizando R$ 8.983.442,00 em aquisi\u00e7\u00f5es e presta\u00e7\u00e3o de servi\u00e7o. TIPO DE CONTRATA\u00c7\u00c3O QUANT. VALOR CONCORR\u00caNCIAS 0 R$ 0,00 TOMADAS DE PRE\u00c7OS 6 R$ 723.267,18 PREG\u00d5ES ELETR\u00d4NICOS 36 R$ 6.128.375,35 DISPENSAS DE LICITA\u00c7\u00c3O 36 [&hellip;]<\/p>\n","protected":false},"author":28,"featured_media":0,"parent":0,"menu_order":0,"comment_status":"closed","ping_status":"closed","template":"","meta":[],"_links":{"self":[{"href":"https:\/\/portal.uern.br\/uernemnumeros\/wp-json\/wp\/v2\/pages\/35641"}],"collection":[{"href":"https:\/\/portal.uern.br\/uernemnumeros\/wp-json\/wp\/v2\/pages"}],"about":[{"href":"https:\/\/portal.uern.br\/uernemnumeros\/wp-json\/wp\/v2\/types\/page"}],"author":[{"embeddable":true,"href":"https:\/\/portal.uern.br\/uernemnumeros\/wp-json\/wp\/v2\/users\/28"}],"replies":[{"embeddable":true,"href":"https:\/\/portal.uern.br\/uernemnumeros\/wp-json\/wp\/v2\/comments?post=35641"}],"version-history":[{"count":3,"href":"https:\/\/portal.uern.br\/uernemnumeros\/wp-json\/wp\/v2\/pages\/35641\/revisions"}],"predecessor-version":[{"id":35646,"href":"https:\/\/portal.uern.br\/uernemnumeros\/wp-json\/wp\/v2\/pages\/35641\/revisions\/35646"}],"wp:attachment":[{"href":"https:\/\/portal.uern.br\/uernemnumeros\/wp-json\/wp\/v2\/media?parent=35641"}],"curies":[{"name":"wp","href":"https:\/\/api.w.org\/{rel}","templated":true}]}}