{"id":35614,"date":"2023-02-23T10:16:12","date_gmt":"2023-02-23T13:16:12","guid":{"rendered":"https:\/\/portal.uern.br\/uernemnumeros\/?page_id=35614"},"modified":"2023-02-23T10:16:12","modified_gmt":"2023-02-23T13:16:12","slug":"orcamento-e-financas","status":"publish","type":"page","link":"https:\/\/portal.uern.br\/uernemnumeros\/orcamento-e-financas\/","title":{"rendered":"Or\u00e7amento e Finan\u00e7as"},"content":{"rendered":"<h3>Evolu\u00e7\u00e3o das Despesas da FUERN<\/h3>\n<p>Evolu\u00e7\u00e3o das Despesas da FUERN<\/p>\n<p>Or\u00e7amento Geral: Autorizado X Executado (valores em milh\u00f5es de reais)<\/p>\n<figure id=\"attachment_35615\" aria-describedby=\"caption-attachment-35615\" style=\"width: 577px\" class=\"wp-caption alignnone\"><a href=\"https:\/\/portal.uern.br\/uernemnumeros\/orcamento-e-financas\/evolucao-das-despesas-da-fuern\/\" rel=\"attachment wp-att-35615\"><img fetchpriority=\"high\" decoding=\"async\" class=\"wp-image-35615 size-full\" src=\"https:\/\/portal.uern.br\/uernemnumeros\/wp-content\/uploads\/sites\/19\/2023\/02\/Evolucao-das-Despesas-da-FUERN.jpg\" alt=\"\" width=\"577\" height=\"358\" srcset=\"https:\/\/portal.uern.br\/uernemnumeros\/wp-content\/uploads\/sites\/19\/2023\/02\/Evolucao-das-Despesas-da-FUERN.jpg 577w, https:\/\/portal.uern.br\/uernemnumeros\/wp-content\/uploads\/sites\/19\/2023\/02\/Evolucao-das-Despesas-da-FUERN-300x186.jpg 300w\" sizes=\"(max-width: 577px) 100vw, 577px\" \/><\/a><figcaption id=\"caption-attachment-35615\" class=\"wp-caption-text\">Fonte: PROPLAN<\/figcaption><\/figure>\n<p>&nbsp;<\/p>\n<h3>Or\u00e7amento por Rubrica<\/h3>\n<p>Autorizado X Executado: Custeio (valores em milh\u00f5es de reais)<\/p>\n<figure id=\"attachment_35616\" aria-describedby=\"caption-attachment-35616\" style=\"width: 577px\" class=\"wp-caption alignnone\"><a href=\"https:\/\/portal.uern.br\/uernemnumeros\/orcamento-e-financas\/orcamento-por-rubrica\/\" rel=\"attachment wp-att-35616\"><img decoding=\"async\" class=\"size-full wp-image-35616\" src=\"https:\/\/portal.uern.br\/uernemnumeros\/wp-content\/uploads\/sites\/19\/2023\/02\/Orcamento-por-Rubrica.jpg\" alt=\"\" width=\"577\" height=\"358\" srcset=\"https:\/\/portal.uern.br\/uernemnumeros\/wp-content\/uploads\/sites\/19\/2023\/02\/Orcamento-por-Rubrica.jpg 577w, https:\/\/portal.uern.br\/uernemnumeros\/wp-content\/uploads\/sites\/19\/2023\/02\/Orcamento-por-Rubrica-300x186.jpg 300w\" sizes=\"(max-width: 577px) 100vw, 577px\" \/><\/a><figcaption id=\"caption-attachment-35616\" class=\"wp-caption-text\">Fonte: PROPLAN<\/figcaption><\/figure>\n<p>Autorizado X Executado: Investimento (valores em milh\u00f5es de reais)<\/p>\n<figure id=\"attachment_35617\" aria-describedby=\"caption-attachment-35617\" style=\"width: 577px\" class=\"wp-caption alignnone\"><a href=\"https:\/\/portal.uern.br\/uernemnumeros\/orcamento-e-financas\/executado-investimento\/\" rel=\"attachment wp-att-35617\"><img decoding=\"async\" class=\"size-full wp-image-35617\" src=\"https:\/\/portal.uern.br\/uernemnumeros\/wp-content\/uploads\/sites\/19\/2023\/02\/Executado-Investimento.jpg\" alt=\"\" width=\"577\" height=\"358\" srcset=\"https:\/\/portal.uern.br\/uernemnumeros\/wp-content\/uploads\/sites\/19\/2023\/02\/Executado-Investimento.jpg 577w, https:\/\/portal.uern.br\/uernemnumeros\/wp-content\/uploads\/sites\/19\/2023\/02\/Executado-Investimento-300x186.jpg 300w\" sizes=\"(max-width: 577px) 100vw, 577px\" \/><\/a><figcaption id=\"caption-attachment-35617\" class=\"wp-caption-text\">Fonte: PROPLAN<\/figcaption><\/figure>\n<p>Autorizado X Executado: Folha de Pagamento (valores em milh\u00f5es de reais)<\/p>\n<figure id=\"attachment_35618\" aria-describedby=\"caption-attachment-35618\" style=\"width: 577px\" class=\"wp-caption alignnone\"><a href=\"https:\/\/portal.uern.br\/uernemnumeros\/orcamento-e-financas\/executado-folha-de-pagamento\/\" rel=\"attachment wp-att-35618\"><img loading=\"lazy\" decoding=\"async\" class=\"size-full wp-image-35618\" src=\"https:\/\/portal.uern.br\/uernemnumeros\/wp-content\/uploads\/sites\/19\/2023\/02\/Executado-Folha-de-Pagamento.jpg\" alt=\"\" width=\"577\" height=\"358\" srcset=\"https:\/\/portal.uern.br\/uernemnumeros\/wp-content\/uploads\/sites\/19\/2023\/02\/Executado-Folha-de-Pagamento.jpg 577w, https:\/\/portal.uern.br\/uernemnumeros\/wp-content\/uploads\/sites\/19\/2023\/02\/Executado-Folha-de-Pagamento-300x186.jpg 300w\" sizes=\"(max-width: 577px) 100vw, 577px\" \/><\/a><figcaption id=\"caption-attachment-35618\" class=\"wp-caption-text\">Fonte: PROPLAN<\/figcaption><\/figure>\n<p>&nbsp;<\/p>\n","protected":false},"excerpt":{"rendered":"<p>Evolu\u00e7\u00e3o das Despesas da FUERN Evolu\u00e7\u00e3o das Despesas da FUERN Or\u00e7amento Geral: Autorizado X Executado (valores em milh\u00f5es de reais) &nbsp; Or\u00e7amento por Rubrica Autorizado X Executado: Custeio (valores em milh\u00f5es de reais) Autorizado X Executado: Investimento (valores em milh\u00f5es de reais) Autorizado X Executado: Folha de Pagamento (valores em milh\u00f5es de reais) &nbsp;<\/p>\n","protected":false},"author":28,"featured_media":0,"parent":0,"menu_order":0,"comment_status":"closed","ping_status":"closed","template":"","meta":[],"_links":{"self":[{"href":"https:\/\/portal.uern.br\/uernemnumeros\/wp-json\/wp\/v2\/pages\/35614"}],"collection":[{"href":"https:\/\/portal.uern.br\/uernemnumeros\/wp-json\/wp\/v2\/pages"}],"about":[{"href":"https:\/\/portal.uern.br\/uernemnumeros\/wp-json\/wp\/v2\/types\/page"}],"author":[{"embeddable":true,"href":"https:\/\/portal.uern.br\/uernemnumeros\/wp-json\/wp\/v2\/users\/28"}],"replies":[{"embeddable":true,"href":"https:\/\/portal.uern.br\/uernemnumeros\/wp-json\/wp\/v2\/comments?post=35614"}],"version-history":[{"count":2,"href":"https:\/\/portal.uern.br\/uernemnumeros\/wp-json\/wp\/v2\/pages\/35614\/revisions"}],"predecessor-version":[{"id":35620,"href":"https:\/\/portal.uern.br\/uernemnumeros\/wp-json\/wp\/v2\/pages\/35614\/revisions\/35620"}],"wp:attachment":[{"href":"https:\/\/portal.uern.br\/uernemnumeros\/wp-json\/wp\/v2\/media?parent=35614"}],"curies":[{"name":"wp","href":"https:\/\/api.w.org\/{rel}","templated":true}]}}