{"id":35604,"date":"2023-02-23T09:55:20","date_gmt":"2023-02-23T12:55:20","guid":{"rendered":"https:\/\/portal.uern.br\/uernemnumeros\/?page_id=35604"},"modified":"2023-02-23T09:55:20","modified_gmt":"2023-02-23T12:55:20","slug":"desenvolvimento-organizacional-ddo","status":"publish","type":"page","link":"https:\/\/portal.uern.br\/uernemnumeros\/desenvolvimento-organizacional-ddo\/","title":{"rendered":"Desenvolvimento Organizacional &#8211; DDO"},"content":{"rendered":"<h3 class=\"western\">Setor de Capacita\u00e7\u00e3o e Treinamento \u2013 SECAT<\/h3>\n<p><strong>PROGRAMA DE CAPACITA\u00c7\u00c3O E TREINAMENTO:\u00a0<\/strong>tem como objetivo qualificar e aperfei\u00e7oar os servidores da UERN em n\u00edvel de treinamento e desenvolvimento, incentivando-os para o processo de aprendizagem com foco no aperfei\u00e7oamento de suas\u00a0habilidades, bem como, na aquisi\u00e7\u00e3o de novos conhecimentos para o exerc\u00edcio do cargo\/fun\u00e7\u00e3o.<\/p>\n<p>&nbsp;<\/p>\n<p><a href=\"https:\/\/portal.uern.br\/uernemnumeros\/desenvolvimento-organizacional-ddo\/grafico_01_cursos_e_treinamentos\/\" rel=\"attachment wp-att-35605\"><img fetchpriority=\"high\" decoding=\"async\" class=\"alignnone size-full wp-image-35605\" src=\"https:\/\/portal.uern.br\/uernemnumeros\/wp-content\/uploads\/sites\/19\/2023\/02\/grafico_01_cursos_e_treinamentos.png\" alt=\"\" width=\"478\" height=\"256\" srcset=\"https:\/\/portal.uern.br\/uernemnumeros\/wp-content\/uploads\/sites\/19\/2023\/02\/grafico_01_cursos_e_treinamentos.png 478w, https:\/\/portal.uern.br\/uernemnumeros\/wp-content\/uploads\/sites\/19\/2023\/02\/grafico_01_cursos_e_treinamentos-300x161.png 300w\" sizes=\"(max-width: 478px) 100vw, 478px\" \/><\/a><\/p>\n<p>&nbsp;<\/p>\n<p><a href=\"https:\/\/portal.uern.br\/uernemnumeros\/desenvolvimento-organizacional-ddo\/grafico_02_participantes\/\" rel=\"attachment wp-att-35606\"><img decoding=\"async\" class=\"alignnone size-full wp-image-35606\" src=\"https:\/\/portal.uern.br\/uernemnumeros\/wp-content\/uploads\/sites\/19\/2023\/02\/grafico_02_participantes.png\" alt=\"\" width=\"487\" height=\"243\" srcset=\"https:\/\/portal.uern.br\/uernemnumeros\/wp-content\/uploads\/sites\/19\/2023\/02\/grafico_02_participantes.png 487w, https:\/\/portal.uern.br\/uernemnumeros\/wp-content\/uploads\/sites\/19\/2023\/02\/grafico_02_participantes-300x150.png 300w\" sizes=\"(max-width: 487px) 100vw, 487px\" \/><\/a><\/p>\n<p>&nbsp;<\/p>\n<h3><strong>Setor de Assist\u00eancia ao Servidor &#8211; SAS<\/strong><\/h3>\n<p><strong>PROGRAMA DE ASSIST\u00caNCIA AO SERVIDOR SA\u00daDE E QUALIDADE DE VIDA NO TRABALHO:\u00a0<\/strong>tem como objetivo incentivar o servidor a adquirir h\u00e1bitos mais saud\u00e1veis, que proporcionem mudan\u00e7as de comportamentos, e consequentemente a melhoria nos processos de trabalho. O programa conta com atua\u00e7\u00e3o multiprofissional, interdisciplinar e intersetorial, com atividades de integra\u00e7\u00e3o, campanhas informativas\/educativas e promo\u00e7\u00e3o da sa\u00fade e seguran\u00e7a no trabalho, de forma a refletir positivamente na qualidade de vida dos servidores da UERN.<\/p>\n<p><a href=\"https:\/\/portal.uern.br\/uernemnumeros\/desenvolvimento-organizacional-ddo\/grafico_03_beneficiados\/\" rel=\"attachment wp-att-35607\"><img decoding=\"async\" class=\"alignnone size-full wp-image-35607\" src=\"https:\/\/portal.uern.br\/uernemnumeros\/wp-content\/uploads\/sites\/19\/2023\/02\/grafico_03_beneficiados.png\" alt=\"\" width=\"471\" height=\"287\" srcset=\"https:\/\/portal.uern.br\/uernemnumeros\/wp-content\/uploads\/sites\/19\/2023\/02\/grafico_03_beneficiados.png 471w, https:\/\/portal.uern.br\/uernemnumeros\/wp-content\/uploads\/sites\/19\/2023\/02\/grafico_03_beneficiados-300x183.png 300w\" sizes=\"(max-width: 471px) 100vw, 471px\" \/><\/a><\/p>\n<p>&nbsp;<\/p>\n<p><a href=\"https:\/\/portal.uern.br\/uernemnumeros\/desenvolvimento-organizacional-ddo\/grafico_04_procedimentos\/\" rel=\"attachment wp-att-35608\"><img loading=\"lazy\" decoding=\"async\" class=\"alignnone size-full wp-image-35608\" src=\"https:\/\/portal.uern.br\/uernemnumeros\/wp-content\/uploads\/sites\/19\/2023\/02\/grafico_04_procedimentos.png\" alt=\"\" width=\"499\" height=\"276\" srcset=\"https:\/\/portal.uern.br\/uernemnumeros\/wp-content\/uploads\/sites\/19\/2023\/02\/grafico_04_procedimentos.png 499w, https:\/\/portal.uern.br\/uernemnumeros\/wp-content\/uploads\/sites\/19\/2023\/02\/grafico_04_procedimentos-300x166.png 300w\" sizes=\"(max-width: 499px) 100vw, 499px\" \/><\/a><\/p>\n<p>&nbsp;<\/p>\n<h3><strong>CAMPANHA MEU MELHOR NATAL<\/strong><\/h3>\n<p><span lang=\"pt-BR\">\u00e9 uma iniciativa de responsabilidade social da Universidade do Estado do Rio Grande do Norte(UERN), e tem com<\/span><span lang=\"pt-BR\">o objetivo arrecada\u00e7\u00e3o de brinquedos para a distribui\u00e7\u00e3o entre crian\u00e7as matriculadas e frequentando regularmente Unidades de Educa\u00e7\u00e3o Infantil (UEIs) p\u00fablicas<\/span><span lang=\"pt-BR\">, estendendo-se a entidades sociais e de sa\u00fade,<\/span><span lang=\"pt-BR\">\u00a0que atendem crian\u00e7as carentes.<\/span><\/p>\n<p><a href=\"https:\/\/portal.uern.br\/uernemnumeros\/desenvolvimento-organizacional-ddo\/grafico_05_melhor_natal\/\" rel=\"attachment wp-att-35609\"><img loading=\"lazy\" decoding=\"async\" class=\"alignnone size-full wp-image-35609\" src=\"https:\/\/portal.uern.br\/uernemnumeros\/wp-content\/uploads\/sites\/19\/2023\/02\/grafico_05_melhor_natal.png\" alt=\"\" width=\"454\" height=\"251\" srcset=\"https:\/\/portal.uern.br\/uernemnumeros\/wp-content\/uploads\/sites\/19\/2023\/02\/grafico_05_melhor_natal.png 454w, https:\/\/portal.uern.br\/uernemnumeros\/wp-content\/uploads\/sites\/19\/2023\/02\/grafico_05_melhor_natal-300x166.png 300w\" sizes=\"(max-width: 454px) 100vw, 454px\" \/><\/a><\/p>\n<p>&nbsp;<\/p>\n<h3>Relat\u00f3rio Detalhado<\/h3>\n<p>Para acessar o Relat\u00f3rio detalhado da Diretoria\u00a0de Desenvolvimento Organizacional(DDO), da Pr\u00f3-Reitoriade Gest\u00e3o de Pessoas (PROGEP)\u00a0clique\u00a0<a href=\"https:\/\/portal.uern.br\/uernemnumeros\/wp-content\/uploads\/sites\/19\/2023\/02\/uern_em_numeros_2021.pdf\" target=\"_blank\" rel=\"noopener\"><strong>AQUI<\/strong><\/a>.<\/p>\n<p>&nbsp;<\/p>\n","protected":false},"excerpt":{"rendered":"<p>Setor de Capacita\u00e7\u00e3o e Treinamento \u2013 SECAT PROGRAMA DE CAPACITA\u00c7\u00c3O E TREINAMENTO:\u00a0tem como objetivo qualificar e aperfei\u00e7oar os servidores da UERN em n\u00edvel de treinamento e desenvolvimento, incentivando-os para o processo de aprendizagem com foco no aperfei\u00e7oamento de suas\u00a0habilidades, bem como, na aquisi\u00e7\u00e3o de novos conhecimentos para o exerc\u00edcio do cargo\/fun\u00e7\u00e3o. &nbsp; &nbsp; &nbsp; Setor [&hellip;]<\/p>\n","protected":false},"author":28,"featured_media":0,"parent":0,"menu_order":0,"comment_status":"closed","ping_status":"closed","template":"","meta":[],"_links":{"self":[{"href":"https:\/\/portal.uern.br\/uernemnumeros\/wp-json\/wp\/v2\/pages\/35604"}],"collection":[{"href":"https:\/\/portal.uern.br\/uernemnumeros\/wp-json\/wp\/v2\/pages"}],"about":[{"href":"https:\/\/portal.uern.br\/uernemnumeros\/wp-json\/wp\/v2\/types\/page"}],"author":[{"embeddable":true,"href":"https:\/\/portal.uern.br\/uernemnumeros\/wp-json\/wp\/v2\/users\/28"}],"replies":[{"embeddable":true,"href":"https:\/\/portal.uern.br\/uernemnumeros\/wp-json\/wp\/v2\/comments?post=35604"}],"version-history":[{"count":2,"href":"https:\/\/portal.uern.br\/uernemnumeros\/wp-json\/wp\/v2\/pages\/35604\/revisions"}],"predecessor-version":[{"id":35612,"href":"https:\/\/portal.uern.br\/uernemnumeros\/wp-json\/wp\/v2\/pages\/35604\/revisions\/35612"}],"wp:attachment":[{"href":"https:\/\/portal.uern.br\/uernemnumeros\/wp-json\/wp\/v2\/media?parent=35604"}],"curies":[{"name":"wp","href":"https:\/\/api.w.org\/{rel}","templated":true}]}}