{"id":35588,"date":"2023-02-23T09:49:13","date_gmt":"2023-02-23T12:49:13","guid":{"rendered":"https:\/\/portal.uern.br\/uernemnumeros\/?page_id=35588"},"modified":"2023-02-23T09:49:13","modified_gmt":"2023-02-23T12:49:13","slug":"gestao-de-pessoas","status":"publish","type":"page","link":"https:\/\/portal.uern.br\/uernemnumeros\/gestao-de-pessoas\/","title":{"rendered":"Gest\u00e3o de Pessoas"},"content":{"rendered":"<h3><strong>Docentes &#8211; Janeiro\/2023<\/strong><\/h3>\n<table>\n<tbody>\n<tr>\n<td>Docentes em N\u00fameros<\/td>\n<td><\/td>\n<\/tr>\n<tr>\n<td>Docentes efetivos:<\/td>\n<td>766<\/td>\n<\/tr>\n<tr>\n<td>Docentes com contrato provis\u00f3rio:<\/td>\n<td>143<\/td>\n<\/tr>\n<tr>\n<td>Docentes inativos:<\/td>\n<td>308<\/td>\n<\/tr>\n<tr>\n<td>Total de docentes:<\/td>\n<td>1217<\/td>\n<\/tr>\n<\/tbody>\n<\/table>\n<p>&nbsp;<\/p>\n<table>\n<tbody>\n<tr>\n<td>Docentes Efetivos por Titula\u00e7\u00e3o<\/td>\n<td><\/td>\n<\/tr>\n<tr>\n<td>Gradua\u00e7\u00e3o:<\/td>\n<td>02<\/td>\n<\/tr>\n<tr>\n<td>Especializa\u00e7\u00e3o:<\/td>\n<td>56<\/td>\n<\/tr>\n<tr>\n<td>Mestrado:<\/td>\n<td>250<\/td>\n<\/tr>\n<tr>\n<td>Doutorado:<\/td>\n<td>458<\/td>\n<\/tr>\n<\/tbody>\n<\/table>\n<p>&nbsp;<\/p>\n<table>\n<tbody>\n<tr>\n<td>Docentes Efetivos por Regime de trabalho<\/td>\n<td><\/td>\n<\/tr>\n<tr>\n<td>20 horas<\/td>\n<td>37<\/td>\n<\/tr>\n<tr>\n<td>40 horas<\/td>\n<td>126<\/td>\n<\/tr>\n<tr>\n<td>Dedica\u00e7\u00e3o Exclusiva<\/td>\n<td>603<\/td>\n<\/tr>\n<\/tbody>\n<\/table>\n<p>&nbsp;<\/p>\n<p>Docentes efetivos por Campus<\/p>\n<table class=\"table table-striped\" cellpadding=\"0\">\n<tbody>\n<tr>\n<td><strong>Campus Central<\/strong><\/td>\n<td><strong>\u00a0Assu\u00a0\u00a0<\/strong><\/td>\n<td><strong>\u00a0Caico\u00a0<\/strong><\/td>\n<td><strong>\u00a0Natal\u00a0<\/strong><\/td>\n<td><strong>\u00a0Patu\u00a0<\/strong><\/td>\n<td><strong>Pau dos Ferros<\/strong><\/td>\n<\/tr>\n<tr>\n<td>450<\/td>\n<td>52<\/td>\n<td>50<\/td>\n<td>82<\/td>\n<td>30<\/td>\n<td>102<\/td>\n<\/tr>\n<\/tbody>\n<\/table>\n<p>&nbsp;<\/p>\n<p>Evolu\u00e7\u00e3o do n\u00famero de docentes efetivos na UERN, 2010 \u00e0 2020*.<\/p>\n<figure id=\"attachment_35590\" aria-describedby=\"caption-attachment-35590\" style=\"width: 754px\" class=\"wp-caption alignnone\"><a href=\"https:\/\/portal.uern.br\/uernemnumeros\/gestao-de-pessoas\/evolucao-do-numero-de-docentes\/\" rel=\"attachment wp-att-35590\"><img fetchpriority=\"high\" decoding=\"async\" class=\"wp-image-35590 size-full\" src=\"https:\/\/portal.uern.br\/uernemnumeros\/wp-content\/uploads\/sites\/19\/2023\/02\/Evolucao-do-numero-de-docentes.jpg\" alt=\"\" width=\"754\" height=\"453\" srcset=\"https:\/\/portal.uern.br\/uernemnumeros\/wp-content\/uploads\/sites\/19\/2023\/02\/Evolucao-do-numero-de-docentes.jpg 754w, https:\/\/portal.uern.br\/uernemnumeros\/wp-content\/uploads\/sites\/19\/2023\/02\/Evolucao-do-numero-de-docentes-300x180.jpg 300w\" sizes=\"(max-width: 754px) 100vw, 754px\" \/><\/a><figcaption id=\"caption-attachment-35590\" class=\"wp-caption-text\">* Os dados referem-se ao m\u00eas de dezembro de cada ano. Fonte: PROGEP\/DP<\/figcaption><\/figure>\n<p>&nbsp;<\/p>\n<p><strong>Evolu\u00e7\u00e3o da titula\u00e7\u00e3o dos docentes efetivos na UERN, 2010 \u00e0 2020*.<\/strong><\/p>\n<figure id=\"attachment_35591\" aria-describedby=\"caption-attachment-35591\" style=\"width: 718px\" class=\"wp-caption alignnone\"><a href=\"https:\/\/portal.uern.br\/uernemnumeros\/gestao-de-pessoas\/evolucao-da-titulacao-dos-docentes\/\" rel=\"attachment wp-att-35591\"><img decoding=\"async\" class=\"size-full wp-image-35591\" src=\"https:\/\/portal.uern.br\/uernemnumeros\/wp-content\/uploads\/sites\/19\/2023\/02\/Evolucao-da-titulacao-dos-docentes.jpg\" alt=\"\" width=\"718\" height=\"409\" srcset=\"https:\/\/portal.uern.br\/uernemnumeros\/wp-content\/uploads\/sites\/19\/2023\/02\/Evolucao-da-titulacao-dos-docentes.jpg 718w, https:\/\/portal.uern.br\/uernemnumeros\/wp-content\/uploads\/sites\/19\/2023\/02\/Evolucao-da-titulacao-dos-docentes-300x171.jpg 300w\" sizes=\"(max-width: 718px) 100vw, 718px\" \/><\/a><figcaption id=\"caption-attachment-35591\" class=\"wp-caption-text\">* Os dados referem-se ao m\u00eas de dezembro de cada ano.<br \/>Fonte: PROGEP\/DP<\/figcaption><\/figure>\n<p>&nbsp;<\/p>\n<p><strong>Evolu\u00e7\u00e3o do n\u00famero de docentes efetivos em regime de Dedica\u00e7\u00e3o Exclusiva, 2010 \u00e0 2020*.<\/strong><\/p>\n<figure id=\"attachment_35592\" aria-describedby=\"caption-attachment-35592\" style=\"width: 766px\" class=\"wp-caption alignnone\"><a href=\"https:\/\/portal.uern.br\/uernemnumeros\/gestao-de-pessoas\/evolucao-do-numero-de-docentes-efetivos\/\" rel=\"attachment wp-att-35592\"><img decoding=\"async\" class=\"size-full wp-image-35592\" src=\"https:\/\/portal.uern.br\/uernemnumeros\/wp-content\/uploads\/sites\/19\/2023\/02\/Evolucao-do-numero-de-docentes-efetivos.jpg\" alt=\"\" width=\"766\" height=\"453\" srcset=\"https:\/\/portal.uern.br\/uernemnumeros\/wp-content\/uploads\/sites\/19\/2023\/02\/Evolucao-do-numero-de-docentes-efetivos.jpg 766w, https:\/\/portal.uern.br\/uernemnumeros\/wp-content\/uploads\/sites\/19\/2023\/02\/Evolucao-do-numero-de-docentes-efetivos-300x177.jpg 300w\" sizes=\"(max-width: 766px) 100vw, 766px\" \/><\/a><figcaption id=\"caption-attachment-35592\" class=\"wp-caption-text\">* Os dados referem-se ao m\u00eas de dezembro de cada ano.<br \/>Fonte: PROGEP\/DP<\/figcaption><\/figure>\n<p>&nbsp;<\/p>\n<h3>T\u00e9cnicos &#8211; Janeiro\/2023<\/h3>\n<table>\n<tbody>\n<tr>\n<td>T\u00e9cnicos em N\u00fameros<\/td>\n<td><\/td>\n<\/tr>\n<tr>\n<td>T\u00e9cnicos efetivos:<\/td>\n<td>648<\/td>\n<\/tr>\n<tr>\n<td>T\u00e9cnicos com contrato provis\u00f3rio:<\/td>\n<td>22<\/td>\n<\/tr>\n<tr>\n<td>T\u00e9cnicos inativos:<\/td>\n<td>236<\/td>\n<\/tr>\n<tr>\n<td>Total de t\u00e9cnicos:<\/td>\n<td>906<\/td>\n<\/tr>\n<\/tbody>\n<\/table>\n<p>&nbsp;<\/p>\n<table>\n<tbody>\n<tr>\n<td>T\u00e9cnico Efetivos por Grau de Instru\u00e7\u00e3o<\/td>\n<td><\/td>\n<\/tr>\n<tr>\n<td>Ensino Fundamental:<\/td>\n<td>10<\/td>\n<\/tr>\n<tr>\n<td>Ensino M\u00e9dio:<\/td>\n<td>33<\/td>\n<\/tr>\n<tr>\n<td>Gradua\u00e7\u00e3o:<\/td>\n<td>46<\/td>\n<\/tr>\n<tr>\n<td>Especializa\u00e7\u00e3o:<\/td>\n<td>439<\/td>\n<\/tr>\n<tr>\n<td>Mestrado:<\/td>\n<td>111<\/td>\n<\/tr>\n<tr>\n<td>Doutorado:<\/td>\n<td>09<\/td>\n<\/tr>\n<\/tbody>\n<\/table>\n<p>&nbsp;<\/p>\n<table>\n<tbody>\n<tr>\n<td>T\u00e9cnicos Efetivos por Regime de trabalho<\/td>\n<td><\/td>\n<\/tr>\n<tr>\n<td>20 horas<\/td>\n<td>2<\/td>\n<\/tr>\n<tr>\n<td>30 horas<\/td>\n<td>644<\/td>\n<\/tr>\n<\/tbody>\n<\/table>\n<p>&nbsp;<\/p>\n<p>&nbsp;<\/p>\n<table style=\"font-weight: 400\">\n<thead>\n<tr>\n<td><strong>T\u00e9cnicos efetivos por Campus<\/strong><\/td>\n<td><\/td>\n<td><\/td>\n<td><\/td>\n<td><\/td>\n<td><\/td>\n<\/tr>\n<\/thead>\n<tbody>\n<tr>\n<td><strong>Campus Central<\/strong><\/td>\n<td><strong>\u00a0Assu\u00a0<\/strong><\/td>\n<td><strong>\u00a0Caic\u00f3\u00a0<\/strong><\/td>\n<td><strong>\u00a0Natal\u00a0<\/strong><\/td>\n<td><strong>\u00a0Patu\u00a0<\/strong><\/td>\n<td><strong>\u00a0Pau dos Ferros<\/strong><\/td>\n<\/tr>\n<tr>\n<td>476<\/td>\n<td>29<\/td>\n<td>40<\/td>\n<td>44<\/td>\n<td>21<\/td>\n<td>38<\/td>\n<\/tr>\n<\/tbody>\n<\/table>\n<p>&nbsp;<\/p>\n<p>Evolu\u00e7\u00e3o do n\u00famero de t\u00e9cnicos efetivos na UERN, 2010 \u00e0 2020*.<\/p>\n<figure id=\"attachment_35593\" aria-describedby=\"caption-attachment-35593\" style=\"width: 766px\" class=\"wp-caption alignnone\"><a href=\"https:\/\/portal.uern.br\/uernemnumeros\/gestao-de-pessoas\/evolucao-do-numero-de-tecnicos\/\" rel=\"attachment wp-att-35593\"><img loading=\"lazy\" decoding=\"async\" class=\"size-full wp-image-35593\" src=\"https:\/\/portal.uern.br\/uernemnumeros\/wp-content\/uploads\/sites\/19\/2023\/02\/Evolucao-do-numero-de-tecnicos.jpg\" alt=\"\" width=\"766\" height=\"453\" srcset=\"https:\/\/portal.uern.br\/uernemnumeros\/wp-content\/uploads\/sites\/19\/2023\/02\/Evolucao-do-numero-de-tecnicos.jpg 766w, https:\/\/portal.uern.br\/uernemnumeros\/wp-content\/uploads\/sites\/19\/2023\/02\/Evolucao-do-numero-de-tecnicos-300x177.jpg 300w\" sizes=\"(max-width: 766px) 100vw, 766px\" \/><\/a><figcaption id=\"caption-attachment-35593\" class=\"wp-caption-text\">* Os dados referem-se ao m\u00eas de dezembro de cada ano.<br \/>Fonte: PROGEP\/DP<\/figcaption><\/figure>\n<p>&nbsp;<\/p>\n<p>Evolu\u00e7\u00e3o da titula\u00e7\u00e3o dos t\u00e9cnicos efetivos na UERN, 2010 \u00e0 2020*.<\/p>\n<figure id=\"attachment_35594\" aria-describedby=\"caption-attachment-35594\" style=\"width: 754px\" class=\"wp-caption alignnone\"><a href=\"https:\/\/portal.uern.br\/uernemnumeros\/gestao-de-pessoas\/evolucao-da-titulacao-dos-tecnicos-efetivos\/\" rel=\"attachment wp-att-35594\"><img loading=\"lazy\" decoding=\"async\" class=\"size-full wp-image-35594\" src=\"https:\/\/portal.uern.br\/uernemnumeros\/wp-content\/uploads\/sites\/19\/2023\/02\/Evolucao-da-titulacao-dos-tecnicos-efetivos.jpg\" alt=\"\" width=\"754\" height=\"453\" srcset=\"https:\/\/portal.uern.br\/uernemnumeros\/wp-content\/uploads\/sites\/19\/2023\/02\/Evolucao-da-titulacao-dos-tecnicos-efetivos.jpg 754w, https:\/\/portal.uern.br\/uernemnumeros\/wp-content\/uploads\/sites\/19\/2023\/02\/Evolucao-da-titulacao-dos-tecnicos-efetivos-300x180.jpg 300w\" sizes=\"(max-width: 754px) 100vw, 754px\" \/><\/a><figcaption id=\"caption-attachment-35594\" class=\"wp-caption-text\">* * Os dados referem-se ao m\u00eas de dezembro de cada ano.<br \/>Fonte: PRORHAE\/DP<\/figcaption><\/figure>\n<p>&nbsp;<\/p>\n<h3>Docentes e T\u00e9cnicos<\/h3>\n<p>Detalhes do quadro funcional dos servidores da UERN, Janeiro\/2023, <a href=\"https:\/\/portal.uern.br\/uernemnumeros\/wp-content\/uploads\/sites\/19\/2023\/02\/uern_em_nameros_2023.01.pdf\" target=\"_blank\" rel=\"noopener\">veja aqui<\/a><\/p>\n<p>Detalhamento dos Docentes por Departamento de lota\u00e7\u00e3o em\u00a0Janeiro\/2023,\u00a0<a href=\"https:\/\/portal.uern.br\/uernemnumeros\/wp-content\/uploads\/sites\/19\/2023\/02\/uern_em_nameros_2023.01.pdf\" target=\"_blank\" rel=\"noopener\">veja aqui<\/a><\/p>\n<p>Detalhamentos das CCs e FGs &#8211; Resolu\u00e7\u00e3o n\u00b0 59\/2022 &#8211; Em\u00a0Dezembro\/2022, <a href=\"https:\/\/portal.uern.br\/uernemnumeros\/wp-content\/uploads\/sites\/19\/2023\/02\/gfs_e_ccs_organograma_dez.2022.pdf\" target=\"_blank\" rel=\"noopener\">veja aqui<\/a><\/p>\n<p>&nbsp;<\/p>\n","protected":false},"excerpt":{"rendered":"<p>Docentes &#8211; Janeiro\/2023 Docentes em N\u00fameros Docentes efetivos: 766 Docentes com contrato provis\u00f3rio: 143 Docentes inativos: 308 Total de docentes: 1217 &nbsp; Docentes Efetivos por Titula\u00e7\u00e3o Gradua\u00e7\u00e3o: 02 Especializa\u00e7\u00e3o: 56 Mestrado: 250 Doutorado: 458 &nbsp; Docentes Efetivos por Regime de trabalho 20 horas 37 40 horas 126 Dedica\u00e7\u00e3o Exclusiva 603 &nbsp; Docentes efetivos por Campus [&hellip;]<\/p>\n","protected":false},"author":28,"featured_media":0,"parent":0,"menu_order":0,"comment_status":"closed","ping_status":"closed","template":"","meta":[],"_links":{"self":[{"href":"https:\/\/portal.uern.br\/uernemnumeros\/wp-json\/wp\/v2\/pages\/35588"}],"collection":[{"href":"https:\/\/portal.uern.br\/uernemnumeros\/wp-json\/wp\/v2\/pages"}],"about":[{"href":"https:\/\/portal.uern.br\/uernemnumeros\/wp-json\/wp\/v2\/types\/page"}],"author":[{"embeddable":true,"href":"https:\/\/portal.uern.br\/uernemnumeros\/wp-json\/wp\/v2\/users\/28"}],"replies":[{"embeddable":true,"href":"https:\/\/portal.uern.br\/uernemnumeros\/wp-json\/wp\/v2\/comments?post=35588"}],"version-history":[{"count":6,"href":"https:\/\/portal.uern.br\/uernemnumeros\/wp-json\/wp\/v2\/pages\/35588\/revisions"}],"predecessor-version":[{"id":35602,"href":"https:\/\/portal.uern.br\/uernemnumeros\/wp-json\/wp\/v2\/pages\/35588\/revisions\/35602"}],"wp:attachment":[{"href":"https:\/\/portal.uern.br\/uernemnumeros\/wp-json\/wp\/v2\/media?parent=35588"}],"curies":[{"name":"wp","href":"https:\/\/api.w.org\/{rel}","templated":true}]}}