{"id":35569,"date":"2023-02-23T09:30:32","date_gmt":"2023-02-23T12:30:32","guid":{"rendered":"https:\/\/portal.uern.br\/uernemnumeros\/?page_id=35569"},"modified":"2023-02-23T09:30:32","modified_gmt":"2023-02-23T12:30:32","slug":"avaliacao-institucional","status":"publish","type":"page","link":"https:\/\/portal.uern.br\/uernemnumeros\/avaliacao-institucional\/","title":{"rendered":"Avalia\u00e7\u00e3o Institucional"},"content":{"rendered":"<p>Nesta se\u00e7\u00e3o, a Avalia\u00e7\u00e3o Institucional disponibilizar\u00e1 o conceito Exame Nacional de Desempenho de Estudantes (ENADE) e o Conceito Preliminar de Curso (CPC) atribu\u00eddos a cada curso da Universidade do Estado do Rio Grande do Norte (UERN). O ENADE avalia o rendimento dos concluintes dos cursos de gradua\u00e7\u00e3o, em rela\u00e7\u00e3o aos conte\u00fados program\u00e1ticos, habilidades e compet\u00eancias adquiridas em sua forma\u00e7\u00e3o. O exame \u00e9 obrigat\u00f3rio e a situa\u00e7\u00e3o de regularidade do estudante no Exame deve constar em seu hist\u00f3rico escolar. J\u00e1 o CPC \u00e9 um indicador de qualidade que avalia os cursos de gradua\u00e7\u00e3o. Seu c\u00e1lculo e divulga\u00e7\u00e3o ocorrem no ano seguinte ao da realiza\u00e7\u00e3o do Enade, com base na avalia\u00e7\u00e3o de desempenho de estudantes, no valor agregado pelo processo formativo e em insumos referentes \u00e0s condi\u00e7\u00f5es de oferta \u2013 corpo docente, infraestrutura e recursos did\u00e1tico-pedag\u00f3gicos \u2013, conforme orienta\u00e7\u00e3o t\u00e9cnica aprovada pela<strong>\u00a0<\/strong>Comiss\u00e3o Nacional de Avalia\u00e7\u00e3o da Educa\u00e7\u00e3o Superior (Conaes). Ambos os conceitos s\u00e3o avaliados de forma trienal e divididos em tr\u00eas ciclos, quais sejam: &#8211; Ciclo I &#8211; Sa\u00fade, Ci\u00eancias Agr\u00e1rias e \u00e1reas afins; &#8211; Ciclo II &#8211; Ci\u00eancias Exatas, Licenciaturas e \u00e1reas afins; &#8211; Ciclo III- Ci\u00eancias Sociais Aplicadas, Ci\u00eancias Humandas e \u00e1reas afins.<\/p>\n<p>&nbsp;<\/p>\n<p><a href=\"https:\/\/portal.uern.br\/uernemnumeros\/avaliacao-institucional\/avaliacao-institucional1\/\" rel=\"attachment wp-att-35570\"><img fetchpriority=\"high\" decoding=\"async\" class=\"alignnone size-full wp-image-35570\" src=\"https:\/\/portal.uern.br\/uernemnumeros\/wp-content\/uploads\/sites\/19\/2023\/02\/avaliacao-institucional1.png\" alt=\"\" width=\"491\" height=\"675\" srcset=\"https:\/\/portal.uern.br\/uernemnumeros\/wp-content\/uploads\/sites\/19\/2023\/02\/avaliacao-institucional1.png 491w, https:\/\/portal.uern.br\/uernemnumeros\/wp-content\/uploads\/sites\/19\/2023\/02\/avaliacao-institucional1-218x300.png 218w\" sizes=\"(max-width: 491px) 100vw, 491px\" \/><\/a><\/p>\n<p><a href=\"https:\/\/portal.uern.br\/uernemnumeros\/avaliacao-institucional\/avaliacao-institucional2\/\" rel=\"attachment wp-att-35571\"><img decoding=\"async\" class=\"alignnone size-full wp-image-35571\" src=\"https:\/\/portal.uern.br\/uernemnumeros\/wp-content\/uploads\/sites\/19\/2023\/02\/avaliacao-institucional2.png\" alt=\"\" width=\"595\" height=\"612\" srcset=\"https:\/\/portal.uern.br\/uernemnumeros\/wp-content\/uploads\/sites\/19\/2023\/02\/avaliacao-institucional2.png 595w, https:\/\/portal.uern.br\/uernemnumeros\/wp-content\/uploads\/sites\/19\/2023\/02\/avaliacao-institucional2-292x300.png 292w\" sizes=\"(max-width: 595px) 100vw, 595px\" \/><\/a><\/p>\n<p><a href=\"https:\/\/portal.uern.br\/uernemnumeros\/avaliacao-institucional\/avaliacao-institucional3\/\" rel=\"attachment wp-att-35572\"><img decoding=\"async\" class=\"alignnone size-full wp-image-35572\" src=\"https:\/\/portal.uern.br\/uernemnumeros\/wp-content\/uploads\/sites\/19\/2023\/02\/avaliacao-institucional3.png\" alt=\"\" width=\"595\" height=\"465\" srcset=\"https:\/\/portal.uern.br\/uernemnumeros\/wp-content\/uploads\/sites\/19\/2023\/02\/avaliacao-institucional3.png 595w, https:\/\/portal.uern.br\/uernemnumeros\/wp-content\/uploads\/sites\/19\/2023\/02\/avaliacao-institucional3-300x234.png 300w\" sizes=\"(max-width: 595px) 100vw, 595px\" \/><\/a><\/p>\n<p>&nbsp;<\/p>\n<p><a href=\"https:\/\/portal.uern.br\/uernemnumeros\/avaliacao-institucional\/avaliacao-institucional4\/\" rel=\"attachment wp-att-35573\"><img loading=\"lazy\" decoding=\"async\" class=\"alignnone size-full wp-image-35573\" src=\"https:\/\/portal.uern.br\/uernemnumeros\/wp-content\/uploads\/sites\/19\/2023\/02\/avaliacao-institucional4.png\" alt=\"\" width=\"592\" height=\"532\" srcset=\"https:\/\/portal.uern.br\/uernemnumeros\/wp-content\/uploads\/sites\/19\/2023\/02\/avaliacao-institucional4.png 592w, https:\/\/portal.uern.br\/uernemnumeros\/wp-content\/uploads\/sites\/19\/2023\/02\/avaliacao-institucional4-300x270.png 300w\" sizes=\"(max-width: 592px) 100vw, 592px\" \/><\/a><\/p>\n<p>&nbsp;<\/p>\n<p><a href=\"https:\/\/portal.uern.br\/uernemnumeros\/avaliacao-institucional\/avaliacao-institucional5\/\" rel=\"attachment wp-att-35574\"><img loading=\"lazy\" decoding=\"async\" class=\"alignnone size-full wp-image-35574\" src=\"https:\/\/portal.uern.br\/uernemnumeros\/wp-content\/uploads\/sites\/19\/2023\/02\/avaliacao-institucional5.jpeg\" alt=\"\" width=\"733\" height=\"394\" srcset=\"https:\/\/portal.uern.br\/uernemnumeros\/wp-content\/uploads\/sites\/19\/2023\/02\/avaliacao-institucional5.jpeg 733w, https:\/\/portal.uern.br\/uernemnumeros\/wp-content\/uploads\/sites\/19\/2023\/02\/avaliacao-institucional5-300x161.jpeg 300w\" sizes=\"(max-width: 733px) 100vw, 733px\" \/><\/a><\/p>\n<p><a href=\"https:\/\/portal.uern.br\/uernemnumeros\/avaliacao-institucional\/avaliacao-institucional6\/\" rel=\"attachment wp-att-35575\"><img loading=\"lazy\" decoding=\"async\" class=\"alignnone size-full wp-image-35575\" src=\"https:\/\/portal.uern.br\/uernemnumeros\/wp-content\/uploads\/sites\/19\/2023\/02\/avaliacao-institucional6.jpeg\" alt=\"\" width=\"722\" height=\"434\" srcset=\"https:\/\/portal.uern.br\/uernemnumeros\/wp-content\/uploads\/sites\/19\/2023\/02\/avaliacao-institucional6.jpeg 722w, https:\/\/portal.uern.br\/uernemnumeros\/wp-content\/uploads\/sites\/19\/2023\/02\/avaliacao-institucional6-300x180.jpeg 300w\" sizes=\"(max-width: 722px) 100vw, 722px\" \/><\/a><\/p>\n<p><a href=\"https:\/\/portal.uern.br\/uernemnumeros\/avaliacao-institucional\/avaliacao-institucional7\/\" rel=\"attachment wp-att-35576\"><img loading=\"lazy\" decoding=\"async\" class=\"alignnone size-full wp-image-35576\" src=\"https:\/\/portal.uern.br\/uernemnumeros\/wp-content\/uploads\/sites\/19\/2023\/02\/avaliacao-institucional7.jpeg\" alt=\"\" width=\"723\" height=\"157\" srcset=\"https:\/\/portal.uern.br\/uernemnumeros\/wp-content\/uploads\/sites\/19\/2023\/02\/avaliacao-institucional7.jpeg 723w, https:\/\/portal.uern.br\/uernemnumeros\/wp-content\/uploads\/sites\/19\/2023\/02\/avaliacao-institucional7-300x65.jpeg 300w\" sizes=\"(max-width: 723px) 100vw, 723px\" \/><\/a><\/p>\n<p>&nbsp;<\/p>\n<p><a href=\"https:\/\/portal.uern.br\/uernemnumeros\/avaliacao-institucional\/avaliacao-institucional8\/\" rel=\"attachment wp-att-35577\"><img loading=\"lazy\" decoding=\"async\" class=\"alignnone size-full wp-image-35577\" src=\"https:\/\/portal.uern.br\/uernemnumeros\/wp-content\/uploads\/sites\/19\/2023\/02\/avaliacao-institucional8.jpeg\" alt=\"\" width=\"591\" height=\"480\" srcset=\"https:\/\/portal.uern.br\/uernemnumeros\/wp-content\/uploads\/sites\/19\/2023\/02\/avaliacao-institucional8.jpeg 591w, https:\/\/portal.uern.br\/uernemnumeros\/wp-content\/uploads\/sites\/19\/2023\/02\/avaliacao-institucional8-300x244.jpeg 300w\" sizes=\"(max-width: 591px) 100vw, 591px\" \/><\/a><\/p>\n<p><a href=\"https:\/\/portal.uern.br\/uernemnumeros\/avaliacao-institucional\/avaliacao-institucional9\/\" rel=\"attachment wp-att-35578\"><img loading=\"lazy\" decoding=\"async\" class=\"alignnone size-full wp-image-35578\" src=\"https:\/\/portal.uern.br\/uernemnumeros\/wp-content\/uploads\/sites\/19\/2023\/02\/avaliacao-institucional9.jpeg\" alt=\"\" width=\"590\" height=\"230\" srcset=\"https:\/\/portal.uern.br\/uernemnumeros\/wp-content\/uploads\/sites\/19\/2023\/02\/avaliacao-institucional9.jpeg 590w, https:\/\/portal.uern.br\/uernemnumeros\/wp-content\/uploads\/sites\/19\/2023\/02\/avaliacao-institucional9-300x117.jpeg 300w\" sizes=\"(max-width: 590px) 100vw, 590px\" \/><\/a><\/p>\n<p>&nbsp;<\/p>\n<p><a href=\"https:\/\/portal.uern.br\/uernemnumeros\/avaliacao-institucional\/avaliacao-institucional10\/\" rel=\"attachment wp-att-35579\"><img loading=\"lazy\" decoding=\"async\" class=\"alignnone size-full wp-image-35579\" src=\"https:\/\/portal.uern.br\/uernemnumeros\/wp-content\/uploads\/sites\/19\/2023\/02\/avaliacao-institucional10.jpeg\" alt=\"\" width=\"589\" height=\"393\" srcset=\"https:\/\/portal.uern.br\/uernemnumeros\/wp-content\/uploads\/sites\/19\/2023\/02\/avaliacao-institucional10.jpeg 589w, https:\/\/portal.uern.br\/uernemnumeros\/wp-content\/uploads\/sites\/19\/2023\/02\/avaliacao-institucional10-300x200.jpeg 300w\" sizes=\"(max-width: 589px) 100vw, 589px\" \/><\/a><\/p>\n<p><a href=\"https:\/\/portal.uern.br\/uernemnumeros\/avaliacao-institucional\/avaliacao-institucional11\/\" rel=\"attachment wp-att-35580\"><img loading=\"lazy\" decoding=\"async\" class=\"alignnone size-full wp-image-35580\" src=\"https:\/\/portal.uern.br\/uernemnumeros\/wp-content\/uploads\/sites\/19\/2023\/02\/avaliacao-institucional11.jpeg\" alt=\"\" width=\"587\" height=\"258\" srcset=\"https:\/\/portal.uern.br\/uernemnumeros\/wp-content\/uploads\/sites\/19\/2023\/02\/avaliacao-institucional11.jpeg 587w, https:\/\/portal.uern.br\/uernemnumeros\/wp-content\/uploads\/sites\/19\/2023\/02\/avaliacao-institucional11-300x132.jpeg 300w\" sizes=\"(max-width: 587px) 100vw, 587px\" \/><\/a><\/p>\n<p><a href=\"https:\/\/portal.uern.br\/uernemnumeros\/avaliacao-institucional\/avaliacao-institucional12\/\" rel=\"attachment wp-att-35581\"><img loading=\"lazy\" decoding=\"async\" class=\"alignnone size-full wp-image-35581\" src=\"https:\/\/portal.uern.br\/uernemnumeros\/wp-content\/uploads\/sites\/19\/2023\/02\/avaliacao-institucional12.jpeg\" alt=\"\" width=\"588\" height=\"206\" srcset=\"https:\/\/portal.uern.br\/uernemnumeros\/wp-content\/uploads\/sites\/19\/2023\/02\/avaliacao-institucional12.jpeg 588w, https:\/\/portal.uern.br\/uernemnumeros\/wp-content\/uploads\/sites\/19\/2023\/02\/avaliacao-institucional12-300x105.jpeg 300w\" sizes=\"(max-width: 588px) 100vw, 588px\" \/><\/a><\/p>\n<p>&nbsp;<\/p>\n<p><strong>\u00cdNDICE GERAL DE CURSOS AVALIADOS DA INSTITUI\u00c7\u00c3O \u2013 IGC<\/strong><\/p>\n<table cellspacing=\"0\" cellpadding=\"0\">\n<tbody>\n<tr>\n<td><\/td>\n<td><strong>2016<\/strong><\/td>\n<td><strong>2017<\/strong><\/td>\n<td><strong>2018<\/strong><\/td>\n<td><strong>2019<\/strong><\/td>\n<\/tr>\n<tr>\n<td>IGC (cont\u00ednuo)<\/td>\n<td>2,56<\/td>\n<td>2,67<\/td>\n<td>2,89<\/td>\n<td>2,89<\/td>\n<\/tr>\n<tr>\n<td>Faixa IGC<\/td>\n<td>3<\/td>\n<td>3<\/td>\n<td>3<\/td>\n<td>3<\/td>\n<\/tr>\n<\/tbody>\n<\/table>\n<p>OBS.: Devido a Pandemia do Covid-19 n\u00e3o houve avalia\u00e7\u00e3o no ano de 2020.<\/p>\n<p>OBS.: Aguardando a libera\u00e7\u00e3o dos resultados de 2021<\/p>\n<p>&nbsp;<\/p>\n<p><strong>QUANTIDADES DE CURSOS COM CADA CONCEITO ENADE, FAIXA DE IDD E FAIXA DE CPC<\/strong><\/p>\n<p><a href=\"https:\/\/portal.uern.br\/uernemnumeros\/avaliacao-institucional\/avaliacao-institucional12-2\/\" rel=\"attachment wp-att-35582\"><img loading=\"lazy\" decoding=\"async\" class=\"alignnone size-full wp-image-35582\" src=\"https:\/\/portal.uern.br\/uernemnumeros\/wp-content\/uploads\/sites\/19\/2023\/02\/avaliacao-institucional12.png\" alt=\"\" width=\"551\" height=\"552\" srcset=\"https:\/\/portal.uern.br\/uernemnumeros\/wp-content\/uploads\/sites\/19\/2023\/02\/avaliacao-institucional12.png 551w, https:\/\/portal.uern.br\/uernemnumeros\/wp-content\/uploads\/sites\/19\/2023\/02\/avaliacao-institucional12-300x300.png 300w, https:\/\/portal.uern.br\/uernemnumeros\/wp-content\/uploads\/sites\/19\/2023\/02\/avaliacao-institucional12-150x150.png 150w\" sizes=\"(max-width: 551px) 100vw, 551px\" \/><\/a><\/p>\n<p>&nbsp;<\/p>\n<p><strong>Indicador de Diferen\u00e7a entre os Desempenhos Observado e Esperado (IDD)<\/strong><\/p>\n<p><a href=\"https:\/\/portal.uern.br\/uernemnumeros\/avaliacao-institucional\/indicador-de-diferenca-entre-os-desempenhos-observado-e-esperado\/\" rel=\"attachment wp-att-35583\"><img loading=\"lazy\" decoding=\"async\" class=\"alignnone size-full wp-image-35583\" src=\"https:\/\/portal.uern.br\/uernemnumeros\/wp-content\/uploads\/sites\/19\/2023\/02\/Indicador-de-Diferenca-entre-os-Desempenhos-Observado-e-Esperado.png\" alt=\"\" width=\"515\" height=\"572\" srcset=\"https:\/\/portal.uern.br\/uernemnumeros\/wp-content\/uploads\/sites\/19\/2023\/02\/Indicador-de-Diferenca-entre-os-Desempenhos-Observado-e-Esperado.png 515w, https:\/\/portal.uern.br\/uernemnumeros\/wp-content\/uploads\/sites\/19\/2023\/02\/Indicador-de-Diferenca-entre-os-Desempenhos-Observado-e-Esperado-270x300.png 270w\" sizes=\"(max-width: 515px) 100vw, 515px\" \/><\/a><\/p>\n<p>Obs.: O IDD s\u00f3 come\u00e7ou a ser calculado no ano de 2016, como cada curso \u00e9 avaliado a cada 3 anos, apenas no ano de 2018 foi poss\u00edvel alcan\u00e7ar a totalidade de cursos da institui\u00e7\u00e3o.<\/p>\n<p>OBS.: Devido a Pandemia do Covid-19 n\u00e3o houve ENADE no ano de 2020.<\/p>\n","protected":false},"excerpt":{"rendered":"<p>Nesta se\u00e7\u00e3o, a Avalia\u00e7\u00e3o Institucional disponibilizar\u00e1 o conceito Exame Nacional de Desempenho de Estudantes (ENADE) e o Conceito Preliminar de Curso (CPC) atribu\u00eddos a cada curso da Universidade do Estado do Rio Grande do Norte (UERN). O ENADE avalia o rendimento dos concluintes dos cursos de gradua\u00e7\u00e3o, em rela\u00e7\u00e3o aos conte\u00fados program\u00e1ticos, habilidades e compet\u00eancias [&hellip;]<\/p>\n","protected":false},"author":28,"featured_media":0,"parent":0,"menu_order":0,"comment_status":"closed","ping_status":"closed","template":"","meta":[],"_links":{"self":[{"href":"https:\/\/portal.uern.br\/uernemnumeros\/wp-json\/wp\/v2\/pages\/35569"}],"collection":[{"href":"https:\/\/portal.uern.br\/uernemnumeros\/wp-json\/wp\/v2\/pages"}],"about":[{"href":"https:\/\/portal.uern.br\/uernemnumeros\/wp-json\/wp\/v2\/types\/page"}],"author":[{"embeddable":true,"href":"https:\/\/portal.uern.br\/uernemnumeros\/wp-json\/wp\/v2\/users\/28"}],"replies":[{"embeddable":true,"href":"https:\/\/portal.uern.br\/uernemnumeros\/wp-json\/wp\/v2\/comments?post=35569"}],"version-history":[{"count":4,"href":"https:\/\/portal.uern.br\/uernemnumeros\/wp-json\/wp\/v2\/pages\/35569\/revisions"}],"predecessor-version":[{"id":35778,"href":"https:\/\/portal.uern.br\/uernemnumeros\/wp-json\/wp\/v2\/pages\/35569\/revisions\/35778"}],"wp:attachment":[{"href":"https:\/\/portal.uern.br\/uernemnumeros\/wp-json\/wp\/v2\/media?parent=35569"}],"curies":[{"name":"wp","href":"https:\/\/api.w.org\/{rel}","templated":true}]}}