{"id":35558,"date":"2023-02-23T09:14:34","date_gmt":"2023-02-23T12:14:34","guid":{"rendered":"https:\/\/portal.uern.br\/uernemnumeros\/?page_id=35558"},"modified":"2023-02-23T09:14:34","modified_gmt":"2023-02-23T12:14:34","slug":"extensao","status":"publish","type":"page","link":"https:\/\/portal.uern.br\/uernemnumeros\/extensao\/","title":{"rendered":"Extens\u00e3o"},"content":{"rendered":"<p><strong>Quantidade de A\u00e7\u00f5es de Extens\u00e3o (2013 &#8211; 2022)<\/strong><\/p>\n<p><a href=\"https:\/\/portal.uern.br\/uernemnumeros\/extensao\/quantidade-de-acoes-de-extensao\/\" rel=\"attachment wp-att-35559\"><img fetchpriority=\"high\" decoding=\"async\" class=\"alignnone size-full wp-image-35559\" src=\"https:\/\/portal.uern.br\/uernemnumeros\/wp-content\/uploads\/sites\/19\/2023\/02\/Quantidade-de-Acoes-de-Extensao.png\" alt=\"\" width=\"567\" height=\"331\" srcset=\"https:\/\/portal.uern.br\/uernemnumeros\/wp-content\/uploads\/sites\/19\/2023\/02\/Quantidade-de-Acoes-de-Extensao.png 567w, https:\/\/portal.uern.br\/uernemnumeros\/wp-content\/uploads\/sites\/19\/2023\/02\/Quantidade-de-Acoes-de-Extensao-300x175.png 300w\" sizes=\"(max-width: 567px) 100vw, 567px\" \/><\/a><\/p>\n<p>&nbsp;<\/p>\n<p><strong>A\u00e7\u00f5es de Extens\u00e3o por Tipo (ano 2022)<\/strong><\/p>\n<p><a href=\"https:\/\/portal.uern.br\/uernemnumeros\/extensao\/acoes-de-extensao-por-tipo\/\" rel=\"attachment wp-att-35560\"><img decoding=\"async\" class=\"alignnone size-full wp-image-35560\" src=\"https:\/\/portal.uern.br\/uernemnumeros\/wp-content\/uploads\/sites\/19\/2023\/02\/Acoes-de-Extensao-por-Tipo.png\" alt=\"\" width=\"567\" height=\"331\" srcset=\"https:\/\/portal.uern.br\/uernemnumeros\/wp-content\/uploads\/sites\/19\/2023\/02\/Acoes-de-Extensao-por-Tipo.png 567w, https:\/\/portal.uern.br\/uernemnumeros\/wp-content\/uploads\/sites\/19\/2023\/02\/Acoes-de-Extensao-por-Tipo-300x175.png 300w\" sizes=\"(max-width: 567px) 100vw, 567px\" \/><\/a><\/p>\n<p>&nbsp;<\/p>\n<p><strong>A\u00e7\u00f5es de Extens\u00e3o por \u00c1rea Tem\u00e1tica (Ano 2022)<\/strong><\/p>\n<p><a href=\"https:\/\/portal.uern.br\/uernemnumeros\/extensao\/acoes-de-extensao-por-area-tematica\/\" rel=\"attachment wp-att-35561\"><img decoding=\"async\" class=\"alignnone size-full wp-image-35561\" src=\"https:\/\/portal.uern.br\/uernemnumeros\/wp-content\/uploads\/sites\/19\/2023\/02\/Acoes-de-Extensao-por-Area-Tematica.png\" alt=\"\" width=\"567\" height=\"331\" srcset=\"https:\/\/portal.uern.br\/uernemnumeros\/wp-content\/uploads\/sites\/19\/2023\/02\/Acoes-de-Extensao-por-Area-Tematica.png 567w, https:\/\/portal.uern.br\/uernemnumeros\/wp-content\/uploads\/sites\/19\/2023\/02\/Acoes-de-Extensao-por-Area-Tematica-300x175.png 300w\" sizes=\"(max-width: 567px) 100vw, 567px\" \/><\/a><\/p>\n<p>&nbsp;<\/p>\n<p><strong>A\u00e7\u00f5es de Extens\u00e3o por Campus (Ano 2022)<\/strong><\/p>\n<p><a href=\"https:\/\/portal.uern.br\/uernemnumeros\/extensao\/acoes-de-extensao-por-campus\/\" rel=\"attachment wp-att-35562\"><img loading=\"lazy\" decoding=\"async\" class=\"alignnone size-full wp-image-35562\" src=\"https:\/\/portal.uern.br\/uernemnumeros\/wp-content\/uploads\/sites\/19\/2023\/02\/Acoes-de-Extensao-por-Campus.png\" alt=\"\" width=\"567\" height=\"331\" srcset=\"https:\/\/portal.uern.br\/uernemnumeros\/wp-content\/uploads\/sites\/19\/2023\/02\/Acoes-de-Extensao-por-Campus.png 567w, https:\/\/portal.uern.br\/uernemnumeros\/wp-content\/uploads\/sites\/19\/2023\/02\/Acoes-de-Extensao-por-Campus-300x175.png 300w\" sizes=\"(max-width: 567px) 100vw, 567px\" \/><\/a><\/p>\n<p>&nbsp;<\/p>\n<p><strong>Envolvimento dos discentes, docentes e t\u00e9cnicos em a\u00e7\u00f5es de extens\u00e3o (Ano de 2022)<\/strong><\/p>\n<p><a href=\"https:\/\/portal.uern.br\/uernemnumeros\/extensao\/envolvimento-dos-discentes\/\" rel=\"attachment wp-att-35563\"><img loading=\"lazy\" decoding=\"async\" class=\"alignnone size-full wp-image-35563\" src=\"https:\/\/portal.uern.br\/uernemnumeros\/wp-content\/uploads\/sites\/19\/2023\/02\/Envolvimento-dos-discentes.png\" alt=\"\" width=\"567\" height=\"331\" srcset=\"https:\/\/portal.uern.br\/uernemnumeros\/wp-content\/uploads\/sites\/19\/2023\/02\/Envolvimento-dos-discentes.png 567w, https:\/\/portal.uern.br\/uernemnumeros\/wp-content\/uploads\/sites\/19\/2023\/02\/Envolvimento-dos-discentes-300x175.png 300w\" sizes=\"(max-width: 567px) 100vw, 567px\" \/><\/a><\/p>\n<p>&nbsp;<\/p>\n<p><strong>Docentes com carga hor\u00e1ria para extens\u00e3o (Ano de 2022)<\/strong><\/p>\n<p><a href=\"https:\/\/portal.uern.br\/uernemnumeros\/extensao\/docentes-com-carga-horaria-para-extensao\/\" rel=\"attachment wp-att-35564\"><img loading=\"lazy\" decoding=\"async\" class=\"alignnone size-full wp-image-35564\" src=\"https:\/\/portal.uern.br\/uernemnumeros\/wp-content\/uploads\/sites\/19\/2023\/02\/Docentes-com-carga-horaria-para-extensao.png\" alt=\"\" width=\"567\" height=\"331\" srcset=\"https:\/\/portal.uern.br\/uernemnumeros\/wp-content\/uploads\/sites\/19\/2023\/02\/Docentes-com-carga-horaria-para-extensao.png 567w, https:\/\/portal.uern.br\/uernemnumeros\/wp-content\/uploads\/sites\/19\/2023\/02\/Docentes-com-carga-horaria-para-extensao-300x175.png 300w\" sizes=\"(max-width: 567px) 100vw, 567px\" \/><\/a><\/p>\n<p>&nbsp;<\/p>\n<p><strong>Bolsas de Extens\u00e3o &#8211; PIBEX<\/strong><\/p>\n<p><a href=\"https:\/\/portal.uern.br\/uernemnumeros\/extensao\/bolsas-de-extensao\/\" rel=\"attachment wp-att-35565\"><img loading=\"lazy\" decoding=\"async\" class=\"alignnone size-full wp-image-35565\" src=\"https:\/\/portal.uern.br\/uernemnumeros\/wp-content\/uploads\/sites\/19\/2023\/02\/Bolsas-de-Extensao.jpeg\" alt=\"\" width=\"567\" height=\"331\" srcset=\"https:\/\/portal.uern.br\/uernemnumeros\/wp-content\/uploads\/sites\/19\/2023\/02\/Bolsas-de-Extensao.jpeg 567w, https:\/\/portal.uern.br\/uernemnumeros\/wp-content\/uploads\/sites\/19\/2023\/02\/Bolsas-de-Extensao-300x175.jpeg 300w\" sizes=\"(max-width: 567px) 100vw, 567px\" \/><\/a><\/p>\n<p>&nbsp;<\/p>\n","protected":false},"excerpt":{"rendered":"<p>Quantidade de A\u00e7\u00f5es de Extens\u00e3o (2013 &#8211; 2022) &nbsp; A\u00e7\u00f5es de Extens\u00e3o por Tipo (ano 2022) &nbsp; A\u00e7\u00f5es de Extens\u00e3o por \u00c1rea Tem\u00e1tica (Ano 2022) &nbsp; A\u00e7\u00f5es de Extens\u00e3o por Campus (Ano 2022) &nbsp; Envolvimento dos discentes, docentes e t\u00e9cnicos em a\u00e7\u00f5es de extens\u00e3o (Ano de 2022) &nbsp; Docentes com carga hor\u00e1ria para extens\u00e3o (Ano [&hellip;]<\/p>\n","protected":false},"author":28,"featured_media":0,"parent":0,"menu_order":0,"comment_status":"closed","ping_status":"closed","template":"","meta":[],"_links":{"self":[{"href":"https:\/\/portal.uern.br\/uernemnumeros\/wp-json\/wp\/v2\/pages\/35558"}],"collection":[{"href":"https:\/\/portal.uern.br\/uernemnumeros\/wp-json\/wp\/v2\/pages"}],"about":[{"href":"https:\/\/portal.uern.br\/uernemnumeros\/wp-json\/wp\/v2\/types\/page"}],"author":[{"embeddable":true,"href":"https:\/\/portal.uern.br\/uernemnumeros\/wp-json\/wp\/v2\/users\/28"}],"replies":[{"embeddable":true,"href":"https:\/\/portal.uern.br\/uernemnumeros\/wp-json\/wp\/v2\/comments?post=35558"}],"version-history":[{"count":2,"href":"https:\/\/portal.uern.br\/uernemnumeros\/wp-json\/wp\/v2\/pages\/35558\/revisions"}],"predecessor-version":[{"id":35567,"href":"https:\/\/portal.uern.br\/uernemnumeros\/wp-json\/wp\/v2\/pages\/35558\/revisions\/35567"}],"wp:attachment":[{"href":"https:\/\/portal.uern.br\/uernemnumeros\/wp-json\/wp\/v2\/media?parent=35558"}],"curies":[{"name":"wp","href":"https:\/\/api.w.org\/{rel}","templated":true}]}}