{"id":35412,"date":"2023-02-23T09:05:54","date_gmt":"2023-02-23T12:05:54","guid":{"rendered":"http:\/\/beta.apps.uern.br\/wordpress\/uernemnumeros\/?page_id=35412"},"modified":"2023-02-23T09:05:54","modified_gmt":"2023-02-23T12:05:54","slug":"pesquisa-e-inovacao-pos-graduacao","status":"publish","type":"page","link":"https:\/\/portal.uern.br\/uernemnumeros\/pesquisa-e-inovacao-pos-graduacao\/","title":{"rendered":"Pesquisa e Inova\u00e7\u00e3o \/ P\u00f3s-Gradua\u00e7\u00e3o"},"content":{"rendered":"<p><strong>Gr\u00e1fico 1: Recursos investidos nas bolsas de inicia\u00e7\u00e3o cient\u00edfica, no per\u00edodo de 2017-2021, UERN, 2021<\/strong><\/p>\n<figure id=\"attachment_35413\" aria-describedby=\"caption-attachment-35413\" style=\"width: 908px\" class=\"wp-caption alignnone\"><a href=\"https:\/\/portal.uern.br\/uernemnumeros\/pesquisa-e-inovacao-pos-graduacao\/recursos_investidos_nas_bolsas\/\" rel=\"attachment wp-att-35413\"><img fetchpriority=\"high\" decoding=\"async\" class=\"size-full wp-image-35413\" src=\"https:\/\/portal.uern.br\/uernemnumeros\/wp-content\/uploads\/sites\/19\/2023\/02\/recursos_investidos_nas_bolsas.png\" alt=\"\" width=\"908\" height=\"476\" srcset=\"https:\/\/portal.uern.br\/uernemnumeros\/wp-content\/uploads\/sites\/19\/2023\/02\/recursos_investidos_nas_bolsas.png 908w, https:\/\/portal.uern.br\/uernemnumeros\/wp-content\/uploads\/sites\/19\/2023\/02\/recursos_investidos_nas_bolsas-300x157.png 300w, https:\/\/portal.uern.br\/uernemnumeros\/wp-content\/uploads\/sites\/19\/2023\/02\/recursos_investidos_nas_bolsas-768x403.png 768w\" sizes=\"(max-width: 908px) 100vw, 908px\" \/><\/a><figcaption id=\"caption-attachment-35413\" class=\"wp-caption-text\">Fonte: Diretoria de Pesquisa e Inova\u00e7\u00e3o \u2013 PROPEG\/UERN<\/figcaption><\/figure>\n<p>&nbsp;<\/p>\n<p><strong>Gr\u00e1fico 2: N\u00famero de alunos envolvidos no programa de inicia\u00e7\u00e3o cient\u00edfica, bolsistas e volunt\u00e1rios, no per\u00edodo de 2017-2021, UERN, 2021<\/strong><\/p>\n<figure id=\"attachment_35414\" aria-describedby=\"caption-attachment-35414\" style=\"width: 908px\" class=\"wp-caption alignnone\"><a href=\"https:\/\/portal.uern.br\/uernemnumeros\/pesquisa-e-inovacao-pos-graduacao\/numero-de-alunos-envolvidos-no-programa\/\" rel=\"attachment wp-att-35414\"><img decoding=\"async\" class=\"size-full wp-image-35414\" src=\"https:\/\/portal.uern.br\/uernemnumeros\/wp-content\/uploads\/sites\/19\/2023\/02\/Numero-de-alunos-envolvidos-no-programa.png\" alt=\"\" width=\"908\" height=\"544\" srcset=\"https:\/\/portal.uern.br\/uernemnumeros\/wp-content\/uploads\/sites\/19\/2023\/02\/Numero-de-alunos-envolvidos-no-programa.png 908w, https:\/\/portal.uern.br\/uernemnumeros\/wp-content\/uploads\/sites\/19\/2023\/02\/Numero-de-alunos-envolvidos-no-programa-300x180.png 300w, https:\/\/portal.uern.br\/uernemnumeros\/wp-content\/uploads\/sites\/19\/2023\/02\/Numero-de-alunos-envolvidos-no-programa-768x460.png 768w\" sizes=\"(max-width: 908px) 100vw, 908px\" \/><\/a><figcaption id=\"caption-attachment-35414\" class=\"wp-caption-text\">Fonte: Diretoria de Pesquisa e Inova\u00e7\u00e3o \u2013 PROPEG\/UERN<\/figcaption><\/figure>\n<p>&nbsp;<\/p>\n<p><strong>Gr\u00e1fico 3: N\u00fameros de registros e dep\u00f3sitos realizados junto ao Departamento de Inova\u00e7\u00e3o e Empreendedorismo, UERN, 2021<\/strong><\/p>\n<figure id=\"attachment_35415\" aria-describedby=\"caption-attachment-35415\" style=\"width: 932px\" class=\"wp-caption alignnone\"><a href=\"https:\/\/portal.uern.br\/uernemnumeros\/pesquisa-e-inovacao-pos-graduacao\/numeros-de-registros-e-depositos-realizados\/\" rel=\"attachment wp-att-35415\"><img decoding=\"async\" class=\"size-full wp-image-35415\" src=\"https:\/\/portal.uern.br\/uernemnumeros\/wp-content\/uploads\/sites\/19\/2023\/02\/Numeros-de-registros-e-depositos-realizados.png\" alt=\"\" width=\"932\" height=\"602\" srcset=\"https:\/\/portal.uern.br\/uernemnumeros\/wp-content\/uploads\/sites\/19\/2023\/02\/Numeros-de-registros-e-depositos-realizados.png 932w, https:\/\/portal.uern.br\/uernemnumeros\/wp-content\/uploads\/sites\/19\/2023\/02\/Numeros-de-registros-e-depositos-realizados-300x194.png 300w, https:\/\/portal.uern.br\/uernemnumeros\/wp-content\/uploads\/sites\/19\/2023\/02\/Numeros-de-registros-e-depositos-realizados-768x496.png 768w\" sizes=\"(max-width: 932px) 100vw, 932px\" \/><\/a><figcaption id=\"caption-attachment-35415\" class=\"wp-caption-text\">Fonte: Diretoria de Pesquisa e Inova\u00e7\u00e3o \u2013 PROPEG\/UERN<\/figcaption><\/figure>\n<p>&nbsp;<\/p>\n<p><strong>Gr\u00e1fico 4: N\u00fameros de peri\u00f3dicos cient\u00edficos vinculados a UERN, no per\u00edodo de 2017-2021, UERN, 2021<br \/>\n<\/strong><\/p>\n<p><a href=\"https:\/\/portal.uern.br\/uernemnumeros\/pesquisa-e-inovacao-pos-graduacao\/periodicos-cientificos-vinculados-a-uern\/\" rel=\"attachment wp-att-35541\"><img loading=\"lazy\" decoding=\"async\" class=\"alignnone size-full wp-image-35541\" src=\"https:\/\/portal.uern.br\/uernemnumeros\/wp-content\/uploads\/sites\/19\/2023\/02\/periodicos-cientificos-vinculados-a-UERN.png\" alt=\"\" width=\"908\" height=\"576\" srcset=\"https:\/\/portal.uern.br\/uernemnumeros\/wp-content\/uploads\/sites\/19\/2023\/02\/periodicos-cientificos-vinculados-a-UERN.png 908w, https:\/\/portal.uern.br\/uernemnumeros\/wp-content\/uploads\/sites\/19\/2023\/02\/periodicos-cientificos-vinculados-a-UERN-300x190.png 300w, https:\/\/portal.uern.br\/uernemnumeros\/wp-content\/uploads\/sites\/19\/2023\/02\/periodicos-cientificos-vinculados-a-UERN-768x487.png 768w\" sizes=\"(max-width: 908px) 100vw, 908px\" \/><\/a><\/p>\n<p>&nbsp;<\/p>\n<p><strong>Gr\u00e1fico 5: N\u00fameros de grupos de pesquisas vinculados a UERN, no per\u00edodo de 2017-2021, UERN, 2021<\/strong><\/p>\n<figure id=\"attachment_35542\" aria-describedby=\"caption-attachment-35542\" style=\"width: 918px\" class=\"wp-caption alignnone\"><a href=\"https:\/\/portal.uern.br\/uernemnumeros\/pesquisa-e-inovacao-pos-graduacao\/grupos-de-pesquisas-vinculados-a-uern\/\" rel=\"attachment wp-att-35542\"><img loading=\"lazy\" decoding=\"async\" class=\"size-full wp-image-35542\" src=\"https:\/\/portal.uern.br\/uernemnumeros\/wp-content\/uploads\/sites\/19\/2023\/02\/grupos-de-pesquisas-vinculados-a-UERN.png\" alt=\"\" width=\"918\" height=\"576\" srcset=\"https:\/\/portal.uern.br\/uernemnumeros\/wp-content\/uploads\/sites\/19\/2023\/02\/grupos-de-pesquisas-vinculados-a-UERN.png 918w, https:\/\/portal.uern.br\/uernemnumeros\/wp-content\/uploads\/sites\/19\/2023\/02\/grupos-de-pesquisas-vinculados-a-UERN-300x188.png 300w, https:\/\/portal.uern.br\/uernemnumeros\/wp-content\/uploads\/sites\/19\/2023\/02\/grupos-de-pesquisas-vinculados-a-UERN-768x482.png 768w\" sizes=\"(max-width: 918px) 100vw, 918px\" \/><\/a><figcaption id=\"caption-attachment-35542\" class=\"wp-caption-text\">Fonte: Diretoria de Pesquisa e Inova\u00e7\u00e3o \u2013 PROPEG\/UERN<\/figcaption><\/figure>\n<p>&nbsp;<\/p>\n<p><strong>Gr\u00e1fico 6: N\u00famero de projetos pesquisa institucionalizado atrav\u00e9s do edital de fluxo cont\u00ednuo , no per\u00edodo de 2017-2021, UERN, 2021<\/strong><\/p>\n<figure id=\"attachment_35543\" aria-describedby=\"caption-attachment-35543\" style=\"width: 918px\" class=\"wp-caption alignnone\"><a href=\"https:\/\/portal.uern.br\/uernemnumeros\/pesquisa-e-inovacao-pos-graduacao\/projetos-pesquisa-institucionalizado\/\" rel=\"attachment wp-att-35543\"><img loading=\"lazy\" decoding=\"async\" class=\"size-full wp-image-35543\" src=\"https:\/\/portal.uern.br\/uernemnumeros\/wp-content\/uploads\/sites\/19\/2023\/02\/projetos-pesquisa-institucionalizado.png\" alt=\"\" width=\"918\" height=\"576\" srcset=\"https:\/\/portal.uern.br\/uernemnumeros\/wp-content\/uploads\/sites\/19\/2023\/02\/projetos-pesquisa-institucionalizado.png 918w, https:\/\/portal.uern.br\/uernemnumeros\/wp-content\/uploads\/sites\/19\/2023\/02\/projetos-pesquisa-institucionalizado-300x188.png 300w, https:\/\/portal.uern.br\/uernemnumeros\/wp-content\/uploads\/sites\/19\/2023\/02\/projetos-pesquisa-institucionalizado-768x482.png 768w\" sizes=\"(max-width: 918px) 100vw, 918px\" \/><\/a><figcaption id=\"caption-attachment-35543\" class=\"wp-caption-text\">Fonte: Diretoria de Pesquisa e Inova\u00e7\u00e3o \u2013 PROPEG\/UERN<\/figcaption><\/figure>\n<p>&nbsp;<\/p>\n<p><strong>Gr\u00e1fico\u00a0<\/strong><strong>7<\/strong><strong>: N\u00famero de laborat\u00f3rios de pesquisa institucionalizado na UERN, no per\u00edodo de 2017-2021, UERN, 2021<\/strong><\/p>\n<figure id=\"attachment_35544\" aria-describedby=\"caption-attachment-35544\" style=\"width: 918px\" class=\"wp-caption alignnone\"><a href=\"https:\/\/portal.uern.br\/uernemnumeros\/pesquisa-e-inovacao-pos-graduacao\/laboratorios-de-pesquisa-institucionalizado\/\" rel=\"attachment wp-att-35544\"><img loading=\"lazy\" decoding=\"async\" class=\"size-full wp-image-35544\" src=\"https:\/\/portal.uern.br\/uernemnumeros\/wp-content\/uploads\/sites\/19\/2023\/02\/laboratorios-de-pesquisa-institucionalizado.png\" alt=\"\" width=\"918\" height=\"576\" srcset=\"https:\/\/portal.uern.br\/uernemnumeros\/wp-content\/uploads\/sites\/19\/2023\/02\/laboratorios-de-pesquisa-institucionalizado.png 918w, https:\/\/portal.uern.br\/uernemnumeros\/wp-content\/uploads\/sites\/19\/2023\/02\/laboratorios-de-pesquisa-institucionalizado-300x188.png 300w, https:\/\/portal.uern.br\/uernemnumeros\/wp-content\/uploads\/sites\/19\/2023\/02\/laboratorios-de-pesquisa-institucionalizado-768x482.png 768w\" sizes=\"(max-width: 918px) 100vw, 918px\" \/><\/a><figcaption id=\"caption-attachment-35544\" class=\"wp-caption-text\">Fonte: Diretoria de Pesquisa e Inova\u00e7\u00e3o \u2013 PROPEG\/UERN<\/figcaption><\/figure>\n<p>&nbsp;<\/p>\n<p><strong>Gr\u00e1fico\u00a0<\/strong><strong>8<\/strong><strong>:\u00a0<\/strong><strong>Quantidade de Programas e cursos de P\u00f3s-Gradua\u00e7\u00e3o Stricto Sensu\u00a0<\/strong><strong>, no per\u00edodo de 2017-2021, UERN, 2021<\/strong><\/p>\n<figure id=\"attachment_35545\" aria-describedby=\"caption-attachment-35545\" style=\"width: 918px\" class=\"wp-caption alignnone\"><a href=\"https:\/\/portal.uern.br\/uernemnumeros\/pesquisa-e-inovacao-pos-graduacao\/programas-e-cursos-de-pos-graduacao-stricto-sensu\/\" rel=\"attachment wp-att-35545\"><img loading=\"lazy\" decoding=\"async\" class=\"size-full wp-image-35545\" src=\"https:\/\/portal.uern.br\/uernemnumeros\/wp-content\/uploads\/sites\/19\/2023\/02\/Programas-e-cursos-de-Pos-Graduacao-Stricto-Sensu.png\" alt=\"\" width=\"918\" height=\"558\" srcset=\"https:\/\/portal.uern.br\/uernemnumeros\/wp-content\/uploads\/sites\/19\/2023\/02\/Programas-e-cursos-de-Pos-Graduacao-Stricto-Sensu.png 918w, https:\/\/portal.uern.br\/uernemnumeros\/wp-content\/uploads\/sites\/19\/2023\/02\/Programas-e-cursos-de-Pos-Graduacao-Stricto-Sensu-300x182.png 300w, https:\/\/portal.uern.br\/uernemnumeros\/wp-content\/uploads\/sites\/19\/2023\/02\/Programas-e-cursos-de-Pos-Graduacao-Stricto-Sensu-768x467.png 768w\" sizes=\"(max-width: 918px) 100vw, 918px\" \/><\/a><figcaption id=\"caption-attachment-35545\" class=\"wp-caption-text\">Fonte: Diretoria de p\u00f3s-gradua\u00e7\u00e3o \u2013 PROPEG\/UERN<\/figcaption><\/figure>\n<p>&nbsp;<\/p>\n<p><strong>Gr\u00e1fico\u00a0<\/strong><strong>9<\/strong><strong>: Distribui\u00e7\u00e3o dos Cursos de Mestrado e Doutorado nos Campi da UERN, no per\u00edodo de 2017-2021, UERN, 2021<\/strong><\/p>\n<figure id=\"attachment_35546\" aria-describedby=\"caption-attachment-35546\" style=\"width: 942px\" class=\"wp-caption alignnone\"><a href=\"https:\/\/portal.uern.br\/uernemnumeros\/pesquisa-e-inovacao-pos-graduacao\/distribuicao-dos-cursos-de-mestrado-e-doutorado-nos-campi\/\" rel=\"attachment wp-att-35546\"><img loading=\"lazy\" decoding=\"async\" class=\"size-full wp-image-35546\" src=\"https:\/\/portal.uern.br\/uernemnumeros\/wp-content\/uploads\/sites\/19\/2023\/02\/Distribuicao-dos-Cursos-de-Mestrado-e-Doutorado-nos-Campi-.png\" alt=\"\" width=\"942\" height=\"602\" srcset=\"https:\/\/portal.uern.br\/uernemnumeros\/wp-content\/uploads\/sites\/19\/2023\/02\/Distribuicao-dos-Cursos-de-Mestrado-e-Doutorado-nos-Campi-.png 942w, https:\/\/portal.uern.br\/uernemnumeros\/wp-content\/uploads\/sites\/19\/2023\/02\/Distribuicao-dos-Cursos-de-Mestrado-e-Doutorado-nos-Campi--300x192.png 300w, https:\/\/portal.uern.br\/uernemnumeros\/wp-content\/uploads\/sites\/19\/2023\/02\/Distribuicao-dos-Cursos-de-Mestrado-e-Doutorado-nos-Campi--768x491.png 768w\" sizes=\"(max-width: 942px) 100vw, 942px\" \/><\/a><figcaption id=\"caption-attachment-35546\" class=\"wp-caption-text\">Fonte: Diretoria de p\u00f3s-gradua\u00e7\u00e3o \u2013 PROPEG\/UERN<\/figcaption><\/figure>\n<p>&nbsp;<\/p>\n<p><strong>Gr\u00e1fico 10: N\u00famero de discentes matriculados e titulados nos cursos de mestrado e doutorado da UERN, no per\u00edodo de 2018-2021, UERN, 2021<\/strong><\/p>\n<figure id=\"attachment_35547\" aria-describedby=\"caption-attachment-35547\" style=\"width: 962px\" class=\"wp-caption alignnone\"><a href=\"https:\/\/portal.uern.br\/uernemnumeros\/pesquisa-e-inovacao-pos-graduacao\/numero-de-discentes-matriculados-e-titulados-nos-cursos\/\" rel=\"attachment wp-att-35547\"><img loading=\"lazy\" decoding=\"async\" class=\"size-full wp-image-35547\" src=\"https:\/\/portal.uern.br\/uernemnumeros\/wp-content\/uploads\/sites\/19\/2023\/02\/Numero-de-discentes-matriculados-e-titulados-nos-cursos.png\" alt=\"\" width=\"962\" height=\"576\" srcset=\"https:\/\/portal.uern.br\/uernemnumeros\/wp-content\/uploads\/sites\/19\/2023\/02\/Numero-de-discentes-matriculados-e-titulados-nos-cursos.png 962w, https:\/\/portal.uern.br\/uernemnumeros\/wp-content\/uploads\/sites\/19\/2023\/02\/Numero-de-discentes-matriculados-e-titulados-nos-cursos-300x180.png 300w, https:\/\/portal.uern.br\/uernemnumeros\/wp-content\/uploads\/sites\/19\/2023\/02\/Numero-de-discentes-matriculados-e-titulados-nos-cursos-768x460.png 768w\" sizes=\"(max-width: 962px) 100vw, 962px\" \/><\/a><figcaption id=\"caption-attachment-35547\" class=\"wp-caption-text\">Fonte: Diretoria de p\u00f3s-gradua\u00e7\u00e3o \u2013 PROPEG\/UERN<\/figcaption><\/figure>\n<p>&nbsp;<\/p>\n<p><strong>Gr\u00e1fico 11<\/strong><strong>: N\u00famero de bolsas de mestrado e doutorado, no per\u00edodo de\u00a02017 a fevereiro 2022, UERN, 2021<\/strong><\/p>\n<figure id=\"attachment_35548\" aria-describedby=\"caption-attachment-35548\" style=\"width: 974px\" class=\"wp-caption alignnone\"><a href=\"https:\/\/portal.uern.br\/uernemnumeros\/pesquisa-e-inovacao-pos-graduacao\/numero-de-bolsas-de-mestrado-e-doutorado\/\" rel=\"attachment wp-att-35548\"><img loading=\"lazy\" decoding=\"async\" class=\"size-full wp-image-35548\" src=\"https:\/\/portal.uern.br\/uernemnumeros\/wp-content\/uploads\/sites\/19\/2023\/02\/Numero-de-bolsas-de-mestrado-e-doutorado.png\" alt=\"\" width=\"974\" height=\"576\" srcset=\"https:\/\/portal.uern.br\/uernemnumeros\/wp-content\/uploads\/sites\/19\/2023\/02\/Numero-de-bolsas-de-mestrado-e-doutorado.png 974w, https:\/\/portal.uern.br\/uernemnumeros\/wp-content\/uploads\/sites\/19\/2023\/02\/Numero-de-bolsas-de-mestrado-e-doutorado-300x177.png 300w, https:\/\/portal.uern.br\/uernemnumeros\/wp-content\/uploads\/sites\/19\/2023\/02\/Numero-de-bolsas-de-mestrado-e-doutorado-768x454.png 768w\" sizes=\"(max-width: 974px) 100vw, 974px\" \/><\/a><figcaption id=\"caption-attachment-35548\" class=\"wp-caption-text\">Fonte: Diretoria de p\u00f3s-gradua\u00e7\u00e3o \u2013 PROPEG\/UERN<\/figcaption><\/figure>\n<p>&nbsp;<\/p>\n<p><strong>Gr\u00e1fico 12<\/strong><strong>: Valores investidos nas bolsas de mestrado e doutorado, no per\u00edodo de 2017 a fevereiro 2022, UERN, 2021<\/strong><\/p>\n<figure id=\"attachment_35549\" aria-describedby=\"caption-attachment-35549\" style=\"width: 974px\" class=\"wp-caption alignnone\"><a href=\"https:\/\/portal.uern.br\/uernemnumeros\/pesquisa-e-inovacao-pos-graduacao\/valores-investidos-nas-bolsas-de-mestrado-e-doutorado\/\" rel=\"attachment wp-att-35549\"><img loading=\"lazy\" decoding=\"async\" class=\"size-full wp-image-35549\" src=\"https:\/\/portal.uern.br\/uernemnumeros\/wp-content\/uploads\/sites\/19\/2023\/02\/Valores-investidos-nas-bolsas-de-mestrado-e-doutorado.png\" alt=\"\" width=\"974\" height=\"532\" srcset=\"https:\/\/portal.uern.br\/uernemnumeros\/wp-content\/uploads\/sites\/19\/2023\/02\/Valores-investidos-nas-bolsas-de-mestrado-e-doutorado.png 974w, https:\/\/portal.uern.br\/uernemnumeros\/wp-content\/uploads\/sites\/19\/2023\/02\/Valores-investidos-nas-bolsas-de-mestrado-e-doutorado-300x164.png 300w, https:\/\/portal.uern.br\/uernemnumeros\/wp-content\/uploads\/sites\/19\/2023\/02\/Valores-investidos-nas-bolsas-de-mestrado-e-doutorado-768x419.png 768w\" sizes=\"(max-width: 974px) 100vw, 974px\" \/><\/a><figcaption id=\"caption-attachment-35549\" class=\"wp-caption-text\">Fonte: Diretoria de p\u00f3s-gradua\u00e7\u00e3o \u2013 PROPEG\/UERN<\/figcaption><\/figure>\n<p>&nbsp;<\/p>\n<p><strong>Gr\u00e1fico 13: Cursos de Especializa\u00e7\u00e3o Lato Sensu da Uern, no per\u00edodo de 2017-2021<\/strong><\/p>\n<figure id=\"attachment_35550\" aria-describedby=\"caption-attachment-35550\" style=\"width: 1001px\" class=\"wp-caption alignnone\"><a href=\"https:\/\/portal.uern.br\/uernemnumeros\/pesquisa-e-inovacao-pos-graduacao\/cursos-de-especializacao-lato-sensu-da-uern\/\" rel=\"attachment wp-att-35550\"><img loading=\"lazy\" decoding=\"async\" class=\"size-full wp-image-35550\" src=\"https:\/\/portal.uern.br\/uernemnumeros\/wp-content\/uploads\/sites\/19\/2023\/02\/Cursos-de-Especializacao-Lato-Sensu-da-Uern.png\" alt=\"\" width=\"1001\" height=\"536\" srcset=\"https:\/\/portal.uern.br\/uernemnumeros\/wp-content\/uploads\/sites\/19\/2023\/02\/Cursos-de-Especializacao-Lato-Sensu-da-Uern.png 1001w, https:\/\/portal.uern.br\/uernemnumeros\/wp-content\/uploads\/sites\/19\/2023\/02\/Cursos-de-Especializacao-Lato-Sensu-da-Uern-300x161.png 300w, https:\/\/portal.uern.br\/uernemnumeros\/wp-content\/uploads\/sites\/19\/2023\/02\/Cursos-de-Especializacao-Lato-Sensu-da-Uern-768x411.png 768w\" sizes=\"(max-width: 1001px) 100vw, 1001px\" \/><\/a><figcaption id=\"caption-attachment-35550\" class=\"wp-caption-text\">Fonte: Diretoria de p\u00f3s-gradua\u00e7\u00e3o \u2013 PROPEG\/UERN<\/figcaption><\/figure>\n<p>&nbsp;<\/p>\n<p><strong>Gr\u00e1fico 14<\/strong><strong>: N\u00famero de discentes matriculados e titulados nas especializa\u00e7\u00f5es da UERN, no per\u00edodo de 2018-2021, UERN, 2021<\/strong><\/p>\n<figure id=\"attachment_35551\" aria-describedby=\"caption-attachment-35551\" style=\"width: 800px\" class=\"wp-caption alignnone\"><a href=\"https:\/\/portal.uern.br\/uernemnumeros\/pesquisa-e-inovacao-pos-graduacao\/numero-de-discentes-matriculados-e-titulados-nas-especializacoes-da-uern\/\" rel=\"attachment wp-att-35551\"><img loading=\"lazy\" decoding=\"async\" class=\"size-large wp-image-35551\" src=\"https:\/\/portal.uern.br\/uernemnumeros\/wp-content\/uploads\/sites\/19\/2023\/02\/Numero-de-discentes-matriculados-e-titulados-nas-especializacoes-da-UERN-1024x509.png\" alt=\"\" width=\"800\" height=\"398\" srcset=\"https:\/\/portal.uern.br\/uernemnumeros\/wp-content\/uploads\/sites\/19\/2023\/02\/Numero-de-discentes-matriculados-e-titulados-nas-especializacoes-da-UERN-1024x509.png 1024w, https:\/\/portal.uern.br\/uernemnumeros\/wp-content\/uploads\/sites\/19\/2023\/02\/Numero-de-discentes-matriculados-e-titulados-nas-especializacoes-da-UERN-300x149.png 300w, https:\/\/portal.uern.br\/uernemnumeros\/wp-content\/uploads\/sites\/19\/2023\/02\/Numero-de-discentes-matriculados-e-titulados-nas-especializacoes-da-UERN-768x382.png 768w, https:\/\/portal.uern.br\/uernemnumeros\/wp-content\/uploads\/sites\/19\/2023\/02\/Numero-de-discentes-matriculados-e-titulados-nas-especializacoes-da-UERN.png 1090w\" sizes=\"(max-width: 800px) 100vw, 800px\" \/><\/a><figcaption id=\"caption-attachment-35551\" class=\"wp-caption-text\">Fonte: Diretoria de p\u00f3s-gradua\u00e7\u00e3o \u2013 PROPEG\/UERN<\/figcaption><\/figure>\n<p>&nbsp;<\/p>\n<p><strong>Gr\u00e1fico 15<\/strong><strong>: N\u00famero de docentes da UERN em Est\u00e1gio P\u00f3s-Doutoral, no per\u00edodo de 2017-2021, UERN, 2021<\/strong><\/p>\n<figure id=\"attachment_35552\" aria-describedby=\"caption-attachment-35552\" style=\"width: 974px\" class=\"wp-caption alignnone\"><a href=\"https:\/\/portal.uern.br\/uernemnumeros\/pesquisa-e-inovacao-pos-graduacao\/numero-de-docentes-da-uern-em-estagio-pos-doutoral\/\" rel=\"attachment wp-att-35552\"><img loading=\"lazy\" decoding=\"async\" class=\"size-full wp-image-35552\" src=\"https:\/\/portal.uern.br\/uernemnumeros\/wp-content\/uploads\/sites\/19\/2023\/02\/Numero-de-docentes-da-UERN-em-Estagio-Pos-Doutoral.png\" alt=\"\" width=\"974\" height=\"506\" srcset=\"https:\/\/portal.uern.br\/uernemnumeros\/wp-content\/uploads\/sites\/19\/2023\/02\/Numero-de-docentes-da-UERN-em-Estagio-Pos-Doutoral.png 974w, https:\/\/portal.uern.br\/uernemnumeros\/wp-content\/uploads\/sites\/19\/2023\/02\/Numero-de-docentes-da-UERN-em-Estagio-Pos-Doutoral-300x156.png 300w, https:\/\/portal.uern.br\/uernemnumeros\/wp-content\/uploads\/sites\/19\/2023\/02\/Numero-de-docentes-da-UERN-em-Estagio-Pos-Doutoral-768x399.png 768w\" sizes=\"(max-width: 974px) 100vw, 974px\" \/><\/a><figcaption id=\"caption-attachment-35552\" class=\"wp-caption-text\">Fonte: Diretoria de p\u00f3s-gradua\u00e7\u00e3o \u2013 PROPEG\/UERN<\/figcaption><\/figure>\n<p>&nbsp;<\/p>\n<p><strong>Gr\u00e1fico 16: N\u00famero de bolsistas PNPD vinculados aos programas de P\u00f3s-gradua\u00e7\u00e3o da UERN e docentes da UERN contemplados com bolsa produtividade da CAPES, no per\u00edodo de 2017-2021, UERN, 2021<\/strong><\/p>\n<figure id=\"attachment_35553\" aria-describedby=\"caption-attachment-35553\" style=\"width: 974px\" class=\"wp-caption alignnone\"><a href=\"https:\/\/portal.uern.br\/uernemnumeros\/pesquisa-e-inovacao-pos-graduacao\/numero-de-bolsistas-pnpd-vinculados\/\" rel=\"attachment wp-att-35553\"><img loading=\"lazy\" decoding=\"async\" class=\"size-full wp-image-35553\" src=\"https:\/\/portal.uern.br\/uernemnumeros\/wp-content\/uploads\/sites\/19\/2023\/02\/Numero-de-bolsistas-PNPD-vinculados.png\" alt=\"\" width=\"974\" height=\"576\" srcset=\"https:\/\/portal.uern.br\/uernemnumeros\/wp-content\/uploads\/sites\/19\/2023\/02\/Numero-de-bolsistas-PNPD-vinculados.png 974w, https:\/\/portal.uern.br\/uernemnumeros\/wp-content\/uploads\/sites\/19\/2023\/02\/Numero-de-bolsistas-PNPD-vinculados-300x177.png 300w, https:\/\/portal.uern.br\/uernemnumeros\/wp-content\/uploads\/sites\/19\/2023\/02\/Numero-de-bolsistas-PNPD-vinculados-768x454.png 768w\" sizes=\"(max-width: 974px) 100vw, 974px\" \/><\/a><figcaption id=\"caption-attachment-35553\" class=\"wp-caption-text\">Fonte: Diretoria de p\u00f3s-gradua\u00e7\u00e3o \u2013 PROPEG\/UERN<\/figcaption><\/figure>\n<p>&nbsp;<\/p>\n","protected":false},"excerpt":{"rendered":"<p>Gr\u00e1fico 1: Recursos investidos nas bolsas de inicia\u00e7\u00e3o cient\u00edfica, no per\u00edodo de 2017-2021, UERN, 2021 &nbsp; Gr\u00e1fico 2: N\u00famero de alunos envolvidos no programa de inicia\u00e7\u00e3o cient\u00edfica, bolsistas e volunt\u00e1rios, no per\u00edodo de 2017-2021, UERN, 2021 &nbsp; Gr\u00e1fico 3: N\u00fameros de registros e dep\u00f3sitos realizados junto ao Departamento de Inova\u00e7\u00e3o e Empreendedorismo, UERN, 2021 &nbsp; [&hellip;]<\/p>\n","protected":false},"author":28,"featured_media":0,"parent":0,"menu_order":0,"comment_status":"closed","ping_status":"closed","template":"","meta":[],"_links":{"self":[{"href":"https:\/\/portal.uern.br\/uernemnumeros\/wp-json\/wp\/v2\/pages\/35412"}],"collection":[{"href":"https:\/\/portal.uern.br\/uernemnumeros\/wp-json\/wp\/v2\/pages"}],"about":[{"href":"https:\/\/portal.uern.br\/uernemnumeros\/wp-json\/wp\/v2\/types\/page"}],"author":[{"embeddable":true,"href":"https:\/\/portal.uern.br\/uernemnumeros\/wp-json\/wp\/v2\/users\/28"}],"replies":[{"embeddable":true,"href":"https:\/\/portal.uern.br\/uernemnumeros\/wp-json\/wp\/v2\/comments?post=35412"}],"version-history":[{"count":5,"href":"https:\/\/portal.uern.br\/uernemnumeros\/wp-json\/wp\/v2\/pages\/35412\/revisions"}],"predecessor-version":[{"id":35556,"href":"https:\/\/portal.uern.br\/uernemnumeros\/wp-json\/wp\/v2\/pages\/35412\/revisions\/35556"}],"wp:attachment":[{"href":"https:\/\/portal.uern.br\/uernemnumeros\/wp-json\/wp\/v2\/media?parent=35412"}],"curies":[{"name":"wp","href":"https:\/\/api.w.org\/{rel}","templated":true}]}}