{"id":35392,"date":"2023-02-14T10:13:50","date_gmt":"2023-02-14T13:13:50","guid":{"rendered":"http:\/\/beta.apps.uern.br\/wordpress\/uernemnumeros\/?page_id=35392"},"modified":"2023-05-12T10:32:09","modified_gmt":"2023-05-12T13:32:09","slug":"ensino","status":"publish","type":"page","link":"https:\/\/portal.uern.br\/uernemnumeros\/ensino\/","title":{"rendered":"Ensino"},"content":{"rendered":"<h4><strong>ENSINO EM N\u00daMEROS &#8211; 2023<\/strong><\/h4>\n<p>&nbsp;<\/p>\n<table style=\"height: 104px\" width=\"395\" cellspacing=\"0\" cellpadding=\"0\">\n<tbody>\n<tr>\n<td class=\"xl65\">Total de Cursos de gradua\u00e7\u00e3o<\/td>\n<td>65<\/td>\n<\/tr>\n<tr>\n<td class=\"xl65\">Cursos Presenciais<\/td>\n<td>59<\/td>\n<\/tr>\n<tr>\n<td class=\"xl65\">Cursos de Ensino \u00e0 Dist\u00e2ncia<\/td>\n<td>06<\/td>\n<\/tr>\n<tr>\n<td class=\"xl65\">Vagas Ofertadas ENEM\/SISU &#8211; cursos presenciais<\/td>\n<td>2.509<\/td>\n<\/tr>\n<tr>\n<td class=\"xl65\"><\/td>\n<td><\/td>\n<\/tr>\n<tr>\n<td class=\"xl65\"><\/td>\n<td><\/td>\n<\/tr>\n<\/tbody>\n<\/table>\n<p><strong>Atualizado em 14\/04\/2023<\/strong><\/p>\n<p>&nbsp;<\/p>\n<h4><strong>ALUNOS COM V\u00cdNCULO ATIVO &#8211; 2022.1<\/strong><\/h4>\n<table cellspacing=\"0\" cellpadding=\"0\">\n<tbody>\n<tr>\n<td class=\"xl70\"><strong>GRADUA\u00c7\u00c3O PRESENCIAL<\/strong><\/td>\n<td class=\"xl70\"><\/td>\n<\/tr>\n<tr>\n<td class=\"xl70\">Campus Central<\/td>\n<td class=\"xl70\">6.242<\/td>\n<\/tr>\n<tr>\n<td class=\"xl70\">Campus Avan\u00e7ado de Natal &#8211; CAN<\/td>\n<td class=\"xl70\">992<\/td>\n<\/tr>\n<tr>\n<td class=\"xl70\">Campus Avan\u00e7ado de Pau dos Ferros &#8211; CAPF<\/td>\n<td class=\"xl70\">1.660<\/td>\n<\/tr>\n<tr>\n<td class=\"xl70\">Campus Avan\u00e7ado de Caic\u00f3 &#8211; CAC<\/td>\n<td class=\"xl70\">446<\/td>\n<\/tr>\n<tr>\n<td class=\"xl70\">Campus Avan\u00e7ado de Ass\u00fa &#8211; CAA<\/td>\n<td class=\"xl70\">958<\/td>\n<\/tr>\n<tr>\n<td class=\"xl70\">Campus Avan\u00e7ado de Patu &#8211; CAP<\/td>\n<td class=\"xl70\">700<\/td>\n<\/tr>\n<tr>\n<td class=\"xl70\"><\/td>\n<td class=\"xl70\"><\/td>\n<\/tr>\n<tr>\n<td class=\"xl70\">PARFOR<\/td>\n<td class=\"xl70\">53<\/td>\n<\/tr>\n<tr>\n<td class=\"xl70\">Alunos Especiais<\/td>\n<td class=\"xl70\">&#8211;<\/td>\n<\/tr>\n<tr>\n<td class=\"xl70\">Total 2022.1<\/td>\n<td class=\"xl70\">11.051<\/td>\n<\/tr>\n<\/tbody>\n<\/table>\n<p><strong>Atualizado em 17\/04\/2023<\/strong><\/p>\n<table cellspacing=\"0\" cellpadding=\"0\">\n<tbody>\n<tr>\n<td class=\"xl70\"><strong>GRADUA\u00c7\u00c3O A DIST\u00c2NCIA &#8211; EAD<\/strong><\/td>\n<td><\/td>\n<\/tr>\n<tr>\n<td class=\"xl70\">Polo de Mossor\u00f3<\/td>\n<td class=\"xl70\">103<\/td>\n<\/tr>\n<tr>\n<td class=\"xl70\">Polo de S\u00e3o Gon\u00e7alo<\/td>\n<td class=\"xl70\">6<\/td>\n<\/tr>\n<tr>\n<td class=\"xl70\">Polo de Guamar\u00e9<\/td>\n<td class=\"xl70\">6<\/td>\n<\/tr>\n<tr>\n<td class=\"xl70\">Polo de Cara\u00fabas<\/td>\n<td class=\"xl70\">4<\/td>\n<\/tr>\n<tr>\n<td class=\"xl70\"><\/td>\n<td class=\"xl70\">119<\/td>\n<\/tr>\n<\/tbody>\n<\/table>\n<p><strong>Atualizado em 14\/01\/2021<\/strong><\/p>\n<p>&nbsp;<\/p>\n<hr \/>\n<p>&nbsp;<\/p>\n<h4>Diplomados em N\u00fameros<\/h4>\n<table style=\"height: 244px\" width=\"804\">\n<tbody>\n<tr>\n<td><strong>DIPLOMADOS EM N\u00daMEROS &#8211; GRADUA\u00c7\u00c3O (Atualizado 17\/03\/2023)<\/strong><\/td>\n<td><\/td>\n<\/tr>\n<tr>\n<td>Total de Diplomados de Gradua\u00e7\u00e3o (1968-2023)*<\/td>\n<td>45.059<\/td>\n<\/tr>\n<tr>\n<td><\/td>\n<td><\/td>\n<\/tr>\n<tr>\n<td><\/td>\n<td><\/td>\n<\/tr>\n<tr>\n<td><\/td>\n<td><\/td>\n<\/tr>\n<tr>\n<td><\/td>\n<td><\/td>\n<\/tr>\n<\/tbody>\n<\/table>\n<p>&nbsp;<\/p>\n<p>&nbsp;<\/p>\n<h4><\/h4>\n<p>&nbsp;<\/p>\n<p>&nbsp;<\/p>\n","protected":false},"excerpt":{"rendered":"<p>ENSINO EM N\u00daMEROS &#8211; 2023 &nbsp; Total de Cursos de gradua\u00e7\u00e3o 65 Cursos Presenciais 59 Cursos de Ensino \u00e0 Dist\u00e2ncia 06 Vagas Ofertadas ENEM\/SISU &#8211; cursos presenciais 2.509 Atualizado em 14\/04\/2023 &nbsp; ALUNOS COM V\u00cdNCULO ATIVO &#8211; 2022.1 GRADUA\u00c7\u00c3O PRESENCIAL Campus Central 6.242 Campus Avan\u00e7ado de Natal &#8211; CAN 992 Campus Avan\u00e7ado de Pau dos [&hellip;]<\/p>\n","protected":false},"author":28,"featured_media":0,"parent":0,"menu_order":0,"comment_status":"closed","ping_status":"closed","template":"","meta":[],"_links":{"self":[{"href":"https:\/\/portal.uern.br\/uernemnumeros\/wp-json\/wp\/v2\/pages\/35392"}],"collection":[{"href":"https:\/\/portal.uern.br\/uernemnumeros\/wp-json\/wp\/v2\/pages"}],"about":[{"href":"https:\/\/portal.uern.br\/uernemnumeros\/wp-json\/wp\/v2\/types\/page"}],"author":[{"embeddable":true,"href":"https:\/\/portal.uern.br\/uernemnumeros\/wp-json\/wp\/v2\/users\/28"}],"replies":[{"embeddable":true,"href":"https:\/\/portal.uern.br\/uernemnumeros\/wp-json\/wp\/v2\/comments?post=35392"}],"version-history":[{"count":23,"href":"https:\/\/portal.uern.br\/uernemnumeros\/wp-json\/wp\/v2\/pages\/35392\/revisions"}],"predecessor-version":[{"id":35780,"href":"https:\/\/portal.uern.br\/uernemnumeros\/wp-json\/wp\/v2\/pages\/35392\/revisions\/35780"}],"wp:attachment":[{"href":"https:\/\/portal.uern.br\/uernemnumeros\/wp-json\/wp\/v2\/media?parent=35392"}],"curies":[{"name":"wp","href":"https:\/\/api.w.org\/{rel}","templated":true}]}}