{"id":35362,"date":"2023-02-14T09:49:39","date_gmt":"2023-02-14T12:49:39","guid":{"rendered":"http:\/\/beta.apps.uern.br\/wordpress\/uernemnumeros\/?page_id=35362"},"modified":"2023-02-14T09:49:39","modified_gmt":"2023-02-14T12:49:39","slug":"assuntos-estudantis","status":"publish","type":"page","link":"https:\/\/portal.uern.br\/uernemnumeros\/assuntos-estudantis\/","title":{"rendered":"Assuntos Estudantis"},"content":{"rendered":"<p><strong>PROGRAMAS DE PERMAN\u00caNCIA<\/strong><\/p>\n<table>\n<tbody>\n<tr>\n<td>\u00a0\u2022 Programa de Fomento \u00e0s a\u00e7\u00f5es de Assist\u00eancia a Perman\u00eancia Estudantil no \u00e2mbito da UERN<\/td>\n<\/tr>\n<tr>\n<td>\u00a0\u2022\u00a0Programa de Apoio ao Estudante &#8211; PAE<\/td>\n<\/tr>\n<tr>\n<td>\u00a0\u2022 Programa de Concess\u00e3o de Aux\u00edlio Alimenta\u00e7\u00e3o &#8211; PCAA<\/td>\n<\/tr>\n<tr>\n<td>\u00a0\u2022 Programa de Moradia Universit\u00e1ria &#8211; Auxilio e Resid\u00eancia Universit\u00e1ria<\/td>\n<\/tr>\n<tr>\n<td>\u00a0\u2022\u00a0Programa de Concess\u00e3o de Aux\u00edlio \u00e0 Participa\u00e7\u00e3o de Estudantes e Atividades Acad\u00eamicas, Cient\u00edficas e Culturais &#8211; AACCs<\/td>\n<\/tr>\n<tr>\n<td>\u2022 Atendimentos especializados<\/td>\n<\/tr>\n<\/tbody>\n<\/table>\n<p>&nbsp;<\/p>\n<p><strong>EST\u00c1GIOS N\u00c3O-OBRIGAT\u00d3RIOS\u00a0 E CONV\u00caNIOS<\/strong><\/p>\n<table>\n<tbody>\n<tr>\n<td>\u00a0\u2022\u00a0Est\u00e1gios N\u00e3o-Obrigat\u00f3rios e Conv\u00eanios<\/td>\n<\/tr>\n<\/tbody>\n<\/table>\n<p>&nbsp;<\/p>\n<hr \/>\n<h3>Programa de Fomento \u00e0s A\u00e7\u00f5es de Assist\u00eancia a Perman\u00eancia Estudantil no \u00e2mbito da Uern<\/h3>\n<h4>Aux\u00edlio Inclus\u00e3o Digital<\/h4>\n<figure id=\"attachment_35371\" aria-describedby=\"caption-attachment-35371\" style=\"width: 800px\" class=\"wp-caption alignnone\"><img fetchpriority=\"high\" decoding=\"async\" class=\"wp-image-35371 size-large\" src=\"https:\/\/portal.uern.br\/uernemnumeros\/wp-content\/uploads\/sites\/19\/2023\/02\/vagas_digital-1024x562.png\" alt=\"\" width=\"800\" height=\"439\" srcset=\"https:\/\/portal.uern.br\/uernemnumeros\/wp-content\/uploads\/sites\/19\/2023\/02\/vagas_digital-1024x562.png 1024w, https:\/\/portal.uern.br\/uernemnumeros\/wp-content\/uploads\/sites\/19\/2023\/02\/vagas_digital-300x165.png 300w, https:\/\/portal.uern.br\/uernemnumeros\/wp-content\/uploads\/sites\/19\/2023\/02\/vagas_digital-768x421.png 768w, https:\/\/portal.uern.br\/uernemnumeros\/wp-content\/uploads\/sites\/19\/2023\/02\/vagas_digital-1536x842.png 1536w, https:\/\/portal.uern.br\/uernemnumeros\/wp-content\/uploads\/sites\/19\/2023\/02\/vagas_digital-2048x1123.png 2048w\" sizes=\"(max-width: 800px) 100vw, 800px\" \/><figcaption id=\"caption-attachment-35371\" class=\"wp-caption-text\">FONTE: Setor de A\u00e7\u00f5es Afirmativas e Assist\u00eancia Estudantil\/PRAE<\/figcaption><\/figure>\n<p>&nbsp;<\/p>\n<h4>Programa de Apoio ao Estudante &#8211; PAE<\/h4>\n<figure id=\"attachment_35376\" aria-describedby=\"caption-attachment-35376\" style=\"width: 800px\" class=\"wp-caption alignnone\"><img decoding=\"async\" class=\"wp-image-35376 size-large\" src=\"https:\/\/portal.uern.br\/uernemnumeros\/wp-content\/uploads\/sites\/19\/2023\/02\/total_bolsas_pae_2023-1024x440.png\" alt=\"\" width=\"800\" height=\"344\" srcset=\"https:\/\/portal.uern.br\/uernemnumeros\/wp-content\/uploads\/sites\/19\/2023\/02\/total_bolsas_pae_2023-1024x440.png 1024w, https:\/\/portal.uern.br\/uernemnumeros\/wp-content\/uploads\/sites\/19\/2023\/02\/total_bolsas_pae_2023-300x129.png 300w, https:\/\/portal.uern.br\/uernemnumeros\/wp-content\/uploads\/sites\/19\/2023\/02\/total_bolsas_pae_2023-768x330.png 768w, https:\/\/portal.uern.br\/uernemnumeros\/wp-content\/uploads\/sites\/19\/2023\/02\/total_bolsas_pae_2023-1536x660.png 1536w, https:\/\/portal.uern.br\/uernemnumeros\/wp-content\/uploads\/sites\/19\/2023\/02\/total_bolsas_pae_2023-2048x880.png 2048w\" sizes=\"(max-width: 800px) 100vw, 800px\" \/><figcaption id=\"caption-attachment-35376\" class=\"wp-caption-text\">FONTE: Setor de A\u00e7\u00f5es Afirmativas e Assist\u00eancia Estudantil\/PRAE<\/figcaption><\/figure>\n<p>&nbsp;<\/p>\n<figure id=\"attachment_35375\" aria-describedby=\"caption-attachment-35375\" style=\"width: 800px\" class=\"wp-caption alignnone\"><img decoding=\"async\" class=\"size-large wp-image-35375\" src=\"https:\/\/portal.uern.br\/uernemnumeros\/wp-content\/uploads\/sites\/19\/2023\/02\/total_vagas_pae_2023-1024x412.png\" alt=\"\" width=\"800\" height=\"322\" srcset=\"https:\/\/portal.uern.br\/uernemnumeros\/wp-content\/uploads\/sites\/19\/2023\/02\/total_vagas_pae_2023-1024x412.png 1024w, https:\/\/portal.uern.br\/uernemnumeros\/wp-content\/uploads\/sites\/19\/2023\/02\/total_vagas_pae_2023-300x121.png 300w, https:\/\/portal.uern.br\/uernemnumeros\/wp-content\/uploads\/sites\/19\/2023\/02\/total_vagas_pae_2023-768x309.png 768w, https:\/\/portal.uern.br\/uernemnumeros\/wp-content\/uploads\/sites\/19\/2023\/02\/total_vagas_pae_2023-1536x617.png 1536w, https:\/\/portal.uern.br\/uernemnumeros\/wp-content\/uploads\/sites\/19\/2023\/02\/total_vagas_pae_2023-2048x823.png 2048w\" sizes=\"(max-width: 800px) 100vw, 800px\" \/><figcaption id=\"caption-attachment-35375\" class=\"wp-caption-text\">FONTE: Setor de A\u00e7\u00f5es Afirmativas e Assist\u00eancia Estudantil\/PRAE<\/figcaption><\/figure>\n<p>&nbsp;<\/p>\n<figure id=\"attachment_35374\" aria-describedby=\"caption-attachment-35374\" style=\"width: 800px\" class=\"wp-caption alignnone\"><img loading=\"lazy\" decoding=\"async\" class=\"size-large wp-image-35374\" src=\"https:\/\/portal.uern.br\/uernemnumeros\/wp-content\/uploads\/sites\/19\/2023\/02\/valor_investido_pae_2023-1024x424.png\" alt=\"\" width=\"800\" height=\"331\" srcset=\"https:\/\/portal.uern.br\/uernemnumeros\/wp-content\/uploads\/sites\/19\/2023\/02\/valor_investido_pae_2023-1024x424.png 1024w, https:\/\/portal.uern.br\/uernemnumeros\/wp-content\/uploads\/sites\/19\/2023\/02\/valor_investido_pae_2023-300x124.png 300w, https:\/\/portal.uern.br\/uernemnumeros\/wp-content\/uploads\/sites\/19\/2023\/02\/valor_investido_pae_2023-768x318.png 768w, https:\/\/portal.uern.br\/uernemnumeros\/wp-content\/uploads\/sites\/19\/2023\/02\/valor_investido_pae_2023-1536x636.png 1536w, https:\/\/portal.uern.br\/uernemnumeros\/wp-content\/uploads\/sites\/19\/2023\/02\/valor_investido_pae_2023-2048x848.png 2048w\" sizes=\"(max-width: 800px) 100vw, 800px\" \/><figcaption id=\"caption-attachment-35374\" class=\"wp-caption-text\">FONTE: Setor de A\u00e7\u00f5es Afirmativas e Assist\u00eancia Estudantil\/PRAE<\/figcaption><\/figure>\n<p>&nbsp;<\/p>\n<h4>Programa de Concess\u00e3o de Aux\u00edlio Alimenta\u00e7\u00e3o &#8211; PCAA<\/h4>\n<figure id=\"attachment_35386\" aria-describedby=\"caption-attachment-35386\" style=\"width: 684px\" class=\"wp-caption alignnone\"><img loading=\"lazy\" decoding=\"async\" class=\"size-full wp-image-35386\" src=\"https:\/\/portal.uern.br\/uernemnumeros\/wp-content\/uploads\/sites\/19\/2023\/02\/pcaa_bolsas_concedidas.jpg\" alt=\"\" width=\"684\" height=\"396\" srcset=\"https:\/\/portal.uern.br\/uernemnumeros\/wp-content\/uploads\/sites\/19\/2023\/02\/pcaa_bolsas_concedidas.jpg 684w, https:\/\/portal.uern.br\/uernemnumeros\/wp-content\/uploads\/sites\/19\/2023\/02\/pcaa_bolsas_concedidas-300x174.jpg 300w\" sizes=\"(max-width: 684px) 100vw, 684px\" \/><figcaption id=\"caption-attachment-35386\" class=\"wp-caption-text\">FONTE: Setor de A\u00e7\u00f5es Afirmativas e Assist\u00eancia Estudantil\/PRAE<\/figcaption><\/figure>\n<p>&nbsp;<\/p>\n<figure id=\"attachment_35385\" aria-describedby=\"caption-attachment-35385\" style=\"width: 684px\" class=\"wp-caption alignnone\"><img loading=\"lazy\" decoding=\"async\" class=\"size-full wp-image-35385\" src=\"https:\/\/portal.uern.br\/uernemnumeros\/wp-content\/uploads\/sites\/19\/2023\/02\/pcaa_valor_investido.jpg\" alt=\"\" width=\"684\" height=\"396\" srcset=\"https:\/\/portal.uern.br\/uernemnumeros\/wp-content\/uploads\/sites\/19\/2023\/02\/pcaa_valor_investido.jpg 684w, https:\/\/portal.uern.br\/uernemnumeros\/wp-content\/uploads\/sites\/19\/2023\/02\/pcaa_valor_investido-300x174.jpg 300w\" sizes=\"(max-width: 684px) 100vw, 684px\" \/><figcaption id=\"caption-attachment-35385\" class=\"wp-caption-text\">FONTE: Setor de A\u00e7\u00f5es Afirmativas e Assist\u00eancia Estudantil\/PRAE<\/figcaption><\/figure>\n<p>&nbsp;<\/p>\n<h4>Programa de Moradia Universit\u00e1ria<\/h4>\n<h4>Modalidade &#8211; Resid\u00eancias Universit\u00e1rias &#8211; RUs<\/h4>\n<figure id=\"attachment_35388\" aria-describedby=\"caption-attachment-35388\" style=\"width: 800px\" class=\"wp-caption alignnone\"><img loading=\"lazy\" decoding=\"async\" class=\"size-large wp-image-35388\" src=\"https:\/\/portal.uern.br\/uernemnumeros\/wp-content\/uploads\/sites\/19\/2023\/02\/quantidades_residentes-1024x420.png\" alt=\"\" width=\"800\" height=\"328\" srcset=\"https:\/\/portal.uern.br\/uernemnumeros\/wp-content\/uploads\/sites\/19\/2023\/02\/quantidades_residentes-1024x420.png 1024w, https:\/\/portal.uern.br\/uernemnumeros\/wp-content\/uploads\/sites\/19\/2023\/02\/quantidades_residentes-300x123.png 300w, https:\/\/portal.uern.br\/uernemnumeros\/wp-content\/uploads\/sites\/19\/2023\/02\/quantidades_residentes-768x315.png 768w, https:\/\/portal.uern.br\/uernemnumeros\/wp-content\/uploads\/sites\/19\/2023\/02\/quantidades_residentes-1536x630.png 1536w, https:\/\/portal.uern.br\/uernemnumeros\/wp-content\/uploads\/sites\/19\/2023\/02\/quantidades_residentes-2048x839.png 2048w\" sizes=\"(max-width: 800px) 100vw, 800px\" \/><figcaption id=\"caption-attachment-35388\" class=\"wp-caption-text\">FONTE: Setor de A\u00e7\u00f5es Afirmativas e Assist\u00eancia Estudantil\/PRAE<\/figcaption><\/figure>\n<p>&nbsp;<\/p>\n<figure id=\"attachment_35387\" aria-describedby=\"caption-attachment-35387\" style=\"width: 800px\" class=\"wp-caption alignnone\"><img loading=\"lazy\" decoding=\"async\" class=\"size-large wp-image-35387\" src=\"https:\/\/portal.uern.br\/uernemnumeros\/wp-content\/uploads\/sites\/19\/2023\/02\/quantidade_residencias-1024x400.png\" alt=\"\" width=\"800\" height=\"313\" srcset=\"https:\/\/portal.uern.br\/uernemnumeros\/wp-content\/uploads\/sites\/19\/2023\/02\/quantidade_residencias-1024x400.png 1024w, https:\/\/portal.uern.br\/uernemnumeros\/wp-content\/uploads\/sites\/19\/2023\/02\/quantidade_residencias-300x117.png 300w, https:\/\/portal.uern.br\/uernemnumeros\/wp-content\/uploads\/sites\/19\/2023\/02\/quantidade_residencias-768x300.png 768w, https:\/\/portal.uern.br\/uernemnumeros\/wp-content\/uploads\/sites\/19\/2023\/02\/quantidade_residencias-1536x599.png 1536w, https:\/\/portal.uern.br\/uernemnumeros\/wp-content\/uploads\/sites\/19\/2023\/02\/quantidade_residencias-2048x799.png 2048w\" sizes=\"(max-width: 800px) 100vw, 800px\" \/><figcaption id=\"caption-attachment-35387\" class=\"wp-caption-text\">FONTE: Setor de A\u00e7\u00f5es Afirmativas e Assist\u00eancia Estudantil\/PRAE<\/figcaption><\/figure>\n<p>&nbsp;<\/p>\n<h4><strong>Modalidade Auxilio Financeiro<\/strong><\/h4>\n<figure id=\"attachment_35379\" aria-describedby=\"caption-attachment-35379\" style=\"width: 813px\" class=\"wp-caption alignnone\"><img loading=\"lazy\" decoding=\"async\" class=\"size-full wp-image-35379\" src=\"https:\/\/portal.uern.br\/uernemnumeros\/wp-content\/uploads\/sites\/19\/2023\/02\/vagas_auxilio.png\" alt=\"\" width=\"813\" height=\"394\" srcset=\"https:\/\/portal.uern.br\/uernemnumeros\/wp-content\/uploads\/sites\/19\/2023\/02\/vagas_auxilio.png 813w, https:\/\/portal.uern.br\/uernemnumeros\/wp-content\/uploads\/sites\/19\/2023\/02\/vagas_auxilio-300x145.png 300w, https:\/\/portal.uern.br\/uernemnumeros\/wp-content\/uploads\/sites\/19\/2023\/02\/vagas_auxilio-768x372.png 768w\" sizes=\"(max-width: 813px) 100vw, 813px\" \/><figcaption id=\"caption-attachment-35379\" class=\"wp-caption-text\">FONTE: Setor de A\u00e7\u00f5es Afirmativas e Assist\u00eancia Estudantil\/PRAE<\/figcaption><\/figure>\n<p>&nbsp;<\/p>\n<figure id=\"attachment_35378\" aria-describedby=\"caption-attachment-35378\" style=\"width: 800px\" class=\"wp-caption alignnone\"><img loading=\"lazy\" decoding=\"async\" class=\"size-large wp-image-35378\" src=\"https:\/\/portal.uern.br\/uernemnumeros\/wp-content\/uploads\/sites\/19\/2023\/02\/aux_financeiro_bolsas_para_valor-1024x570.png\" alt=\"\" width=\"800\" height=\"445\" srcset=\"https:\/\/portal.uern.br\/uernemnumeros\/wp-content\/uploads\/sites\/19\/2023\/02\/aux_financeiro_bolsas_para_valor-1024x570.png 1024w, https:\/\/portal.uern.br\/uernemnumeros\/wp-content\/uploads\/sites\/19\/2023\/02\/aux_financeiro_bolsas_para_valor-300x167.png 300w, https:\/\/portal.uern.br\/uernemnumeros\/wp-content\/uploads\/sites\/19\/2023\/02\/aux_financeiro_bolsas_para_valor-768x427.png 768w, https:\/\/portal.uern.br\/uernemnumeros\/wp-content\/uploads\/sites\/19\/2023\/02\/aux_financeiro_bolsas_para_valor-1536x855.png 1536w, https:\/\/portal.uern.br\/uernemnumeros\/wp-content\/uploads\/sites\/19\/2023\/02\/aux_financeiro_bolsas_para_valor-2048x1139.png 2048w\" sizes=\"(max-width: 800px) 100vw, 800px\" \/><figcaption id=\"caption-attachment-35378\" class=\"wp-caption-text\">FONTE: Setor de A\u00e7\u00f5es Afirmativas e Assist\u00eancia Estudantil\/PRAE<\/figcaption><\/figure>\n<p>&nbsp;<\/p>\n<h4>Programa de Concess\u00e3o de Aux\u00edlio \u00e0 Participa\u00e7\u00e3o de Estudantes e Atividades Acad\u00eamicas, Cient\u00edficas e Culturais &#8211; AACCs<\/h4>\n<figure id=\"attachment_35381\" aria-describedby=\"caption-attachment-35381\" style=\"width: 800px\" class=\"wp-caption alignnone\"><img loading=\"lazy\" decoding=\"async\" class=\"size-large wp-image-35381\" src=\"https:\/\/portal.uern.br\/uernemnumeros\/wp-content\/uploads\/sites\/19\/2023\/02\/dados_ajuda_de_custo-1024x569.jpg\" alt=\"\" width=\"800\" height=\"445\" srcset=\"https:\/\/portal.uern.br\/uernemnumeros\/wp-content\/uploads\/sites\/19\/2023\/02\/dados_ajuda_de_custo-1024x569.jpg 1024w, https:\/\/portal.uern.br\/uernemnumeros\/wp-content\/uploads\/sites\/19\/2023\/02\/dados_ajuda_de_custo-300x167.jpg 300w, https:\/\/portal.uern.br\/uernemnumeros\/wp-content\/uploads\/sites\/19\/2023\/02\/dados_ajuda_de_custo-768x427.jpg 768w, https:\/\/portal.uern.br\/uernemnumeros\/wp-content\/uploads\/sites\/19\/2023\/02\/dados_ajuda_de_custo-1536x854.jpg 1536w, https:\/\/portal.uern.br\/uernemnumeros\/wp-content\/uploads\/sites\/19\/2023\/02\/dados_ajuda_de_custo-2048x1139.jpg 2048w\" sizes=\"(max-width: 800px) 100vw, 800px\" \/><figcaption id=\"caption-attachment-35381\" class=\"wp-caption-text\">FONTE: Setor de A\u00e7\u00f5es Afirmativas e Assist\u00eancia Estudantil\/PRAE<\/figcaption><\/figure>\n<p>&nbsp;<\/p>\n<h4>Atendimentos Especializados<\/h4>\n<figure id=\"attachment_35380\" aria-describedby=\"caption-attachment-35380\" style=\"width: 800px\" class=\"wp-caption alignnone\"><img loading=\"lazy\" decoding=\"async\" class=\"size-large wp-image-35380\" src=\"https:\/\/portal.uern.br\/uernemnumeros\/wp-content\/uploads\/sites\/19\/2023\/02\/atendimentos_especializados-1024x640.png\" alt=\"\" width=\"800\" height=\"500\" srcset=\"https:\/\/portal.uern.br\/uernemnumeros\/wp-content\/uploads\/sites\/19\/2023\/02\/atendimentos_especializados-1024x640.png 1024w, https:\/\/portal.uern.br\/uernemnumeros\/wp-content\/uploads\/sites\/19\/2023\/02\/atendimentos_especializados-300x187.png 300w, https:\/\/portal.uern.br\/uernemnumeros\/wp-content\/uploads\/sites\/19\/2023\/02\/atendimentos_especializados-768x480.png 768w, https:\/\/portal.uern.br\/uernemnumeros\/wp-content\/uploads\/sites\/19\/2023\/02\/atendimentos_especializados-1536x960.png 1536w, https:\/\/portal.uern.br\/uernemnumeros\/wp-content\/uploads\/sites\/19\/2023\/02\/atendimentos_especializados-2048x1280.png 2048w\" sizes=\"(max-width: 800px) 100vw, 800px\" \/><figcaption id=\"caption-attachment-35380\" class=\"wp-caption-text\">FONTE: Setor de Aten\u00e7\u00e3o \u00e0 Sa\u00fade e Qualidade de Vida Estudantil<\/figcaption><\/figure>\n<p>&nbsp;<\/p>\n<h4>Est\u00e1gios e Conv\u00eanios<\/h4>\n<figure id=\"attachment_35383\" aria-describedby=\"caption-attachment-35383\" style=\"width: 800px\" class=\"wp-caption alignnone\"><img loading=\"lazy\" decoding=\"async\" class=\"size-large wp-image-35383\" src=\"https:\/\/portal.uern.br\/uernemnumeros\/wp-content\/uploads\/sites\/19\/2023\/02\/vagas_estagio-1024x631.png\" alt=\"\" width=\"800\" height=\"493\" srcset=\"https:\/\/portal.uern.br\/uernemnumeros\/wp-content\/uploads\/sites\/19\/2023\/02\/vagas_estagio-1024x631.png 1024w, https:\/\/portal.uern.br\/uernemnumeros\/wp-content\/uploads\/sites\/19\/2023\/02\/vagas_estagio-300x185.png 300w, https:\/\/portal.uern.br\/uernemnumeros\/wp-content\/uploads\/sites\/19\/2023\/02\/vagas_estagio-768x473.png 768w, https:\/\/portal.uern.br\/uernemnumeros\/wp-content\/uploads\/sites\/19\/2023\/02\/vagas_estagio-1536x947.png 1536w, https:\/\/portal.uern.br\/uernemnumeros\/wp-content\/uploads\/sites\/19\/2023\/02\/vagas_estagio-2048x1263.png 2048w\" sizes=\"(max-width: 800px) 100vw, 800px\" \/><figcaption id=\"caption-attachment-35383\" class=\"wp-caption-text\">FONTE: Setor de Est\u00e1gios N\u00e3o-Obrigat\u00f3rios\/PRAE<\/figcaption><\/figure>\n<p>&nbsp;<\/p>\n","protected":false},"excerpt":{"rendered":"<p>PROGRAMAS DE PERMAN\u00caNCIA \u00a0\u2022 Programa de Fomento \u00e0s a\u00e7\u00f5es de Assist\u00eancia a Perman\u00eancia Estudantil no \u00e2mbito da UERN \u00a0\u2022\u00a0Programa de Apoio ao Estudante &#8211; PAE \u00a0\u2022 Programa de Concess\u00e3o de Aux\u00edlio Alimenta\u00e7\u00e3o &#8211; PCAA \u00a0\u2022 Programa de Moradia Universit\u00e1ria &#8211; Auxilio e Resid\u00eancia Universit\u00e1ria \u00a0\u2022\u00a0Programa de Concess\u00e3o de Aux\u00edlio \u00e0 Participa\u00e7\u00e3o de Estudantes e Atividades [&hellip;]<\/p>\n","protected":false},"author":28,"featured_media":0,"parent":0,"menu_order":0,"comment_status":"closed","ping_status":"closed","template":"","meta":[],"_links":{"self":[{"href":"https:\/\/portal.uern.br\/uernemnumeros\/wp-json\/wp\/v2\/pages\/35362"}],"collection":[{"href":"https:\/\/portal.uern.br\/uernemnumeros\/wp-json\/wp\/v2\/pages"}],"about":[{"href":"https:\/\/portal.uern.br\/uernemnumeros\/wp-json\/wp\/v2\/types\/page"}],"author":[{"embeddable":true,"href":"https:\/\/portal.uern.br\/uernemnumeros\/wp-json\/wp\/v2\/users\/28"}],"replies":[{"embeddable":true,"href":"https:\/\/portal.uern.br\/uernemnumeros\/wp-json\/wp\/v2\/comments?post=35362"}],"version-history":[{"count":14,"href":"https:\/\/portal.uern.br\/uernemnumeros\/wp-json\/wp\/v2\/pages\/35362\/revisions"}],"predecessor-version":[{"id":35390,"href":"https:\/\/portal.uern.br\/uernemnumeros\/wp-json\/wp\/v2\/pages\/35362\/revisions\/35390"}],"wp:attachment":[{"href":"https:\/\/portal.uern.br\/uernemnumeros\/wp-json\/wp\/v2\/media?parent=35362"}],"curies":[{"name":"wp","href":"https:\/\/api.w.org\/{rel}","templated":true}]}}