{"id":35221,"date":"2023-02-08T09:06:29","date_gmt":"2023-02-08T12:06:29","guid":{"rendered":"http:\/\/beta.apps.uern.br\/wordpress\/uernemnumeros\/?page_id=35221"},"modified":"2023-02-14T09:16:36","modified_gmt":"2023-02-14T12:16:36","slug":"apresentacao","status":"publish","type":"page","link":"https:\/\/portal.uern.br\/uernemnumeros\/","title":{"rendered":"Apresenta\u00e7\u00e3o"},"content":{"rendered":"<p>O UERN EM N\u00daMEROS, sob a responsabilidade da Assessoria de Governan\u00e7a da Informa\u00e7\u00e3o e Transpar\u00eancia, tem como objetivo apresentar informa\u00e7\u00f5es de forma visualmente elaborada sobre os setores, servi\u00e7os e atividades desenvolvidos pela universidade. Desta forma pretendemos proporcionar ao visitante uma leitura confort\u00e1vel e agrad\u00e1vel dos n\u00fameros que representam a UERN.<\/p>\n<ul>\n<li><sub><strong>Assessor de Governan\u00e7a da Informa\u00e7\u00e3o e Transpar\u00eancia:\u00a0<\/strong>Prof. Esdras Marchezan<\/sub><\/li>\n<li><strong><sub>Endere\u00e7o:<\/sub>\u00a0<\/strong><sub>Rua Almino Afonso, n\u00ba 478 &#8211; Centro &#8211; CEP:59.610-210 &#8211; Mossor\u00f3-RN.<\/sub><\/li>\n<li><strong><sub>Hor\u00e1rio de atendimento:<\/sub>\u00a0<\/strong><sub>de segunda a sexta, das 08h00 \u00e0s 12h00 e das 14h00 \u00e0s 18h00.<\/sub><\/li>\n<li><sub><strong>Email para contato:<\/strong><\/sub>\u00a0<sub>transpar\u00eancia@uern.br<\/sub><\/li>\n<\/ul>\n<p>Para mais informa\u00e7\u00f5es: <a href=\"https:\/\/portal.uern.br\/acessoainformacao\/\">ACESSO \u00c0 INFORMA\u00c7\u00c3O<\/a><\/p>\n","protected":false},"excerpt":{"rendered":"<p>O UERN EM N\u00daMEROS, sob a responsabilidade da Assessoria de Governan\u00e7a da Informa\u00e7\u00e3o e Transpar\u00eancia, tem como objetivo apresentar informa\u00e7\u00f5es de forma visualmente elaborada sobre os setores, servi\u00e7os e atividades desenvolvidos pela universidade. Desta forma pretendemos proporcionar ao visitante uma leitura confort\u00e1vel e agrad\u00e1vel dos n\u00fameros que representam a UERN. Assessor de Governan\u00e7a da Informa\u00e7\u00e3o [&hellip;]<\/p>\n","protected":false},"author":1,"featured_media":0,"parent":0,"menu_order":0,"comment_status":"closed","ping_status":"closed","template":"","meta":[],"_links":{"self":[{"href":"https:\/\/portal.uern.br\/uernemnumeros\/wp-json\/wp\/v2\/pages\/35221"}],"collection":[{"href":"https:\/\/portal.uern.br\/uernemnumeros\/wp-json\/wp\/v2\/pages"}],"about":[{"href":"https:\/\/portal.uern.br\/uernemnumeros\/wp-json\/wp\/v2\/types\/page"}],"author":[{"embeddable":true,"href":"https:\/\/portal.uern.br\/uernemnumeros\/wp-json\/wp\/v2\/users\/1"}],"replies":[{"embeddable":true,"href":"https:\/\/portal.uern.br\/uernemnumeros\/wp-json\/wp\/v2\/comments?post=35221"}],"version-history":[{"count":3,"href":"https:\/\/portal.uern.br\/uernemnumeros\/wp-json\/wp\/v2\/pages\/35221\/revisions"}],"predecessor-version":[{"id":35361,"href":"https:\/\/portal.uern.br\/uernemnumeros\/wp-json\/wp\/v2\/pages\/35221\/revisions\/35361"}],"wp:attachment":[{"href":"https:\/\/portal.uern.br\/uernemnumeros\/wp-json\/wp\/v2\/media?parent=35221"}],"curies":[{"name":"wp","href":"https:\/\/api.w.org\/{rel}","templated":true}]}}