{"id":7,"date":"2022-10-21T15:00:18","date_gmt":"2022-10-21T18:00:18","guid":{"rendered":"https:\/\/paisdemossoro.com.br\/wordpress\/uci\/?page_id=7"},"modified":"2025-07-01T10:24:19","modified_gmt":"2025-07-01T13:24:19","slug":"equipe","status":"publish","type":"page","link":"https:\/\/portal.uern.br\/uci\/equipe\/","title":{"rendered":"Equipe"},"content":{"rendered":"<p>De acordo com o artigo 22 da Lei Complementar 638\/2018 as Unidades de Controle Interno ser\u00e3o compostas por servidores p\u00fablicos indicados pelo dirigente do \u00d3rg\u00e3o ou Entidade e designados ap\u00f3s aprovados pela Controladoria-Geral do Estado, na forma prevista no Regimento Interno da Controladoria-Geral do Estado.<\/p>\n<p><strong>J\u00f4natas Marques de Andrade<\/strong><br \/>\nPresidente<\/p>\n<p><strong>Geovani Carlos de Andrade Filho<\/strong><br \/>\nMembro<\/p>\n<p><strong>Ivana Soares Barros\u00a0<\/strong><br \/>\nMembro<\/p>\n<p><strong>Elaine Cristina Dantas Morais<br \/>\n<\/strong>Secret\u00e1ria<\/p>\n<p><strong>Matuzael Targino Aires<\/strong><br \/>\nAuxiliar de Secretaria<\/p>\n","protected":false},"excerpt":{"rendered":"<p>De acordo com o artigo 22 da Lei Complementar 638\/2018 as Unidades de Controle Interno ser\u00e3o compostas por servidores p\u00fablicos indicados pelo dirigente do \u00d3rg\u00e3o ou Entidade e designados ap\u00f3s aprovados pela Controladoria-Geral do Estado, na forma prevista no Regimento Interno da Controladoria-Geral do Estado. J\u00f4natas Marques de Andrade Presidente Geovani Carlos de Andrade Filho [&hellip;]<\/p>\n","protected":false},"author":1,"featured_media":0,"parent":0,"menu_order":0,"comment_status":"closed","ping_status":"closed","template":"","meta":[],"_links":{"self":[{"href":"https:\/\/portal.uern.br\/uci\/wp-json\/wp\/v2\/pages\/7"}],"collection":[{"href":"https:\/\/portal.uern.br\/uci\/wp-json\/wp\/v2\/pages"}],"about":[{"href":"https:\/\/portal.uern.br\/uci\/wp-json\/wp\/v2\/types\/page"}],"author":[{"embeddable":true,"href":"https:\/\/portal.uern.br\/uci\/wp-json\/wp\/v2\/users\/1"}],"replies":[{"embeddable":true,"href":"https:\/\/portal.uern.br\/uci\/wp-json\/wp\/v2\/comments?post=7"}],"version-history":[{"count":3,"href":"https:\/\/portal.uern.br\/uci\/wp-json\/wp\/v2\/pages\/7\/revisions"}],"predecessor-version":[{"id":475,"href":"https:\/\/portal.uern.br\/uci\/wp-json\/wp\/v2\/pages\/7\/revisions\/475"}],"wp:attachment":[{"href":"https:\/\/portal.uern.br\/uci\/wp-json\/wp\/v2\/media?parent=7"}],"curies":[{"name":"wp","href":"https:\/\/api.w.org\/{rel}","templated":true}]}}