{"id":66,"date":"2023-01-05T15:23:33","date_gmt":"2023-01-05T18:23:33","guid":{"rendered":"http:\/\/beta.apps.uern.br\/wordpress\/uci\/?page_id=66"},"modified":"2026-02-12T10:54:43","modified_gmt":"2026-02-12T13:54:43","slug":"procedimentos","status":"publish","type":"page","link":"https:\/\/portal.uern.br\/uci\/procedimentos\/","title":{"rendered":"Procedimentos"},"content":{"rendered":"<p>O Procedimento Operacional Padr\u00e3o \u2013 POP \u00e9 <span style=\"font-weight: 400\">um documento essencial para garantir a padroniza\u00e7\u00e3o, efici\u00eancia e seguran\u00e7a na execu\u00e7\u00e3o de tarefas dentro de uma organiza\u00e7\u00e3o. Ele descreve, de forma clara e objetiva, os passos necess\u00e1rios para a instru\u00e7\u00e3o de um processo, garantindo que todas as atividades sejam executadas de maneira uniforme e conforme as melhores pr\u00e1ticas<\/span>. Como resultado, se tem um processo previs\u00edvel e controlado, mitigando erros de instru\u00e7\u00e3o e tramita\u00e7\u00e3o.<\/p>\n<p>Os POPs s\u00e3o elaborados em <span style=\"font-weight: 400\">conformidade com normas e regulamentos internos e externos vigentes<\/span>. Por representarem a est\u00e1tica processual, s\u00e3o pass\u00edveis de atualiza\u00e7\u00f5es, sempre buscando a melhoria na composi\u00e7\u00e3o e fluxo dos procedimentos.<\/p>\n<p>Caso identifique a necessidade de atualiza\u00e7\u00e3o de algum POP, envie sua sugest\u00e3o fundamentada para cci@uern.br.<\/p>\n<p>&nbsp;<\/p>\n<h4 style=\"text-align: left\">\u00a0<span style=\"color: #333399\">PROCEDIMENTOS OPERACIONAIS PADR\u00c3O<\/span><\/h4>\n<ul>\n<li class=\"Texto_Justificado_Recuo_Primeira_Linha\"><a href=\"https:\/\/portal.uern.br\/uci\/wp-content\/uploads\/sites\/7\/2025\/10\/POP-01-Adicional-de-titulacao-DOCENTE.pdf\">POP 01 &#8211; Adicional de Titula\u00e7\u00e3o (Docente)<\/a><\/li>\n<li><a href=\"https:\/\/portal.uern.br\/uci\/wp-content\/uploads\/sites\/7\/2026\/02\/POP-02-Progressao-Docente-ADA.pdf\">POP 02 &#8211; Progress\u00e3o Docente (ADA)<\/a><\/li>\n<li class=\"Texto_Justificado_Recuo_Primeira_Linha\"><a href=\"https:\/\/portal.uern.br\/uci\/wp-content\/uploads\/sites\/7\/2025\/08\/POP_03___Diarias.pdf\">POP 03 &#8211; Concess\u00e3o de Di\u00e1rias<\/a><\/li>\n<li class=\"Texto_Justificado_Recuo_Primeira_Linha\"><a href=\"https:\/\/portal.uern.br\/uci\/wp-content\/uploads\/sites\/7\/2025\/08\/POP_04___Diarias_Convenio.pdf\">POP 04 &#8211; Concess\u00e3o de Di\u00e1rias &#8211; Conv\u00eanios Federais<\/a><\/li>\n<li class=\"Texto_Justificado_Recuo_Primeira_Linha\"><a href=\"https:\/\/portal.uern.br\/uci\/wp-content\/uploads\/sites\/7\/2025\/08\/POP_05___Passagens_Aereas.pdf\">POP 05 &#8211; Emiss\u00e3o de Passagens A\u00e9reas<\/a><\/li>\n<li class=\"Texto_Justificado_Recuo_Primeira_Linha\"><a href=\"https:\/\/portal.uern.br\/uci\/wp-content\/uploads\/sites\/7\/2025\/08\/POP_06___Hospedagem.pdf\">POP 06 &#8211; Hospedagem<\/a><\/li>\n<li class=\"Texto_Justificado_Recuo_Primeira_Linha\"><a href=\"https:\/\/portal.uern.br\/uci\/wp-content\/uploads\/sites\/7\/2025\/08\/POP_07___Execucao_de_Ata.pdf\">POP 07 &#8211; Execu\u00e7\u00e3o de Ata de Registro de Pre\u00e7o<\/a><\/li>\n<li class=\"Texto_Justificado_Recuo_Primeira_Linha\"><a href=\"https:\/\/portal.uern.br\/uci\/wp-content\/uploads\/sites\/7\/2025\/08\/POP_08___AIC.pdf\">POP 08 &#8211; Concess\u00e3o de Adicional de Incentivo por A\u00e7\u00f5es de Capacita\u00e7\u00e3o (AIC)<\/a><\/li>\n<li class=\"Texto_Justificado_Recuo_Primeira_Linha\"><a href=\"https:\/\/portal.uern.br\/uci\/wp-content\/uploads\/sites\/7\/2025\/08\/POP_09___Acrescimo_de_titulacao_no_AIC.pdf\">POP 09 &#8211; Acr\u00e9scimo de Nova Titula\u00e7\u00e3o no AIC<\/a><\/li>\n<li class=\"Texto_Justificado_Recuo_Primeira_Linha\"><a href=\"https:\/\/portal.uern.br\/uci\/wp-content\/uploads\/sites\/7\/2025\/08\/POP_10___Auxilio_Saude.pdf\">POP 10 &#8211; Concess\u00e3o de Aux\u00edlio Sa\u00fade<\/a><\/li>\n<li class=\"Texto_Justificado_Recuo_Primeira_Linha\"><a href=\"https:\/\/portal.uern.br\/uci\/wp-content\/uploads\/sites\/7\/2025\/10\/POP-11-Adicional-de-titulacao-TECNICOS.pdf\">POP 11 &#8211; Adicional de Titula\u00e7\u00e3o (T\u00e9cnicos)<\/a><\/li>\n<li class=\"Texto_Justificado_Recuo_Primeira_Linha\"><a href=\"https:\/\/portal.uern.br\/uci\/wp-content\/uploads\/sites\/7\/2025\/10\/POP-12-Adicional-de-titulacao-TEMPORARIOS.pdf\">POP 12 &#8211; Adicional de Titula\u00e7\u00e3o (Tempor\u00e1rios)<\/a><\/li>\n<li class=\"Texto_Justificado_Recuo_Primeira_Linha\"><a href=\"https:\/\/portal.uern.br\/uci\/wp-content\/uploads\/sites\/7\/2025\/08\/POP_13___Adicional_de_Insalubridade.pdf\">POP 13 &#8211; Adicional de Insalubridade<\/a><\/li>\n<li class=\"Texto_Justificado_Recuo_Primeira_Linha\"><a href=\"https:\/\/portal.uern.br\/uci\/wp-content\/uploads\/sites\/7\/2026\/02\/POP-14-Auxilio-Financeiro-ao-Estudante-Evento.pdf\">POP 14 &#8211; Aux\u00edlio Financeiro ao Estudante &#8211; Evento<\/a><\/li>\n<li class=\"Texto_Justificado_Recuo_Primeira_Linha\"><a href=\"https:\/\/portal.uern.br\/uci\/wp-content\/uploads\/sites\/7\/2026\/02\/POP-15-Auxilio-Financeiro-ao-Estudante-Banca-de-Heteroidentificacao.pdf\">POP 15 &#8211; Aux\u00edlio Financeiro ao Estudante &#8211; Bancas de Heteroidentifica\u00e7\u00e3o<\/a><\/li>\n<li class=\"Texto_Justificado_Recuo_Primeira_Linha\"><a href=\"https:\/\/portal.uern.br\/uci\/wp-content\/uploads\/sites\/7\/2025\/08\/POP_16___Folha_de_Pagamento_Bolsistas_NEEL.pdf\">POP 16 &#8211; Folha de Pagamento &#8211; Bolsistas NEEL<\/a><\/li>\n<li class=\"Texto_Justificado_Recuo_Primeira_Linha\"><a href=\"https:\/\/portal.uern.br\/uci\/wp-content\/uploads\/sites\/7\/2025\/08\/POP_17___Abono_de_Permanencia.pdf\">POP 17 &#8211; Abono de Perman\u00eancia<\/a><\/li>\n<li class=\"Texto_Justificado_Recuo_Primeira_Linha\"><a href=\"https:\/\/portal.uern.br\/uci\/wp-content\/uploads\/sites\/7\/2025\/08\/POP_18___Conversao_de_Licenca_Premio_em_pecunia.pdf\">POP 18 &#8211; Convers\u00e3o de Licen\u00e7a Pr\u00eamio em Pec\u00fania<\/a><\/li>\n<li class=\"Texto_Justificado_Recuo_Primeira_Linha\"><a href=\"https:\/\/portal.uern.br\/uci\/wp-content\/uploads\/sites\/7\/2025\/08\/POP_19___Conversao_de_Ferias_em_pecunia.pdf\">POP 19 &#8211; Convers\u00e3o de F\u00e9rias em Pec\u00fania<\/a><\/li>\n<li class=\"Texto_Justificado_Recuo_Primeira_Linha\"><a href=\"https:\/\/portal.uern.br\/uci\/wp-content\/uploads\/sites\/7\/2025\/08\/POP_20___Folha_de_Pagamento_PIM.pdf\">POP 20 &#8211; Folha de Pagamento (PIM)<\/a><\/li>\n<li class=\"Texto_Justificado_Recuo_Primeira_Linha\"><a href=\"https:\/\/portal.uern.br\/uci\/wp-content\/uploads\/sites\/7\/2025\/08\/POP_21___Folha_de_Pagamento_PIBEX.pdf\">POP 21 &#8211; Folha de Pagamento (PIBEX)<\/a><\/li>\n<\/ul>\n<p>&nbsp;<\/p>\n<h5><span style=\"color: #339966\">HIST\u00d3RICO DE ATUALIZA\u00c7\u00d5ES<\/span><\/h5>\n<ul>\n<li>28\/08\/2025 &#8211; Aprova\u00e7\u00e3o dos POP&#8217;s 01 a 21 &#8211; Processo SEI 04410010.005056\/2025-81.<\/li>\n<li>09\/09\/2025 &#8211; Atualiza\u00e7\u00e3o dos POP&#8217;s 01, 11 e 12.<\/li>\n<li>12\/02\/2026 &#8211; Atualiza\u00e7\u00e3o dos POP&#8217;s 02, 14, 15, 16, 20 e 21.<\/li>\n<\/ul>\n<p>&nbsp;<\/p>\n","protected":false},"excerpt":{"rendered":"<p>O Procedimento Operacional Padr\u00e3o \u2013 POP \u00e9 um documento essencial para garantir a padroniza\u00e7\u00e3o, efici\u00eancia e seguran\u00e7a na execu\u00e7\u00e3o de tarefas dentro de uma organiza\u00e7\u00e3o. Ele descreve, de forma clara e objetiva, os passos necess\u00e1rios para a instru\u00e7\u00e3o de um processo, garantindo que todas as atividades sejam executadas de maneira uniforme e conforme as melhores [&hellip;]<\/p>\n","protected":false},"author":1,"featured_media":0,"parent":0,"menu_order":0,"comment_status":"closed","ping_status":"closed","template":"","meta":[],"_links":{"self":[{"href":"https:\/\/portal.uern.br\/uci\/wp-json\/wp\/v2\/pages\/66"}],"collection":[{"href":"https:\/\/portal.uern.br\/uci\/wp-json\/wp\/v2\/pages"}],"about":[{"href":"https:\/\/portal.uern.br\/uci\/wp-json\/wp\/v2\/types\/page"}],"author":[{"embeddable":true,"href":"https:\/\/portal.uern.br\/uci\/wp-json\/wp\/v2\/users\/1"}],"replies":[{"embeddable":true,"href":"https:\/\/portal.uern.br\/uci\/wp-json\/wp\/v2\/comments?post=66"}],"version-history":[{"count":20,"href":"https:\/\/portal.uern.br\/uci\/wp-json\/wp\/v2\/pages\/66\/revisions"}],"predecessor-version":[{"id":541,"href":"https:\/\/portal.uern.br\/uci\/wp-json\/wp\/v2\/pages\/66\/revisions\/541"}],"wp:attachment":[{"href":"https:\/\/portal.uern.br\/uci\/wp-json\/wp\/v2\/media?parent=66"}],"curies":[{"name":"wp","href":"https:\/\/api.w.org\/{rel}","templated":true}]}}