{"id":51,"date":"2022-10-21T15:14:15","date_gmt":"2022-10-21T18:14:15","guid":{"rendered":"https:\/\/paisdemossoro.com.br\/wordpress\/uci\/?page_id=51"},"modified":"2022-10-21T15:14:15","modified_gmt":"2022-10-21T18:14:15","slug":"legislacao","status":"publish","type":"page","link":"https:\/\/portal.uern.br\/uci\/legislacao\/","title":{"rendered":"Legisla\u00e7\u00e3o"},"content":{"rendered":"<p>LEGISLA\u00c7\u00c3O FEDERAL<\/p>\n<p><a href=\"http:\/\/www.planalto.gov.br\/ccivil_03\/LEIS\/L4320.htm\">http:\/\/www.planalto.gov.br\/ccivil_03\/LEIS\/L4320.htm\u00a0<\/a>\u2013\u00a0LEI N\u00b0 4.320\/64<\/p>\n<p><a href=\"http:\/\/www.planalto.gov.br\/ccivil_03\/LEIS\/2002\/L10520.htm\">http:\/\/www.planalto.gov.br\/ccivil_03\/LEIS\/2002\/L10520.htm<\/a>\u00a0\u2013\u00a0LEI N\u00b0 10.520\/02<\/p>\n<p><a href=\"http:\/\/www.planalto.gov.br\/ccivil_03\/LEIS\/L8666cons.htm\">http:\/\/www.planalto.gov.br\/ccivil_03\/LEIS\/L8666cons.htm<\/a>\u00a0\u2013\u00a0LEI N\u00b0 8.666\/93<\/p>\n<p><a href=\"http:\/\/www.planalto.gov.br\/ccivil_03\/_ato2011-2014\/2011\/lei\/l12527.htm\">http:\/\/www.planalto.gov.br\/ccivil_03\/_ato2011-2014\/2011\/lei\/l12527.htm<\/a>\u00a0\u2013 LEI N\u00b0 12.527\/11<\/p>\n<p><a href=\"http:\/\/www.planalto.gov.br\/ccivil_03\/LEIS\/LCP\/Lcp101.htm\">http:\/\/www.planalto.gov.br\/ccivil_03\/LEIS\/LCP\/Lcp101.htm<\/a>\u00a0\u2013 LEI COMPLEMENTAR N\u00b0 101\/00<\/p>\n<p>LEGISLA\u00c7\u00c3O ESTADUAL<\/p>\n<p><a href=\"http:\/\/www.tce.rn.gov.br\/Legislacao\/ResolucoesTce\">http:\/\/www.tce.rn.gov.br\/Legislacao\/ResolucoesTce<\/a>\u00a0\u2013 RESOLU\u00c7\u00d5ES DO TCE\/RN<\/p>\n<p>Mais utilizadas pela UCI\/UERN: Resolu\u00e7\u00e3o n\u00b0 011\/2016-TCE\/RN, Resolu\u00e7\u00e3o n\u00b0 008\/2012-TCE\/RN<br \/>\n<a href=\"http:\/\/www.diariooficial.rn.gov.br\/dei\/dorn3\/docview.aspx?id_jor=00000001&amp;data=20180629&amp;id_doc=613830\">http:\/\/www.diariooficial.rn.gov.br\/dei\/dorn3\/docview.aspx?id_jor=00000001&amp;data=20180629&amp;id_doc=613830\u00a0<\/a>\u2013 LEI COMPLEMENTAR N\u00b0 638\/2018<\/p>\n<p><a href=\"http:\/\/adcon.rn.gov.br\/ACERVO\/gac\/DOC\/DOC000000000190634.PDF\">http:\/\/adcon.rn.gov.br\/ACERVO\/gac\/DOC\/DOC000000000190634.PDF<\/a>\u00a0\u2013\u00a0DECRETO N\u00ba 28.684\/18\u00a0Regulamenta a Lei Complementar Estadual n\u00ba 638<\/p>\n<p>LEGISLA\u00c7\u00c3O INTERNA<\/p>\n<p>http:\/\/portal.uern.br\/\u00a0\u2192 Institucional \u2192 Documentos \u2192 Legisla\u00e7\u00e3o \u2192<\/p>\n","protected":false},"excerpt":{"rendered":"<p>LEGISLA\u00c7\u00c3O FEDERAL http:\/\/www.planalto.gov.br\/ccivil_03\/LEIS\/L4320.htm\u00a0\u2013\u00a0LEI N\u00b0 4.320\/64 http:\/\/www.planalto.gov.br\/ccivil_03\/LEIS\/2002\/L10520.htm\u00a0\u2013\u00a0LEI N\u00b0 10.520\/02 http:\/\/www.planalto.gov.br\/ccivil_03\/LEIS\/L8666cons.htm\u00a0\u2013\u00a0LEI N\u00b0 8.666\/93 http:\/\/www.planalto.gov.br\/ccivil_03\/_ato2011-2014\/2011\/lei\/l12527.htm\u00a0\u2013 LEI N\u00b0 12.527\/11 http:\/\/www.planalto.gov.br\/ccivil_03\/LEIS\/LCP\/Lcp101.htm\u00a0\u2013 LEI COMPLEMENTAR N\u00b0 101\/00 LEGISLA\u00c7\u00c3O ESTADUAL http:\/\/www.tce.rn.gov.br\/Legislacao\/ResolucoesTce\u00a0\u2013 RESOLU\u00c7\u00d5ES DO TCE\/RN Mais utilizadas pela UCI\/UERN: Resolu\u00e7\u00e3o n\u00b0 011\/2016-TCE\/RN, Resolu\u00e7\u00e3o n\u00b0 008\/2012-TCE\/RN http:\/\/www.diariooficial.rn.gov.br\/dei\/dorn3\/docview.aspx?id_jor=00000001&amp;data=20180629&amp;id_doc=613830\u00a0\u2013 LEI COMPLEMENTAR N\u00b0 638\/2018 http:\/\/adcon.rn.gov.br\/ACERVO\/gac\/DOC\/DOC000000000190634.PDF\u00a0\u2013\u00a0DECRETO N\u00ba 28.684\/18\u00a0Regulamenta a Lei Complementar Estadual n\u00ba 638 LEGISLA\u00c7\u00c3O INTERNA http:\/\/portal.uern.br\/\u00a0\u2192 Institucional \u2192 [&hellip;]<\/p>\n","protected":false},"author":1,"featured_media":0,"parent":0,"menu_order":0,"comment_status":"closed","ping_status":"closed","template":"","meta":[],"_links":{"self":[{"href":"https:\/\/portal.uern.br\/uci\/wp-json\/wp\/v2\/pages\/51"}],"collection":[{"href":"https:\/\/portal.uern.br\/uci\/wp-json\/wp\/v2\/pages"}],"about":[{"href":"https:\/\/portal.uern.br\/uci\/wp-json\/wp\/v2\/types\/page"}],"author":[{"embeddable":true,"href":"https:\/\/portal.uern.br\/uci\/wp-json\/wp\/v2\/users\/1"}],"replies":[{"embeddable":true,"href":"https:\/\/portal.uern.br\/uci\/wp-json\/wp\/v2\/comments?post=51"}],"version-history":[{"count":2,"href":"https:\/\/portal.uern.br\/uci\/wp-json\/wp\/v2\/pages\/51\/revisions"}],"predecessor-version":[{"id":53,"href":"https:\/\/portal.uern.br\/uci\/wp-json\/wp\/v2\/pages\/51\/revisions\/53"}],"wp:attachment":[{"href":"https:\/\/portal.uern.br\/uci\/wp-json\/wp\/v2\/media?parent=51"}],"curies":[{"name":"wp","href":"https:\/\/api.w.org\/{rel}","templated":true}]}}