{"id":5,"date":"2022-10-21T14:59:51","date_gmt":"2022-10-21T17:59:51","guid":{"rendered":"https:\/\/paisdemossoro.com.br\/wordpress\/uci\/?page_id=5"},"modified":"2025-07-01T10:48:28","modified_gmt":"2025-07-01T13:48:28","slug":"apresentacao","status":"publish","type":"page","link":"https:\/\/portal.uern.br\/uci\/","title":{"rendered":"Apresenta\u00e7\u00e3o"},"content":{"rendered":"<p>A Unidade de Controle Interno da UERN (UCI\/UERN) \u00e9 um \u00f3rg\u00e3o de natureza instrumental, parte do\u00a0Sistema Integrado de Controle Interno do Poder Executivo, que \u00e9 o conjunto de \u00f3rg\u00e3os, fun\u00e7\u00f5es e atividades previstas na Lei Complementar n\u00b0 638\/2018-RN, sendo composto pela Controladoria-Geral do Estado (CONTROL), como \u00d3rg\u00e3o Central, e pelas Unidades de Controle Interno (UCI), de car\u00e1ter permanente, e abrange toda a Administra\u00e7\u00e3o P\u00fablica Direta e Indireta do Estado do Rio Grande do Norte.<\/p>\n<p>A Unidade de Controle Interno da UERN foi instalada oficialmente no ano de 2006, com a responsabilidade de realizar a fiscaliza\u00e7\u00e3o cont\u00e1bil, financeira, or\u00e7ament\u00e1ria, operacional e patrimonial no \u00e2mbito da universidade, bem como avaliar os resultados obtidos pela administra\u00e7\u00e3o.<\/p>\n<p><strong>Endere\u00e7o: <\/strong>R. Quintino Bocaiuva, sn &#8211; Ed\u00edficio\u00a0Ep\u00edlogo de Campos<\/p>\n<p><strong>Contato: <\/strong>cci@uern.br<\/p>\n<p><strong>Hor\u00e1rio de atendimento ao p\u00fablico externo: <\/strong>de segunda a sexta, das 7:30 \u00e0s 13:30<\/p>\n","protected":false},"excerpt":{"rendered":"<p>A Unidade de Controle Interno da UERN (UCI\/UERN) \u00e9 um \u00f3rg\u00e3o de natureza instrumental, parte do\u00a0Sistema Integrado de Controle Interno do Poder Executivo, que \u00e9 o conjunto de \u00f3rg\u00e3os, fun\u00e7\u00f5es e atividades previstas na Lei Complementar n\u00b0 638\/2018-RN, sendo composto pela Controladoria-Geral do Estado (CONTROL), como \u00d3rg\u00e3o Central, e pelas Unidades de Controle Interno (UCI), [&hellip;]<\/p>\n","protected":false},"author":1,"featured_media":0,"parent":0,"menu_order":0,"comment_status":"closed","ping_status":"closed","template":"","meta":[],"_links":{"self":[{"href":"https:\/\/portal.uern.br\/uci\/wp-json\/wp\/v2\/pages\/5"}],"collection":[{"href":"https:\/\/portal.uern.br\/uci\/wp-json\/wp\/v2\/pages"}],"about":[{"href":"https:\/\/portal.uern.br\/uci\/wp-json\/wp\/v2\/types\/page"}],"author":[{"embeddable":true,"href":"https:\/\/portal.uern.br\/uci\/wp-json\/wp\/v2\/users\/1"}],"replies":[{"embeddable":true,"href":"https:\/\/portal.uern.br\/uci\/wp-json\/wp\/v2\/comments?post=5"}],"version-history":[{"count":3,"href":"https:\/\/portal.uern.br\/uci\/wp-json\/wp\/v2\/pages\/5\/revisions"}],"predecessor-version":[{"id":477,"href":"https:\/\/portal.uern.br\/uci\/wp-json\/wp\/v2\/pages\/5\/revisions\/477"}],"wp:attachment":[{"href":"https:\/\/portal.uern.br\/uci\/wp-json\/wp\/v2\/media?parent=5"}],"curies":[{"name":"wp","href":"https:\/\/api.w.org\/{rel}","templated":true}]}}