{"id":46,"date":"2022-10-21T15:12:30","date_gmt":"2022-10-21T18:12:30","guid":{"rendered":"https:\/\/paisdemossoro.com.br\/wordpress\/uci\/?page_id=46"},"modified":"2026-02-12T10:28:59","modified_gmt":"2026-02-12T13:28:59","slug":"documentos","status":"publish","type":"page","link":"https:\/\/portal.uern.br\/uci\/documentos\/","title":{"rendered":"Documentos"},"content":{"rendered":"<p><a href=\"https:\/\/portal.uern.br\/uci\/wp-content\/uploads\/sites\/7\/2026\/02\/FUERN-Relatorio-de-Contas-de-Gestao-2024.pdf\">FUERN &#8211; Relat\u00f3rio de Contas de Gest\u00e3o 2024<\/a><\/p>\n<p><a href=\"https:\/\/portal.uern.br\/uci\/wp-content\/uploads\/sites\/7\/2026\/02\/FUERN-Certificado-de-Auditoria-Contas-de-Gestao-2024.pdf\">FUERN &#8211; Certificado de Auditoria Contas de Gest\u00e3o 2024<\/a><\/p>\n<p><a href=\"https:\/\/portal.uern.br\/uci\/wp-content\/uploads\/sites\/7\/2024\/10\/FUERN-Certificado-de-Auditoria-Contas-de-Gestao-2023.pdf\">FUERN &#8211; Certificado de Auditoria Contas de Gest\u00e3o 2023<\/a><\/p>\n<p><a href=\"https:\/\/portal.uern.br\/uci\/wp-content\/uploads\/sites\/7\/2024\/10\/FUERN-Relatorio-de-Contas-de-Gestao-2023.pdf\">FUERN &#8211; Relat\u00f3rio de Contas de Gest\u00e3o\u00a0 2023<\/a><\/p>\n<p><a href=\"https:\/\/portal.uern.br\/uci\/wp-content\/uploads\/sites\/7\/2025\/02\/FUERN-Certificado-de-Auditoria-Contas-de-Gestao-2022.pdf\">FUERN &#8211; Certificado de Auditoria Contas de Gest\u00e3o 2022<\/a><\/p>\n<p><a href=\"https:\/\/portal.uern.br\/uci\/wp-content\/uploads\/sites\/7\/2025\/02\/FUERN-Relatorio-de-Contas-de-Gestao-2022.pdf\">FUERN &#8211; Relat\u00f3rio de Contas de Gest\u00e3o 2022<\/a><\/p>\n<p><a href=\"https:\/\/portal.uern.br\/uci\/wp-content\/uploads\/sites\/7\/2022\/10\/PACI-2018.pdf\">PACI 2018<\/a>\u00a0\u2013 Planejamento Anual de Controle Interno 2018<\/p>\n<p><a href=\"https:\/\/portal.uern.br\/uci\/wp-content\/uploads\/sites\/7\/2022\/10\/RACI-2018.pdf\">RACI 2018\u00a0<\/a>\u2013 Relat\u00f3rio Anual de Controle Interno 2018<\/p>\n<p><a href=\"https:\/\/portal.uern.br\/uci\/wp-content\/uploads\/sites\/7\/2022\/10\/PACI-2019.pdf\">PACI 2019<\/a>\u00a0\u2013\u00a0Planejamento Anual de Controle Interno 2019<\/p>\n","protected":false},"excerpt":{"rendered":"<p>FUERN &#8211; Relat\u00f3rio de Contas de Gest\u00e3o 2024 FUERN &#8211; Certificado de Auditoria Contas de Gest\u00e3o 2024 FUERN &#8211; Certificado de Auditoria Contas de Gest\u00e3o 2023 FUERN &#8211; Relat\u00f3rio de Contas de Gest\u00e3o\u00a0 2023 FUERN &#8211; Certificado de Auditoria Contas de Gest\u00e3o 2022 FUERN &#8211; Relat\u00f3rio de Contas de Gest\u00e3o 2022 PACI 2018\u00a0\u2013 Planejamento Anual [&hellip;]<\/p>\n","protected":false},"author":1,"featured_media":0,"parent":0,"menu_order":0,"comment_status":"closed","ping_status":"closed","template":"","meta":[],"_links":{"self":[{"href":"https:\/\/portal.uern.br\/uci\/wp-json\/wp\/v2\/pages\/46"}],"collection":[{"href":"https:\/\/portal.uern.br\/uci\/wp-json\/wp\/v2\/pages"}],"about":[{"href":"https:\/\/portal.uern.br\/uci\/wp-json\/wp\/v2\/types\/page"}],"author":[{"embeddable":true,"href":"https:\/\/portal.uern.br\/uci\/wp-json\/wp\/v2\/users\/1"}],"replies":[{"embeddable":true,"href":"https:\/\/portal.uern.br\/uci\/wp-json\/wp\/v2\/comments?post=46"}],"version-history":[{"count":7,"href":"https:\/\/portal.uern.br\/uci\/wp-json\/wp\/v2\/pages\/46\/revisions"}],"predecessor-version":[{"id":536,"href":"https:\/\/portal.uern.br\/uci\/wp-json\/wp\/v2\/pages\/46\/revisions\/536"}],"wp:attachment":[{"href":"https:\/\/portal.uern.br\/uci\/wp-json\/wp\/v2\/media?parent=46"}],"curies":[{"name":"wp","href":"https:\/\/api.w.org\/{rel}","templated":true}]}}