{"id":799,"date":"2024-07-30T12:29:00","date_gmt":"2024-07-30T15:29:00","guid":{"rendered":"https:\/\/portal.uern.br\/sti\/?page_id=799"},"modified":"2024-07-31T07:07:19","modified_gmt":"2024-07-31T10:07:19","slug":"contato","status":"publish","type":"page","link":"https:\/\/portal.uern.br\/sti\/contato\/","title":{"rendered":"Contato"},"content":{"rendered":"<p data-raofz=\"16\"><strong>Endere\u00e7o eletr\u00f4nico:<\/strong>\u00a0\u2709 <a role=\"link\" href=\"mailto:infraestrutura@uern.br\" data-raofz=\"16\">sti@uern.br<\/a><\/p>\n<p data-raofz=\"16\"><strong>Whatsapp STI: <img decoding=\"async\" id=\"image\" class=\"img-responsive\" title=\"\u00edcone Whatsapp  Livre\" src=\"https:\/\/cdn.icon-icons.com\/icons2\/472\/PNG\/48\/whatsapp-48_46210.png\" alt=\"\u00edcone whatsapp\" width=\"19\" height=\"19\" data-size=\"48\" \/><\/strong>(84) 3315-2222<\/p>\n<p data-raofz=\"16\"><strong>Telefone Secretaria:<\/strong>\u00a0\ud83d\udcde (84) 3315-2222<br \/>\n<strong>Telefone Suporte\/manuten\u00e7\u00e3o:<\/strong>\u00a0\ud83d\udcde (84) 3315-2222<br \/>\n<strong>Telefone Desenvolvimento:<\/strong>\u00a0\ud83d\udcde (84) 3315-2222<br \/>\n<strong>Telefone Infraestrutura de redes:<\/strong>\u00a0\ud83d\udcde (84) 3315-2222<\/p>\n<p data-raofz=\"16\"><strong>Endere\u00e7o:<\/strong>\u00a0Rua Almino Afonso, 478, Centro, Mossor\u00f3, CEP 59.610-210<\/p>\n<p data-raofz=\"16\"><strong>Hor\u00e1rio de funcionamento:<\/strong> Segunda \u00e0 sexta, 7h \u00e0s 17h.<\/p>\n","protected":false},"excerpt":{"rendered":"<p>Endere\u00e7o eletr\u00f4nico:\u00a0\u2709 sti@uern.br Whatsapp STI: (84) 3315-2222 Telefone Secretaria:\u00a0\ud83d\udcde (84) 3315-2222 Telefone Suporte\/manuten\u00e7\u00e3o:\u00a0\ud83d\udcde (84) 3315-2222 Telefone Desenvolvimento:\u00a0\ud83d\udcde (84) 3315-2222 Telefone Infraestrutura de redes:\u00a0\ud83d\udcde (84) 3315-2222 Endere\u00e7o:\u00a0Rua Almino Afonso, 478, Centro, Mossor\u00f3, CEP 59.610-210 Hor\u00e1rio de funcionamento: Segunda \u00e0 sexta, 7h \u00e0s 17h.<\/p>\n","protected":false},"author":23,"featured_media":0,"parent":0,"menu_order":0,"comment_status":"closed","ping_status":"closed","template":"","meta":[],"_links":{"self":[{"href":"https:\/\/portal.uern.br\/sti\/wp-json\/wp\/v2\/pages\/799"}],"collection":[{"href":"https:\/\/portal.uern.br\/sti\/wp-json\/wp\/v2\/pages"}],"about":[{"href":"https:\/\/portal.uern.br\/sti\/wp-json\/wp\/v2\/types\/page"}],"author":[{"embeddable":true,"href":"https:\/\/portal.uern.br\/sti\/wp-json\/wp\/v2\/users\/23"}],"replies":[{"embeddable":true,"href":"https:\/\/portal.uern.br\/sti\/wp-json\/wp\/v2\/comments?post=799"}],"version-history":[{"count":3,"href":"https:\/\/portal.uern.br\/sti\/wp-json\/wp\/v2\/pages\/799\/revisions"}],"predecessor-version":[{"id":802,"href":"https:\/\/portal.uern.br\/sti\/wp-json\/wp\/v2\/pages\/799\/revisions\/802"}],"wp:attachment":[{"href":"https:\/\/portal.uern.br\/sti\/wp-json\/wp\/v2\/media?parent=799"}],"curies":[{"name":"wp","href":"https:\/\/api.w.org\/{rel}","templated":true}]}}