{"id":5,"date":"2022-10-25T15:34:58","date_gmt":"2022-10-25T18:34:58","guid":{"rendered":"https:\/\/paisdemossoro.com.br\/wordpress\/sti\/?page_id=5"},"modified":"2022-10-25T15:34:58","modified_gmt":"2022-10-25T18:34:58","slug":"ajuda","status":"publish","type":"page","link":"https:\/\/portal.uern.br\/sti\/ajuda\/","title":{"rendered":"Ajuda"},"content":{"rendered":"<p>Voc\u00ea tem d\u00favidas sobre os nossos sistemas ou procedimentos? Possu\u00edmos v\u00e1rios tutorias de apoio aos sistemas SIGS, GMAIL, SIGRH, SIPAC, CAFe, \u00cdNTEGRA e outros.<\/p>\n<p>Esses tutoriais est\u00e3o organizados no formato de FAQ (perguntas mais frequentes) e podem ser acessados atrav\u00e9s do link abaixo.<\/p>\n<p><a href=\"https:\/\/sigs.apps.uern.br\/front\/helpdesk.faq.php\">PERGUNTAS FREQUENTES<\/a><br \/>\nSe voc\u00ea tem alguma sugest\u00e3o de tutorial, entre em contato conosco!<\/p>\n","protected":false},"excerpt":{"rendered":"<p>Voc\u00ea tem d\u00favidas sobre os nossos sistemas ou procedimentos? Possu\u00edmos v\u00e1rios tutorias de apoio aos sistemas SIGS, GMAIL, SIGRH, SIPAC, CAFe, \u00cdNTEGRA e outros. Esses tutoriais est\u00e3o organizados no formato de FAQ (perguntas mais frequentes) e podem ser acessados atrav\u00e9s do link abaixo. PERGUNTAS FREQUENTES Se voc\u00ea tem alguma sugest\u00e3o de tutorial, entre em contato [&hellip;]<\/p>\n","protected":false},"author":1,"featured_media":0,"parent":0,"menu_order":0,"comment_status":"closed","ping_status":"closed","template":"","meta":[],"_links":{"self":[{"href":"https:\/\/portal.uern.br\/sti\/wp-json\/wp\/v2\/pages\/5"}],"collection":[{"href":"https:\/\/portal.uern.br\/sti\/wp-json\/wp\/v2\/pages"}],"about":[{"href":"https:\/\/portal.uern.br\/sti\/wp-json\/wp\/v2\/types\/page"}],"author":[{"embeddable":true,"href":"https:\/\/portal.uern.br\/sti\/wp-json\/wp\/v2\/users\/1"}],"replies":[{"embeddable":true,"href":"https:\/\/portal.uern.br\/sti\/wp-json\/wp\/v2\/comments?post=5"}],"version-history":[{"count":1,"href":"https:\/\/portal.uern.br\/sti\/wp-json\/wp\/v2\/pages\/5\/revisions"}],"predecessor-version":[{"id":6,"href":"https:\/\/portal.uern.br\/sti\/wp-json\/wp\/v2\/pages\/5\/revisions\/6"}],"wp:attachment":[{"href":"https:\/\/portal.uern.br\/sti\/wp-json\/wp\/v2\/media?parent=5"}],"curies":[{"name":"wp","href":"https:\/\/api.w.org\/{rel}","templated":true}]}}