{"id":12,"date":"2022-10-25T15:36:44","date_gmt":"2022-10-25T18:36:44","guid":{"rendered":"https:\/\/paisdemossoro.com.br\/wordpress\/sti\/?page_id=12"},"modified":"2023-09-14T12:12:14","modified_gmt":"2023-09-14T15:12:14","slug":"estrutura","status":"publish","type":"page","link":"https:\/\/portal.uern.br\/sti\/estrutura\/","title":{"rendered":"Estrutura"},"content":{"rendered":"<h2><strong>Superintend\u00eancia de Tecnologia da Informa\u00e7\u00e3o \u2014 STI<\/strong><\/h2>\n<p>A STI \u00e9 composta por duas diretorias, sendo a Diretoria de Sistemas de Informa\u00e7\u00e3o e a Diretoria de Redes e Telecomunica\u00e7\u00f5es.<\/p>\n<p><strong>Superintendente<\/strong><br \/>\nProf. Dr. Isaac de Lima Oliveira Filho<br \/>\n\u2709 isaacoliveira@uern.br<\/p>\n<p><strong>Secret\u00e1rio<br \/>\n<\/strong>Daniel Costa do Couto<br \/>\n\u2709 danielcouto@uern.br<\/p>\n<p>&nbsp;<\/p>\n<h2>Diretoria de Sistemas de Informa\u00e7\u00e3o \u2014 DSI<\/h2>\n<p><strong>Diretor<\/strong><br \/>\nCharles Miller de G\u00f3is Oliveira<br \/>\n\u2709 charlesmiller@uern.br<\/p>\n<table style=\"border-collapse: collapse;width: 100%;height: 168px\" border=\"1\">\n<tbody>\n<tr style=\"background-color: #c0c0c0\">\n<td style=\"width: 38.9324%;text-align: center;height: 21px\"><strong>Setor<\/strong><\/td>\n<td style=\"width: 27.7342%;text-align: center;height: 21px\"><strong>Respons\u00e1vel<\/strong><\/td>\n<td style=\"width: 33.3333%;text-align: center;height: 21px\"><strong>Contato<\/strong><\/td>\n<\/tr>\n<tr style=\"height: 21px\">\n<td style=\"width: 38.9324%;height: 21px;text-align: center\">Setor de Sistemas de Administra\u00e7\u00e3o e Controle<\/td>\n<td style=\"width: 27.7342%;height: 21px;text-align: center\">Carlos Mois\u00e9s Rebou\u00e7as Wanderley<\/td>\n<td style=\"width: 33.3333%;height: 21px;text-align: center\">carlosmoises@uern.br<\/td>\n<\/tr>\n<tr style=\"height: 21px\">\n<td style=\"width: 38.9324%;height: 21px;text-align: center\">Setor de Seguran\u00e7a da Informa\u00e7\u00e3o<\/td>\n<td style=\"width: 27.7342%;height: 21px;text-align: center\"><span class=\"fontstyle0\">Iodevoh\u00e9 Rebou\u00e7as Veras J\u00fanior<\/span><\/td>\n<td style=\"width: 33.3333%;height: 21px;text-align: center\">iodevohejunior@uern.br<\/td>\n<\/tr>\n<tr style=\"height: 21px\">\n<td style=\"width: 38.9324%;height: 21px;text-align: center\">Setor de Sistemas Acad\u00eamicos<\/td>\n<td style=\"width: 27.7342%;height: 21px;text-align: center\">Eduardo Garcia<\/td>\n<td style=\"width: 33.3333%;height: 21px;text-align: center\">eduardogarcia@uern.br<\/td>\n<\/tr>\n<tr style=\"height: 21px\">\n<td style=\"width: 38.9324%;height: 21px;text-align: center\">Setor de Controle de Dados<\/td>\n<td style=\"width: 27.7342%;height: 21px;text-align: center\"><span class=\"fontstyle0\">Marcos Derby de Sousa Lima<\/span><\/td>\n<td style=\"width: 33.3333%;height: 21px;text-align: center\">marcosderby@uern.br<\/td>\n<\/tr>\n<tr style=\"height: 21px\">\n<td style=\"width: 38.9324%;height: 21px;text-align: center\">Setor de Suporte T\u00e9cnico aos Usu\u00e1rios<\/td>\n<td style=\"width: 27.7342%;height: 21px;text-align: center\"><span class=\"fontstyle0\">Aurimar Alves Junior<\/span><\/td>\n<td style=\"width: 33.3333%;height: 21px;text-align: center\">aurimarjunior@uern.br<\/td>\n<\/tr>\n<tr style=\"height: 21px\">\n<td style=\"width: 38.9324%;height: 21px;text-align: center\">Setor de Desenvolvimento<\/td>\n<td style=\"width: 27.7342%;height: 21px;text-align: center\"><span class=\"fontstyle0\">Maria das Gra\u00e7as Pereira da Silva<\/span><\/td>\n<td style=\"width: 33.3333%;height: 21px;text-align: center\">mariapereira@uern.br<\/td>\n<\/tr>\n<\/tbody>\n<\/table>\n<p>&nbsp;<\/p>\n<p>&nbsp;<\/p>\n<h2>Diretoria de Redes e Telecomunica\u00e7\u00f5es \u2014 DRT<\/h2>\n<p><strong>Diretor<\/strong><br \/>\nProf. Dr. Andr\u00e9 Pedro Fernandes Neto<br \/>\n\u2709 andrepedro@uern.br<\/p>\n<table style=\"border-collapse: collapse;width: 100%;height: 168px\" border=\"1\">\n<tbody>\n<tr style=\"background-color: #c0c0c0\">\n<td style=\"width: 38.9324%;text-align: center;height: 21px\"><strong>Setor<\/strong><\/td>\n<td style=\"width: 27.7342%;text-align: center;height: 21px\"><strong>Respons\u00e1vel<\/strong><\/td>\n<td style=\"width: 33.3333%;text-align: center;height: 21px\"><strong>Contato<\/strong><\/td>\n<\/tr>\n<tr style=\"height: 21px\">\n<td style=\"width: 38.9324%;height: 21px;text-align: center\">Setor de Infraestrutura de Redes<\/td>\n<td style=\"width: 27.7342%;height: 21px;text-align: center\">J\u00falio C\u00e9sar Soares de Souza<\/td>\n<td style=\"width: 33.3333%;height: 21px;text-align: center\">juliocesar@uern.br<\/td>\n<\/tr>\n<tr style=\"height: 21px\">\n<td style=\"width: 38.9324%;height: 21px;text-align: center\">Setor de Implanta\u00e7\u00e3o<\/td>\n<td style=\"width: 27.7342%;height: 21px;text-align: center\">Linniker Ramon Leite Lima<\/td>\n<td style=\"width: 33.3333%;height: 21px;text-align: center\">linnikerramon@uern.br<\/td>\n<\/tr>\n<tr style=\"height: 21px\">\n<td style=\"width: 38.9324%;height: 21px;text-align: center\">Setor de Seguran\u00e7a de Redes<\/td>\n<td style=\"width: 27.7342%;height: 21px;text-align: center\">Ricardo J\u00falio Ara\u00fajo Silveira Lima<\/td>\n<td style=\"width: 33.3333%;height: 21px;text-align: center\">ricardojulio@uern.br<\/td>\n<\/tr>\n<tr style=\"height: 21px\">\n<td style=\"width: 38.9324%;height: 21px;text-align: center\">Setor de Manuten\u00e7\u00e3o de Computadores<\/td>\n<td style=\"width: 27.7342%;height: 21px;text-align: center\">Marcelo Figueiredo Bellaguarda<\/td>\n<td style=\"width: 33.3333%;height: 21px;text-align: center\">marcelobellaguarda@uern.br<\/td>\n<\/tr>\n<tr style=\"height: 21px\">\n<td style=\"width: 38.9324%;height: 21px;text-align: center\">Setor de Telecomunica\u00e7\u00e3o<\/td>\n<td style=\"width: 27.7342%;height: 21px;text-align: center\">Thiago de Carvalho Rego<\/td>\n<td style=\"width: 33.3333%;height: 21px;text-align: center\">thiagorego@uern.br<\/td>\n<\/tr>\n<tr style=\"height: 21px\">\n<td style=\"width: 38.9324%;height: 21px;text-align: center\">Setor de Redes de Transportes<\/td>\n<td style=\"width: 27.7342%;height: 21px;text-align: center\">Joais Batista de Melo Filho<\/td>\n<td style=\"width: 33.3333%;height: 21px;text-align: center\">joaisfilho@uern.br<\/td>\n<\/tr>\n<\/tbody>\n<\/table>\n<p>&nbsp;<\/p>\n","protected":false},"excerpt":{"rendered":"<p>Superintend\u00eancia de Tecnologia da Informa\u00e7\u00e3o \u2014 STI A STI \u00e9 composta por duas diretorias, sendo a Diretoria de Sistemas de Informa\u00e7\u00e3o e a Diretoria de Redes e Telecomunica\u00e7\u00f5es. Superintendente Prof. Dr. Isaac de Lima Oliveira Filho \u2709 isaacoliveira@uern.br Secret\u00e1rio Daniel Costa do Couto \u2709 danielcouto@uern.br &nbsp; Diretoria de Sistemas de Informa\u00e7\u00e3o \u2014 DSI Diretor Charles [&hellip;]<\/p>\n","protected":false},"author":1,"featured_media":0,"parent":0,"menu_order":0,"comment_status":"closed","ping_status":"closed","template":"","meta":[],"_links":{"self":[{"href":"https:\/\/portal.uern.br\/sti\/wp-json\/wp\/v2\/pages\/12"}],"collection":[{"href":"https:\/\/portal.uern.br\/sti\/wp-json\/wp\/v2\/pages"}],"about":[{"href":"https:\/\/portal.uern.br\/sti\/wp-json\/wp\/v2\/types\/page"}],"author":[{"embeddable":true,"href":"https:\/\/portal.uern.br\/sti\/wp-json\/wp\/v2\/users\/1"}],"replies":[{"embeddable":true,"href":"https:\/\/portal.uern.br\/sti\/wp-json\/wp\/v2\/comments?post=12"}],"version-history":[{"count":38,"href":"https:\/\/portal.uern.br\/sti\/wp-json\/wp\/v2\/pages\/12\/revisions"}],"predecessor-version":[{"id":640,"href":"https:\/\/portal.uern.br\/sti\/wp-json\/wp\/v2\/pages\/12\/revisions\/640"}],"wp:attachment":[{"href":"https:\/\/portal.uern.br\/sti\/wp-json\/wp\/v2\/media?parent=12"}],"curies":[{"name":"wp","href":"https:\/\/api.w.org\/{rel}","templated":true}]}}