{"id":35385,"date":"2023-04-26T09:01:15","date_gmt":"2023-04-26T12:01:15","guid":{"rendered":"https:\/\/portal.uern.br\/sobe\/?page_id=35385"},"modified":"2025-06-26T10:03:49","modified_gmt":"2025-06-26T13:03:49","slug":"contato","status":"publish","type":"page","link":"https:\/\/portal.uern.br\/sobe\/contato\/","title":{"rendered":"Contato"},"content":{"rendered":"<p><strong>Endere\u00e7o eletr\u00f4nico:<\/strong> \u2709 <a href=\"mailto:sobe@uern.br\">sobe@uern.br<\/a><br \/>\n<strong>Endere\u00e7o:<\/strong> Rua Almino Afonso, 478, Centro, Mossor\u00f3, CEP 59.610-210<\/p>\n<p><strong>Hor\u00e1rio de funcionamento:<\/strong> Segunda \u00e0 sexta, 8h \u00e0s 14h.<\/p>\n","protected":false},"excerpt":{"rendered":"<p>Endere\u00e7o eletr\u00f4nico: \u2709 sobe@uern.br Endere\u00e7o: Rua Almino Afonso, 478, Centro, Mossor\u00f3, CEP 59.610-210 Hor\u00e1rio de funcionamento: Segunda \u00e0 sexta, 8h \u00e0s 14h.<\/p>\n","protected":false},"author":1,"featured_media":0,"parent":0,"menu_order":0,"comment_status":"closed","ping_status":"closed","template":"","meta":[],"_links":{"self":[{"href":"https:\/\/portal.uern.br\/sobe\/wp-json\/wp\/v2\/pages\/35385"}],"collection":[{"href":"https:\/\/portal.uern.br\/sobe\/wp-json\/wp\/v2\/pages"}],"about":[{"href":"https:\/\/portal.uern.br\/sobe\/wp-json\/wp\/v2\/types\/page"}],"author":[{"embeddable":true,"href":"https:\/\/portal.uern.br\/sobe\/wp-json\/wp\/v2\/users\/1"}],"replies":[{"embeddable":true,"href":"https:\/\/portal.uern.br\/sobe\/wp-json\/wp\/v2\/comments?post=35385"}],"version-history":[{"count":5,"href":"https:\/\/portal.uern.br\/sobe\/wp-json\/wp\/v2\/pages\/35385\/revisions"}],"predecessor-version":[{"id":35565,"href":"https:\/\/portal.uern.br\/sobe\/wp-json\/wp\/v2\/pages\/35385\/revisions\/35565"}],"wp:attachment":[{"href":"https:\/\/portal.uern.br\/sobe\/wp-json\/wp\/v2\/media?parent=35385"}],"curies":[{"name":"wp","href":"https:\/\/api.w.org\/{rel}","templated":true}]}}