{"id":35379,"date":"2023-04-26T09:00:32","date_gmt":"2023-04-26T12:00:32","guid":{"rendered":"https:\/\/portal.uern.br\/sobe\/?page_id=35379"},"modified":"2025-11-13T10:18:53","modified_gmt":"2025-11-13T13:18:53","slug":"equipe","status":"publish","type":"page","link":"https:\/\/portal.uern.br\/sobe\/equipe\/","title":{"rendered":"Equipe"},"content":{"rendered":"<h1><strong>Superintend\u00eancia de Obras e Engenharia\u00a0 &#8211; SOBE<\/strong><\/h1>\n<p>A SOBE \u00e9 composta por uma diretoria, tr\u00eas departamentos e cinco setores.<\/p>\n<p><strong>Superintendente<\/strong><br \/>\nSara Barroso de Oliveira Almeida<br \/>\n\u2709 sarabarroso@uern.br<\/p>\n<p><strong>Secret\u00e1ria<\/strong><br \/>\nRaphaelle de Carvalho Gurgel<br \/>\n\u2709 raphaellegurgel@uern.br<\/p>\n<p>&nbsp;<\/p>\n<h2><strong>Diretoria de Projetos, Obras e Conv\u00eanios<\/strong><\/h2>\n<p><strong>Diretora<\/strong><br \/>\nCybelle Silva Albuquerque de Medeiros Dantas<br \/>\n\u2709 cybellealbuquerque@uern.br<\/p>\n<p><strong>Secret\u00e1ria<\/strong><br \/>\nAnna Rachel Nunes Avelino<br \/>\n\u2709 annarachel@uern.br<\/p>\n<hr \/>\n<h3><\/h3>\n<h3>Departamentos<\/h3>\n<table style=\"border-collapse: collapse;width: 100%;height: 168px\" border=\"1\">\n<tbody>\n<tr style=\"background-color: #c0c0c0\">\n<td style=\"width: 38.9324%;text-align: center;height: 21px;vertical-align: middle\"><strong>Departamento<\/strong><\/td>\n<td style=\"width: 27.7342%;text-align: center;height: 21px;vertical-align: middle\"><strong>Respons\u00e1vel<\/strong><\/td>\n<td style=\"width: 33.3333%;text-align: center;height: 21px;vertical-align: middle\"><strong>Contato<\/strong><\/td>\n<\/tr>\n<tr style=\"height: 21px\">\n<td style=\"width: 38.9324%;height: 21px;text-align: center;vertical-align: middle\">Departamento de Projetos e Or\u00e7amento<\/td>\n<td style=\"width: 27.7342%;height: 21px;text-align: center;vertical-align: middle\">Bruno Freitas de Paiva<\/td>\n<td style=\"width: 33.3333%;height: 21px;text-align: center;vertical-align: middle\">brunofreitas@uern.br<\/td>\n<\/tr>\n<tr style=\"height: 21px\">\n<td style=\"width: 38.9324%;height: 21px;text-align: center;vertical-align: middle\">Departamento de Engenharia e Manuten\u00e7\u00e3o Predial<\/td>\n<td style=\"width: 27.7342%;height: 21px;text-align: center;vertical-align: middle\"><span class=\"fontstyle0\">Osmidio Dantas Cavalcante Neto Segundo<br \/>\n<\/span><\/td>\n<td style=\"width: 33.3333%;height: 21px;text-align: center;vertical-align: middle\">osmidioneto@uern.br<\/td>\n<\/tr>\n<tr style=\"height: 21px\">\n<td style=\"width: 38.9324%;height: 21px;text-align: center;vertical-align: middle\">Departamento de Conv\u00eanios<\/td>\n<td style=\"width: 27.7342%;height: 21px;text-align: center;vertical-align: middle\">Noberto Andrey Rodrigues de Negreiros<\/td>\n<td style=\"width: 33.3333%;height: 21px;text-align: center;vertical-align: middle\">nobertonegreiros@uern.br<\/td>\n<\/tr>\n<\/tbody>\n<\/table>\n<hr \/>\n<h3><\/h3>\n<h3>Setores<\/h3>\n<table style=\"border-collapse: collapse;width: 100%;height: 168px\" border=\"1\">\n<tbody>\n<tr style=\"background-color: #c0c0c0\">\n<td style=\"width: 38.9324%;text-align: center;height: 21px;vertical-align: middle\"><strong>Setor<\/strong><\/td>\n<td style=\"width: 27.7342%;text-align: center;height: 21px;vertical-align: middle\"><strong>Respons\u00e1vel<\/strong><\/td>\n<td style=\"width: 33.3333%;text-align: center;height: 21px;vertical-align: middle\"><strong>Contato<\/strong><\/td>\n<\/tr>\n<tr style=\"height: 21px\">\n<td style=\"width: 38.9324%;height: 21px;text-align: center;vertical-align: middle\">Setor de Projetos Arquitet\u00f4nicos<\/td>\n<td style=\"width: 27.7342%;height: 21px;text-align: center;vertical-align: middle\">Bruna Larine Dantas de Medeiros<\/td>\n<td style=\"width: 33.3333%;height: 21px;text-align: center;vertical-align: middle\">brunalarine@uern.br<\/td>\n<\/tr>\n<tr style=\"height: 21px\">\n<td style=\"width: 38.9324%;height: 21px;text-align: center;vertical-align: middle\">Setor de Projetos Complementares e Or\u00e7amento<\/td>\n<td style=\"width: 27.7342%;height: 21px;text-align: center;vertical-align: middle\"><span class=\"fontstyle0\">Palloma Thayn\u00e1 Vieira<br \/>\n<\/span><\/td>\n<td style=\"width: 33.3333%;height: 21px;text-align: center;vertical-align: middle\">pallomathayna@uern.br<\/td>\n<\/tr>\n<tr style=\"height: 21px\">\n<td style=\"width: 38.9324%;height: 21px;text-align: center;vertical-align: middle\">Setor de Engenharia El\u00e9trica e Gest\u00e3o Ambiental<\/td>\n<td style=\"width: 27.7342%;height: 21px;text-align: center;vertical-align: middle\">Maria Teresa Targino Macedo Silveira<\/td>\n<td style=\"width: 33.3333%;height: 21px;text-align: center;vertical-align: middle\">mariateresa@uern.br<\/td>\n<\/tr>\n<tr style=\"height: 21px\">\n<td style=\"width: 38.9324%;height: 21px;text-align: center;vertical-align: middle\">Setor de Regulariza\u00e7\u00e3o Urban\u00edstica<\/td>\n<td style=\"width: 27.7342%;height: 21px;text-align: center;vertical-align: middle\">&#8211;<\/td>\n<td style=\"width: 33.3333%;height: 21px;text-align: center;vertical-align: middle\">&#8211;<\/td>\n<\/tr>\n<tr style=\"height: 21px\">\n<td style=\"width: 38.9324%;height: 21px;text-align: center;vertical-align: middle\">Setor de Fiscaliza\u00e7\u00e3o de Obras e Seguran\u00e7a do Trabalho<\/td>\n<td style=\"width: 27.7342%;height: 21px;text-align: center;vertical-align: middle\">Alyssandny Francisco Matos Xavier<\/td>\n<td style=\"width: 33.3333%;height: 21px;text-align: center;vertical-align: middle\">alyssandnymatos@uern.br<\/td>\n<\/tr>\n<\/tbody>\n<\/table>\n<hr \/>\n<p>&nbsp;<\/p>\n<h3>Corpo T\u00e9cnico Especializado<\/h3>\n<table style=\"border-collapse: collapse;width: 100%;height: 168px\" border=\"1\">\n<tbody>\n<tr style=\"background-color: #c0c0c0\">\n<td style=\"width: 75%;text-align: center;height: 21px;vertical-align: middle\"><strong>Arquitetura<\/strong><\/td>\n<td style=\"width: 25%;text-align: center;height: 21px;vertical-align: middle\"><strong>Contato<\/strong><\/td>\n<\/tr>\n<tr style=\"height: 21px\">\n<td style=\"width: 75%;height: 21px;text-align: center;vertical-align: middle\">Bruna Larine Dantas de Medeiros<\/td>\n<td style=\"width: 25%;height: 21px;text-align: center;vertical-align: middle\">brunalarine@uern.br<\/td>\n<\/tr>\n<tr style=\"height: 21px\">\n<td style=\"width: 75%;height: 21px;text-align: center;vertical-align: middle\">Karine Maria Gon\u00e7alves Cortez<\/td>\n<td style=\"width: 25%;height: 21px;text-align: center;vertical-align: middle\">karinacortez@uern.br<\/td>\n<\/tr>\n<tr style=\"height: 21px\">\n<td style=\"width: 75%;height: 21px;text-align: center;vertical-align: middle\">Lauro Felipe de Mendon\u00e7a J\u00fanior<\/td>\n<td style=\"width: 25%;height: 21px;text-align: center;vertical-align: middle\">laurofelipe@uern.br<\/td>\n<\/tr>\n<tr style=\"height: 21px\">\n<td style=\"width: 75%;height: 21px;text-align: center;vertical-align: middle\">Melissa Santos Vieira<\/td>\n<td style=\"width: 25%;height: 21px;text-align: center;vertical-align: middle\">melissavieira@uern.br<\/td>\n<\/tr>\n<tr style=\"background-color: #c0c0c0\">\n<td style=\"width: 75%;text-align: center;height: 21px;vertical-align: middle\"><strong>Engenharia Civil<\/strong><\/td>\n<td style=\"width: 25%;text-align: center;height: 21px;vertical-align: middle\"><strong>Contato<\/strong><\/td>\n<\/tr>\n<tr style=\"height: 21px\">\n<td style=\"width: 75%;height: 21px;text-align: center;vertical-align: middle\">Alyssandny Francisco Matos Xavier<\/td>\n<td style=\"width: 25%;height: 21px;text-align: center;vertical-align: middle\">alyssandnymatos@uern.br<\/td>\n<\/tr>\n<tr style=\"height: 21px\">\n<td style=\"width: 75%;height: 21px;text-align: center;vertical-align: middle\">Mayara de Freitas Medeiros Ara\u00fajo<\/td>\n<td style=\"width: 25%;height: 21px;text-align: center;vertical-align: middle\">mayaramedeiros@uern.br<\/td>\n<\/tr>\n<tr style=\"height: 21px\">\n<td style=\"width: 75%;height: 21px;text-align: center;vertical-align: middle\">Osmidio Dantas Cavalcante Neto Segundo<\/td>\n<td style=\"width: 25%;height: 21px;text-align: center;vertical-align: middle\">osmidioneto@uern.br<\/td>\n<\/tr>\n<tr style=\"background-color: #c0c0c0\">\n<td style=\"width: 75%;text-align: center;height: 21px;vertical-align: middle\"><strong>T\u00e9cnico em Edifica\u00e7\u00f5es<\/strong><\/td>\n<td style=\"width: 25%;text-align: center;height: 21px;vertical-align: middle\"><strong>Contato<\/strong><\/td>\n<\/tr>\n<tr style=\"height: 21px\">\n<td style=\"width: 75%;height: 21px;text-align: center;vertical-align: middle\">Bruno Freitas de Paiva<\/td>\n<td style=\"width: 25%;height: 21px;text-align: center;vertical-align: middle\">brunofreitas@uern.br<\/td>\n<\/tr>\n<tr style=\"background-color: #c0c0c0\">\n<td style=\"width: 75%;text-align: center;height: 21px;vertical-align: middle\"><strong>Engenharia El\u00e9trica<\/strong><\/td>\n<td style=\"width: 25%;text-align: center;height: 21px;vertical-align: middle\"><strong>Contato<\/strong><\/td>\n<\/tr>\n<tr style=\"height: 21px\">\n<td style=\"width: 75%;height: 21px;text-align: center;vertical-align: middle\">Maria Teresa Targino Macedo Silveira<\/td>\n<td style=\"width: 25%;height: 21px;text-align: center;vertical-align: middle\">mariateresa@uern.br<\/td>\n<\/tr>\n<tr style=\"height: 21px\">\n<td style=\"width: 75%;height: 21px;text-align: center;vertical-align: middle\">Nikolas Iohanathan Felipe de Oliveira<\/td>\n<td style=\"width: 25%;height: 21px;text-align: center;vertical-align: middle\">nikolasiohanathan@uern.br<\/td>\n<\/tr>\n<tr style=\"background-color: #c0c0c0\">\n<td style=\"width: 75%;text-align: center;height: 21px;vertical-align: middle\"><strong>Engenharia de Seguran\u00e7a do Trabalho<\/strong><\/td>\n<td style=\"width: 25%;text-align: center;height: 21px;vertical-align: middle\"><strong>Contato<\/strong><\/td>\n<\/tr>\n<tr style=\"height: 21px\">\n<td style=\"width: 75%;height: 21px;text-align: center;vertical-align: middle\">Sara Barroso de Oliveira Almeida<\/td>\n<td style=\"width: 25%;height: 21px;text-align: center;vertical-align: middle\">sarabarroso@uern.br<\/td>\n<\/tr>\n<tr style=\"background-color: #c0c0c0\">\n<td style=\"width: 75%;text-align: center;height: 21px;vertical-align: middle\"><strong>T\u00e9cnico em Seguran\u00e7a do Trabalho<\/strong><\/td>\n<td style=\"width: 25%;text-align: center;height: 21px;vertical-align: middle\"><strong>Contato<\/strong><\/td>\n<\/tr>\n<tr style=\"height: 21px\">\n<td style=\"width: 75%;height: 21px;text-align: center;vertical-align: middle\">Valdenilson Gomes de Ara\u00fajo<\/td>\n<td style=\"width: 25%;height: 21px;text-align: center;vertical-align: middle\">valdenilsongomes@uern.br<\/td>\n<\/tr>\n<\/tbody>\n<\/table>\n<h3>Corpo T\u00e9cnico Auxiliar<\/h3>\n<table style=\"border-collapse: collapse;width: 100%;height: 168px\" border=\"1\">\n<tbody>\n<tr style=\"background-color: #c0c0c0\">\n<td style=\"width: 75%;text-align: center;height: 21px;vertical-align: middle\"><strong>N\u00edvel Superior<\/strong><\/td>\n<td style=\"width: 25%;text-align: center;height: 21px;vertical-align: middle\"><strong>Contato<\/strong><\/td>\n<\/tr>\n<tr style=\"height: 21px\">\n<td style=\"width: 75%;height: 21px;text-align: center;vertical-align: middle\">Palloma Thayn\u00e1 Vieira<\/td>\n<td style=\"width: 25%;height: 21px;text-align: center;vertical-align: middle\">pallomathayna@uern.br<\/td>\n<\/tr>\n<tr style=\"background-color: #c0c0c0\">\n<td style=\"width: 75%;text-align: center;height: 21px;vertical-align: middle\"><strong>N\u00edvel M\u00e9dio<\/strong><\/td>\n<td style=\"width: 25%;text-align: center;height: 21px;vertical-align: middle\"><strong>Contato<\/strong><\/td>\n<\/tr>\n<tr style=\"height: 21px\">\n<td style=\"width: 75%;height: 21px;text-align: center;vertical-align: middle\">Sanderson Aron Moura Gurgel Sinedino de Oliveira<\/td>\n<td style=\"width: 25%;height: 21px;text-align: center;vertical-align: middle\">sandersonaron@uern.br<\/td>\n<\/tr>\n<\/tbody>\n<\/table>\n<hr \/>\n<h3>Organograma<\/h3>\n<p>O organograma desta Superintend\u00eancia foi aprovado no dia 1 de setembro de 2022, atrav\u00e9s da Resolu\u00e7\u00e3o n\u00ba. 59\/2022, <a href=\"http:\/\/portal.uern.br\/wp-content\/uploads\/2022\/09\/Organogramas.pdf\">Anexo III,<\/a> do Conselho Diretor (CD) da Funda\u00e7\u00e3o Universidade do Estado do Rio Grande do Norte (FUERN).<\/p>\n<p><img fetchpriority=\"high\" decoding=\"async\" class=\"aligncenter size-large wp-image-35405\" src=\"https:\/\/portal.uern.br\/sobe\/wp-content\/uploads\/sites\/24\/2023\/04\/SOBE_Organograma-1-1024x780.jpg\" alt=\"Organograma da Superintend\u00eancia de Obras e Engenharia - SOBE\" width=\"800\" height=\"609\" srcset=\"https:\/\/portal.uern.br\/sobe\/wp-content\/uploads\/sites\/24\/2023\/04\/SOBE_Organograma-1-1024x780.jpg 1024w, https:\/\/portal.uern.br\/sobe\/wp-content\/uploads\/sites\/24\/2023\/04\/SOBE_Organograma-1-300x228.jpg 300w, https:\/\/portal.uern.br\/sobe\/wp-content\/uploads\/sites\/24\/2023\/04\/SOBE_Organograma-1-768x585.jpg 768w, https:\/\/portal.uern.br\/sobe\/wp-content\/uploads\/sites\/24\/2023\/04\/SOBE_Organograma-1-1536x1170.jpg 1536w, https:\/\/portal.uern.br\/sobe\/wp-content\/uploads\/sites\/24\/2023\/04\/SOBE_Organograma-1-2048x1560.jpg 2048w\" sizes=\"(max-width: 800px) 100vw, 800px\" \/><\/p>\n<p>&nbsp;<\/p>\n","protected":false},"excerpt":{"rendered":"<p>Superintend\u00eancia de Obras e Engenharia\u00a0 &#8211; SOBE A SOBE \u00e9 composta por uma diretoria, tr\u00eas departamentos e cinco setores. Superintendente Sara Barroso de Oliveira Almeida \u2709 sarabarroso@uern.br Secret\u00e1ria Raphaelle de Carvalho Gurgel \u2709 raphaellegurgel@uern.br &nbsp; Diretoria de Projetos, Obras e Conv\u00eanios Diretora Cybelle Silva Albuquerque de Medeiros Dantas \u2709 cybellealbuquerque@uern.br Secret\u00e1ria Anna Rachel Nunes Avelino [&hellip;]<\/p>\n","protected":false},"author":1,"featured_media":0,"parent":0,"menu_order":0,"comment_status":"closed","ping_status":"closed","template":"","meta":[],"_links":{"self":[{"href":"https:\/\/portal.uern.br\/sobe\/wp-json\/wp\/v2\/pages\/35379"}],"collection":[{"href":"https:\/\/portal.uern.br\/sobe\/wp-json\/wp\/v2\/pages"}],"about":[{"href":"https:\/\/portal.uern.br\/sobe\/wp-json\/wp\/v2\/types\/page"}],"author":[{"embeddable":true,"href":"https:\/\/portal.uern.br\/sobe\/wp-json\/wp\/v2\/users\/1"}],"replies":[{"embeddable":true,"href":"https:\/\/portal.uern.br\/sobe\/wp-json\/wp\/v2\/comments?post=35379"}],"version-history":[{"count":18,"href":"https:\/\/portal.uern.br\/sobe\/wp-json\/wp\/v2\/pages\/35379\/revisions"}],"predecessor-version":[{"id":35571,"href":"https:\/\/portal.uern.br\/sobe\/wp-json\/wp\/v2\/pages\/35379\/revisions\/35571"}],"wp:attachment":[{"href":"https:\/\/portal.uern.br\/sobe\/wp-json\/wp\/v2\/media?parent=35379"}],"curies":[{"name":"wp","href":"https:\/\/api.w.org\/{rel}","templated":true}]}}