{"id":35377,"date":"2023-04-26T09:00:18","date_gmt":"2023-04-26T12:00:18","guid":{"rendered":"https:\/\/portal.uern.br\/sobe\/?page_id=35377"},"modified":"2023-04-27T14:12:32","modified_gmt":"2023-04-27T17:12:32","slug":"apresentacao","status":"publish","type":"page","link":"https:\/\/portal.uern.br\/sobe\/","title":{"rendered":"Apresenta\u00e7\u00e3o"},"content":{"rendered":"<p style=\"text-align: justify\">A <strong>Superintend\u00eancia de Obras e Engenharia &#8211; SOBE<\/strong> \u00e9 um \u00f3rg\u00e3o interno especializado da <strong>Universidade do Estado do Rio Grande do Norte \u2013 UERN<\/strong>, sediado no pr\u00e9dio da Reitoria, com o objetivo de prestar apoio t\u00e9cnico em arquitetura e engenharia \u00e0 institui\u00e7\u00e3o em todas as suas unidades, em seus processos de planejamento e execu\u00e7\u00e3o de obras e reformas na infraestrutura f\u00edsica.<\/p>\n<p style=\"text-align: justify\">Com uma equipe t\u00e9cnica composta por arquitetos, engenheiros civis, engenheiros eletricistas, gestor ambiental, engenheira de seguran\u00e7a do trabalho e equipe de apoio administrativo, a Superintend\u00eancia de Obras acolhe demandas de projetos arquitet\u00f4nicos e complementares de constru\u00e7\u00e3o de diferentes portes e reformas diversas nos espa\u00e7os f\u00edsicos existentes, fiscaliza\u00e7\u00e3o de contratos de obras e servi\u00e7os de engenharia, licen\u00e7as ambientais, licen\u00e7as de opera\u00e7\u00e3o e alvar\u00e1s das propriedades, emiss\u00e3o de laudos t\u00e9cnicos, pareceres e documentos complementares nas respectivas \u00e1reas, elabora\u00e7\u00e3o de or\u00e7amento de obras e interven\u00e7\u00f5es de infraestrutura e demais servi\u00e7os de compet\u00eancia t\u00e9cnica dos profissionais de arquitetura e engenharia, observando as normas e especifica\u00e7\u00f5es vigentes.<\/p>\n","protected":false},"excerpt":{"rendered":"<p>A Superintend\u00eancia de Obras e Engenharia &#8211; SOBE \u00e9 um \u00f3rg\u00e3o interno especializado da Universidade do Estado do Rio Grande do Norte \u2013 UERN, sediado no pr\u00e9dio da Reitoria, com o objetivo de prestar apoio t\u00e9cnico em arquitetura e engenharia \u00e0 institui\u00e7\u00e3o em todas as suas unidades, em seus processos de planejamento e execu\u00e7\u00e3o de [&hellip;]<\/p>\n","protected":false},"author":1,"featured_media":0,"parent":0,"menu_order":0,"comment_status":"closed","ping_status":"closed","template":"","meta":[],"_links":{"self":[{"href":"https:\/\/portal.uern.br\/sobe\/wp-json\/wp\/v2\/pages\/35377"}],"collection":[{"href":"https:\/\/portal.uern.br\/sobe\/wp-json\/wp\/v2\/pages"}],"about":[{"href":"https:\/\/portal.uern.br\/sobe\/wp-json\/wp\/v2\/types\/page"}],"author":[{"embeddable":true,"href":"https:\/\/portal.uern.br\/sobe\/wp-json\/wp\/v2\/users\/1"}],"replies":[{"embeddable":true,"href":"https:\/\/portal.uern.br\/sobe\/wp-json\/wp\/v2\/comments?post=35377"}],"version-history":[{"count":3,"href":"https:\/\/portal.uern.br\/sobe\/wp-json\/wp\/v2\/pages\/35377\/revisions"}],"predecessor-version":[{"id":35412,"href":"https:\/\/portal.uern.br\/sobe\/wp-json\/wp\/v2\/pages\/35377\/revisions\/35412"}],"wp:attachment":[{"href":"https:\/\/portal.uern.br\/sobe\/wp-json\/wp\/v2\/media?parent=35377"}],"curies":[{"name":"wp","href":"https:\/\/api.w.org\/{rel}","templated":true}]}}