{"id":891,"date":"2023-03-02T11:16:29","date_gmt":"2023-03-02T14:16:29","guid":{"rendered":"https:\/\/portal.uern.br\/proplan\/?page_id=891"},"modified":"2025-08-07T11:43:02","modified_gmt":"2025-08-07T14:43:02","slug":"convenios-2022","status":"publish","type":"page","link":"https:\/\/portal.uern.br\/proplan\/convenios-2022\/","title":{"rendered":"Conv\u00eanios 2022"},"content":{"rendered":"<p><strong>CONV\u00caNIO<\/strong><\/p>\n<p><strong>Proposta n\u00ba 23746\/2022<br \/>\n<\/strong><\/p>\n<p><strong>Conv\u00eanio n\u00ba 936587\/2022<br \/>\n<\/strong><\/p>\n<p><strong>Objeto:<\/strong> O presente Plano de Trabalho tem como objeto a forma\u00e7\u00e3o de licenciados, tecn\u00f3logos e\/ou a certifica\u00e7\u00e3o de especialistas, mediante os cursos superiores ou programas e\u00a0 projetos especiais exclusivamente aprovados pelo Sistema Universidade Aberta do Brasil (UAB) e executados pela FUERN.<\/p>\n<p><strong>Valor Global:<\/strong>\u00a0R$ 2.619.484,00<\/p>\n<p><strong>Valor da Contrapartida:<\/strong>\u00a0R$ 26.194,00<\/p>\n<p><strong>Desembolso:<\/strong> R$ 914.490,00<\/p>\n<p><strong>Percentual executado do Plano de Trabalho:<\/strong> 7,90%<\/p>\n<p><strong>Vig\u00eancia:<\/strong> 29\/12\/2028<\/p>\n<p><strong>Situa\u00e7\u00e3o:<\/strong> Em execu\u00e7\u00e3o.<\/p>\n<p><strong>Anexo: <\/strong><a href=\"http:\/\/www.uern.br\/controledepaginas\/proplan-convenios-2022\/arquivos\/7292_extrato_proposta_023746.2022.pdf\">Extrato da Proposta<\/a><\/p>\n<p>Maiores informa\u00e7\u00f5es acesse o <a href=\"http:\/\/www.portaltransparencia.gov.br\/convenios\/902727?ordenarPor=data&amp;direcao=desc\">Portal da Transpar\u00eancia<\/a><\/p>\n","protected":false},"excerpt":{"rendered":"<p>CONV\u00caNIO Proposta n\u00ba 23746\/2022 Conv\u00eanio n\u00ba 936587\/2022 Objeto: O presente Plano de Trabalho tem como objeto a forma\u00e7\u00e3o de licenciados, tecn\u00f3logos e\/ou a certifica\u00e7\u00e3o de especialistas, mediante os cursos superiores ou programas e\u00a0 projetos especiais exclusivamente aprovados pelo Sistema Universidade Aberta do Brasil (UAB) e executados pela FUERN. Valor Global:\u00a0R$ 2.619.484,00 Valor da Contrapartida:\u00a0R$ 26.194,00 [&hellip;]<\/p>\n","protected":false},"author":2,"featured_media":0,"parent":0,"menu_order":0,"comment_status":"closed","ping_status":"closed","template":"","meta":{"footnotes":""},"class_list":["post-891","page","type-page","status-publish","hentry"],"_links":{"self":[{"href":"https:\/\/portal.uern.br\/proplan\/wp-json\/wp\/v2\/pages\/891","targetHints":{"allow":["GET"]}}],"collection":[{"href":"https:\/\/portal.uern.br\/proplan\/wp-json\/wp\/v2\/pages"}],"about":[{"href":"https:\/\/portal.uern.br\/proplan\/wp-json\/wp\/v2\/types\/page"}],"author":[{"embeddable":true,"href":"https:\/\/portal.uern.br\/proplan\/wp-json\/wp\/v2\/users\/2"}],"replies":[{"embeddable":true,"href":"https:\/\/portal.uern.br\/proplan\/wp-json\/wp\/v2\/comments?post=891"}],"version-history":[{"count":3,"href":"https:\/\/portal.uern.br\/proplan\/wp-json\/wp\/v2\/pages\/891\/revisions"}],"predecessor-version":[{"id":2426,"href":"https:\/\/portal.uern.br\/proplan\/wp-json\/wp\/v2\/pages\/891\/revisions\/2426"}],"wp:attachment":[{"href":"https:\/\/portal.uern.br\/proplan\/wp-json\/wp\/v2\/media?parent=891"}],"curies":[{"name":"wp","href":"https:\/\/api.w.org\/{rel}","templated":true}]}}