{"id":889,"date":"2023-03-02T11:14:41","date_gmt":"2023-03-02T14:14:41","guid":{"rendered":"https:\/\/portal.uern.br\/proplan\/?page_id=889"},"modified":"2025-08-07T11:39:59","modified_gmt":"2025-08-07T14:39:59","slug":"convenios-2020","status":"publish","type":"page","link":"https:\/\/portal.uern.br\/proplan\/convenios-2020\/","title":{"rendered":"Conv\u00eanios 2020"},"content":{"rendered":"<p><strong>CONV\u00caNIO<\/strong><\/p>\n<p><strong>Proposta n\u00ba 7635\/2020<\/strong><\/p>\n<p><strong>Conv\u00eanio n\u00ba 902727\/2020<\/strong><\/p>\n<p><strong>Objeto:<\/strong> Oferta dos cursos de Licenciatura em M\u00fasica; Letras \u2013 L\u00edngua Inglesa; Letras \u2013 Libras e Educa\u00e7\u00e3o do Campo, na modalidade de educa\u00e7\u00e3o \u00e0 dist\u00e2ncia, no \u00e2mbito do Sistema Universidade Aberta di Brasil (UAB), da Coordena\u00e7\u00e3o de Aperfei\u00e7oamento de Pessoal de N\u00edvel Superior (CAPES).<\/p>\n<p><strong>Valor Global:<\/strong>\u00a0R$ 1.458.800,00<\/p>\n<p><strong>Valor da Contrapartida:<\/strong>\u00a0R$ 14.558,00<\/p>\n<p><strong>Desembolso:<\/strong> R$ 532.462,00, em dezembro\/2020 e R$ 364.700,00 em dezembro\/2022.<\/p>\n<p><strong>Percentual executado do Plano de Trabalho:<\/strong> 68,09%<\/p>\n<p><strong>Vig\u00eancia:<\/strong> 20\/10\/2026<\/p>\n<p><strong>Situa\u00e7\u00e3o:<\/strong> Em execu\u00e7\u00e3o.<\/p>\n<p><strong>Anexo: <\/strong><a href=\"https:\/\/www.uern.br\/controledepaginas\/proplan-convenios-2020\/arquivos\/6058_extrato_proposta_7635.2020.pdf\">Extrato da Proposta<\/a><\/p>\n<p>Maiores informa\u00e7\u00f5es acesse o <a href=\"http:\/\/www.portaltransparencia.gov.br\/convenios\/902727?ordenarPor=data&amp;direcao=desc\">Portal da Transpar\u00eancia<\/a><\/p>\n","protected":false},"excerpt":{"rendered":"<p>CONV\u00caNIO Proposta n\u00ba 7635\/2020 Conv\u00eanio n\u00ba 902727\/2020 Objeto: Oferta dos cursos de Licenciatura em M\u00fasica; Letras \u2013 L\u00edngua Inglesa; Letras \u2013 Libras e Educa\u00e7\u00e3o do Campo, na modalidade de educa\u00e7\u00e3o \u00e0 dist\u00e2ncia, no \u00e2mbito do Sistema Universidade Aberta di Brasil (UAB), da Coordena\u00e7\u00e3o de Aperfei\u00e7oamento de Pessoal de N\u00edvel Superior (CAPES). Valor Global:\u00a0R$ 1.458.800,00 Valor [&hellip;]<\/p>\n","protected":false},"author":2,"featured_media":0,"parent":0,"menu_order":0,"comment_status":"closed","ping_status":"closed","template":"","meta":{"footnotes":""},"class_list":["post-889","page","type-page","status-publish","hentry"],"_links":{"self":[{"href":"https:\/\/portal.uern.br\/proplan\/wp-json\/wp\/v2\/pages\/889","targetHints":{"allow":["GET"]}}],"collection":[{"href":"https:\/\/portal.uern.br\/proplan\/wp-json\/wp\/v2\/pages"}],"about":[{"href":"https:\/\/portal.uern.br\/proplan\/wp-json\/wp\/v2\/types\/page"}],"author":[{"embeddable":true,"href":"https:\/\/portal.uern.br\/proplan\/wp-json\/wp\/v2\/users\/2"}],"replies":[{"embeddable":true,"href":"https:\/\/portal.uern.br\/proplan\/wp-json\/wp\/v2\/comments?post=889"}],"version-history":[{"count":2,"href":"https:\/\/portal.uern.br\/proplan\/wp-json\/wp\/v2\/pages\/889\/revisions"}],"predecessor-version":[{"id":2424,"href":"https:\/\/portal.uern.br\/proplan\/wp-json\/wp\/v2\/pages\/889\/revisions\/2424"}],"wp:attachment":[{"href":"https:\/\/portal.uern.br\/proplan\/wp-json\/wp\/v2\/media?parent=889"}],"curies":[{"name":"wp","href":"https:\/\/api.w.org\/{rel}","templated":true}]}}