{"id":887,"date":"2023-03-02T11:13:23","date_gmt":"2023-03-02T14:13:23","guid":{"rendered":"https:\/\/portal.uern.br\/proplan\/?page_id=887"},"modified":"2025-08-07T11:39:18","modified_gmt":"2025-08-07T14:39:18","slug":"convenios-2018","status":"publish","type":"page","link":"https:\/\/portal.uern.br\/proplan\/convenios-2018\/","title":{"rendered":"Conv\u00eanios 2018"},"content":{"rendered":"<p><strong>CONV\u00caNIO \u2013\u00a0MEC\/CAPES\/UERN \u2013 2018 (PARFOR)<\/strong><\/p>\n<p><strong>Conv\u00eanio n\u00ba 879452\/2018 &#8211; SICONV<br \/>\n<\/strong><\/p>\n<p><strong>Objeto:<\/strong> O presente conv\u00eanio tem por objeto a implanta\u00e7\u00e3o e manuten\u00e7\u00e3o de turmas especiais em cursos de Licenciatura, no \u00e2mbito do Programa Nacional de Forma\u00e7\u00e3o de Professores da Educa\u00e7\u00e3o B\u00e1sica \u2013 PARFOR, selecionadas por meio do Edital 19\/2018. O projeto firmado ser\u00e1 executado conforme a demanda de todas as atividades desenvolvidas implicadas ao Curso de Pedagogia no Campus Avan\u00e7ado de A\u00e7\u00fa. O p\u00fablico alvo do projeto s\u00e3o professores vinculados da rede p\u00fablica da educa\u00e7\u00e3o b\u00e1sica de municipal e estadual do Rio Grande do Norte, contemplam 9 munic\u00edpios Itaj\u00e1, A\u00e7\u00fa, Ipangua\u00e7u, Para\u00fa, Carnaubais, Alto do Rodrigues, S\u00e3o Rafael, Fernando Pedroza e Lajes.<\/p>\n<p><strong>Valor Global:<\/strong> R$ 135.000,00<\/p>\n<p><strong>Valor da Contrapartida:<\/strong> R$ 1.350,00<\/p>\n<p><strong>Desembolso:<\/strong> R$ 133.650,00<\/p>\n<p><strong>Percentual executado do Plano de Trabalho:<\/strong> 9,85%<\/p>\n<p><strong>Vig\u00eancia:<\/strong> 31\/12\/2022<\/p>\n<p><strong>Situa\u00e7\u00e3o: <\/strong>Presta\u00e7\u00e3o de Contas enviada para an\u00e1lise.<\/p>\n<p><strong>Anexo: <\/strong><a href=\"https:\/\/www.uern.br\/controledepaginas\/proplan-convenios-2018\/arquivos\/5082_pad_879452.pdf\">Plano de Aplica\u00e7\u00e3o Detalhado<\/a><\/p>\n<p>Maiores informa\u00e7\u00f5es acesse o <a href=\"http:\/\/www.portaldatransparencia.gov.br\/convenios\/879452?ordenarPor=data&amp;direcao=desc\">Portal da Transpar\u00eancia<\/a><\/p>\n","protected":false},"excerpt":{"rendered":"<p>CONV\u00caNIO \u2013\u00a0MEC\/CAPES\/UERN \u2013 2018 (PARFOR) Conv\u00eanio n\u00ba 879452\/2018 &#8211; SICONV Objeto: O presente conv\u00eanio tem por objeto a implanta\u00e7\u00e3o e manuten\u00e7\u00e3o de turmas especiais em cursos de Licenciatura, no \u00e2mbito do Programa Nacional de Forma\u00e7\u00e3o de Professores da Educa\u00e7\u00e3o B\u00e1sica \u2013 PARFOR, selecionadas por meio do Edital 19\/2018. O projeto firmado ser\u00e1 executado conforme a [&hellip;]<\/p>\n","protected":false},"author":2,"featured_media":0,"parent":0,"menu_order":0,"comment_status":"closed","ping_status":"closed","template":"","meta":{"footnotes":""},"class_list":["post-887","page","type-page","status-publish","hentry"],"_links":{"self":[{"href":"https:\/\/portal.uern.br\/proplan\/wp-json\/wp\/v2\/pages\/887","targetHints":{"allow":["GET"]}}],"collection":[{"href":"https:\/\/portal.uern.br\/proplan\/wp-json\/wp\/v2\/pages"}],"about":[{"href":"https:\/\/portal.uern.br\/proplan\/wp-json\/wp\/v2\/types\/page"}],"author":[{"embeddable":true,"href":"https:\/\/portal.uern.br\/proplan\/wp-json\/wp\/v2\/users\/2"}],"replies":[{"embeddable":true,"href":"https:\/\/portal.uern.br\/proplan\/wp-json\/wp\/v2\/comments?post=887"}],"version-history":[{"count":2,"href":"https:\/\/portal.uern.br\/proplan\/wp-json\/wp\/v2\/pages\/887\/revisions"}],"predecessor-version":[{"id":2423,"href":"https:\/\/portal.uern.br\/proplan\/wp-json\/wp\/v2\/pages\/887\/revisions\/2423"}],"wp:attachment":[{"href":"https:\/\/portal.uern.br\/proplan\/wp-json\/wp\/v2\/media?parent=887"}],"curies":[{"name":"wp","href":"https:\/\/api.w.org\/{rel}","templated":true}]}}