{"id":885,"date":"2023-03-02T11:11:39","date_gmt":"2023-03-02T14:11:39","guid":{"rendered":"https:\/\/portal.uern.br\/proplan\/?page_id=885"},"modified":"2025-08-07T11:38:18","modified_gmt":"2025-08-07T14:38:18","slug":"convenios-2017","status":"publish","type":"page","link":"https:\/\/portal.uern.br\/proplan\/convenios-2017\/","title":{"rendered":"Conv\u00eanios 2017"},"content":{"rendered":"<p><strong>CONV\u00caNIO \u2013\u00a0MEC\/CAPES\/UERN \u2013 2017<\/strong><\/p>\n<p><strong>Conv\u00eanio n\u00ba 849543\/2017 &#8211; SICONV<br \/>\n<\/strong><\/p>\n<p><strong>Objeto:<\/strong> Ofertar o Curso de P\u00f3s-Gradua\u00e7\u00e3o lato sensu em M\u00eddias na Educa\u00e7\u00e3o, no \u00e2mbito do Sistema Universidade Aberta do Brasil (UAB), da Coordena\u00e7\u00e3o de Aperfei\u00e7oamento de Pessoal de N\u00edvel Superior (CAPES).<\/p>\n<p><strong>Valor Global:<\/strong> R$ 257.000,00<\/p>\n<p><strong>Valor da Contrapartida:<\/strong> R$ 2.570,00<\/p>\n<p><strong>Desembolso:<\/strong> R$ 254.430,00<\/p>\n<p><strong>Percentual executado do Plano de Trabalho:<\/strong> 49,96%<\/p>\n<p><strong>Vig\u00eancia:<\/strong> 31\/12\/2023<\/p>\n<p><strong>Situa\u00e7\u00e3o: <\/strong>Presta\u00e7\u00e3o de Contas enviada para an\u00e1lise.<\/p>\n<p><strong>Anexo: <\/strong><a href=\"https:\/\/www.uern.br\/controledepaginas\/proplan-convenios-2017\/arquivos\/5081_pad_849543.pdf\">Plano de Aplica\u00e7\u00e3o Detalhado<\/a><\/p>\n<p>Maiores informa\u00e7\u00f5es acesse o <a href=\"http:\/\/www.portaldatransparencia.gov.br\/convenios\/849543?ordenarPor=data&amp;direcao=desc\">Portal da Transpar\u00eancia<\/a><\/p>\n<hr \/>\n<p><strong>CONV\u00caNIO \u2013\u00a0UAB\/MEC\/CAPES \u2013 2017<\/strong><\/p>\n<p><strong>Conv\u00eanio n\u00ba 849544\/2017 &#8211; SICONV<br \/>\n<\/strong><\/p>\n<p><strong>Objeto:<\/strong> Oferta do curso de Gradua\u00e7\u00e3o Licenciatura em Letras com Habilita\u00e7\u00e3o em L\u00edngua Portuguesa, na modalidade a dist\u00e2ncia, no \u00e2mbito do Sistema Universidade Aberta do Brasil (UAB), da Coordena\u00e7\u00e3o de Aperfei\u00e7oamento de Pessoal de N\u00edvel Superior (CAPES).<\/p>\n<p><strong>Valor Global:<\/strong> R$ 733.000,00<\/p>\n<p><strong>Valor da Contrapartida:<\/strong> R$ 7.330,00<\/p>\n<p><strong>Desembolso:<\/strong> R$ 391.890,00<\/p>\n<p><strong>Percentual executado do Plano de Trabalho:<\/strong> 38,96%<\/p>\n<p><strong>Vig\u00eancia:<\/strong> 31\/12\/2024<\/p>\n<p><strong>Situa\u00e7\u00e3o: <\/strong>Presta\u00e7\u00e3o de Contas enviada para an\u00e1lise.<\/p>\n<p><strong>Anexo: <\/strong><a href=\"https:\/\/www.uern.br\/controledepaginas\/proplan-convenios-2017\/arquivos\/5081_pad_849544.pdf\">Plano de Aplica\u00e7\u00e3o Detalhado<\/a><\/p>\n<p>Maiores informa\u00e7\u00f5es acesse o <a href=\"http:\/\/www.portaltransparencia.gov.br\/convenios\/849544?ordenarPor=data&amp;direcao=desc\">Portal da Transpar\u00eancia<\/a><\/p>\n","protected":false},"excerpt":{"rendered":"<p>CONV\u00caNIO \u2013\u00a0MEC\/CAPES\/UERN \u2013 2017 Conv\u00eanio n\u00ba 849543\/2017 &#8211; SICONV Objeto: Ofertar o Curso de P\u00f3s-Gradua\u00e7\u00e3o lato sensu em M\u00eddias na Educa\u00e7\u00e3o, no \u00e2mbito do Sistema Universidade Aberta do Brasil (UAB), da Coordena\u00e7\u00e3o de Aperfei\u00e7oamento de Pessoal de N\u00edvel Superior (CAPES). Valor Global: R$ 257.000,00 Valor da Contrapartida: R$ 2.570,00 Desembolso: R$ 254.430,00 Percentual executado do [&hellip;]<\/p>\n","protected":false},"author":2,"featured_media":0,"parent":0,"menu_order":0,"comment_status":"closed","ping_status":"closed","template":"","meta":{"footnotes":""},"class_list":["post-885","page","type-page","status-publish","hentry"],"_links":{"self":[{"href":"https:\/\/portal.uern.br\/proplan\/wp-json\/wp\/v2\/pages\/885","targetHints":{"allow":["GET"]}}],"collection":[{"href":"https:\/\/portal.uern.br\/proplan\/wp-json\/wp\/v2\/pages"}],"about":[{"href":"https:\/\/portal.uern.br\/proplan\/wp-json\/wp\/v2\/types\/page"}],"author":[{"embeddable":true,"href":"https:\/\/portal.uern.br\/proplan\/wp-json\/wp\/v2\/users\/2"}],"replies":[{"embeddable":true,"href":"https:\/\/portal.uern.br\/proplan\/wp-json\/wp\/v2\/comments?post=885"}],"version-history":[{"count":3,"href":"https:\/\/portal.uern.br\/proplan\/wp-json\/wp\/v2\/pages\/885\/revisions"}],"predecessor-version":[{"id":2422,"href":"https:\/\/portal.uern.br\/proplan\/wp-json\/wp\/v2\/pages\/885\/revisions\/2422"}],"wp:attachment":[{"href":"https:\/\/portal.uern.br\/proplan\/wp-json\/wp\/v2\/media?parent=885"}],"curies":[{"name":"wp","href":"https:\/\/api.w.org\/{rel}","templated":true}]}}