{"id":883,"date":"2023-03-02T11:08:18","date_gmt":"2023-03-02T14:08:18","guid":{"rendered":"https:\/\/portal.uern.br\/proplan\/?page_id=883"},"modified":"2025-08-07T11:36:22","modified_gmt":"2025-08-07T14:36:22","slug":"convenios-2016","status":"publish","type":"page","link":"https:\/\/portal.uern.br\/proplan\/convenios-2016\/","title":{"rendered":"Conv\u00eanios 2016"},"content":{"rendered":"<p><strong>CONV\u00caNIO \u2013\u00a0UAB\/MEC\/CAPES \u2013 2016<\/strong><\/p>\n<p><strong>Conv\u00eanio n\u00ba\u00a0827779\/2016 &#8211; SICONV<br \/>\n<\/strong><\/p>\n<p><strong>Objeto:<\/strong> Fomentar atividades do Programa de Mestrado Profissional em Letras &#8211; PROFLETRAS.<\/p>\n<p><strong>Valor Global:<\/strong> R$ 100.000,00<\/p>\n<p><strong>Valor da Contrapartida:<\/strong> R$ 1.000,00<\/p>\n<p><strong>Desembolso:<\/strong> R$ 99.000,00<\/p>\n<p><span style=\"background: transparent\"><strong>Percentual executado do Plano de Trabalho:<\/strong><\/span> 87,53%<\/p>\n<p><strong>Vig\u00eancia:<\/strong> 31\/12\/2024<\/p>\n<p><strong>Situa\u00e7\u00e3o: <\/strong>Presta\u00e7\u00e3o de Contas enviada para an\u00e1lise.<\/p>\n<p><strong>Anexo: <\/strong><a href=\"https:\/\/www.uern.br\/controledepaginas\/proplan-convenios-2016\/arquivos\/5080_pad_827779.pdf\">Plano de Aplica\u00e7\u00e3o Detalhado<\/a><\/p>\n<p>Maiores informa\u00e7\u00f5es acesse o <a href=\"http:\/\/www.portaltransparencia.gov.br\/convenios\/827779?ordenarPor=data&amp;direcao=desc\">Portal da Transpar\u00eancia<\/a><\/p>\n<hr \/>\n<p><strong>CONV\u00caNIO \u2013\u00a0UAB\/MEC\/CAPES \u2013 2016<\/strong><\/p>\n<p><strong>Conv\u00eanio n\u00ba\u00a0836247\/2016 &#8211; SICONV<br \/>\n<\/strong><\/p>\n<p><strong>Objeto:<\/strong> Dar continuidade \u00e0 oferta do Curso de Licenciatura em Letras, na modalidade de Educa\u00e7\u00e3o a Dist\u00e2ncia, para a forma\u00e7\u00e3o inicial de professores, a fim de melhorar a qualidade de ensino da Educa\u00e7\u00e3o B\u00e1sica, no \u00e2mbito do Sistema Universidade Aberta do Brasil &#8211; UAB.<\/p>\n<p><strong>Valor Global:<\/strong> R$ 170.000,00<\/p>\n<p><strong>Valor da Contrapartida:<\/strong> R$ 1.988,00<\/p>\n<p><strong>Desembolso:<\/strong> R$ 168.012,00<\/p>\n<p><span style=\"background: transparent\"><strong>Percentual executado do Plano de Trabalho:<\/strong><\/span> 67,84%<\/p>\n<p><strong>Vig\u00eancia: <\/strong>31\/12\/2022<\/p>\n<p><strong>Situa\u00e7\u00e3o: <\/strong>Presta\u00e7\u00e3o de Contas enviada para an\u00e1lise.<\/p>\n<p><strong>Anexo: <\/strong><a href=\"https:\/\/www.uern.br\/controledepaginas\/proplan-convenios-2016\/arquivos\/5080_pad_836247.pdf\">Plano de Aplica\u00e7\u00e3o Detalhado<\/a><\/p>\n<p>Maiores informa\u00e7\u00f5es acesse o <a href=\"http:\/\/www.portaltransparencia.gov.br\/convenios\/836247?ordenarPor=data&amp;direcao=desc\">Portal da Transpar\u00eancia<\/a><\/p>\n","protected":false},"excerpt":{"rendered":"<p>CONV\u00caNIO \u2013\u00a0UAB\/MEC\/CAPES \u2013 2016 Conv\u00eanio n\u00ba\u00a0827779\/2016 &#8211; SICONV Objeto: Fomentar atividades do Programa de Mestrado Profissional em Letras &#8211; PROFLETRAS. Valor Global: R$ 100.000,00 Valor da Contrapartida: R$ 1.000,00 Desembolso: R$ 99.000,00 Percentual executado do Plano de Trabalho: 87,53% Vig\u00eancia: 31\/12\/2024 Situa\u00e7\u00e3o: Presta\u00e7\u00e3o de Contas enviada para an\u00e1lise. Anexo: Plano de Aplica\u00e7\u00e3o Detalhado Maiores informa\u00e7\u00f5es [&hellip;]<\/p>\n","protected":false},"author":2,"featured_media":0,"parent":0,"menu_order":0,"comment_status":"closed","ping_status":"closed","template":"","meta":{"footnotes":""},"class_list":["post-883","page","type-page","status-publish","hentry"],"_links":{"self":[{"href":"https:\/\/portal.uern.br\/proplan\/wp-json\/wp\/v2\/pages\/883","targetHints":{"allow":["GET"]}}],"collection":[{"href":"https:\/\/portal.uern.br\/proplan\/wp-json\/wp\/v2\/pages"}],"about":[{"href":"https:\/\/portal.uern.br\/proplan\/wp-json\/wp\/v2\/types\/page"}],"author":[{"embeddable":true,"href":"https:\/\/portal.uern.br\/proplan\/wp-json\/wp\/v2\/users\/2"}],"replies":[{"embeddable":true,"href":"https:\/\/portal.uern.br\/proplan\/wp-json\/wp\/v2\/comments?post=883"}],"version-history":[{"count":3,"href":"https:\/\/portal.uern.br\/proplan\/wp-json\/wp\/v2\/pages\/883\/revisions"}],"predecessor-version":[{"id":2420,"href":"https:\/\/portal.uern.br\/proplan\/wp-json\/wp\/v2\/pages\/883\/revisions\/2420"}],"wp:attachment":[{"href":"https:\/\/portal.uern.br\/proplan\/wp-json\/wp\/v2\/media?parent=883"}],"curies":[{"name":"wp","href":"https:\/\/api.w.org\/{rel}","templated":true}]}}