{"id":881,"date":"2023-03-02T11:07:25","date_gmt":"2023-03-02T14:07:25","guid":{"rendered":"https:\/\/portal.uern.br\/proplan\/?page_id=881"},"modified":"2025-08-07T11:29:37","modified_gmt":"2025-08-07T14:29:37","slug":"convenios-2015","status":"publish","type":"page","link":"https:\/\/portal.uern.br\/proplan\/convenios-2015\/","title":{"rendered":"Conv\u00eanios 2015"},"content":{"rendered":"<p><strong>CONV\u00caNIO \u2013 IFRN\/UERN &#8211; 2015<br \/>\n<\/strong><\/p>\n<p><strong>Conv\u00eanio n\u00ba 002\/2015 \u2013 UERN\/PROJU\/IFRN<br \/>\n<\/strong><\/p>\n<p><strong>Objeto:<\/strong> Este conv\u00eanio tem por objeto estabelecer coopera\u00e7\u00e3o com vistas a participa\u00e7\u00e3o de 30 (trinta) Servidores do IFRN para fins de forma\u00e7\u00e3o e capacita\u00e7\u00e3o em n\u00edvel de Mestrado Acad\u00eamico Stricto Sensu.<\/p>\n<p><strong>Valor Global: <\/strong>R$ 300.000,00<\/p>\n<p><strong>Desembolso: <\/strong>R$ 300.000,00<\/p>\n<p><strong><span style=\"background: transparent\">Percentual executado do Plano de Trabalho: <\/span><\/strong><span style=\"background: transparent\">62,02%<\/span><\/p>\n<p><strong>Vig\u00eancia:<\/strong> 31\/12\/2030<\/p>\n<p><strong>Situa\u00e7\u00e3o: <\/strong> Em execu\u00e7\u00e3o.<\/p>\n<p><strong>Anexo: <\/strong>Plano de Aplica\u00e7\u00e3o Detalhado<\/p>\n<hr \/>\n<p><strong>CONV\u00caNIO \u2013 MEC\/CAPES\/UERN \u2013 2015 (PROAP)<\/strong><\/p>\n<p><strong>Conv\u00eanio n\u00ba 817434\/2015 &#8211; SICONV<br \/>\n<\/strong><\/p>\n<p><strong>Objeto:<\/strong> Apoio \u00e0 forma\u00e7\u00e3o de recursos humanos, a produ\u00e7\u00e3o e o aprofundamento do conhecimento nos cursos de p\u00f3s-gradua\u00e7\u00e3o stricto sensu.<\/p>\n<p><strong>Valor Global:<\/strong> R$ <span style=\"font-variant: normal\"><span style=\"letter-spacing: normal\"><span style=\"font-style: normal\">1.109.129,93<\/span><\/span><\/span><\/p>\n<p><strong>Valor da Contrapartida:<\/strong> R$ 1.109,13<\/p>\n<p><strong>Desembolso:<\/strong> R$ <span style=\"font-variant: normal\"><span style=\"letter-spacing: normal\"><span style=\"font-style: normal\">1.108.020,80<br \/>\n<\/span><\/span><\/span><\/p>\n<p><span style=\"font-variant: normal\"><span style=\"letter-spacing: normal\"><span style=\"font-style: normal\"><strong><span style=\"background: transparent\">Percentual executado do Plano de Trabalho:<\/span><\/strong> 73,37%<br \/>\n<\/span><\/span><\/span><\/p>\n<p><strong>Vig\u00eancia:<\/strong> 30\/04\/2023<\/p>\n<p><strong>Situa\u00e7\u00e3o: <\/strong>Presta\u00e7\u00e3o de Contas enviada para an\u00e1lise.<\/p>\n<p><strong>Anexo: <\/strong><a href=\"https:\/\/www.uern.br\/controledepaginas\/proplan-convenios-2015\/arquivos\/5079_pad_817434.pdf\">Plano de Aplica\u00e7\u00e3o Detalhado<\/a><\/p>\n<p>Maiores informa\u00e7\u00f5es acesse o <a href=\"http:\/\/www.portaldatransparencia.gov.br\/convenios\/817434?ordenarPor=data&amp;direcao=desc\">Portal da Transpar\u00eancia<\/a><\/p>\n","protected":false},"excerpt":{"rendered":"<p>CONV\u00caNIO \u2013 IFRN\/UERN &#8211; 2015 Conv\u00eanio n\u00ba 002\/2015 \u2013 UERN\/PROJU\/IFRN Objeto: Este conv\u00eanio tem por objeto estabelecer coopera\u00e7\u00e3o com vistas a participa\u00e7\u00e3o de 30 (trinta) Servidores do IFRN para fins de forma\u00e7\u00e3o e capacita\u00e7\u00e3o em n\u00edvel de Mestrado Acad\u00eamico Stricto Sensu. Valor Global: R$ 300.000,00 Desembolso: R$ 300.000,00 Percentual executado do Plano de Trabalho: 62,02% [&hellip;]<\/p>\n","protected":false},"author":2,"featured_media":0,"parent":0,"menu_order":0,"comment_status":"closed","ping_status":"closed","template":"","meta":{"footnotes":""},"class_list":["post-881","page","type-page","status-publish","hentry"],"_links":{"self":[{"href":"https:\/\/portal.uern.br\/proplan\/wp-json\/wp\/v2\/pages\/881","targetHints":{"allow":["GET"]}}],"collection":[{"href":"https:\/\/portal.uern.br\/proplan\/wp-json\/wp\/v2\/pages"}],"about":[{"href":"https:\/\/portal.uern.br\/proplan\/wp-json\/wp\/v2\/types\/page"}],"author":[{"embeddable":true,"href":"https:\/\/portal.uern.br\/proplan\/wp-json\/wp\/v2\/users\/2"}],"replies":[{"embeddable":true,"href":"https:\/\/portal.uern.br\/proplan\/wp-json\/wp\/v2\/comments?post=881"}],"version-history":[{"count":3,"href":"https:\/\/portal.uern.br\/proplan\/wp-json\/wp\/v2\/pages\/881\/revisions"}],"predecessor-version":[{"id":2418,"href":"https:\/\/portal.uern.br\/proplan\/wp-json\/wp\/v2\/pages\/881\/revisions\/2418"}],"wp:attachment":[{"href":"https:\/\/portal.uern.br\/proplan\/wp-json\/wp\/v2\/media?parent=881"}],"curies":[{"name":"wp","href":"https:\/\/api.w.org\/{rel}","templated":true}]}}