{"id":877,"date":"2023-03-02T11:05:27","date_gmt":"2023-03-02T14:05:27","guid":{"rendered":"https:\/\/portal.uern.br\/proplan\/?page_id=877"},"modified":"2025-08-07T11:13:34","modified_gmt":"2025-08-07T14:13:34","slug":"convenios-2013","status":"publish","type":"page","link":"https:\/\/portal.uern.br\/proplan\/convenios-2013\/","title":{"rendered":"Conv\u00eanios 2013"},"content":{"rendered":"<p><strong>CONV\u00caNIO MCT &#8211; FINEP<\/strong><\/p>\n<p><strong>Conv\u00eanio n\u00ba 01.13.0352.00<br \/>\n<\/strong><\/p>\n<p><strong>Objeto:<\/strong> Execu\u00e7\u00e3o do Projeto &#8220;Amplia\u00e7\u00e3o e Moderniza\u00e7\u00e3o da Infraestrutura de Pesquisa e P\u00f3s-Gradua\u00e7\u00e3o da UERN&#8221;.<\/p>\n<p><strong>Valor Global:<\/strong> <span style=\"background: transparent\">R$ 2.032.048,25<br \/>\n<\/span><\/p>\n<p><strong>Valor da Contrapartida:<\/strong> R$ 91.419,00<\/p>\n<p><strong>Desembolso: <\/strong><span style=\"background: transparent\">R$ 1.826.002,00<br \/>\n<\/span><\/p>\n<p><strong>Rendimentos de Aplica\u00e7\u00e3o:<\/strong> R$ 114.627,55<\/p>\n<p><span style=\"background: transparent\"><strong>Percentual executado do Plano de Trabalho: <\/strong>95,74%<strong><br \/>\n<\/strong><\/span><\/p>\n<p><strong>Vig\u00eancia: <\/strong><span style=\"background: transparent\">12\/09\/2025<\/span><\/p>\n<p><strong>Situa\u00e7\u00e3o: <\/strong> Em execu\u00e7\u00e3o<span style=\"background: transparent\">.<\/span><\/p>\n<p><strong>Anexo: <\/strong><a href=\"https:\/\/www.uern.br\/controledepaginas\/proplan-convenios-2013\/arquivos\/5077_pad_01.13.0352.00.pdf\">Plano de Aplica\u00e7\u00e3o Detalhado<\/a><\/p>\n<hr \/>\n<p><strong>CONV\u00caNIO MEC\/CAPES\/FUERN \u2013 2013 (PR\u00d3-EQUIPAMENTOS)<\/strong><\/p>\n<p><strong>Conv\u00eanio n\u00ba 788031\/2013 &#8211; SICONV<br \/>\n<\/strong><\/p>\n<p><strong>Objeto:<\/strong> Amplia\u00e7\u00e3o da infraestrutura de pesquisa dos programas de p\u00f3s-gradua\u00e7\u00e3o em Ci\u00eancias Naturais (PPGCN) e em Sa\u00fade e Sociedade (PPGSS) da Universidade do Estado do Rio Grande do Norte (UERN), cuja execu\u00e7\u00e3o foi aprovada conforme Edital n\u00ba 027\/2013 &#8211; PR\u00d3-EQUIPAMENTOS INSTITUCIONAL, Publicado no DOU de 27\/05\/2013, se\u00e7\u00e3o 3 &#8211; P\u00e1g.32.<\/p>\n<p><strong>Valor Global:<\/strong> R$\u00a0416.820,00<\/p>\n<p><strong>Valor da Contrapartida:<\/strong> R$\u00a020.841,00<\/p>\n<p><strong>Desembolso:<\/strong> R$ 395.079,00<\/p>\n<p><span style=\"background: transparent\"><strong>Percentual executado do Plano de Trabalho: <\/strong>100%<strong><br \/>\n<\/strong><\/span><\/p>\n<p><strong>Vig\u00eancia: <\/strong>31\/12\/2016<\/p>\n<p><strong>Situa\u00e7\u00e3o: <\/strong>Encerrado \u2013 Presta\u00e7\u00e3o de Contas em An\u00e1lise.<\/p>\n<p><strong>Anexo: <\/strong><a href=\"https:\/\/www.uern.br\/controledepaginas\/proplan-convenios-2013\/arquivos\/5077_pad_788031.pdf\">Plano de Aplica\u00e7\u00e3o Detalhado<\/a><\/p>\n<p>Maiores informa\u00e7\u00f5es acesse o <a href=\"http:\/\/www.portaldatransparencia.gov.br\/convenios\/788031?ordenarPor=data&amp;direcao=desc\">Portal da Transpar\u00eancia<\/a><\/p>\n","protected":false},"excerpt":{"rendered":"<p>CONV\u00caNIO MCT &#8211; FINEP Conv\u00eanio n\u00ba 01.13.0352.00 Objeto: Execu\u00e7\u00e3o do Projeto &#8220;Amplia\u00e7\u00e3o e Moderniza\u00e7\u00e3o da Infraestrutura de Pesquisa e P\u00f3s-Gradua\u00e7\u00e3o da UERN&#8221;. Valor Global: R$ 2.032.048,25 Valor da Contrapartida: R$ 91.419,00 Desembolso: R$ 1.826.002,00 Rendimentos de Aplica\u00e7\u00e3o: R$ 114.627,55 Percentual executado do Plano de Trabalho: 95,74% Vig\u00eancia: 12\/09\/2025 Situa\u00e7\u00e3o: Em execu\u00e7\u00e3o. Anexo: Plano de Aplica\u00e7\u00e3o [&hellip;]<\/p>\n","protected":false},"author":2,"featured_media":0,"parent":0,"menu_order":0,"comment_status":"closed","ping_status":"closed","template":"","meta":{"footnotes":""},"class_list":["post-877","page","type-page","status-publish","hentry"],"_links":{"self":[{"href":"https:\/\/portal.uern.br\/proplan\/wp-json\/wp\/v2\/pages\/877","targetHints":{"allow":["GET"]}}],"collection":[{"href":"https:\/\/portal.uern.br\/proplan\/wp-json\/wp\/v2\/pages"}],"about":[{"href":"https:\/\/portal.uern.br\/proplan\/wp-json\/wp\/v2\/types\/page"}],"author":[{"embeddable":true,"href":"https:\/\/portal.uern.br\/proplan\/wp-json\/wp\/v2\/users\/2"}],"replies":[{"embeddable":true,"href":"https:\/\/portal.uern.br\/proplan\/wp-json\/wp\/v2\/comments?post=877"}],"version-history":[{"count":3,"href":"https:\/\/portal.uern.br\/proplan\/wp-json\/wp\/v2\/pages\/877\/revisions"}],"predecessor-version":[{"id":2414,"href":"https:\/\/portal.uern.br\/proplan\/wp-json\/wp\/v2\/pages\/877\/revisions\/2414"}],"wp:attachment":[{"href":"https:\/\/portal.uern.br\/proplan\/wp-json\/wp\/v2\/media?parent=877"}],"curies":[{"name":"wp","href":"https:\/\/api.w.org\/{rel}","templated":true}]}}