{"id":874,"date":"2023-03-02T10:50:49","date_gmt":"2023-03-02T13:50:49","guid":{"rendered":"https:\/\/portal.uern.br\/proplan\/?page_id=874"},"modified":"2023-03-02T10:50:49","modified_gmt":"2023-03-02T13:50:49","slug":"convenios-2012","status":"publish","type":"page","link":"https:\/\/portal.uern.br\/proplan\/convenios-2012\/","title":{"rendered":"Conv\u00eanios 2012"},"content":{"rendered":"<p><strong>CONV\u00caNIO MCT &#8211; FINEP<\/strong><\/p>\n<p><strong>Conv\u00eanio n\u00ba 01.12.0494.00<br \/>\n<\/strong><\/p>\n<p><strong>Objeto:<\/strong> Execu\u00e7\u00e3o do Projeto intitulado &#8220;Programa de Amplia\u00e7\u00e3o e Moderniza\u00e7\u00e3o de Infra Estrutura de Pesquisa dos Mestrados da UERN&#8221;.<\/p>\n<p><strong>Valor Global:<\/strong> R$ 1.785.755,00<\/p>\n<p><strong>Valor da Contrapartida:<\/strong> R$ 165.000,00<\/p>\n<p><strong>Desembolso: <\/strong><span style=\"background: transparent\">R$ 1.549.861,68<br \/>\n<\/span><\/p>\n<p><span style=\"background: transparent\"><strong>Percentual executado do Plano de Trabalho: <\/strong>87,80%<strong><br \/>\n<\/strong><\/span><\/p>\n<p><strong>Vig\u00eancia:<\/strong> 11\/04\/2023<\/p>\n<p><strong>Situa\u00e7\u00e3o: <\/strong> Em execu\u00e7\u00e3o.<\/p>\n<p><strong>Anexo: <\/strong><a href=\"https:\/\/www.uern.br\/controledepaginas\/proplan-convenios-2012\/arquivos\/5073_pad_01.12.0494.00.pdf\">Plano de Aplica\u00e7\u00e3o Detalhado<\/a><\/p>\n","protected":false},"excerpt":{"rendered":"<p>CONV\u00caNIO MCT &#8211; FINEP Conv\u00eanio n\u00ba 01.12.0494.00 Objeto: Execu\u00e7\u00e3o do Projeto intitulado &#8220;Programa de Amplia\u00e7\u00e3o e Moderniza\u00e7\u00e3o de Infra Estrutura de Pesquisa dos Mestrados da UERN&#8221;. Valor Global: R$ 1.785.755,00 Valor da Contrapartida: R$ 165.000,00 Desembolso: R$ 1.549.861,68 Percentual executado do Plano de Trabalho: 87,80% Vig\u00eancia: 11\/04\/2023 Situa\u00e7\u00e3o: Em execu\u00e7\u00e3o. Anexo: Plano de Aplica\u00e7\u00e3o Detalhado<\/p>\n","protected":false},"author":2,"featured_media":0,"parent":0,"menu_order":0,"comment_status":"closed","ping_status":"closed","template":"","meta":{"footnotes":""},"class_list":["post-874","page","type-page","status-publish","hentry"],"_links":{"self":[{"href":"https:\/\/portal.uern.br\/proplan\/wp-json\/wp\/v2\/pages\/874","targetHints":{"allow":["GET"]}}],"collection":[{"href":"https:\/\/portal.uern.br\/proplan\/wp-json\/wp\/v2\/pages"}],"about":[{"href":"https:\/\/portal.uern.br\/proplan\/wp-json\/wp\/v2\/types\/page"}],"author":[{"embeddable":true,"href":"https:\/\/portal.uern.br\/proplan\/wp-json\/wp\/v2\/users\/2"}],"replies":[{"embeddable":true,"href":"https:\/\/portal.uern.br\/proplan\/wp-json\/wp\/v2\/comments?post=874"}],"version-history":[{"count":1,"href":"https:\/\/portal.uern.br\/proplan\/wp-json\/wp\/v2\/pages\/874\/revisions"}],"predecessor-version":[{"id":875,"href":"https:\/\/portal.uern.br\/proplan\/wp-json\/wp\/v2\/pages\/874\/revisions\/875"}],"wp:attachment":[{"href":"https:\/\/portal.uern.br\/proplan\/wp-json\/wp\/v2\/media?parent=874"}],"curies":[{"name":"wp","href":"https:\/\/api.w.org\/{rel}","templated":true}]}}