{"id":847,"date":"2023-03-01T10:27:54","date_gmt":"2023-03-01T13:27:54","guid":{"rendered":"https:\/\/portal.uern.br\/proplan\/?page_id=847"},"modified":"2023-03-01T10:27:54","modified_gmt":"2023-03-01T13:27:54","slug":"legislacao-interna","status":"publish","type":"page","link":"https:\/\/portal.uern.br\/proplan\/legislacao-interna\/","title":{"rendered":"Legisla\u00e7\u00e3o Interna"},"content":{"rendered":"<table id=\"legislacao_interna\" class=\"mceItemTable\" style=\"width: 625px;height: 96px\">\n<tbody>\n<tr>\n<td style=\"width: 120px\"><a title=\"Resolu\u00e7\u00e3o cria a Proplan\" href=\"https:\/\/www.uern.br\/controledepaginas\/proplan-legislacao\/arquivos\/0539resolucao_003_2010_cria_proplan.pdf\">Resolu\u00e7\u00e3o n\u00b0 003\/10-CONSUNI<\/a><\/td>\n<td>Cria a Pr\u00f3-Reitoria de Planejamento, Or\u00e7amento e Finan\u00e7as (PROPLAN).<\/td>\n<\/tr>\n<tr>\n<td style=\"width: 120px\"><a title=\"RESOLU\u00c7\u00c3O 044\/2009 CONSEPE\" href=\"https:\/\/www.uern.br\/controledepaginas\/proplan-legislacao\/arquivos\/0539resolucao_44_2009_cd_fixa_valores_horas_aula.pdf\">Resolu\u00e7\u00e3o n\u00b0\u00a0044\/09-CD<\/a><\/td>\n<td>Fixa valores de horas-aula para as atividades docentes de Ensino, Extens\u00e3o, Pesquisa e P\u00f3s-Gradua\u00e7\u00e3o e revoga as resolu\u00e7\u00f5es n\u00b0 28\/2003-CD e n\u00ba 84\/2008-CD.<\/td>\n<\/tr>\n<tr>\n<td style=\"width: 120px\"><a title=\"PORTARIA 001\/2010\" href=\"https:\/\/www.uern.br\/controledepaginas\/proplan-legislacao\/arquivos\/0539portaria_001_2010_fuern_estabelece_valores_diarias.pdf\">Portaria n\u00b0 001\/10-GR<\/a><\/td>\n<td>Estabelece novos valores para a concess\u00e3o de di\u00e1rias aos servidores da Funda\u00e7\u00e3o Universidade do Estado do Rio Grande do Norte (FUERN).<\/td>\n<\/tr>\n<tr>\n<td style=\"width: 120px\"><a title=\"portaria 1323\/2011\" href=\"https:\/\/www.uern.br\/controledepaginas\/proplan-legislacao\/arquivos\/0539portaria__1323_2011_planejamento_2011_proplan.pdf\">Portaria n\u00b0\u00a0 1323\/11-GR<\/a><\/td>\n<td>Autoriza despesas de custeio dos programas e atividades coordenadas pelo Gabinete da Reitoria, Pr\u00f3-Reitorias, Dire\u00e7\u00f5es de Unidades, Departamentos Acad\u00eamicos e Complexo Cultural do Natal, para o ano de 2011.<\/td>\n<\/tr>\n<tr>\n<td style=\"width: 120px\"><a href=\"https:\/\/www.uern.br\/controledepaginas\/proplan-legislacao\/arquivos\/0539_instrucao_normativa_nr_01_2015___proplan___suprimento_de_fundos.pdf\">Instru\u00e7\u00e3o Normativa n\u00ba 01\/15-PROPLAN<\/a><\/td>\n<td>Disp\u00f5e sobre a instru\u00e7\u00e3o dos processos de despesas realizados pelo regime de adiantamento (Suprimento de Fundos).<\/p>\n<p>Anexos: <a href=\"https:\/\/proplan.uern.br\/default.asp?item=proplan-formularios\">Formul\u00e1rios para Presta\u00e7\u00e3o de Contas<\/a><\/td>\n<\/tr>\n<tr>\n<td style=\"width: 120px\"><a href=\"https:\/\/www.uern.br\/controledepaginas\/proplan-legislacao\/arquivos\/0539_resolucao_142018_cd.pdf\">Resolu\u00e7\u00e3o n\u00ba 014\/18 &#8211; CD\/FUERN<\/a><\/td>\n<td>Disp\u00f5es sobre a ordem cronol\u00f3gica de pagamentos nos contratos firmados no \u00e2mbito da Funda\u00e7\u00e3o do Estado do Rio Grande do Norte, em atendimento a resolu\u00e7\u00e3o 032\/2016 TCE\/RN.<\/td>\n<\/tr>\n<tr>\n<td style=\"width: 120px\"><a href=\"https:\/\/www.uern.br\/controledepaginas\/proplan-legislacao\/arquivos\/0539_portaria_2270_2018_gpfuern.pdf\">Portaria n\u00b0 2270\/18 &#8211; GP\/FUERN<\/a><\/td>\n<td>Justifica a quebra de ordem cronol\u00f3gica para despesa de abastecimento da frota, mediante\u00a0relevante interesse p\u00fablico.<\/td>\n<\/tr>\n<tr>\n<td style=\"width: 120px\"><a href=\"https:\/\/www.uern.br\/controledepaginas\/proplan-legislacao\/arquivos\/0539_portaria_105_2019_gpfuern.pdf\">Portaria n\u00ba 105\/19 &#8211; GP\/FUERN<\/a><\/td>\n<td>Justifica a quebra de ordem cronol\u00f3gica para despesa de servi\u00e7os de loca\u00e7\u00e3o de impressoras e gerenciamento de impress\u00f5es mediante relevante interesse p\u00fablico.<\/td>\n<\/tr>\n<tr>\n<td style=\"width: 120px\"><a href=\"https:\/\/www.uern.br\/controledepaginas\/proplan-legislacao\/arquivos\/0539_portaria_106_2019_gpfuern.pdf\">Portaria n\u00ba 106\/19 &#8211; GP\/FUERN<\/a><\/td>\n<td>Justifica a quebra de ordem cronol\u00f3gica para despesa de servi\u00e7os de transmiss\u00e3o de dados mediante relevante interesse p\u00fablico.<\/td>\n<\/tr>\n<tr>\n<td style=\"width: 120px\"><a href=\"https:\/\/www.uern.br\/controledepaginas\/proplan-legislacao\/arquivos\/0539_portaria_107_2019_gpfuern.pdf\">Portaria n\u00ba 107\/19 &#8211; GP\/FUERN<\/a><\/td>\n<td>Justifica a quebra de ordem cronol\u00f3gica para despesa de manuten\u00e7\u00e3o da frota de\u00a0ve\u00edculos mediante relevante interesse p\u00fablico.<\/td>\n<\/tr>\n<tr>\n<td style=\"width: 120px\"><a href=\"https:\/\/www.uern.br\/controledepaginas\/proplan-legislacao\/arquivos\/0539_portaria_108_2019_gpfuern.pdf\">Portaria n\u00ba 108\/19 &#8211; GP\/FUERN<\/a><\/td>\n<td>Justifica a quebra de ordem cronol\u00f3gica para despesa de servi\u00e7os de reprografia\u00a0mediante relevante interesse p\u00fablico.<\/td>\n<\/tr>\n<tr>\n<td style=\"width: 120px\"><a href=\"https:\/\/www.uern.br\/controledepaginas\/proplan-legislacao\/arquivos\/0539_portaria_1494_2019_gpfuern.pdf\">Portaria n\u00ba 1494\/19 &#8211; GP\/FUERN<\/a><\/td>\n<td>Justifica quebra de ordem cronol\u00f3gica para despesa de aquisi\u00e7\u00e3o de m\u00f3veis mediante relevante interesse p\u00fablico.<\/td>\n<\/tr>\n<tr>\n<td style=\"width: 120px\"><a href=\"https:\/\/www.uern.br\/controledepaginas\/proplan-legislacao\/arquivos\/0539_portaria_1857_2019_gpfuern.pdf\">Portaria n\u00ba 1857\/19 &#8211; GP\/FUERN<\/a><\/td>\n<td>Justifica a quebra da ordem cronol\u00f3gica para despesa referente a tafiras banc\u00e1rias mediante relevante interesse p\u00fablico.<\/td>\n<\/tr>\n<tr>\n<td style=\"width: 120px\"><a href=\"https:\/\/www.uern.br\/controledepaginas\/proplan-legislacao\/arquivos\/0539_portaria_1945_2019_gpfuern.pdf\">Portaria n\u00ba 1945\/19 &#8211; GP\/FUERN<\/a><\/td>\n<td>Disp\u00f5e sobre a designa\u00e7\u00e3o dos servi\u00e7os cont\u00ednuos no \u00e2mbito da Funda\u00e7\u00e3o Universidade do Estado do Rio Grande do Norte &#8211; FUERN.<\/td>\n<\/tr>\n<\/tbody>\n<\/table>\n<p>&nbsp;<\/p>\n","protected":false},"excerpt":{"rendered":"<p>Resolu\u00e7\u00e3o n\u00b0 003\/10-CONSUNI Cria a Pr\u00f3-Reitoria de Planejamento, Or\u00e7amento e Finan\u00e7as (PROPLAN). Resolu\u00e7\u00e3o n\u00b0\u00a0044\/09-CD Fixa valores de horas-aula para as atividades docentes de Ensino, Extens\u00e3o, Pesquisa e P\u00f3s-Gradua\u00e7\u00e3o e revoga as resolu\u00e7\u00f5es n\u00b0 28\/2003-CD e n\u00ba 84\/2008-CD. Portaria n\u00b0 001\/10-GR Estabelece novos valores para a concess\u00e3o de di\u00e1rias aos servidores da Funda\u00e7\u00e3o Universidade do Estado [&hellip;]<\/p>\n","protected":false},"author":2,"featured_media":0,"parent":0,"menu_order":0,"comment_status":"closed","ping_status":"closed","template":"","meta":{"footnotes":""},"class_list":["post-847","page","type-page","status-publish","hentry"],"_links":{"self":[{"href":"https:\/\/portal.uern.br\/proplan\/wp-json\/wp\/v2\/pages\/847","targetHints":{"allow":["GET"]}}],"collection":[{"href":"https:\/\/portal.uern.br\/proplan\/wp-json\/wp\/v2\/pages"}],"about":[{"href":"https:\/\/portal.uern.br\/proplan\/wp-json\/wp\/v2\/types\/page"}],"author":[{"embeddable":true,"href":"https:\/\/portal.uern.br\/proplan\/wp-json\/wp\/v2\/users\/2"}],"replies":[{"embeddable":true,"href":"https:\/\/portal.uern.br\/proplan\/wp-json\/wp\/v2\/comments?post=847"}],"version-history":[{"count":1,"href":"https:\/\/portal.uern.br\/proplan\/wp-json\/wp\/v2\/pages\/847\/revisions"}],"predecessor-version":[{"id":849,"href":"https:\/\/portal.uern.br\/proplan\/wp-json\/wp\/v2\/pages\/847\/revisions\/849"}],"wp:attachment":[{"href":"https:\/\/portal.uern.br\/proplan\/wp-json\/wp\/v2\/media?parent=847"}],"curies":[{"name":"wp","href":"https:\/\/api.w.org\/{rel}","templated":true}]}}