{"id":843,"date":"2023-03-01T10:24:57","date_gmt":"2023-03-01T13:24:57","guid":{"rendered":"https:\/\/portal.uern.br\/proplan\/?page_id=843"},"modified":"2023-03-01T10:32:41","modified_gmt":"2023-03-01T13:32:41","slug":"legislacao-federal","status":"publish","type":"page","link":"https:\/\/portal.uern.br\/proplan\/legislacao-federal\/","title":{"rendered":"Legisla\u00e7\u00e3o Federal"},"content":{"rendered":"<table id=\"legislacao_federal\" class=\"mceItemTable alignleft\" style=\"width: 686px;height: 954px\">\n<tbody>\n<tr>\n<td style=\"width: 120px\"><a title=\"Constitui\u00e7\u00e3o Federal de 1988\" href=\"http:\/\/www.senado.gov.br\/legislacao\/const\/\">CF 1988<\/a><\/td>\n<td>Constitui\u00e7\u00e3o da Rep\u00fablica Federativa do Brasil.<\/td>\n<\/tr>\n<tr>\n<td style=\"width: 120px\"><a title=\"Lei da Informa\u00e7\u00e3o\" href=\"https:\/\/www.uern.br\/controledepaginas\/proplan-legislacao\/arquivos\/0539lei_12527_2011_lei_da__informacao.pdf\">Lei n\u00b0 12.527\/11<\/a><\/td>\n<td>Lei de Acesso \u00e0 Informa\u00e7\u00e3o.<\/td>\n<\/tr>\n<tr>\n<td style=\"width: 120px\"><a title=\"altera lei de importacoesl\" href=\"https:\/\/www.uern.br\/controledepaginas\/proplan-legislacao\/arquivos\/0539lei_10964_1990_altera_lei_de_importacoes.pdf\">Lei n\u00ba 10.964\/04<\/a><\/td>\n<td>D\u00e1 nova reda\u00e7\u00e3o a dispositivos das Leis de n<span style=\"text-decoration: underline\"><sup>o<\/sup><\/span>s 8.10\/90e\u00a08.032\/90, para estender a cientistas e pesquisadores a isen\u00e7\u00e3o tribut\u00e1ria relativa a bens destinados \u00e0 pesquisa cient\u00edfica e tecnol\u00f3gica.<\/td>\n<\/tr>\n<tr>\n<td style=\"width: 120px\"><a href=\"http:\/\/www.planalto.gov.br\/ccivil_03\/leis\/2002\/l10520.htm\">Lei n\u00b0\u00a010.520\/02<\/a><\/td>\n<td>Institui, no \u00e2mbito da Uni\u00e3o, Estados, Distrito Federal e Munic\u00edpios, nos termos do art. 37, inciso XXI, da Constitui\u00e7\u00e3o Federal, modalidade de licita\u00e7\u00e3o denominada preg\u00e3o, para aquisi\u00e7\u00e3o de bens e servi\u00e7os comuns, e d\u00e1 outras provid\u00eancias.<\/td>\n<\/tr>\n<tr>\n<td style=\"width: 120px\"><a title=\"Decreto N\u00ba3.931\/01\" href=\"http:\/\/www.planalto.gov.br\/ccivil_03\/decreto\/2001\/D3931htm.htm\">Decreto n\u00b0\u00a03.931\/01<\/a><\/td>\n<td>Regulamenta o Sistema de Registro de Pre\u00e7os previsto no art. 15 da Lei n\u00ba 8.666, de 21 de junho de 1993, e d\u00e1 outras provid\u00eancias.<\/td>\n<\/tr>\n<tr>\n<td style=\"width: 120px\"><a title=\"Lei Complementar 101\/2000\" href=\"http:\/\/www.planalto.gov.br\/ccivil_03\/Leis\/LCP\/Lcp101.htm\">Lei Complementar n\u00b0\u00a0101\/00<\/a><\/td>\n<td>Estabelece normas de finan\u00e7as p\u00fablicas voltadas para a responsabilidade na gest\u00e3o fiscal e d\u00e1 outras provid\u00eancias (Lei de Responsabilidade Fiscal).<\/td>\n<\/tr>\n<tr>\n<td style=\"width: 120px\"><a title=\"Lei N\u00ba 8.883\/1994\" href=\"http:\/\/www.planalto.gov.br\/ccivil_03\/Leis\/L8883.htm\">Lei n\u00b0 8.883\/94<\/a><\/td>\n<td>Altera dispositivos da Lei n\u00ba 8.666, de 21 de junho de 1993, que regulamenta o art. 37, inciso XXI, da Constitui\u00e7\u00e3o Federal, institui normas para licita\u00e7\u00f5es e d\u00e1 outras provid\u00eancias.<\/td>\n<\/tr>\n<tr>\n<td style=\"width: 120px\"><a title=\"Lei N\u00ba 8.666\/1993\" href=\"http:\/\/www.planalto.gov.br\/ccivil_03\/Leis\/L8666cons.htm\">Lei n\u00b0\u00a08.666\/93<\/a><\/td>\n<td>Regulamenta o art. 37, inciso XXI, da Constitui\u00e7\u00e3o Federal, institui normas para licita\u00e7\u00f5es e contratos da Administra\u00e7\u00e3o P\u00fablica e d\u00e1 outras provid\u00eancias (Lei de Licita\u00e7\u00f5es).<\/td>\n<\/tr>\n<tr>\n<td style=\"width: 120px\"><a title=\"Lei improbidade administrativa\" href=\"https:\/\/www.uern.br\/controledepaginas\/proplan-legislacao\/arquivos\/0539lei_8429_1992_lei_improbidade_administrativa.pdf\">Lei n\u00b0 8.924\/92<\/a><\/td>\n<td>Disp\u00f5e\u00a0 sobre\u00a0 as\u00a0 san\u00e7\u00f5es\u00a0 aplic\u00e1veis\u00a0 aos\u00a0 agentes\u00a0 p\u00fablicos nos\u00a0 casos\u00a0 de\u00a0 enriquecimento\u00a0 il\u00edcito\u00a0 no\u00a0 exerc\u00edcio\u00a0 de mandato, cargo,\u00a0\u00a0emprego\u00a0 ou\u00a0 fun\u00e7\u00e3o\u00a0 na\u00a0 administra\u00e7\u00e3o\u00a0 p\u00fablica\u00a0 direta, indireta\u00a0 ou\u00a0 fundacional\u00a0 e\u00a0 d\u00e1\u00a0 outras\u00a0 provid\u00eancias.<\/td>\n<\/tr>\n<tr>\n<td style=\"width: 120px\"><a title=\"Altera lei importacoes reducao impostos\" href=\"https:\/\/www.uern.br\/controledepaginas\/proplan-legislacao\/arquivos\/0539lei_8032_1990_altera_lei_importacoes.pdf\">Lei n\u00ba 8.032\/90<\/a><\/td>\n<td>Disp\u00f5e sobre a isen\u00e7\u00e3o ou redu\u00e7\u00e3o de impostos de importa\u00e7\u00e3o, e d\u00e1 outras provid\u00eancias.<\/td>\n<\/tr>\n<tr>\n<td style=\"width: 120px\"><a title=\"Lei importacoes\" href=\"https:\/\/www.uern.br\/controledepaginas\/proplan-legislacao\/arquivos\/0539lei_8010_1990_define_normas_para_importacoes_equipamentos_pesquisas_cientificas.pdf\">Lei n\u00ba 8.010\/90<\/a><\/td>\n<td>Disp\u00f5e sobre importa\u00e7\u00f5es de bens destinados \u00e0 pesquisa cient\u00edfica e tecnol\u00f3gica, e d\u00e1 outras provid\u00eancias (Alterada pela Lei n\u00ba 10.964\/2004).<\/td>\n<\/tr>\n<tr>\n<td style=\"width: 120px\"><a title=\"Decreto 71733\/73\" href=\"https:\/\/www.uern.br\/controledepaginas\/proplan-legislacao\/arquivos\/0539decreto_71733_1973_diarias_exterior_servidores_da_uniao.pdf\">Decreto n\u00ba 71.733\/73<\/a><\/td>\n<td>Regulamenta a Lei n\u00ba 5.809, de 10 de outubro de 1972, que disp\u00f5e sobre a retribui\u00e7\u00e3o e direitos do pessoal civil e militar em servi\u00e7o da Uni\u00e3o no exterior.<\/td>\n<\/tr>\n<tr>\n<td style=\"width: 120px\"><a title=\"Lei N\u00ba 4320\/1964\" href=\"http:\/\/www.planalto.gov.br\/ccivil_03\/Leis\/L4320.htm\">Lei n\u00b0\u00a04.320\/64<\/a><\/td>\n<td>Estatui Normas Gerais de Direito Financeiro para elabora\u00e7\u00e3o e contr\u00f4le dos or\u00e7amentos e balan\u00e7os da Uni\u00e3o, dos Estados, dos Munic\u00edpios e do Distrito.<\/td>\n<\/tr>\n<tr>\n<td style=\"width: 120px\"><a href=\"https:\/\/pesquisa.apps.tcu.gov.br\/#\/pesquisa\/sumula\">S\u00famulas do TCU<\/a><\/td>\n<td>Tribunal de Contas da Uni\u00e3o &#8211; S\u00famulas.<\/td>\n<\/tr>\n<\/tbody>\n<\/table>\n<p>&nbsp;<\/p>\n","protected":false},"excerpt":{"rendered":"<p>CF 1988 Constitui\u00e7\u00e3o da Rep\u00fablica Federativa do Brasil. Lei n\u00b0 12.527\/11 Lei de Acesso \u00e0 Informa\u00e7\u00e3o. Lei n\u00ba 10.964\/04 D\u00e1 nova reda\u00e7\u00e3o a dispositivos das Leis de nos 8.10\/90e\u00a08.032\/90, para estender a cientistas e pesquisadores a isen\u00e7\u00e3o tribut\u00e1ria relativa a bens destinados \u00e0 pesquisa cient\u00edfica e tecnol\u00f3gica. Lei n\u00b0\u00a010.520\/02 Institui, no \u00e2mbito da Uni\u00e3o, Estados, [&hellip;]<\/p>\n","protected":false},"author":2,"featured_media":0,"parent":0,"menu_order":0,"comment_status":"closed","ping_status":"closed","template":"","meta":{"footnotes":""},"class_list":["post-843","page","type-page","status-publish","hentry"],"_links":{"self":[{"href":"https:\/\/portal.uern.br\/proplan\/wp-json\/wp\/v2\/pages\/843","targetHints":{"allow":["GET"]}}],"collection":[{"href":"https:\/\/portal.uern.br\/proplan\/wp-json\/wp\/v2\/pages"}],"about":[{"href":"https:\/\/portal.uern.br\/proplan\/wp-json\/wp\/v2\/types\/page"}],"author":[{"embeddable":true,"href":"https:\/\/portal.uern.br\/proplan\/wp-json\/wp\/v2\/users\/2"}],"replies":[{"embeddable":true,"href":"https:\/\/portal.uern.br\/proplan\/wp-json\/wp\/v2\/comments?post=843"}],"version-history":[{"count":3,"href":"https:\/\/portal.uern.br\/proplan\/wp-json\/wp\/v2\/pages\/843\/revisions"}],"predecessor-version":[{"id":854,"href":"https:\/\/portal.uern.br\/proplan\/wp-json\/wp\/v2\/pages\/843\/revisions\/854"}],"wp:attachment":[{"href":"https:\/\/portal.uern.br\/proplan\/wp-json\/wp\/v2\/media?parent=843"}],"curies":[{"name":"wp","href":"https:\/\/api.w.org\/{rel}","templated":true}]}}