{"id":823,"date":"2023-02-28T14:15:11","date_gmt":"2023-02-28T17:15:11","guid":{"rendered":"https:\/\/portal.uern.br\/proplan\/?page_id=823"},"modified":"2025-07-28T11:47:37","modified_gmt":"2025-07-28T14:47:37","slug":"convenios-emendas-federais-2022","status":"publish","type":"page","link":"https:\/\/portal.uern.br\/proplan\/convenios-emendas-federais-2022\/","title":{"rendered":"Emendas Federais 2022"},"content":{"rendered":"<p><strong>EMENDA PARLAMENTAR N\u00b0 30540005<br \/>\n<\/strong><\/p>\n<p><strong>PARLAMENTAR AUTOR DA EMENDA:<\/strong>\u00a0Beto Rosado<\/p>\n<p><strong>PROPOSTA N\u00ba 682\/2022<br \/>\n<\/strong><\/p>\n<p><strong>CONV\u00caNIO N\u00ba 929386\/2022<br \/>\n<\/strong><\/p>\n<p><strong>Processo SEI n\u00ba:<\/strong> 04410066.000193\/2022-31<\/p>\n<p><strong>Objeto:<\/strong> Aquisi\u00e7\u00e3o de Equipamentos de TI.<\/p>\n<p><strong>Valor Global:<\/strong>\u00a0R$ 107.233,60<\/p>\n<p><strong>Valor da Contrapartida:<\/strong>\u00a0R$ 7.233,60<\/p>\n<p><strong>Desembolso:<\/strong> R$ 64.742,20<\/p>\n<p><strong>Percentual executado do Plano de Trabalho:<\/strong> 62,41%<\/p>\n<p><strong>Vig\u00eancia:<\/strong> 12\/03\/2026<\/p>\n<p><strong>Situa\u00e7\u00e3o:<\/strong> Em Execu\u00e7\u00e3o.<\/p>\n<p><strong>Anexo:<\/strong> &#8211;<\/p>\n<hr \/>\n<p><strong>EMENDA PARLAMENTAR N\u00b0 24460001<br \/>\n<\/strong><\/p>\n<p><strong>PARLAMENTAR AUTOR DA EMENDA:<\/strong> Jo\u00e3o Maia<\/p>\n<p><strong>PROPOSTA N\u00ba 783\/2022<br \/>\n<\/strong><\/p>\n<p><strong>CONV\u00caNIO N\u00ba 929385\/2022<br \/>\n<\/strong><\/p>\n<p><strong>Processo SEI n\u00ba:<\/strong> 04410066.000189\/2022-73<\/p>\n<p><strong>Objeto:<\/strong> Auxiliar a Universidade do Estado do Rio Grande do Norte &#8211; UERN a adquirir equipamentos da Tecnologia da Informa\u00e7\u00e3o.<\/p>\n<p><strong>Valor Global:<\/strong>\u00a0R$ 321.477,67<\/p>\n<p><strong>Valor da Contrapartida:<\/strong>\u00a0R$ 21.477,67<\/p>\n<p><strong>Desembolso:<\/strong> R$ 253.205,80<\/p>\n<p><strong>Percentual executado do Plano de Trabalho:<\/strong> 82,07%<\/p>\n<p><strong>Vig\u00eancia:<\/strong> 22\/06\/2026<\/p>\n<p><strong>Situa\u00e7\u00e3o:<\/strong> Em Execu\u00e7\u00e3o.<\/p>\n<p><strong>Anexo:<\/strong> &#8211;<\/p>\n<hr \/>\n<div>\n<p><strong>EMENDA PARLAMENTAR N\u00b0 37790001<br \/>\n<\/strong><\/p>\n<p><strong>PARLAMENTAR AUTOR DA EMENDA:<\/strong> Walter Alves<\/p>\n<p><strong>PROPOSTA N\u00ba 784\/2022<br \/>\n<\/strong><\/p>\n<p><strong>CONV\u00caNIO N\u00ba 929383\/2022<br \/>\n<\/strong><\/p>\n<p><strong>Processo SEI n\u00ba:<\/strong> 04410066.000192\/2022-97<\/p>\n<p><strong>Objeto:<\/strong> Proporcionar a UERN que implante no Campus de Caic\u00f3\/RN com a finalidade de aquisi\u00e7\u00e3o de equipamentos de Tecnologia da Informa\u00e7\u00e3o.<\/p>\n<p><strong>Valor Global:<\/strong>\u00a0R$ 174.373,70<\/p>\n<p><strong>Valor da Contrapartida:<\/strong>\u00a0R$ 74.373,70<\/p>\n<p><strong>Desembolso:<\/strong> R$ 100.000,00<\/p>\n<p><strong>Percentual executado do Plano de Trabalho:<\/strong> 62,37%<\/p>\n<p><strong>Vig\u00eancia:<\/strong> 22\/06\/2026<\/p>\n<p><strong>Situa\u00e7\u00e3o:<\/strong> Em Execu\u00e7\u00e3o.<\/p>\n<p><strong>Anexo:<\/strong> &#8211;<\/p>\n<\/div>\n<div>\n<hr \/>\n<\/div>\n<div>\n<div>\n<p><strong>EMENDA PARLAMENTAR N\u00b0 41630012<br \/>\n<\/strong><\/p>\n<p><strong>PARLAMENTAR AUTOR DA EMENDA:<\/strong> Nat\u00e1lia Bonavides<\/p>\n<p><strong>PROPOSTA N\u00ba 786\/2022<br \/>\n<\/strong><\/p>\n<p><strong>CONV\u00caNIO N\u00ba 929380\/2022<br \/>\n<\/strong><\/p>\n<p><strong>Processo SEI n\u00ba:<\/strong> 04410066.000194\/2022-86<\/p>\n<p><strong>Objeto:<\/strong> Auxiliar na estrutura\u00e7\u00e3o atrav\u00e9s da aquisi\u00e7\u00e3o de equipamentos para diversos Campus da Universidade Estadual do Rio Grande do Norte &#8211; UERN.<\/p>\n<p><strong>Valor Global:<\/strong>\u00a0R$ 567.290,84<\/p>\n<p><strong>Valor da Contrapartida:<\/strong>\u00a0R$ 67.290,84<\/p>\n<p><strong>Desembolso:<\/strong> R$ 425.580,02<\/p>\n<p><strong>Percentual executado do Plano de Trabalho:<\/strong> 56,75%<\/p>\n<p><strong>Vig\u00eancia:<\/strong> 01\/04\/2026<\/p>\n<p><strong>Situa\u00e7\u00e3o:<\/strong> Em Execu\u00e7\u00e3o.<\/p>\n<p><strong>Anexo:<\/strong> &#8211;<\/p>\n<\/div>\n<\/div>\n","protected":false},"excerpt":{"rendered":"<p>EMENDA PARLAMENTAR N\u00b0 30540005 PARLAMENTAR AUTOR DA EMENDA:\u00a0Beto Rosado PROPOSTA N\u00ba 682\/2022 CONV\u00caNIO N\u00ba 929386\/2022 Processo SEI n\u00ba: 04410066.000193\/2022-31 Objeto: Aquisi\u00e7\u00e3o de Equipamentos de TI. Valor Global:\u00a0R$ 107.233,60 Valor da Contrapartida:\u00a0R$ 7.233,60 Desembolso: R$ 64.742,20 Percentual executado do Plano de Trabalho: 62,41% Vig\u00eancia: 12\/03\/2026 Situa\u00e7\u00e3o: Em Execu\u00e7\u00e3o. Anexo: &#8211; EMENDA PARLAMENTAR N\u00b0 24460001 PARLAMENTAR AUTOR [&hellip;]<\/p>\n","protected":false},"author":2,"featured_media":0,"parent":0,"menu_order":0,"comment_status":"closed","ping_status":"closed","template":"","meta":{"footnotes":""},"class_list":["post-823","page","type-page","status-publish","hentry"],"_links":{"self":[{"href":"https:\/\/portal.uern.br\/proplan\/wp-json\/wp\/v2\/pages\/823","targetHints":{"allow":["GET"]}}],"collection":[{"href":"https:\/\/portal.uern.br\/proplan\/wp-json\/wp\/v2\/pages"}],"about":[{"href":"https:\/\/portal.uern.br\/proplan\/wp-json\/wp\/v2\/types\/page"}],"author":[{"embeddable":true,"href":"https:\/\/portal.uern.br\/proplan\/wp-json\/wp\/v2\/users\/2"}],"replies":[{"embeddable":true,"href":"https:\/\/portal.uern.br\/proplan\/wp-json\/wp\/v2\/comments?post=823"}],"version-history":[{"count":3,"href":"https:\/\/portal.uern.br\/proplan\/wp-json\/wp\/v2\/pages\/823\/revisions"}],"predecessor-version":[{"id":2331,"href":"https:\/\/portal.uern.br\/proplan\/wp-json\/wp\/v2\/pages\/823\/revisions\/2331"}],"wp:attachment":[{"href":"https:\/\/portal.uern.br\/proplan\/wp-json\/wp\/v2\/media?parent=823"}],"curies":[{"name":"wp","href":"https:\/\/api.w.org\/{rel}","templated":true}]}}