{"id":820,"date":"2023-02-28T14:12:05","date_gmt":"2023-02-28T17:12:05","guid":{"rendered":"https:\/\/portal.uern.br\/proplan\/?page_id=820"},"modified":"2025-07-28T11:39:48","modified_gmt":"2025-07-28T14:39:48","slug":"convenios-emendas-federais-2021","status":"publish","type":"page","link":"https:\/\/portal.uern.br\/proplan\/convenios-emendas-federais-2021\/","title":{"rendered":"Emendas Federais 2021"},"content":{"rendered":"<p><strong>EMENDA PARLAMENTAR N\u00b0 30540008<br \/>\n<\/strong><\/p>\n<p><strong>PARLAMENTAR AUTOR DA EMENDA:<\/strong>\u00a0Beto Rosado<\/p>\n<p><strong>PROPOSTA N\u00ba 19582\/2021<br \/>\n<\/strong><\/p>\n<p><strong>CONV\u00caNIO N\u00ba 913426\/2021<br \/>\n<\/strong><\/p>\n<p><strong>Processo SEI n\u00ba:<\/strong> 04410066.000478\/2021-91<\/p>\n<p><strong>Objeto:<\/strong>\u00a0Aquisi\u00e7\u00e3o de computadores e monitores para uso de equipes de Desenvolvimento de Software que atual na implementa\u00e7\u00e3o e gerenciamento dos Sistemas integrados de Gest\u00e3o &#8211; SIG.<\/p>\n<p><strong>Valor Global:<\/strong>\u00a0R$ 105.000,00<\/p>\n<p><strong>Valor da Contrapartida:<\/strong>\u00a0R$ 5.000,00<\/p>\n<p><strong>Desembolso:<\/strong> R$ 61.800,00<\/p>\n<p><strong>Percentual executado do Plano de Trabalho:<\/strong> 7,61%<\/p>\n<p><strong>Vig\u00eancia:<\/strong> 01\/12\/2025<\/p>\n<p><strong>Situa\u00e7\u00e3o:<\/strong> Em execu\u00e7\u00e3o.<\/p>\n<p><strong>Observa\u00e7\u00e3o:<\/strong> Equipamentos de Tecnologia da Informa\u00e7\u00e3o &#8211; DINF.<\/p>\n<p><strong>Anexo:<\/strong> <a href=\"https:\/\/www.uern.br\/controledepaginas\/proplan-convenios-emendas-federais-2021\/arquivos\/6245_emenda_apropriacao_de_despesa_beto_rosado.pdf\">Avulso de Emendas<\/a><\/p>\n<hr \/>\n<p><strong>EMENDA PARLAMENTAR N\u00b0 41420003<br \/>\n<\/strong><\/p>\n<p><strong>PARLAMENTAR AUTOR DA EMENDA:<\/strong> Styvenson Valentim<\/p>\n<p><strong>PROPOSTA N\u00ba 19585\/2021<br \/>\n<\/strong><\/p>\n<p><strong>CONV\u00caNIO N\u00ba 913408\/2021<br \/>\n<\/strong><\/p>\n<p><strong>Processo SEI n\u00ba:<\/strong> 04410066.000480\/2021-61<\/p>\n<p><strong>Objeto:<\/strong> Aquisi\u00e7\u00e3o de servidor e equipamentos de infraestrutura de redes para implanta\u00e7\u00e3o e hospedagem de sistemas administrativos e acad\u00eamicos na FUERN.<\/p>\n<p><strong>Valor Global:<\/strong>\u00a0R$ 304.063,10<\/p>\n<p><strong>Valor da Contrapartida:<\/strong>\u00a0R$ 4.063,10<\/p>\n<p><strong>Desembolso:<\/strong> R$ 219.490,00<\/p>\n<p><strong>Percentual executado do Plano de Trabalho:<\/strong> 59,85%<\/p>\n<p><strong>Vig\u00eancia:<\/strong> 01\/12\/2025<\/p>\n<p><strong>Situa\u00e7\u00e3o:<\/strong> Em execu\u00e7\u00e3o.<\/p>\n<p><strong>Observa\u00e7\u00e3o:<\/strong> Equipamentos de Tecnologia da Informa\u00e7\u00e3o &#8211; DINF.<\/p>\n<p><strong>Anexo:<\/strong>\u00a0<a href=\"https:\/\/www.uern.br\/controledepaginas\/proplan-convenios-emendas-federais-2021\/arquivos\/6245_emenda_apropriacao_de_despesa_styvenson_valentim.pdf\">Avulso de Emendas<\/a><\/p>\n<hr \/>\n<p><strong>EMENDA PARLAMENTAR N\u00b0 37790005<br \/>\n<\/strong><\/p>\n<p><strong>PARLAMENTAR AUTOR DA EMENDA:<\/strong> Walter Alves<\/p>\n<p><strong>PROPOSTA N\u00ba 19587\/2021<br \/>\n<\/strong><\/p>\n<p><strong>CONV\u00caNIO N\u00ba 913350\/2021<br \/>\n<\/strong><\/p>\n<p><strong>Processo SEI n\u00ba:<\/strong> 04410066.000484\/2021-49<\/p>\n<p><strong>Objeto:<\/strong> Aquisi\u00e7\u00e3o de equipamentos de inform\u00e1tica para melhoria do aparelhamento de Tecnologia da Informa\u00e7\u00e3o do Campus de Caic\u00f3\/RN.<\/p>\n<p><strong>Valor Global:<\/strong>\u00a0R$ 106.187,09<\/p>\n<p><strong>Valor da Contrapartida:<\/strong>\u00a0R$ 6.187,09<\/p>\n<p><strong>Desembolso:<\/strong> R$ 44.810,91<\/p>\n<p><strong>Percentual executado do Plano de Trabalho:<\/strong> 39,87%<\/p>\n<p><strong>Vig\u00eancia:<\/strong> 01\/12\/2025<\/p>\n<p><strong>Situa\u00e7\u00e3o:<\/strong> Em execu\u00e7\u00e3o.<\/p>\n<p><strong>Observa\u00e7\u00e3o:<\/strong> Equipamentos de Tecnologia da Informa\u00e7\u00e3o no Campus de Caic\u00f3\/RN.<\/p>\n<p><strong>Anexo:<\/strong>\u00a0<a href=\"https:\/\/www.uern.br\/controledepaginas\/proplan-convenios-emendas-federais-2021\/arquivos\/6245_emenda_apropriacao_de_despesa_walter_alves.pdf\">Avulso de Emendas<\/a><\/p>\n<div>\n<hr \/>\n<\/div>\n<div>\n<p><strong>EMENDAS PARLAMENTARES<br \/>\n<\/strong><\/p>\n<ul>\n<li><strong>38860022<\/strong> &#8211; Jean Paul Prates<\/li>\n<li><strong>41630017 <\/strong>&#8211; Nat\u00e1lia Bonavides<\/li>\n<li><strong>37420010<\/strong> &#8211; Rafael Motta<\/li>\n<li><strong>40910016<\/strong> &#8211; Zenaide Maia<\/li>\n<\/ul>\n<\/div>\n<div>\n<p>&nbsp;<\/p>\n<p><strong>PROPOSTA N\u00ba 23745\/2021<br \/>\n<\/strong><\/p>\n<p><strong>CONV\u00caNIO N\u00ba 916950\/2021<br \/>\n<\/strong><\/p>\n<p><strong>Processo SEI n\u00ba:<\/strong> 04410066.000476\/2021-01<\/p>\n<p><strong>Objeto:<\/strong> Constru\u00e7\u00e3o de um bloco multidisciplinar para atividades acad\u00eamicas no Campus de Caic\u00f3\/RN.<\/p>\n<p><strong>Valor Global:<\/strong>\u00a0R$ 1.018.588,29<\/p>\n<p><strong>Valor da Contrapartida:<\/strong>\u00a0R$ 32.588,29<\/p>\n<p><strong>Vig\u00eancia:<\/strong> 01\/12\/2025<\/p>\n<p><strong>Situa\u00e7\u00e3o:<\/strong> Em execu\u00e7\u00e3o.<\/p>\n<p><strong>Observa\u00e7\u00e3o:<\/strong> Obra no Campus de Caic\u00f3\/RN.<\/p>\n<p><strong>Anexo:<\/strong>\u00a0<a href=\"https:\/\/www.uern.br\/controledepaginas\/proplan-convenios-emendas-federais-2021\/arquivos\/6245_emenda_apropriacao_de_despesa_jean_paul_prates.pdf\">Avulso de Emendas<\/a> Jean Paul Prates<br \/>\n<strong>Anexo:<\/strong>\u00a0<a href=\"https:\/\/www.uern.br\/controledepaginas\/proplan-convenios-emendas-federais-2021\/arquivos\/6245_emenda_apropriacao_de_despesa_natalia_bonavides.pdf\">Avulso de Emendas<\/a> Nat\u00e1lia Bonavides<br \/>\n<strong>Anexo:<\/strong>\u00a0<a href=\"https:\/\/www.uern.br\/controledepaginas\/proplan-convenios-emendas-federais-2021\/arquivos\/6245_emenda_apropriacao_de_despesa_rafael_motta.pdf\">Avulso de Emendas<\/a> Rafael Motta<br \/>\n<strong>Anexo:<\/strong>\u00a0<a href=\"https:\/\/www.uern.br\/controledepaginas\/proplan-convenios-emendas-federais-2021\/arquivos\/6245_emenda_apropriacao_de_despesa_zenaide_maia.pdf\">Avulso de Emendas<\/a> Zenaide Maia<\/p>\n<\/div>\n","protected":false},"excerpt":{"rendered":"<p>EMENDA PARLAMENTAR N\u00b0 30540008 PARLAMENTAR AUTOR DA EMENDA:\u00a0Beto Rosado PROPOSTA N\u00ba 19582\/2021 CONV\u00caNIO N\u00ba 913426\/2021 Processo SEI n\u00ba: 04410066.000478\/2021-91 Objeto:\u00a0Aquisi\u00e7\u00e3o de computadores e monitores para uso de equipes de Desenvolvimento de Software que atual na implementa\u00e7\u00e3o e gerenciamento dos Sistemas integrados de Gest\u00e3o &#8211; SIG. Valor Global:\u00a0R$ 105.000,00 Valor da Contrapartida:\u00a0R$ 5.000,00 Desembolso: R$ 61.800,00 [&hellip;]<\/p>\n","protected":false},"author":2,"featured_media":0,"parent":0,"menu_order":0,"comment_status":"closed","ping_status":"closed","template":"","meta":{"footnotes":""},"class_list":["post-820","page","type-page","status-publish","hentry"],"_links":{"self":[{"href":"https:\/\/portal.uern.br\/proplan\/wp-json\/wp\/v2\/pages\/820","targetHints":{"allow":["GET"]}}],"collection":[{"href":"https:\/\/portal.uern.br\/proplan\/wp-json\/wp\/v2\/pages"}],"about":[{"href":"https:\/\/portal.uern.br\/proplan\/wp-json\/wp\/v2\/types\/page"}],"author":[{"embeddable":true,"href":"https:\/\/portal.uern.br\/proplan\/wp-json\/wp\/v2\/users\/2"}],"replies":[{"embeddable":true,"href":"https:\/\/portal.uern.br\/proplan\/wp-json\/wp\/v2\/comments?post=820"}],"version-history":[{"count":6,"href":"https:\/\/portal.uern.br\/proplan\/wp-json\/wp\/v2\/pages\/820\/revisions"}],"predecessor-version":[{"id":2329,"href":"https:\/\/portal.uern.br\/proplan\/wp-json\/wp\/v2\/pages\/820\/revisions\/2329"}],"wp:attachment":[{"href":"https:\/\/portal.uern.br\/proplan\/wp-json\/wp\/v2\/media?parent=820"}],"curies":[{"name":"wp","href":"https:\/\/api.w.org\/{rel}","templated":true}]}}