{"id":816,"date":"2023-02-28T14:06:14","date_gmt":"2023-02-28T17:06:14","guid":{"rendered":"https:\/\/portal.uern.br\/proplan\/?page_id=816"},"modified":"2025-07-28T11:32:41","modified_gmt":"2025-07-28T14:32:41","slug":"convenios-emendas-federais-2020","status":"publish","type":"page","link":"https:\/\/portal.uern.br\/proplan\/convenios-emendas-federais-2020\/","title":{"rendered":"Emendas Federais 2020"},"content":{"rendered":"<p><strong>EMENDA PARLAMENTAR N\u00b0 305400013<br \/>\n<\/strong><\/p>\n<p><strong>PARLAMENTAR AUTOR DA EMENDA:<\/strong>\u00a0Beto Rosado<\/p>\n<p><strong>PROPOSTA N\u00ba 327\/2020<br \/>\n<\/strong><\/p>\n<p><strong>CONV\u00caNIO N\u00ba 903149\/2020<\/strong><\/p>\n<p><strong>Objeto:<\/strong> Aquisi\u00e7\u00e3o de equipamentos para estrutura\u00e7\u00e3o do Laborat\u00f3rio de R\u00e1dio do Departamento de Comunica\u00e7\u00e3o Social e Est\u00fadio da R\u00e1dio Universit\u00e1ria da Universidade do Estado do Rio Grande do Norte \u2013 UERN.<\/p>\n<p><strong>Valor Global:<\/strong>\u00a0R$ 152.778,39<\/p>\n<p><strong>Valor da Contrapartida:<\/strong>\u00a0R$ 2.778,39<\/p>\n<p><strong>Desembolso:<\/strong> R$ 119.713,99<\/p>\n<p><strong>Percentual executado do Plano de Trabalho:<\/strong> 76,68%<\/p>\n<p><strong>Vig\u00eancia:<\/strong> 08\/01\/2026<\/p>\n<p><strong>Situa\u00e7\u00e3o:<\/strong> Em execu\u00e7\u00e3o.<\/p>\n<p><strong>Anexos:<\/strong><\/p>\n<p><a href=\"https:\/\/www.uern.br\/controledepaginas\/proplan-convenios-emendas-federais-2020\/arquivos\/5880_espelho_de_emenda_de_apropriacao_de_despesa_327.2020.pdf\">Espelho da Emenda<\/a><\/p>\n<p><a href=\"https:\/\/www.uern.br\/controledepaginas\/proplan-convenios-emendas-federais-2020\/arquivos\/5880_extrato_proposta_327.2020.pdf\">Extrato da Proposta<\/a><\/p>\n<p>Maiores informa\u00e7\u00f5es acesse o <a href=\"https:\/\/voluntarias.plataformamaisbrasil.gov.br\/voluntarias\/ConsultarProposta\/ResultadoDaConsultaDePropostaDetalharProposta.do?idProposta=1531356&amp;destino=&amp;idConvenio=863035\">Portal da Transpar\u00eancia<\/a><\/p>\n<hr \/>\n<p><strong>EMENDA PARLAMENTAR N\u00b0 39170013<br \/>\n<\/strong><\/p>\n<p><strong>PARLAMENTAR AUTOR DA EMENDA:<\/strong>\u00a0Benes Leoc\u00e1dio<\/p>\n<p><strong>PROPOSTA N\u00ba 332\/2020<br \/>\n<\/strong><\/p>\n<p><strong>CONV\u00caNIO N\u00ba 903148\/2020<br \/>\n<\/strong><\/p>\n<p><strong>Objeto:<\/strong> Aquisi\u00e7\u00e3o de equipamentos para moderniza\u00e7\u00e3o dos sistemas de Tecnologia da Informa\u00e7\u00e3o da UERN.<\/p>\n<p><strong>Valor Global:<\/strong>\u00a0R$ 153.412,68<\/p>\n<p><strong>Valor da Contrapartida:<\/strong>\u00a0R$ 3.412,68<\/p>\n<p><strong>Desembolso:<\/strong> R$ 83.643,00<\/p>\n<p><strong>Percentual executado do Plano de Trabalho:<\/strong> 76,68%<\/p>\n<p><strong>Vig\u00eancia:<\/strong> 07\/01\/2026<\/p>\n<p><strong>Situa\u00e7\u00e3o:<\/strong> Em execu\u00e7\u00e3o.<\/p>\n<p><strong>Anexos:<\/strong><\/p>\n<p><a href=\"https:\/\/www.uern.br\/controledepaginas\/proplan-convenios-emendas-federais-2020\/arquivos\/5880_espelho_de_emenda_de_apropriacao_de_despesa_332.2020.pdf\">Espelho da Emenda<\/a><\/p>\n<p><a href=\"https:\/\/www.uern.br\/controledepaginas\/proplan-convenios-emendas-federais-2020\/arquivos\/5880_extrato_proposta_332.2020.pdf\">Extrato da Proposta<\/a><\/p>\n<p>Maiores informa\u00e7\u00f5es acesse o <a href=\"https:\/\/voluntarias.plataformamaisbrasil.gov.br\/voluntarias\/ConsultarProposta\/ResultadoDaConsultaDePropostaDetalharProposta.do?idProposta=1531364&amp;destino=&amp;idConvenio=863034\">Portal da Transpar\u00eancia<\/a><\/p>\n<hr \/>\n<p><strong>EMENDA PARLAMENTAR N\u00b0 41630007<br \/>\n<\/strong><\/p>\n<p><strong>PARLAMENTAR AUTOR DA EMENDA:<\/strong>\u00a0Natalia Bonavides<\/p>\n<p><strong>PROPOSTA N\u00ba 337\/2020<br \/>\n<\/strong><\/p>\n<p><strong>CONV\u00caNIO N\u00ba 904215\/2020<br \/>\n<\/strong><\/p>\n<p><strong>Objeto:<\/strong> Constru\u00e7\u00e3o da Biblioteca em atendimento \u00e0s emendas acad\u00eamicas e administrativas dos cursos de gradua\u00e7\u00e3o e p\u00f3s-gradua\u00e7\u00e3o do Campus Avan\u00e7ado de Assu, da UERN.<\/p>\n<p><strong>Valor Global:<\/strong>\u00a0R$ 505.500,00<\/p>\n<p><strong>Valor da Contrapartida:<\/strong>\u00a0R$ 5.500,00<\/p>\n<p><strong>Vig\u00eancia:<\/strong> 27\/02\/2024<\/p>\n<p><strong>Situa\u00e7\u00e3o:<\/strong> Presta\u00e7\u00e3o de Contas enviada para an\u00e1lise.<\/p>\n<p><strong>Anexos:<\/strong><\/p>\n<p><a href=\"https:\/\/www.uern.br\/controledepaginas\/proplan-convenios-emendas-federais-2020\/arquivos\/5880_espelho_de_emenda_de_apropriacao_de_despesa_337.2020.pdf\">Espelho da Emenda<\/a><\/p>\n<p><a href=\"https:\/\/www.uern.br\/controledepaginas\/proplan-convenios-emendas-federais-2020\/arquivos\/5880_extrato_proposta_337.2020.pdf\">Extrato da Proposta<\/a><\/p>\n<p>Maiores informa\u00e7\u00f5es acesse o <a href=\"https:\/\/voluntarias.plataformamaisbrasil.gov.br\/voluntarias\/ConsultarProposta\/ResultadoDaConsultaDePropostaDetalharProposta.do?idProposta=1531377&amp;destino=&amp;idConvenio=\">Portal da Transpar\u00eancia<\/a><\/p>\n<hr \/>\n<p><strong>EMENDA PARLAMENTAR N\u00b0 37790013<br \/>\n<\/strong><\/p>\n<p><strong>PARLAMENTAR AUTOR DA EMENDA:<\/strong>\u00a0Walter Alves<\/p>\n<p><strong>PROPOSTA N\u00ba 340\/2020<br \/>\n<\/strong><\/p>\n<p><strong>CONV\u00caNIO N\u00ba 903147\/2020<\/strong><\/p>\n<p><strong>Objeto:<\/strong> Aquisi\u00e7\u00e3o de equipamentos para moderniza\u00e7\u00e3o e amplia\u00e7\u00e3o do processamento de dados em atendimento \u00e0s demandas acad\u00eamicas e administrativas do Campus de Patu (CAP), da Universidade do Estado do Rio Grande do Norte \u2013 UERN.<\/p>\n<p><strong>Valor Global:<\/strong>\u00a0R$ 101.129,92<\/p>\n<p><strong>Valor da Contrapartida:<\/strong>\u00a0R$ 1.129,92<\/p>\n<p><strong>Desembolso:<\/strong> R$ 80.483,12<\/p>\n<p><strong>Percentual executado do Plano de Trabalho:<\/strong> 80,10%<\/p>\n<p><strong>Vig\u00eancia:<\/strong> 15\/01\/2026<\/p>\n<p><strong>Situa\u00e7\u00e3o:<\/strong> Em execu\u00e7\u00e3o.<\/p>\n<p><strong>Anexos:<\/strong><\/p>\n<p><a href=\"https:\/\/www.uern.br\/controledepaginas\/proplan-convenios-emendas-federais-2020\/arquivos\/5880_espelho_de_emenda_de_apropriacao_de_despesa_340.2020.pdf\">Espelho da Emenda<\/a><\/p>\n<p><a href=\"https:\/\/www.uern.br\/controledepaginas\/proplan-convenios-emendas-federais-2020\/arquivos\/5880_extrato_proposta_340.2020.pdf\">Extrato da Proposta<\/a><\/p>\n<p>Maiores informa\u00e7\u00f5es acesse o <a href=\"https:\/\/voluntarias.plataformamaisbrasil.gov.br\/voluntarias\/ConsultarProposta\/ResultadoDaConsultaDePropostaDetalharProposta.do?idProposta=1531387&amp;destino=&amp;idConvenio=863033\">Portal da Transpar\u00eancia<\/a><\/p>\n<hr \/>\n<p><strong>EMENDA PARLAMENTAR N\u00b0 41420009<br \/>\n<\/strong><\/p>\n<p><strong>PARLAMENTAR AUTOR DA EMENDA:<\/strong>\u00a0Styvenson Valentim<\/p>\n<p><strong>PROPOSTA N\u00ba 343\/2020<br \/>\n<\/strong><\/p>\n<p><strong>CONV\u00caNIO N\u00ba 904214\/2020<br \/>\n<\/strong><\/p>\n<p><strong>Objeto:<\/strong> Constru\u00e7\u00e3o do pr\u00e9dio sede para as atividades da Empresa J\u00fanior da UERN.<\/p>\n<p><strong>Valor Global:<\/strong>\u00a0R$ 505.500,00<\/p>\n<p><strong>Valor da Contrapartida:<\/strong>\u00a0R$ 5.500,00<\/p>\n<p><strong>Vig\u00eancia:<\/strong> 14\/01\/2026<\/p>\n<p><strong>Situa\u00e7\u00e3o:<\/strong> Cl\u00e1usula Suspensiva &#8211; Enviada para an\u00e1lise.<\/p>\n<p><a href=\"https:\/\/www.uern.br\/controledepaginas\/proplan-convenios-emendas-federais-2020\/arquivos\/5880_espelho_de_emenda_de_apropriacao_de_despesa_343.2020.pdf\">Espelho da Emenda<\/a><\/p>\n<p><a href=\"https:\/\/www.uern.br\/controledepaginas\/proplan-convenios-emendas-federais-2020\/arquivos\/5880_extrato_proposta_343.2020.pdf\">Extrato da Proposta<\/a><\/p>\n<p>Maiores informa\u00e7\u00f5es acesse o <a href=\"https:\/\/voluntarias.plataformamaisbrasil.gov.br\/voluntarias\/ConsultarProposta\/ResultadoDaConsultaDePropostaDetalharProposta.do?idProposta=1531391&amp;destino=&amp;idConvenio=\">Portal da Transpar\u00eancia<\/a><\/p>\n<hr \/>\n<p><strong>EMENDA PARLAMENTAR N\u00b0 41420009<br \/>\n<\/strong><\/p>\n<p><strong>PARLAMENTAR AUTOR DA EMENDA:<\/strong> Nat\u00e1lia Bonavides<\/p>\n<p><strong>PROPOSTA N\u00ba 18703\/2020<br \/>\n<\/strong><\/p>\n<p><strong>CONV\u00caNIO N\u00ba 904841\/2020<br \/>\n<\/strong><\/p>\n<p><strong>Objeto: <\/strong>Aquisi\u00e7\u00e3o de equipamento e material permanente para aten\u00e7\u00e3o especializada em sa\u00fade.<\/p>\n<p><strong>Valor Global:<\/strong>\u00a0R$ 107.122,00<\/p>\n<p><strong>Valor da Contrapartida:<\/strong>\u00a0R$ 1.122,00<\/p>\n<p><strong>Desembolso:<\/strong> R$ 14.774,03<\/p>\n<p><strong>Percentual executado do Plano de Trabalho:<\/strong> 2,28%<\/p>\n<p><strong>Vig\u00eancia:<\/strong> 24\/11\/2025<\/p>\n<p><strong>Situa\u00e7\u00e3o:<\/strong> Em execu\u00e7\u00e3o.<\/p>\n<p><strong>Anexos:<\/strong><\/p>\n<p>Espelho da Emenda<\/p>\n<p><a href=\"https:\/\/www.uern.br\/controledepaginas\/proplan-convenios-emendas-federais-2020\/arquivos\/5880_extrato_proposta_18703.2020.pdf\">Extrato da Proposta<\/a><\/p>\n<p>Maiores informa\u00e7\u00f5es acesse o <a href=\"http:\/\/www.portaltransparencia.gov.br\/convenios\/904841?ordenarPor=data&amp;direcao=desc\">Portal da Transpar\u00eancia<\/a><\/p>\n","protected":false},"excerpt":{"rendered":"<p>EMENDA PARLAMENTAR N\u00b0 305400013 PARLAMENTAR AUTOR DA EMENDA:\u00a0Beto Rosado PROPOSTA N\u00ba 327\/2020 CONV\u00caNIO N\u00ba 903149\/2020 Objeto: Aquisi\u00e7\u00e3o de equipamentos para estrutura\u00e7\u00e3o do Laborat\u00f3rio de R\u00e1dio do Departamento de Comunica\u00e7\u00e3o Social e Est\u00fadio da R\u00e1dio Universit\u00e1ria da Universidade do Estado do Rio Grande do Norte \u2013 UERN. Valor Global:\u00a0R$ 152.778,39 Valor da Contrapartida:\u00a0R$ 2.778,39 Desembolso: R$ [&hellip;]<\/p>\n","protected":false},"author":2,"featured_media":0,"parent":0,"menu_order":0,"comment_status":"closed","ping_status":"closed","template":"","meta":{"footnotes":""},"class_list":["post-816","page","type-page","status-publish","hentry"],"_links":{"self":[{"href":"https:\/\/portal.uern.br\/proplan\/wp-json\/wp\/v2\/pages\/816","targetHints":{"allow":["GET"]}}],"collection":[{"href":"https:\/\/portal.uern.br\/proplan\/wp-json\/wp\/v2\/pages"}],"about":[{"href":"https:\/\/portal.uern.br\/proplan\/wp-json\/wp\/v2\/types\/page"}],"author":[{"embeddable":true,"href":"https:\/\/portal.uern.br\/proplan\/wp-json\/wp\/v2\/users\/2"}],"replies":[{"embeddable":true,"href":"https:\/\/portal.uern.br\/proplan\/wp-json\/wp\/v2\/comments?post=816"}],"version-history":[{"count":4,"href":"https:\/\/portal.uern.br\/proplan\/wp-json\/wp\/v2\/pages\/816\/revisions"}],"predecessor-version":[{"id":2327,"href":"https:\/\/portal.uern.br\/proplan\/wp-json\/wp\/v2\/pages\/816\/revisions\/2327"}],"wp:attachment":[{"href":"https:\/\/portal.uern.br\/proplan\/wp-json\/wp\/v2\/media?parent=816"}],"curies":[{"name":"wp","href":"https:\/\/api.w.org\/{rel}","templated":true}]}}