{"id":814,"date":"2023-02-28T14:05:12","date_gmt":"2023-02-28T17:05:12","guid":{"rendered":"https:\/\/portal.uern.br\/proplan\/?page_id=814"},"modified":"2025-07-28T11:19:49","modified_gmt":"2025-07-28T14:19:49","slug":"convenios-emendas-federais-2019","status":"publish","type":"page","link":"https:\/\/portal.uern.br\/proplan\/convenios-emendas-federais-2019\/","title":{"rendered":"Emendas Federais 2019"},"content":{"rendered":"<p><strong>EMENDA PARLAMENTAR INDIVIDUAL N\u00b0 20330007\/21230024<\/strong><\/p>\n<p><strong>PARLAMENTARES AUTORES DA EMENDA:<\/strong>\u00a0Garibaldi Alves Filho e Jos\u00e9 Agripino<\/p>\n<p><strong>PROPOSTA N\u00ba 2756\/2019<br \/>\n<\/strong><\/p>\n<p><strong>CONV\u00caNIO N\u00ba 895668\/2019<\/strong><\/p>\n<p><strong>Objeto:<\/strong> Aquisi\u00e7\u00e3o de equipamentos e material permanente para moderniza\u00e7\u00e3o e amplia\u00e7\u00e3o do Parque de Tecnologia e Informa\u00e7\u00e3o da Universidade do Estado do Rio Grande do Norte.<\/p>\n<p><strong>Valor Global:<\/strong> R$ 214.215,32<\/p>\n<p><strong>Valor da Contrapartida:<\/strong> R$ 14.251,32<\/p>\n<p><strong>Desembolso:<\/strong> R$ 144.492,00<\/p>\n<p><strong>Percentual executado do Plano de Trabalho:<\/strong> 67,65%<\/p>\n<p><strong>Vig\u00eancia:<\/strong> 04\/07\/2025<\/p>\n<p><strong>Situa\u00e7\u00e3o:<\/strong> Aguardando Presta\u00e7\u00e3o de Contas.<\/p>\n<p><strong>Anexos:<\/strong><\/p>\n<p><a href=\"https:\/\/www.uern.br\/controledepaginas\/proplan-convenios-emendas-federais-2019\/arquivos\/5057_espelho_de_emenda_de_apropriacao_de_despesa_2756.2019.pdf\">Espelho da Emenda 20330007<\/a><\/p>\n<p><a href=\"https:\/\/www.uern.br\/controledepaginas\/proplan-convenios-emendas-federais-2019\/arquivos\/5057_espelho_de_emenda_de_apropriacao_de_despesa_3121.2019.pdf\">Espelho da Emenda 21230024<\/a><\/p>\n<p><a href=\"https:\/\/www.uern.br\/controledepaginas\/proplan-convenios-emendas-federais-2019\/arquivos\/5057_extrato_convenio_895668.2019.pdf\">Extrato do Conv\u00eanio<\/a><\/p>\n<p>Maiores informa\u00e7\u00f5es acesse o <a href=\"http:\/\/www.portaltransparencia.gov.br\/convenios\/895668?ordenarPor=data&amp;direcao=desc\">Portal da Transpar\u00eancia<\/a><\/p>\n<hr \/>\n<p><strong>EMENDA PARLAMENTAR N\u00b0 71210005<br \/>\n<\/strong><\/p>\n<p><strong>PARLAMENTAR AUTOR DA EMENDA:<\/strong>\u00a0Bancada Federal<\/p>\n<p><strong>PROPOSTA N\u00ba 9404\/2019<br \/>\n<\/strong><\/p>\n<p><strong>CONV\u00caNIO N\u00ba 893785\/2019<\/strong><\/p>\n<p><strong>Objeto:<\/strong>\u00a0Constru\u00e7\u00e3o de um bloco de salas de aula e conviv\u00eancia para o atendimento das demandas acad\u00eamicas e administrativas dos cursos de gradua\u00e7\u00e3o e p\u00f3s-gradua\u00e7\u00e3o do Campus Avan\u00e7ado Prefeito Walter de S\u00e1 Leit\u00e3o, no munic\u00edpio de Ass\u00fa.<\/p>\n<p><strong>Valor Global:<\/strong>\u00a0R$\u00a01.576.579,34<\/p>\n<p><strong>Valor da Contrapartida:<\/strong>\u00a0R$\u00a016.579,34<\/p>\n<p><strong>Vig\u00eancia:<\/strong> 15\/01\/2024<\/p>\n<p><strong>Situa\u00e7\u00e3o:<\/strong> Presta\u00e7\u00e3o de Contas enviada para an\u00e1lise.<\/p>\n<p><strong>Anexos:<\/strong><\/p>\n<p><a href=\"https:\/\/www.uern.br\/controledepaginas\/proplan-convenios-emendas-federais-2019\/arquivos\/5057_espelho_de_emenda_de_apropriacao_de_despesa_9404.2019.pdf\">Espelho da Emenda<\/a><\/p>\n<p><a href=\"https:\/\/www.uern.br\/controledepaginas\/proplan-convenios-emendas-federais-2019\/arquivos\/5057_extrato_convenio_893785.2019.pdf\">Extrato do Conv\u00eanio<\/a><\/p>\n<p>Maiores informa\u00e7\u00f5es acesse o <a href=\"http:\/\/www.portaltransparencia.gov.br\/convenios\/893785?ordenarPor=data&amp;direcao=desc\">Portal da Transpar\u00eancia<\/a><\/p>\n<hr \/>\n<p><strong>EMENDA PARLAMENTAR N\u00b0 71210005<br \/>\n<\/strong><\/p>\n<p><strong>PARLAMENTAR AUTOR DA EMENDA:<\/strong>\u00a0Bancada Federal<\/p>\n<p><strong>PROPOSTA N\u00ba 9424\/2019<br \/>\n<\/strong><\/p>\n<p><strong>CONV\u00caNIO N\u00ba 894690\/2019<\/strong><\/p>\n<p><strong>Emenda Parlamentar:<\/strong> Bancada Federal<\/p>\n<p><strong>Objeto:<\/strong>\u00a0Aquisi\u00e7\u00e3o de equipamentos e material permanentes para atendimento das demandas acad\u00eamicas e administrativas do Campus de Natal, da Universidade do Estado do Rio Grande do Norte.<\/p>\n<p><strong>Valor Global:<\/strong>\u00a0R$ 1.423.119,44<\/p>\n<p><strong>Valor da Contrapartida:<\/strong>\u00a0R$ 16.119,44<\/p>\n<p><strong>Desembolso:<\/strong> R$ 840.922,20<\/p>\n<p><strong>Percentual executado do Plano de Trabalho:<\/strong> 50,52%<\/p>\n<p><strong>Vig\u00eancia:<\/strong> 12\/08\/2026<\/p>\n<p><strong>Situa\u00e7\u00e3o:<\/strong> Em execu\u00e7\u00e3o.<\/p>\n<p><strong>Anexos:<\/strong><\/p>\n<p><a href=\"https:\/\/www.uern.br\/controledepaginas\/proplan-convenios-emendas-federais-2019\/arquivos\/5057_espelho_de_emenda_de_apropriacao_de_despesa_9424.2019.pdf\">Espelho da Emenda<\/a><\/p>\n<p><a href=\"https:\/\/www.uern.br\/controledepaginas\/proplan-convenios-emendas-federais-2019\/arquivos\/5057_extrato_convenio_894690.2019.pdf\">Extrato do Conv\u00eanio<\/a><\/p>\n<p>Maiores informa\u00e7\u00f5es acesse o <a href=\"http:\/\/www.portaltransparencia.gov.br\/convenios\/894690?ordenarPor=data&amp;direcao=desc\">Portal da Transpar\u00eancia<\/a><\/p>\n<hr \/>\n<p><strong>EMENDA PARLAMENTAR N\u00b0 71210005<br \/>\n<\/strong><\/p>\n<p><strong>PARLAMENTAR AUTOR DA EMENDA:<\/strong>\u00a0Bancada Federal<\/p>\n<p><strong>PROPOSTA N\u00ba 9558\/2019<br \/>\n<\/strong><\/p>\n<p><strong>CONV\u00caNIO N\u00ba 894250\/2019<\/strong><\/p>\n<p><strong>Objeto:<\/strong>\u00a0Constru\u00e7\u00e3o de um bloco de salas de aula e audit\u00f3rio para o atendimento das demandas acad\u00eamicas e administrativas dos cursos de gradua\u00e7\u00e3o e p\u00f3s-gradua\u00e7\u00e3o do Campus Avan\u00e7ado de Caic\u00f3.<\/p>\n<p><strong>Valor Global:<\/strong>\u00a0R$\u00a01.744.435,72<\/p>\n<p><strong>Valor da Contrapartida:<\/strong>\u00a0R$\u00a017.935,72<\/p>\n<p><strong>Vig\u00eancia:<\/strong> 01\/12\/2025<\/p>\n<p><strong>Situa\u00e7\u00e3o:<\/strong> Em execu\u00e7\u00e3o.<\/p>\n<p><strong>Anexos:<\/strong><\/p>\n<p><a href=\"https:\/\/www.uern.br\/controledepaginas\/proplan-convenios-emendas-federais-2019\/arquivos\/5057_espelho_de_emenda_de_apropriacao_de_despesa_9558.2019.pdf\">Espelho da Emenda<\/a><\/p>\n<p><a href=\"https:\/\/www.uern.br\/controledepaginas\/proplan-convenios-emendas-federais-2019\/arquivos\/5057_extrato_convenio_894250.2019.pdf\">Extrato do Conv\u00eanio<\/a><\/p>\n<p>Maiores informa\u00e7\u00f5es acesse o <a href=\"http:\/\/www.portaltransparencia.gov.br\/convenios\/894250?ordenarPor=data&amp;direcao=desc\">Portal da Transpar\u00eancia<\/a><\/p>\n<hr \/>\n<p><strong>EMENDA PARLAMENTAR N\u00b0 71210005<br \/>\n<\/strong><\/p>\n<p><strong>PARLAMENTAR AUTOR DA EMENDA:<\/strong>\u00a0Bancada Federal<\/p>\n<p><strong>PROPOSTA N\u00ba 9561\/2019<br \/>\n<\/strong><\/p>\n<p><strong>CONV\u00caNIO N\u00ba 893845\/2019<\/strong><\/p>\n<p><strong>Objeto:<\/strong>\u00a0Constru\u00e7\u00e3o de um bloco de salas de aula com dois andares e conviv\u00eancia na parte t\u00e9rrea para o atendimento das demandas acad\u00eamicas e administrativas dos cursos de gradua\u00e7\u00e3o e p\u00f3s-gradua\u00e7\u00e3o e projetos de extens\u00e3o do Campus Avan\u00e7ado de Patu (CAP).<\/p>\n<p><strong>Valor Global:<\/strong>\u00a0R$\u00a01.576.579,34<\/p>\n<p><strong>Valor da Contrapartida:<\/strong>\u00a0R$\u00a016.579,34<\/p>\n<p><strong>Vig\u00eancia:<\/strong> 10\/02\/2026<\/p>\n<p><strong>Situa\u00e7\u00e3o:<\/strong> Em execu\u00e7\u00e3o.<\/p>\n<p><strong>Anexos:<\/strong><\/p>\n<p><a href=\"https:\/\/www.uern.br\/controledepaginas\/proplan-convenios-emendas-federais-2019\/arquivos\/5057_espelho_de_emenda_de_apropriacao_de_despesa_9561.2019.pdf\">Espelho da Emenda<\/a><\/p>\n<p><a href=\"https:\/\/www.uern.br\/controledepaginas\/proplan-convenios-emendas-federais-2019\/arquivos\/5057_extrato_convenio_893845.2019.pdf\">Extrato do Conv\u00eanio<\/a><\/p>\n<p>Maiores informa\u00e7\u00f5es acesse o <a href=\"http:\/\/transparencia.gov.br\/convenios\/893845?ordenarPor=data&amp;direcao=desc\">Portal da Transpar\u00eancia<\/a><\/p>\n<hr \/>\n<p><strong>EMENDA PARLAMENTAR N\u00b0 71210005<br \/>\n<\/strong><\/p>\n<p><strong>PARLAMENTAR AUTOR DA EMENDA:<\/strong>\u00a0Bancada Federal<\/p>\n<p><strong>PROPOSTA N\u00ba 9566\/2019<br \/>\n<\/strong><\/p>\n<p><strong>CONV\u00caNIO N\u00ba 894205\/2019<\/strong><\/p>\n<p><strong>Objeto:<\/strong>\u00a0Constru\u00e7\u00e3o de quadra de esporte coberta com vesti\u00e1rio no Campus Avan\u00e7ado Professora \u201cMaria Elisa de Albuquerque Maia\u201d (CAMEAM).<\/p>\n<p><strong>Valor Global:<\/strong>\u00a0R$\u00a01.154.386,99<\/p>\n<p><strong>Valor da Contrapartida:<\/strong>\u00a0R$\u00a011.886,99<\/p>\n<p><strong>Vig\u00eancia:<\/strong> 14\/03\/2025<\/p>\n<p><strong>Situa\u00e7\u00e3o:<\/strong> Instrumento rescindido em 14\/03\/2025.<\/p>\n<p><strong>Anexos:<\/strong><\/p>\n<p><a href=\"https:\/\/www.uern.br\/controledepaginas\/proplan-convenios-emendas-federais-2019\/arquivos\/5057_espelho_de_emenda_de_apropriacao_de_despesa_9566.2019.pdf\">Espelho da Emenda<\/a><\/p>\n<p><a href=\"https:\/\/www.uern.br\/controledepaginas\/proplan-convenios-emendas-federais-2019\/arquivos\/5057_extrato_convenio_894205.2019.pdf\">Extrato do Conv\u00eanio<\/a><\/p>\n<p>Maiores informa\u00e7\u00f5es acesse o <a href=\"http:\/\/www.portaltransparencia.gov.br\/convenios\/894205?ordenarPor=data&amp;direcao=desc\">Portal da Transpar\u00eancia<\/a><\/p>\n<hr \/>\n<p><strong>EMENDA PARLAMENTAR N\u00b0 71210005<br \/>\n<\/strong><\/p>\n<p><strong>PARLAMENTAR AUTOR DA EMENDA:<\/strong>\u00a0Bancada Federal<\/p>\n<p><strong>PROPOSTA N\u00ba 9570\/2019<br \/>\n<\/strong><\/p>\n<p><strong>CONV\u00caNIO N\u00ba 894214\/2019<\/strong><\/p>\n<p><strong>Objeto:<\/strong>\u00a0Aquisi\u00e7\u00e3o de ve\u00edculo micro-\u00f4nibus para Campus Avan\u00e7ado Professora \u201cMaria Elisa de Albuquerque Maia\u201d (CAMEAM).<\/p>\n<p><strong>Valor Global:<\/strong>\u00a0R$\u00a0393.333,33<\/p>\n<p><strong>Valor da Contrapartida:<\/strong>\u00a0R$\u00a04.000,00<\/p>\n<p><strong>Desembolso:<\/strong> R$ 298.800,00<\/p>\n<p><strong>Percentual executado do Plano de Trabalho:<\/strong> 100%<\/p>\n<p><strong>Vig\u00eancia:<\/strong> 30\/06\/2022<\/p>\n<p><strong>Situa\u00e7\u00e3o:<\/strong> Presta\u00e7\u00e3o de contas enviada para an\u00e1lise.<\/p>\n<p><strong>Anexos:<\/strong><\/p>\n<p><a href=\"https:\/\/www.uern.br\/controledepaginas\/proplan-convenios-emendas-federais-2019\/arquivos\/5057_espelho_de_emenda_de_apropriacao_de_despesa_9570.2019.pdf\">Espelho da Emenda<\/a><\/p>\n<p><a href=\"https:\/\/www.uern.br\/controledepaginas\/proplan-convenios-emendas-federais-2019\/arquivos\/5057_extrato_convenio_894214.2019.pdf\">Extrato do Conv\u00eanio<\/a><\/p>\n<p>Maiores informa\u00e7\u00f5es acesse o <a href=\"http:\/\/www.portaltransparencia.gov.br\/convenios\/894214?ordenarPor=data&amp;direcao=desc\">Portal da Transpar\u00eancia<\/a><\/p>\n<hr \/>\n<p><strong>EMENDA PARLAMENTAR N\u00b0 71210005<br \/>\n<\/strong><\/p>\n<p><strong>PARLAMENTAR AUTOR DA EMENDA:<\/strong> Bancada Federal<\/p>\n<p><strong>PROPOSTA N\u00ba 9604\/2019<br \/>\n<\/strong><\/p>\n<p><strong>CONV\u00caNIO N\u00ba 893843\/2019<\/strong><\/p>\n<p><strong>Objeto:<\/strong>\u00a0Constru\u00e7\u00e3o do anfiteatro e audit\u00f3rio no campus central da Universidade do Estado do Rio Grande do Norte.<\/p>\n<p><strong>Valor Global:<\/strong>\u00a0R$\u00a02.082.245,13<\/p>\n<p><strong>Valor da Contrapartida:<\/strong>\u00a0R$\u00a021.245,13<\/p>\n<p><strong>Vig\u00eancia:<\/strong> 01\/12\/2025<\/p>\n<p><strong>Situa\u00e7\u00e3o:<\/strong> Cl\u00e1usula Suspensiva.<\/p>\n<p><strong>Anexos:<\/strong><\/p>\n<p><a href=\"https:\/\/www.uern.br\/controledepaginas\/proplan-convenios-emendas-federais-2019\/arquivos\/5057_espelho_de_emenda_de_apropriacao_de_despesa_9604.2019.pdf\">Espelho da Emenda<\/a><\/p>\n<p><a href=\"https:\/\/www.uern.br\/controledepaginas\/proplan-convenios-emendas-federais-2019\/arquivos\/5057_extrato_convenio_893843.2019.pdf\">Extrato do Conv\u00eanio<\/a><\/p>\n<p>Maiores informa\u00e7\u00f5es acesse o <a href=\"http:\/\/www.portaltransparencia.gov.br\/convenios\/893843?ordenarPor=data&amp;direcao=desc\">Portal da Transpar\u00eancia<\/a><\/p>\n<hr \/>\n<p><strong>EMENDA PARLAMENTAR N\u00b0 71210005<br \/>\n<\/strong><\/p>\n<p><strong>PARLAMENTAR AUTOR DA EMENDA:<\/strong> Bancada Federal<\/p>\n<p><strong>PROPOSTA N\u00ba 9605\/2019<br \/>\n<\/strong><\/p>\n<p><strong>CONV\u00caNIO N\u00ba 893842\/2019<\/strong><\/p>\n<p><strong>Objeto:<\/strong>\u00a0Constru\u00e7\u00e3o de Biblioteca no Campus Central da Universidade do Estado do Rio Grande do Norte.<\/p>\n<p><strong>Valor Global:<\/strong>\u00a0R$\u00a02.773.588,12<\/p>\n<p><strong>Valor da Contrapartida:<\/strong>\u00a0R$\u00a028.588,12<\/p>\n<p><strong>Vig\u00eancia:<\/strong> 14\/01\/2026<\/p>\n<p><strong>Situa\u00e7\u00e3o:<\/strong> Em execu\u00e7\u00e3o.<\/p>\n<p><strong>Anexos:<\/strong><\/p>\n<p><a href=\"https:\/\/www.uern.br\/controledepaginas\/proplan-convenios-emendas-federais-2019\/arquivos\/5057_espelho_de_emenda_de_apropriacao_de_despesa_9605.2019.pdf\">Espelho da Emenda<\/a><\/p>\n<p><a href=\"https:\/\/www.uern.br\/controledepaginas\/proplan-convenios-emendas-federais-2019\/arquivos\/5057_extrato_convenio_893842.2019.pdf\">Extrato do Conv\u00eanio<\/a><\/p>\n<p>Maiores informa\u00e7\u00f5es acesse o <a href=\"http:\/\/www.portaltransparencia.gov.br\/convenios\/893842?ordenarPor=data&amp;direcao=desc\">Portal da Transpar\u00eancia<\/a><\/p>\n<hr \/>\n<p><strong>EMENDA PARLAMENTAR N\u00b0 71210005<br \/>\n<\/strong><\/p>\n<p><strong>PARLAMENTAR AUTOR DA EMENDA:<\/strong> Bancada Federal<\/p>\n<p><strong>PROPOSTA N\u00ba 9606\/2019<br \/>\n<\/strong><\/p>\n<p><strong>CONV\u00caNIO N\u00ba 894202\/2019<\/strong><\/p>\n<p><strong>Objeto:<\/strong>\u00a0Constru\u00e7\u00e3o de cerca e posto de vigil\u00e2ncia no Campus Central da Universidade do Estado do Rio Grande do Norte.<\/p>\n<p><strong>Valor Global:<\/strong>\u00a0R$\u00a01.838.326,53<\/p>\n<p><strong>Valor da Contrapartida:<\/strong>\u00a0R$\u00a0293.326,52<\/p>\n<p><strong>Desembolso:<\/strong> R$ 1.545.000,00<\/p>\n<p><strong>Percentual executado do Plano de Trabalho:<\/strong> 100%<\/p>\n<p><strong>Vig\u00eancia:<\/strong> 10\/02\/2026<\/p>\n<p><strong>Situa\u00e7\u00e3o:<\/strong> Em execu\u00e7\u00e3o.<\/p>\n<p><strong>Anexos:<\/strong><\/p>\n<p><a href=\"https:\/\/www.uern.br\/controledepaginas\/proplan-convenios-emendas-federais-2019\/arquivos\/5057_espelho_de_emenda_de_apropriacao_de_despesa_9606.2019.pdf\">Espelho da Emenda<\/a><\/p>\n<p><a href=\"https:\/\/www.uern.br\/controledepaginas\/proplan-convenios-emendas-federais-2019\/arquivos\/5057_extrato_convenio_894202.2019.pdf\">Extrato do Conv\u00eanio<\/a><\/p>\n<hr \/>\n<p><strong>EMENDA PARLAMENTAR N\u00b0 71210005<br \/>\n<\/strong><\/p>\n<p><strong>PARLAMENTAR AUTOR DA EMENDA:<\/strong> Bancada Federal<\/p>\n<p><strong>PROPOSTA N\u00ba 9607\/2019<br \/>\n<\/strong><\/p>\n<p><strong>CONV\u00caNIO N\u00ba 894321\/2019<\/strong><\/p>\n<p><strong>Objeto:<\/strong>\u00a0Constru\u00e7\u00e3o de banheiros e rede coletora de esgoto no campus central da Universidade do Estado do Rio Grande do Norte.<\/p>\n<p><strong>Valor Global:<\/strong>\u00a0R$\u00a01.594.472,62<\/p>\n<p><strong>Valor da Contrapartida:<\/strong>\u00a0R$\u00a0336.472,62<\/p>\n<p>Desembolso: R$ 251.600,00<\/p>\n<p><strong>Vig\u00eancia:<\/strong> 16\/09\/2024<\/p>\n<p><strong>Situa\u00e7\u00e3o:<\/strong> Presta\u00e7\u00e3o de Contas enviada para an\u00e1lise.<\/p>\n<p><strong>Anexos:<\/strong><\/p>\n<p><a href=\"https:\/\/www.uern.br\/controledepaginas\/proplan-convenios-emendas-federais-2019\/arquivos\/5057_espelho_de_emenda_de_apropriacao_de_despesa_9607.2019.pdf\">Espelho da Emenda<\/a><\/p>\n<p><a href=\"https:\/\/www.uern.br\/controledepaginas\/proplan-convenios-emendas-federais-2019\/arquivos\/5057_extrato_convenio_894321.2019.pdf\">Extrato do Conv\u00eanio<\/a><\/p>\n<p>Maiores informa\u00e7\u00f5es acesse o <a href=\"http:\/\/www.portaltransparencia.gov.br\/convenios\/894321?ordenarPor=data&amp;direcao=desc\">Portal da Transpar\u00eancia<\/a><\/p>\n<hr \/>\n<p><strong>EMENDA PARLAMENTAR N\u00b0 71210005<br \/>\n<\/strong><\/p>\n<p><strong>PARLAMENTAR AUTOR DA EMENDA:<\/strong> Bancada Federal<\/p>\n<p><strong>PROPOSTA N\u00ba 9608\/2019<br \/>\n<\/strong><\/p>\n<p><strong>CONV\u00caNIO N\u00ba 894352\/2019<\/strong><\/p>\n<p><strong>Objeto:<\/strong>\u00a0Pavimenta\u00e7\u00e3o no Campus Central da Universidade do Estado do Rio Grande do Norte.<\/p>\n<p><strong>Valor Global:<\/strong>\u00a0R$ 2.067.122,61<\/p>\n<p><strong>Valor da Contrapartida:<\/strong>\u00a0R$ 532.122,61<\/p>\n<p><strong>Vig\u00eancia:<\/strong> 21\/11\/2024<\/p>\n<p><strong>Situa\u00e7\u00e3o:<\/strong> Presta\u00e7\u00e3o de Contas enviada para an\u00e1lise.<\/p>\n<p><strong>Anexos:<\/strong><\/p>\n<p><a href=\"https:\/\/www.uern.br\/controledepaginas\/proplan-convenios-emendas-federais-2019\/arquivos\/5057_espelho_de_emenda_de_apropriacao_de_despesa_9608.2019.pdf\">Espelho da Emenda<\/a><\/p>\n<p><a href=\"https:\/\/www.uern.br\/controledepaginas\/proplan-convenios-emendas-federais-2019\/arquivos\/5057_extrato_convenio_894352.2019.pdf\">Extrato do Conv\u00eanio<\/a><\/p>\n<p>Maiores informa\u00e7\u00f5es acesse o <a href=\"http:\/\/www.portaldatransparencia.gov.br\/convenios\/894352?ordenarPor=data&amp;direcao=desc\">Portal da Transpar\u00eancia<\/a><\/p>\n<hr \/>\n<p><strong>EMENDA PARLAMENTAR N\u00b0 71210005<br \/>\n<\/strong><\/p>\n<p><strong>PARLAMENTAR AUTOR DA EMENDA:<\/strong> Bancada Federal<\/p>\n<p><strong>PROPOSTA N\u00ba 9609\/2019<br \/>\n<\/strong><\/p>\n<p><strong>CONV\u00caNIO N\u00ba 894320\/2019<\/strong><\/p>\n<p><strong>Objeto:<\/strong>\u00a0Reforma e restauro da Associa\u00e7\u00e3o Cultural e Esportiva Universit\u00e1ria (ACEU), da Universidade do Estado do Rio Grande do Norte (UERN).<\/p>\n<p><strong>Valor Global:<\/strong>\u00a0R$\u00a01.131.850,23<\/p>\n<p><strong>Valor da Contrapartida:<\/strong>\u00a0R$\u00a011.850,23<\/p>\n<p><strong>Vig\u00eancia:<\/strong> 01\/12\/2025<\/p>\n<p><strong>Situa\u00e7\u00e3o:<\/strong> Cl\u00e1usula Suspensiva.<\/p>\n<p><strong>Anexos:<\/strong><\/p>\n<p><a href=\"https:\/\/www.uern.br\/controledepaginas\/proplan-convenios-emendas-federais-2019\/arquivos\/5057_espelho_de_emenda_de_apropriacao_de_despesa_9609.2019.pdf\">Espelho da Emenda<\/a><\/p>\n<p><a href=\"https:\/\/www.uern.br\/controledepaginas\/proplan-convenios-emendas-federais-2019\/arquivos\/5057_extrato_convenio_894320.2019.pdf\">Extrato do Conv\u00eanio<\/a><\/p>\n<p>Maiores informa\u00e7\u00f5es acesse o <a href=\"http:\/\/www.portaldatransparencia.gov.br\/convenios\/894320?ordenarPor=data&amp;direcao=desc\">Portal da Transpar\u00eancia<\/a><\/p>\n<hr \/>\n<p><strong>EMENDA PARLAMENTAR N\u00b0 71210005<br \/>\n<\/strong><\/p>\n<p><strong>PARLAMENTAR AUTOR DA EMENDA:<\/strong> Bancada Federal<\/p>\n<p><strong>PROPOSTA N\u00ba 9611\/2019<br \/>\n<\/strong><\/p>\n<p><strong>CONV\u00caNIO N\u00ba 893801\/2019<\/strong><\/p>\n<p><strong>Objeto:<\/strong>\u00a0Constru\u00e7\u00e3o do Centro de Conviv\u00eancia no Campus Central da Universidade do Estado do Rio Grande do Norte.<\/p>\n<p><strong>Valor Global:<\/strong>\u00a0R$\u00a02.509.815,41<\/p>\n<p><strong>Valor da Contrapartida:<\/strong>\u00a0R$ 1.199.148,74<\/p>\n<p><strong>Vig\u00eancia:<\/strong> 21\/12\/2026<\/p>\n<p><strong>Situa\u00e7\u00e3o: <\/strong>Em execu\u00e7\u00e3o.<\/p>\n<p><strong>Anexos:<\/strong><\/p>\n<p><a href=\"https:\/\/www.uern.br\/controledepaginas\/proplan-convenios-emendas-federais-2019\/arquivos\/5057_espelho_de_emenda_de_apropriacao_de_despesa_9611.2019.pdf\">Espelho da Emenda<\/a><\/p>\n<p><a href=\"https:\/\/www.uern.br\/controledepaginas\/proplan-convenios-emendas-federais-2019\/arquivos\/5057_extrato_convenio_893801.2019.pdf\">Extrato do Conv\u00eanio<\/a><\/p>\n<p>Maiores informa\u00e7\u00f5es acesse o <a href=\"http:\/\/www.portaldatransparencia.gov.br\/convenios\/893801?ordenarPor=data&amp;direcao=desc\">Portal da Transpar\u00eancia<\/a><\/p>\n<hr \/>\n<p><strong>EMENDA PARLAMENTAR N\u00b0 71210005<br \/>\n<\/strong><\/p>\n<p><strong>PARLAMENTAR AUTOR DA EMENDA:<\/strong> Bancada Federal<\/p>\n<p><strong>PROPOSTA N\u00ba 51744\/2019<\/strong><\/p>\n<p><strong>CONV\u00caNIO N\u00ba 894350\/2019<\/strong><\/p>\n<p><strong>Objeto:<\/strong> <span style=\"font-variant: normal\"><span style=\"letter-spacing: normal\"><span style=\"font-style: normal\">Constru\u00e7\u00e3o <\/span><\/span><\/span><span style=\"letter-spacing: normal\"><span style=\"font-style: normal\">de rede el\u00e9trica de m\u00e9dia tens\u00e3o e implanta\u00e7\u00e3o de subesta\u00e7\u00f5es a\u00e9reas e abrigadas na Universidade do Estado do Rio Grande do Norte (Mossor\u00f3, Ass\u00fa, Pat\u00fa, Pau dos Ferros e Caic\u00f3)<\/span><\/span>.<\/p>\n<p><strong>Valor Global:<\/strong>\u00a0R$ 648.000,00<\/p>\n<p><strong>Valor da Contrapartida:<\/strong>\u00a0R$ 8.000,00<\/p>\n<p><strong>Vig\u00eancia:<\/strong> 01\/12\/2025<\/p>\n<p><strong>Situa\u00e7\u00e3o:<\/strong> Em execu\u00e7\u00e3o.<\/p>\n<p><strong>Anexo: <\/strong><a href=\"https:\/\/www.uern.br\/controledepaginas\/proplan-convenios-emendas-federais-2019\/arquivos\/5057_extrato_convenio_894350.2019.pdf\">Extrato do Conv\u00eanio<\/a><\/p>\n<p>Maiores informa\u00e7\u00f5es acesse o <a href=\"http:\/\/www.portaldatransparencia.gov.br\/convenios\/894350?ordenarPor=data&amp;direcao=desc\">Portal da Transpar\u00eancia<\/a><\/p>\n","protected":false},"excerpt":{"rendered":"<p>EMENDA PARLAMENTAR INDIVIDUAL N\u00b0 20330007\/21230024 PARLAMENTARES AUTORES DA EMENDA:\u00a0Garibaldi Alves Filho e Jos\u00e9 Agripino PROPOSTA N\u00ba 2756\/2019 CONV\u00caNIO N\u00ba 895668\/2019 Objeto: Aquisi\u00e7\u00e3o de equipamentos e material permanente para moderniza\u00e7\u00e3o e amplia\u00e7\u00e3o do Parque de Tecnologia e Informa\u00e7\u00e3o da Universidade do Estado do Rio Grande do Norte. Valor Global: R$ 214.215,32 Valor da Contrapartida: R$ 14.251,32 [&hellip;]<\/p>\n","protected":false},"author":2,"featured_media":0,"parent":0,"menu_order":0,"comment_status":"closed","ping_status":"closed","template":"","meta":{"footnotes":""},"class_list":["post-814","page","type-page","status-publish","hentry"],"_links":{"self":[{"href":"https:\/\/portal.uern.br\/proplan\/wp-json\/wp\/v2\/pages\/814","targetHints":{"allow":["GET"]}}],"collection":[{"href":"https:\/\/portal.uern.br\/proplan\/wp-json\/wp\/v2\/pages"}],"about":[{"href":"https:\/\/portal.uern.br\/proplan\/wp-json\/wp\/v2\/types\/page"}],"author":[{"embeddable":true,"href":"https:\/\/portal.uern.br\/proplan\/wp-json\/wp\/v2\/users\/2"}],"replies":[{"embeddable":true,"href":"https:\/\/portal.uern.br\/proplan\/wp-json\/wp\/v2\/comments?post=814"}],"version-history":[{"count":3,"href":"https:\/\/portal.uern.br\/proplan\/wp-json\/wp\/v2\/pages\/814\/revisions"}],"predecessor-version":[{"id":2326,"href":"https:\/\/portal.uern.br\/proplan\/wp-json\/wp\/v2\/pages\/814\/revisions\/2326"}],"wp:attachment":[{"href":"https:\/\/portal.uern.br\/proplan\/wp-json\/wp\/v2\/media?parent=814"}],"curies":[{"name":"wp","href":"https:\/\/api.w.org\/{rel}","templated":true}]}}