{"id":803,"date":"2023-02-28T13:48:21","date_gmt":"2023-02-28T16:48:21","guid":{"rendered":"https:\/\/portal.uern.br\/proplan\/?page_id=803"},"modified":"2025-07-28T10:12:27","modified_gmt":"2025-07-28T13:12:27","slug":"convenios-emendas-federais-2014","status":"publish","type":"page","link":"https:\/\/portal.uern.br\/proplan\/convenios-emendas-federais-2014\/","title":{"rendered":"Emendas Federais 2014"},"content":{"rendered":"<p><strong>EMENDA PARLAMENTAR INDIVIDUAL N\u00ba 21230015<\/strong><\/p>\n<div>\n<p><strong>PARLAMENTAR AUTOR DA EMENDA: <\/strong>Jos\u00e9 Agripino<\/p>\n<\/div>\n<p><strong>CONV\u00caNIO N\u00ba 807207\/2014 <\/strong><\/p>\n<p><strong>Objeto:<\/strong> aquisi\u00e7\u00e3o de equipamentos e materiais permanentes para a melhoria e moderniza\u00e7\u00e3o da infraestrutura de oferta dos cursos de gradua\u00e7\u00e3o e p\u00f3s-gradua\u00e7\u00e3o da Universidade do Estado do Rio Grande do Norte \u2013 UERN.<\/p>\n<p><strong>Valor Global do Conv\u00eanio<\/strong>: R$ 255.500,00<\/p>\n<p><strong>Valor da Contrapartida:<\/strong> R$ 5.500,00<\/p>\n<p><strong>Desembolso:<\/strong>\u00a0R$ 250.000,00<\/p>\n<p><strong>Percentual executado do Plano de Trabalho:<\/strong> 99,71%<strong><br \/>\n<\/strong><\/p>\n<p><strong>Vig\u00eancia: <\/strong>31\/03\/2022<\/p>\n<p><strong>Situa\u00e7\u00e3o:<\/strong> Presta\u00e7\u00e3o de Contas enviada para an\u00e1lise.<\/p>\n<p><strong>Anexos:<\/strong><\/p>\n<p><a href=\"https:\/\/www.uern.br\/controledepaginas\/proplan-convenios-emendas-federais-2014\/arquivos\/4834_pad_807207.2014.pdf\">Plano de Aplica\u00e7\u00e3o Detalhado<\/a><\/p>\n<p><a href=\"https:\/\/www.uern.br\/controledepaginas\/proplan-convenios-emendas-federais-2014\/arquivos\/4834_espelho_de_emenda_de_apropriacao_de_despesa_jose_agripino.pdf\">Espelho de Emenda de Apropria\u00e7\u00e3o de Despesa<\/a><\/p>\n<p>Maiores informa\u00e7\u00f5es acesse o <a href=\"http:\/\/www.portaltransparencia.gov.br\/convenios\/807207?ordenarPor=data&amp;direcao=desc\">Portal da Transpar\u00eancia<\/a><\/p>\n<hr \/>\n<div>\n<p><strong>EMENDA PARLAMENTAR INDIVIDUAL N\u00ba 11930009<\/strong><\/p>\n<p><strong>PARLAMENTAR AUTOR DA EMENDA: <\/strong>Henrique Alves<\/p>\n<\/div>\n<p><strong>CONV\u00caNIO N\u00ba 807222\/2014 <\/strong><\/p>\n<p><strong>Objeto:<\/strong> Constru\u00e7\u00e3o do Pr\u00e9dio Sede do N\u00facleo de Pr\u00e1tica Jur\u00eddica do Campus Central, na BR 110 &#8211; Km 46, Rua Professor Ant\u00f4nio Campos, s\/n, Costa e Silva, em Mossor\u00f3, na Universidade do Estado do Rio Grande do Norte \u2013<strong>\u00a0<\/strong>UERN.<\/p>\n<p><strong>Valor Global:<\/strong> R$ 396.779,38<\/p>\n<p><strong>Valor da Contrapartida:<\/strong> R$ 96.779,38<\/p>\n<p><strong>Desembolso:<\/strong> R$ 300.000,00<\/p>\n<p><strong>Percentual executado do Plano de Trabalho:<\/strong> 69,25%<strong><br \/>\n<\/strong><\/p>\n<p><strong>Vig\u00eancia:<\/strong> 06\/08\/2020<\/p>\n<p><strong>Situa\u00e7\u00e3o:<\/strong> Em execu\u00e7\u00e3o.<\/p>\n<p><strong>Anexos:<\/strong><\/p>\n<p><a href=\"https:\/\/www.uern.br\/controledepaginas\/proplan-convenios-emendas-federais-2014\/arquivos\/4834_pad_807222.2014.pdf\">Plano de Aplica\u00e7\u00e3o Detalhado<\/a><\/p>\n<p><a href=\"https:\/\/www.uern.br\/controledepaginas\/proplan-convenios-emendas-federais-2014\/arquivos\/4834_espelho_de_emenda_de_apropriacao_de_despesa_henrique_alves.pdf\">Espelho de Emenda de Apropria\u00e7\u00e3o de Despesa<\/a><\/p>\n<p>Maiores informa\u00e7\u00f5es acesse o <a href=\"http:\/\/www.portaltransparencia.gov.br\/convenios\/807222?ordenarPor=data&amp;direcao=desc\">Portal da Transpar\u00eancia<\/a><\/p>\n","protected":false},"excerpt":{"rendered":"<p>EMENDA PARLAMENTAR INDIVIDUAL N\u00ba 21230015 PARLAMENTAR AUTOR DA EMENDA: Jos\u00e9 Agripino CONV\u00caNIO N\u00ba 807207\/2014 Objeto: aquisi\u00e7\u00e3o de equipamentos e materiais permanentes para a melhoria e moderniza\u00e7\u00e3o da infraestrutura de oferta dos cursos de gradua\u00e7\u00e3o e p\u00f3s-gradua\u00e7\u00e3o da Universidade do Estado do Rio Grande do Norte \u2013 UERN. Valor Global do Conv\u00eanio: R$ 255.500,00 Valor da [&hellip;]<\/p>\n","protected":false},"author":2,"featured_media":0,"parent":0,"menu_order":0,"comment_status":"closed","ping_status":"closed","template":"","meta":{"footnotes":""},"class_list":["post-803","page","type-page","status-publish","hentry"],"_links":{"self":[{"href":"https:\/\/portal.uern.br\/proplan\/wp-json\/wp\/v2\/pages\/803","targetHints":{"allow":["GET"]}}],"collection":[{"href":"https:\/\/portal.uern.br\/proplan\/wp-json\/wp\/v2\/pages"}],"about":[{"href":"https:\/\/portal.uern.br\/proplan\/wp-json\/wp\/v2\/types\/page"}],"author":[{"embeddable":true,"href":"https:\/\/portal.uern.br\/proplan\/wp-json\/wp\/v2\/users\/2"}],"replies":[{"embeddable":true,"href":"https:\/\/portal.uern.br\/proplan\/wp-json\/wp\/v2\/comments?post=803"}],"version-history":[{"count":5,"href":"https:\/\/portal.uern.br\/proplan\/wp-json\/wp\/v2\/pages\/803\/revisions"}],"predecessor-version":[{"id":2321,"href":"https:\/\/portal.uern.br\/proplan\/wp-json\/wp\/v2\/pages\/803\/revisions\/2321"}],"wp:attachment":[{"href":"https:\/\/portal.uern.br\/proplan\/wp-json\/wp\/v2\/media?parent=803"}],"curies":[{"name":"wp","href":"https:\/\/api.w.org\/{rel}","templated":true}]}}