{"id":800,"date":"2023-02-28T13:46:48","date_gmt":"2023-02-28T16:46:48","guid":{"rendered":"https:\/\/portal.uern.br\/proplan\/?page_id=800"},"modified":"2025-07-28T10:11:43","modified_gmt":"2025-07-28T13:11:43","slug":"convenios-emendas-federais-2013","status":"publish","type":"page","link":"https:\/\/portal.uern.br\/proplan\/convenios-emendas-federais-2013\/","title":{"rendered":"Emendas Federais 2013"},"content":{"rendered":"<p><strong>EMENDA PARLAMENTAR INDIVIDUAL N\u00ba 12620001<\/strong><\/p>\n<p><strong>PARLAMENTAR AUTOR DA EMENDA: <\/strong>Sandra Rosado<strong><br \/>\n<\/strong><\/p>\n<p><strong>CONV\u00caNIO N\u00ba 798332\/2013<\/strong><\/p>\n<p><strong>Objeto<\/strong>: Aquisi\u00e7\u00e3o de equipamentos para melhoria e moderniza\u00e7\u00e3o da infraestrutura de oferta dos cursos de gradua\u00e7\u00e3o e p\u00f3s-gradua\u00e7\u00e3o da Universidade do Estado do Rio Grande do Norte &#8211; UERN.<\/p>\n<p><strong>Valor Global:<\/strong> R$ 247.249,95<\/p>\n<p><strong>Valor da Contrapartida:<\/strong> R$ 11.419,75<\/p>\n<p><strong>Rendimentos de Aplica\u00e7\u00e3o:<\/strong> R$ 35.830,20<\/p>\n<p><strong>Desembolso:<\/strong> R$ 200.000,00<\/p>\n<p><strong>Percentual executado do Plano de Trabalho:<\/strong> 99%<strong><br \/>\n<\/strong><\/p>\n<p><strong>Vig\u00eancia:<\/strong> 10\/04\/2023<\/p>\n<p><strong>Situa\u00e7\u00e3o:<\/strong> Presta\u00e7\u00e3o de Contas enviada para an\u00e1lise.<\/p>\n<p><strong>Anexo: <\/strong><a href=\"https:\/\/www.uern.br\/controledepaginas\/proplan-convenios-emendas-federais-2013\/arquivos\/4835_pad_798332.2013.pdf\">Plano de Aplica\u00e7\u00e3o Detalhado<\/a><\/p>\n<p>Maiores informa\u00e7\u00f5es acesse o <a href=\"http:\/\/www.portaltransparencia.gov.br\/convenios\/798332?ordenarPor=data&amp;direcao=desc\">Portal da Transpar\u00eancia<\/a><\/p>\n","protected":false},"excerpt":{"rendered":"<p>EMENDA PARLAMENTAR INDIVIDUAL N\u00ba 12620001 PARLAMENTAR AUTOR DA EMENDA: Sandra Rosado CONV\u00caNIO N\u00ba 798332\/2013 Objeto: Aquisi\u00e7\u00e3o de equipamentos para melhoria e moderniza\u00e7\u00e3o da infraestrutura de oferta dos cursos de gradua\u00e7\u00e3o e p\u00f3s-gradua\u00e7\u00e3o da Universidade do Estado do Rio Grande do Norte &#8211; UERN. Valor Global: R$ 247.249,95 Valor da Contrapartida: R$ 11.419,75 Rendimentos de Aplica\u00e7\u00e3o: [&hellip;]<\/p>\n","protected":false},"author":2,"featured_media":0,"parent":0,"menu_order":0,"comment_status":"closed","ping_status":"closed","template":"","meta":{"footnotes":""},"class_list":["post-800","page","type-page","status-publish","hentry"],"_links":{"self":[{"href":"https:\/\/portal.uern.br\/proplan\/wp-json\/wp\/v2\/pages\/800","targetHints":{"allow":["GET"]}}],"collection":[{"href":"https:\/\/portal.uern.br\/proplan\/wp-json\/wp\/v2\/pages"}],"about":[{"href":"https:\/\/portal.uern.br\/proplan\/wp-json\/wp\/v2\/types\/page"}],"author":[{"embeddable":true,"href":"https:\/\/portal.uern.br\/proplan\/wp-json\/wp\/v2\/users\/2"}],"replies":[{"embeddable":true,"href":"https:\/\/portal.uern.br\/proplan\/wp-json\/wp\/v2\/comments?post=800"}],"version-history":[{"count":5,"href":"https:\/\/portal.uern.br\/proplan\/wp-json\/wp\/v2\/pages\/800\/revisions"}],"predecessor-version":[{"id":2320,"href":"https:\/\/portal.uern.br\/proplan\/wp-json\/wp\/v2\/pages\/800\/revisions\/2320"}],"wp:attachment":[{"href":"https:\/\/portal.uern.br\/proplan\/wp-json\/wp\/v2\/media?parent=800"}],"curies":[{"name":"wp","href":"https:\/\/api.w.org\/{rel}","templated":true}]}}