{"id":796,"date":"2023-02-28T12:13:01","date_gmt":"2023-02-28T15:13:01","guid":{"rendered":"https:\/\/portal.uern.br\/proplan\/?page_id=796"},"modified":"2025-07-28T10:11:07","modified_gmt":"2025-07-28T13:11:07","slug":"convenios-emendas-federais-2012","status":"publish","type":"page","link":"https:\/\/portal.uern.br\/proplan\/convenios-emendas-federais-2012\/","title":{"rendered":"Emendas Federais 2012"},"content":{"rendered":"<p><strong>CONV\u00caNIO N\u00ba 780656\/2012<\/strong><\/p>\n<p><strong>Emenda Parlamentar:<\/strong> Bancada Federal<strong><br \/>\n<\/strong><\/p>\n<p><strong>Objeto<\/strong>: Este conv\u00eanio tem por objeto a reforma de sete unidades da universidade do Estado do Rio Grande do Norte &#8211; UERN, quais sejam: almoxarifado, no Campus Central da UERN; Ed. Aceu, enfermaria da Faculdade de Ci\u00eancias da Sa\u00fade da UERN; Audit\u00f3rio Vingt-Um Rosado, no Ed. Ep\u00edlogo de Campos, Centro; instala\u00e7\u00f5es f\u00edsicas da R\u00e1dio Universit\u00e1ria, no Campus Central UERN; Reitoria, na rua Almino Afonso, Centro; um bloco de salas para funcionamento da COMPERVE, Campus Central da UERN; \u00a0Campus Central da UERN, todas na cidade de Mossor\u00f3; uma amplia\u00e7\u00e3o da enfermaria da Fac. de Ci\u00eancias da Sa\u00fade da UERN, e constru\u00e7\u00e3o da sede do Campus de Apodi\/RN.<\/p>\n<p><strong>Valor Global:<\/strong> R$ 5.638.070,35<\/p>\n<p><strong>Valor da Contrapartida:<\/strong> R$ 86.000,00<\/p>\n<p><strong>Rendimentos de Aplica\u00e7\u00e3o:<\/strong> R$ 95.395,65<\/p>\n<p><strong>Desembolso:<\/strong> R$ <span style=\"font-variant: normal\"><span style=\"letter-spacing: normal\"><span style=\"font-style: normal\"><span style=\"font-weight: normal\">2.728.337,35<\/span><\/span><\/span><\/span><\/p>\n<p><span style=\"font-variant: normal\"><span style=\"letter-spacing: normal\"><span style=\"font-style: normal\"><span style=\"font-weight: normal\"><strong>Percentual executado do Plano de Trabalho: <\/strong>34,12%<strong><br \/>\n<\/strong><\/span><\/span><\/span><\/span><\/p>\n<p><strong>Vig\u00eancia: <\/strong>20\/07\/2020<\/p>\n<p><strong>Situa\u00e7\u00e3o:<\/strong> Em execu\u00e7\u00e3o.<\/p>\n<p><strong>Anexos:<\/strong><\/p>\n<p><a href=\"https:\/\/www.uern.br\/controledepaginas\/proplan-convenios-emendas-federais-2012\/arquivos\/4836_pad_780656.2012.pdf\">Plano de Aplica\u00e7\u00e3o Detalhado<\/a><\/p>\n<p><a href=\"https:\/\/www.uern.br\/controledepaginas\/proplan-convenios-emendas-federais-2012\/arquivos\/4836_1_publicacao_dou_convenio_780656.2012.pdf\">Publica\u00e7\u00e3o no D.O.U.<\/a><\/p>\n<p>Maiores informa\u00e7\u00f5es acesse o <a href=\"http:\/\/www.portaldatransparencia.gov.br\/convenios\/780656?ordenar%20Por=data&amp;direcao=desc\">Portal da Transpar\u00eancia<\/a><\/p>\n","protected":false},"excerpt":{"rendered":"<p>CONV\u00caNIO N\u00ba 780656\/2012 Emenda Parlamentar: Bancada Federal Objeto: Este conv\u00eanio tem por objeto a reforma de sete unidades da universidade do Estado do Rio Grande do Norte &#8211; UERN, quais sejam: almoxarifado, no Campus Central da UERN; Ed. Aceu, enfermaria da Faculdade de Ci\u00eancias da Sa\u00fade da UERN; Audit\u00f3rio Vingt-Um Rosado, no Ed. Ep\u00edlogo de [&hellip;]<\/p>\n","protected":false},"author":2,"featured_media":0,"parent":0,"menu_order":0,"comment_status":"closed","ping_status":"closed","template":"","meta":{"footnotes":""},"class_list":["post-796","page","type-page","status-publish","hentry"],"_links":{"self":[{"href":"https:\/\/portal.uern.br\/proplan\/wp-json\/wp\/v2\/pages\/796","targetHints":{"allow":["GET"]}}],"collection":[{"href":"https:\/\/portal.uern.br\/proplan\/wp-json\/wp\/v2\/pages"}],"about":[{"href":"https:\/\/portal.uern.br\/proplan\/wp-json\/wp\/v2\/types\/page"}],"author":[{"embeddable":true,"href":"https:\/\/portal.uern.br\/proplan\/wp-json\/wp\/v2\/users\/2"}],"replies":[{"embeddable":true,"href":"https:\/\/portal.uern.br\/proplan\/wp-json\/wp\/v2\/comments?post=796"}],"version-history":[{"count":5,"href":"https:\/\/portal.uern.br\/proplan\/wp-json\/wp\/v2\/pages\/796\/revisions"}],"predecessor-version":[{"id":2314,"href":"https:\/\/portal.uern.br\/proplan\/wp-json\/wp\/v2\/pages\/796\/revisions\/2314"}],"wp:attachment":[{"href":"https:\/\/portal.uern.br\/proplan\/wp-json\/wp\/v2\/media?parent=796"}],"curies":[{"name":"wp","href":"https:\/\/api.w.org\/{rel}","templated":true}]}}