{"id":782,"date":"2023-02-28T11:38:00","date_gmt":"2023-02-28T14:38:00","guid":{"rendered":"https:\/\/portal.uern.br\/proplan\/?page_id=782"},"modified":"2023-02-28T11:48:06","modified_gmt":"2023-02-28T14:48:06","slug":"convenios-emendas-estaduais-2022","status":"publish","type":"page","link":"https:\/\/portal.uern.br\/proplan\/convenios-emendas-estaduais-2022\/","title":{"rendered":"Emendas Estaduais 2022"},"content":{"rendered":"<div>\n<p><strong>EMENDA N\u00ba 491<br \/>\n<\/strong><\/p>\n<\/div>\n<p><strong>Parlamentar: <\/strong>George Soares<\/p>\n<p><strong>Objeto: <\/strong>Destina cr\u00e9dito or\u00e7ament\u00e1rio para aparelhamento de mobili\u00e1rio do Campus UERN no munic\u00edpio de Assu.<\/p>\n<p><strong>Valor:<\/strong> R$ 50.000,00<\/p>\n<p><a href=\"http:\/\/www.uern.br\/controledepaginas\/proplan-convenios-emendas-estaduais-2022\/arquivos\/6712_emenda_491_george_soares.pdf\">Relat\u00f3rio SIGEF<\/a><\/p>\n<hr \/>\n<div>\n<p><strong>EMENDA N\u00ba 493<br \/>\n<\/strong><\/p>\n<\/div>\n<p><strong>Parlamentar: <\/strong>George Soares<\/p>\n<p><strong>Objeto: <\/strong>Destina cr\u00e9dito or\u00e7ament\u00e1rio para fomento a pesquisa na \u00e1rea de turismo via o Observat\u00f3rio Potiguar do Turismo &#8211; OPOTUR-UERN, no Campus UERN em Natal.<\/p>\n<p><strong>Valor:<\/strong> R$ 50.000,00<\/p>\n<p><a href=\"http:\/\/www.uern.br\/controledepaginas\/proplan-convenios-emendas-estaduais-2022\/arquivos\/6712_emenda_493_george_soares.pdf\">Relat\u00f3rio SIGEF<\/a><\/p>\n<hr \/>\n<div>\n<p><strong>EMENDA N\u00ba 518<br \/>\n<\/strong><\/p>\n<\/div>\n<p><strong>Parlamentar: <\/strong>Isolda Dantas<\/p>\n<p><strong>Objeto: <\/strong>Destina cr\u00e9dito or\u00e7ament\u00e1rio para ampliar investimentos em prol da Funda\u00e7\u00e3o Universidade do Estado do Rio Grande do Norte &#8211; FUERN.<\/p>\n<p><strong>Valor:<\/strong> R$ 500.000,00<\/p>\n<p><a href=\"http:\/\/www.uern.br\/controledepaginas\/proplan-convenios-emendas-estaduais-2022\/arquivos\/6712_emenda_518_isolda_dantas.pdf\">Relat\u00f3rio SIGEF<\/a><\/p>\n","protected":false},"excerpt":{"rendered":"<p>EMENDA N\u00ba 491 Parlamentar: George Soares Objeto: Destina cr\u00e9dito or\u00e7ament\u00e1rio para aparelhamento de mobili\u00e1rio do Campus UERN no munic\u00edpio de Assu. Valor: R$ 50.000,00 Relat\u00f3rio SIGEF EMENDA N\u00ba 493 Parlamentar: George Soares Objeto: Destina cr\u00e9dito or\u00e7ament\u00e1rio para fomento a pesquisa na \u00e1rea de turismo via o Observat\u00f3rio Potiguar do Turismo &#8211; OPOTUR-UERN, no Campus UERN [&hellip;]<\/p>\n","protected":false},"author":2,"featured_media":0,"parent":0,"menu_order":0,"comment_status":"closed","ping_status":"closed","template":"","meta":{"footnotes":""},"class_list":["post-782","page","type-page","status-publish","hentry"],"_links":{"self":[{"href":"https:\/\/portal.uern.br\/proplan\/wp-json\/wp\/v2\/pages\/782","targetHints":{"allow":["GET"]}}],"collection":[{"href":"https:\/\/portal.uern.br\/proplan\/wp-json\/wp\/v2\/pages"}],"about":[{"href":"https:\/\/portal.uern.br\/proplan\/wp-json\/wp\/v2\/types\/page"}],"author":[{"embeddable":true,"href":"https:\/\/portal.uern.br\/proplan\/wp-json\/wp\/v2\/users\/2"}],"replies":[{"embeddable":true,"href":"https:\/\/portal.uern.br\/proplan\/wp-json\/wp\/v2\/comments?post=782"}],"version-history":[{"count":2,"href":"https:\/\/portal.uern.br\/proplan\/wp-json\/wp\/v2\/pages\/782\/revisions"}],"predecessor-version":[{"id":790,"href":"https:\/\/portal.uern.br\/proplan\/wp-json\/wp\/v2\/pages\/782\/revisions\/790"}],"wp:attachment":[{"href":"https:\/\/portal.uern.br\/proplan\/wp-json\/wp\/v2\/media?parent=782"}],"curies":[{"name":"wp","href":"https:\/\/api.w.org\/{rel}","templated":true}]}}