{"id":778,"date":"2023-02-28T11:36:49","date_gmt":"2023-02-28T14:36:49","guid":{"rendered":"https:\/\/portal.uern.br\/proplan\/?page_id=778"},"modified":"2023-02-28T11:49:38","modified_gmt":"2023-02-28T14:49:38","slug":"convenios-emendas-estaduais-2020","status":"publish","type":"page","link":"https:\/\/portal.uern.br\/proplan\/convenios-emendas-estaduais-2020\/","title":{"rendered":"Emendas Estaduais 2020"},"content":{"rendered":"<div>\n<p><strong>EMENDA N\u00ba 12<br \/>\n<\/strong><\/p>\n<\/div>\n<p><strong>Parlamentar: <\/strong>Francisco do PT<\/p>\n<p><strong>Objeto:\u00a0<\/strong>Destina recursos do or\u00e7amento geral do Estado para o Exerc\u00edcio de 2020, \u00e0 aquisi\u00e7\u00e3o de equipamentos para Laborat\u00f3rios da Universidade do Estado do Rio Grande do Norte.<\/p>\n<p><strong>Valor:<\/strong> R$ 10.000,00 \u2013 O valor inicial da emenda era de R$ 60.000,00, sendo remanejado para outro \u00f3rg\u00e3o R$ 50.000,00 com objetivo o combate a COVID-19.<\/p>\n<p><strong>Processo(s) Licitat\u00f3rio(s): <\/strong>Preg\u00e3o Eletr\u00f4nico (Processo 04410173.000031\/2020-14) Diligenciado ao solicitante.<\/p>\n<p><a href=\"https:\/\/www.uern.br\/controledepaginas\/proplan-convenios-emendas-estaduais-2020\/arquivos\/5881_emenda_012_francisco_do_pt.pdf\">Relat\u00f3rio SIGEF<\/a><\/p>\n<hr \/>\n<div>\n<p><strong>EMENDA N\u00ba 13<br \/>\n<\/strong><\/p>\n<\/div>\n<p><strong>Parlamentar: <\/strong>Francisco do PT<\/p>\n<p><strong>Objeto:\u00a0<\/strong>Destina recursos do or\u00e7amento geral do Estado para o Exerc\u00edcio de 2020, para Assist\u00eancia Estudantil, no \u00e2mbito da Universidade do Estado do Rio Grande do Norte.<\/p>\n<p><strong>Valor: <\/strong>R$ 0,00 \u2013 O valor inicial da emenda era de R$ 40.000,00, este valor foi remanejado para outro \u00f3rg\u00e3o com objetivo o combate a COVID-19.<\/p>\n<p><a href=\"https:\/\/www.uern.br\/controledepaginas\/proplan-convenios-emendas-estaduais-2020\/arquivos\/5881_emenda_013_francisco_do_pt.pdf\">Relat\u00f3rio SIGEF<\/a><\/p>\n<hr \/>\n<div>\n<p><strong>EMENDA N\u00ba 74<\/strong><\/p>\n<\/div>\n<p><strong>Parlamentar: <\/strong>Kelps Lima<\/p>\n<p><strong>Objeto:\u00a0<\/strong>Destina recursos para aquisi\u00e7\u00e3o de material bibliogr\u00e1fico para amplia\u00e7\u00e3o e atualiza\u00e7\u00e3o do acervo de livros jur\u00eddicos da Biblioteca da Unidade de Natal (UERN).<\/p>\n<p><strong>Valor:<\/strong> R$ 80.000,00<\/p>\n<p><strong>Processo(s) Licitat\u00f3rio(s): <\/strong>Preg\u00e3o Eletr\u00f4nico (Processo 165\/2020) \u2013 Livros recebidos pela universidade.<\/p>\n<p><strong>Situa\u00e7\u00e3o: <\/strong>despesa empenhada.<\/p>\n<p><a href=\"https:\/\/www.uern.br\/controledepaginas\/proplan-convenios-emendas-estaduais-2020\/arquivos\/5881_emenda_074_kelps_lima.pdf\">Relat\u00f3rio SIGEF<\/a><\/p>\n<hr \/>\n<div>\n<p><strong>EMENDA N\u00ba 237<\/strong><\/p>\n<\/div>\n<p><strong>Parlamentar: <\/strong>Allyson Bezerra<\/p>\n<p><strong>Objeto:\u00a0<\/strong>Destina recursos para constru\u00e7\u00e3o, adapta\u00e7\u00e3o e melhoria da infraestrutura da FUERN, para execu\u00e7\u00e3o de obras de acessibilidade nas depend\u00eancias da Faculdade de Letras e Artes FALA), UERN-Mossor\u00f3-RN.<\/p>\n<p><strong>Valor:<\/strong> R$ 0,00 &#8211; O valor inicial da emenda era de R$ 40.000,00, este valor foi remanejado para outro \u00f3rg\u00e3o com objetivo o combate a COVID-19.<\/p>\n<p><strong>Processo(s) Licitat\u00f3rio(s): <\/strong>Tomada de Pre\u00e7os (Processo 04410007.001889\/2020-18). Processo arquivado.<\/p>\n<p><a href=\"https:\/\/www.uern.br\/controledepaginas\/proplan-convenios-emendas-estaduais-2020\/arquivos\/5881_emenda_237_allyson_bezerra.pdf\">Relat\u00f3rio SIGEF<\/a><\/p>\n<hr \/>\n<div>\n<p><strong>EMENDA N\u00ba 240<\/strong><\/p>\n<\/div>\n<p><strong>Parlamentar: <\/strong>Allyson Bezerra<\/p>\n<p><strong>Objeto:\u00a0<\/strong>Destina recursos para execu\u00e7\u00e3o de obras de instala\u00e7\u00f5es el\u00e9tricas do Campus Avan\u00e7ado \u201cProfessora Maria Elisa de Albuquerque Maia\u201d, em Pau dos Ferros (UERN).<\/p>\n<p><strong>Valor: <\/strong>R$ 0,00 &#8211; O valor inicial da emenda era de R$ 60.000,00, este valor foi remanejado para outro \u00f3rg\u00e3o com objetivo o combate a COVID-19.<\/p>\n<p><a href=\"https:\/\/www.uern.br\/controledepaginas\/proplan-convenios-emendas-estaduais-2020\/arquivos\/5881_emenda_240_allyson_bezerra.pdf\">Relat\u00f3rio SIGEF<\/a><\/p>\n<hr \/>\n<div>\n<p><strong>EMENDA N\u00ba 243<\/strong><\/p>\n<\/div>\n<p><strong>Parlamentar: <\/strong>Allyson Bezerra<\/p>\n<p><strong>Objeto:\u00a0<\/strong>Destina recursos para execu\u00e7\u00e3o de obras de acessibilidade no Campus Central em Mossor\u00f3 (UERN).<\/p>\n<p><strong>Valor:<\/strong> R$ 100.000,00<\/p>\n<p><strong>Processo(s) Licitat\u00f3rio(s):<\/strong> Tomada de Pre\u00e7os (Processo 04410007.002299\/2020-11). Licita\u00e7\u00e3o deserta (duas convoca\u00e7\u00f5es).<\/p>\n<p><a href=\"https:\/\/www.uern.br\/controledepaginas\/proplan-convenios-emendas-estaduais-2020\/arquivos\/5881_emenda_243_allyson_bezerra.pdf\">Relat\u00f3rio SIGEF<\/a><\/p>\n<hr \/>\n<div>\n<p><strong>EMENDA N\u00ba 377<br \/>\n<\/strong><\/p>\n<\/div>\n<p><strong>Parlamentar: <\/strong>Sandro Pimentel<\/p>\n<p><strong>Objeto:\u00a0<\/strong>Destina recursos para o Departamento de Hist\u00f3ria da UERN \u2013 ASSU.<\/p>\n<p><strong>Valor:<\/strong> R$ 35.000,00<\/p>\n<p><strong>Processo(s) Licitat\u00f3rio(s):\u00a0<\/strong>Preg\u00e3o Eletr\u00f4nico (Processo 04410156.000291\/2020-06\u00a0e 04410160.000606\/2020-48).<\/p>\n<p><a href=\"https:\/\/www.uern.br\/controledepaginas\/proplan-convenios-emendas-estaduais-2020\/arquivos\/5881_emenda_377_sandro_pimentel.pdf\">Relat\u00f3rio SIGEF<\/a><\/p>\n<hr \/>\n<div>\n<p><strong>EMENDA N\u00ba 380<br \/>\n<\/strong><\/p>\n<\/div>\n<p><strong>Parlamentar: <\/strong>Eudiane Macedo<\/p>\n<p><strong>Objeto:\u00a0<\/strong>Destina recursos para o \u00f3rg\u00e3o 18202 (Funda\u00e7\u00e3o Universidade do Estado do Rio Grande do Norte \u2013 FUERN), para manuten\u00e7\u00e3o do pr\u00e9dio da UERN no Campus Zona Norte de Natal).<\/p>\n<p><strong>Valor:<\/strong> R$ 50.000,00<\/p>\n<p><strong>Processo(s) Licitat\u00f3rio(s):\u00a0<\/strong>Preg\u00e3o Eletr\u00f4nico (Processo 04410156.000291\/2020-06).<\/p>\n<p><a href=\"https:\/\/www.uern.br\/controledepaginas\/proplan-convenios-emendas-estaduais-2020\/arquivos\/5881_emenda_380_eudiane_macedo.pdf\">Relat\u00f3rio SIGEF<\/a><\/p>\n<hr \/>\n<div>\n<p><strong>EMENDA N\u00ba 388<br \/>\n<\/strong><\/p>\n<\/div>\n<p><strong>Parlamentar: <\/strong>Sandro Pimentel<\/p>\n<p><strong>Objeto:\u00a0<\/strong>Destina recursos para implementa\u00e7\u00e3o do sistema de seguran\u00e7a da UERN.<\/p>\n<p><strong>Valor:<\/strong> R$ 200.000,00<\/p>\n<p><strong>Processo(s) Licitat\u00f3rio(s):\u00a0<\/strong>Preg\u00e3o Eletr\u00f4nico (Processo 04410035001469\/2020-02).<\/p>\n<p><a href=\"https:\/\/www.uern.br\/controledepaginas\/proplan-convenios-emendas-estaduais-2020\/arquivos\/5881_emenda_388_sandro_pimentel.pdf\">Relat\u00f3rio SIGEF<\/a><\/p>\n<hr \/>\n<div>\n<p><strong>EMENDA N\u00ba 457<\/strong><\/p>\n<\/div>\n<p><strong>Parlamentar: <\/strong>Isolda Dantas<\/p>\n<p><strong>Objeto:\u00a0<\/strong>Destina recursos para investimento no mobili\u00e1rio da Biblioteca Setorial Padre S\u00e1tiro Cavalcante Dantas.<\/p>\n<p><strong>Valor:<\/strong> R$ 0,00 &#8211; O valor inicial da emenda era de R$ 50.000,00, este valor foi remanejado para outro \u00f3rg\u00e3o com objetivo o combate a COVID-19.<\/p>\n<p><strong>Processo(s) Licitat\u00f3rio(s):\u00a0<\/strong>Preg\u00e3o Eletr\u00f4nico (Processo 04410160.000606\/2020-48).<\/p>\n<p><a href=\"https:\/\/www.uern.br\/controledepaginas\/proplan-convenios-emendas-estaduais-2020\/arquivos\/5881_emenda_457_isolda_dantas.pdf\">Relat\u00f3rio SIGEF<\/a><\/p>\n<hr \/>\n<div>\n<p><strong>EMENDA N\u00ba 458<\/strong><\/p>\n<\/div>\n<p><strong>Parlamentar: <\/strong>Isolda Dantas<\/p>\n<p><strong>Objeto:\u00a0<\/strong>Destina recursos para investimento nos Campi da UERN de Mossor\u00f3 e Ass\u00fa.<\/p>\n<p><strong>Valor:<\/strong> R$ 100.000,00 &#8211; O valor inicial da emenda era de R$ 150.000,00, sendo remanejado para outro \u00f3rg\u00e3o R$ 50.000,00 com objetivo o combate a COVID-19.<\/p>\n<p><strong>Processo(s) Licitat\u00f3rio(s):\u00a0<\/strong>Preg\u00e3o Eletr\u00f4nico (Processo 04410156.000291\/2020-06).<\/p>\n<p><a href=\"https:\/\/www.uern.br\/controledepaginas\/proplan-convenios-emendas-estaduais-2020\/arquivos\/5881_emenda_458_isolda_dantas.pdf\">Relat\u00f3rio SIGEF<\/a><\/p>\n","protected":false},"excerpt":{"rendered":"<p>EMENDA N\u00ba 12 Parlamentar: Francisco do PT Objeto:\u00a0Destina recursos do or\u00e7amento geral do Estado para o Exerc\u00edcio de 2020, \u00e0 aquisi\u00e7\u00e3o de equipamentos para Laborat\u00f3rios da Universidade do Estado do Rio Grande do Norte. Valor: R$ 10.000,00 \u2013 O valor inicial da emenda era de R$ 60.000,00, sendo remanejado para outro \u00f3rg\u00e3o R$ 50.000,00 com [&hellip;]<\/p>\n","protected":false},"author":2,"featured_media":0,"parent":0,"menu_order":0,"comment_status":"closed","ping_status":"closed","template":"","meta":{"footnotes":""},"class_list":["post-778","page","type-page","status-publish","hentry"],"_links":{"self":[{"href":"https:\/\/portal.uern.br\/proplan\/wp-json\/wp\/v2\/pages\/778","targetHints":{"allow":["GET"]}}],"collection":[{"href":"https:\/\/portal.uern.br\/proplan\/wp-json\/wp\/v2\/pages"}],"about":[{"href":"https:\/\/portal.uern.br\/proplan\/wp-json\/wp\/v2\/types\/page"}],"author":[{"embeddable":true,"href":"https:\/\/portal.uern.br\/proplan\/wp-json\/wp\/v2\/users\/2"}],"replies":[{"embeddable":true,"href":"https:\/\/portal.uern.br\/proplan\/wp-json\/wp\/v2\/comments?post=778"}],"version-history":[{"count":2,"href":"https:\/\/portal.uern.br\/proplan\/wp-json\/wp\/v2\/pages\/778\/revisions"}],"predecessor-version":[{"id":788,"href":"https:\/\/portal.uern.br\/proplan\/wp-json\/wp\/v2\/pages\/778\/revisions\/788"}],"wp:attachment":[{"href":"https:\/\/portal.uern.br\/proplan\/wp-json\/wp\/v2\/media?parent=778"}],"curies":[{"name":"wp","href":"https:\/\/api.w.org\/{rel}","templated":true}]}}