{"id":776,"date":"2023-02-28T11:36:12","date_gmt":"2023-02-28T14:36:12","guid":{"rendered":"https:\/\/portal.uern.br\/proplan\/?page_id=776"},"modified":"2023-02-28T11:50:08","modified_gmt":"2023-02-28T14:50:08","slug":"convenios-emendas-estaduais-2019","status":"publish","type":"page","link":"https:\/\/portal.uern.br\/proplan\/convenios-emendas-estaduais-2019\/","title":{"rendered":"Emendas Estaduais 2019"},"content":{"rendered":"<div>\n<p><strong>EMENDA N\u00ba 65<br \/>\n<\/strong><\/p>\n<\/div>\n<p><strong>Parlamentar:<\/strong> George Soares<\/p>\n<p><strong>Objetivo:<\/strong> Destina recurso para aparelhamento do Campus de Patu.<\/p>\n<p><strong>Valor:<\/strong> R$ 50.000,00<\/p>\n<p><a href=\"https:\/\/www.uern.br\/controledepaginas\/proplan-convenios-emendas-estaduais-2019\/arquivos\/5368_emenda_065_george_soares.pdf\">Relat\u00f3rio SIGEF<\/a><\/p>\n<hr \/>\n<div>\n<p><strong>EMENDA N\u00ba 85<br \/>\n<\/strong><\/p>\n<\/div>\n<p><strong>Parlamentar:<\/strong> Carlos Augusto<\/p>\n<p><strong>Objetivo:<\/strong> Destina recurso para constru\u00e7\u00e3o de Complexo Cultural da UERN em Pau dos Ferros (Museu de Cultura Sertaneja e Teatro &#8211; UERN).<\/p>\n<p><strong>Valor:<\/strong> R$ 370.000,00<\/p>\n<p><a href=\"https:\/\/www.uern.br\/controledepaginas\/proplan-convenios-emendas-estaduais-2019\/arquivos\/5368_emenda_085_carlos_augusto.pdf\">Relat\u00f3rio SIGEF<\/a><\/p>\n<hr \/>\n<div>\n<p><strong>EMENDA N\u00ba 86<br \/>\n<\/strong><\/p>\n<\/div>\n<p><strong>Parlamentar:<\/strong> M\u00e1rcia Maia<\/p>\n<p><strong>Objetivo: <\/strong>Destina recurso para o aparelhamento das Unidades da Funda\u00e7\u00e3o Universidade do Estado do Rio Grande do Norte &#8211; FUERN.<\/p>\n<p><strong>Valor:<\/strong> R$ 100.000,00<\/p>\n<p><a href=\"https:\/\/www.uern.br\/controledepaginas\/proplan-convenios-emendas-estaduais-2019\/arquivos\/5368_emenda_086_marcia_maia.pdf\">Relat\u00f3rio SIGEF<\/a><\/p>\n<hr \/>\n<div>\n<p><strong>EMENDA N\u00ba 280<br \/>\n<\/strong><\/p>\n<\/div>\n<p><strong>Parlamentar:<\/strong> Fernando Mineiro<\/p>\n<p><strong>Objetivo:<\/strong> Destina recurso para refor\u00e7o de dota\u00e7\u00e3o or\u00e7ament\u00e1ria da Funda\u00e7\u00e3o Universidade do Estado do Rio Grande do Norte \u2013 FUERN, destinada ao aparelhamento da Biblioteca do Campus Avan\u00e7ado de Patu.<\/p>\n<p><strong>Valor:<\/strong> R$ 100.000,00<\/p>\n<p><a href=\"https:\/\/www.uern.br\/controledepaginas\/proplan-convenios-emendas-estaduais-2019\/arquivos\/5368_emenda_280_fernando_mineiro.pdf\">Relat\u00f3rio SIGEF<\/a><\/p>\n<hr \/>\n<div>\n<p><strong>EMENDA N\u00ba 285<br \/>\n<\/strong><\/p>\n<\/div>\n<p><strong>Parlamentar:<\/strong> Fernando Mineiro<\/p>\n<p><strong>Objetivo: <\/strong>Destina recurso para refor\u00e7o de dota\u00e7\u00e3o or\u00e7ament\u00e1ria da Funda\u00e7\u00e3o Universidade do Estado do Rio Grande do Norte \u2013 FUERN, destinada a constru\u00e7\u00e3o de instala\u00e7\u00f5es para fortalecimento da Assist\u00eancia Estudantil.<\/p>\n<p><strong>Valor:<\/strong> R$ 150.000,00<\/p>\n<p><a href=\"https:\/\/www.uern.br\/controledepaginas\/proplan-convenios-emendas-estaduais-2019\/arquivos\/5368_emenda_285_fernando_mineiro.pdf\">Relat\u00f3rio SIGEF<\/a><\/p>\n<hr \/>\n<div>\n<p><strong>EMENDA N\u00ba 287<br \/>\n<\/strong><\/p>\n<\/div>\n<p><strong>Parlamentar:<\/strong> Fernando Mineiro<\/p>\n<p><strong>Objetivo:<\/strong> Destina recurso para refor\u00e7o de dota\u00e7\u00e3o or\u00e7ament\u00e1ria da Funda\u00e7\u00e3o Universidade do Estado do Rio Grande do Norte \u2013 FUERN, destinado a constru\u00e7\u00e3o ou reforma do pr\u00e9dio do Campus Avan\u00e7ado de Assu.<\/p>\n<p><strong>Valor:<\/strong> R$ 100.000,00<\/p>\n<p><a href=\"https:\/\/www.uern.br\/controledepaginas\/proplan-convenios-emendas-estaduais-2019\/arquivos\/5368_emenda_287_fernando_mineiro.pdf\">Relat\u00f3rio SIGEF<\/a><\/p>\n<hr \/>\n<div>\n<p><strong>EMENDA N\u00ba 341<br \/>\n<\/strong><\/p>\n<\/div>\n<p><strong>Parlamentar:<\/strong> Larissa Rosado<\/p>\n<p><strong>Objetivo:<\/strong> Destina recurso para aquisi\u00e7\u00e3o de equipamentos e materiais permanentes para atendimento das demandas acad\u00eamicas e administrativas dos cursos de gradua\u00e7\u00e3o e p\u00f3s-gradua\u00e7\u00e3o da Universidade do Estado do Rio Grande do Norte &#8211; UERN.<\/p>\n<p><strong>Valor:<\/strong> R$ 100.000,00<\/p>\n<p><a href=\"https:\/\/www.uern.br\/controledepaginas\/proplan-convenios-emendas-estaduais-2019\/arquivos\/5368_emenda_341_larissa_rosado.pdf\">Relat\u00f3rio SIGEF<\/a><\/p>\n<hr \/>\n<div>\n<p><strong>EMENDA N\u00ba 342<br \/>\n<\/strong><\/p>\n<\/div>\n<p><strong>Parlamentar:<\/strong> Larissa Rosado<\/p>\n<p><strong>Objetivo:<\/strong> Destina recurso para aquisi\u00e7\u00e3o de equipamentos e materiais permanentes para atendimento das a\u00e7\u00f5es da assist\u00eancia estudantil da Universidade do Estado do Rio Grande do Norte \u2013 UERN.<\/p>\n<p><strong>Valor:<\/strong> R$ 100.000,00<\/p>\n<p><a href=\"https:\/\/www.uern.br\/controledepaginas\/proplan-convenios-emendas-estaduais-2019\/arquivos\/5368_emenda_342_larissa_rosado.pdf\">Relat\u00f3rio SIGEF<\/a><\/p>\n<hr \/>\n<div>\n<p><strong>EMENDA N\u00ba 343<br \/>\n<\/strong><\/p>\n<\/div>\n<p><strong>Parlamentar:<\/strong> Larissa Rosado<\/p>\n<p><strong>Objetivo:<\/strong> Destina recurso para contrata\u00e7\u00e3o de servi\u00e7os a viabilizar a realiza\u00e7\u00e3o de eventos ligados a comunidade estudantil, a exemplo do \u201cSemin\u00e1rio de Ambienta\u00e7\u00e3o\u201d, \u201cJogos Universit\u00e1rios\u201d e outros.<\/p>\n<p><strong>Valor:<\/strong> R$ 15.000,00<\/p>\n<p><a href=\"https:\/\/www.uern.br\/controledepaginas\/proplan-convenios-emendas-estaduais-2019\/arquivos\/5368_emenda_343_larissa_rosado.pdf\">Relat\u00f3rio SIGEF<\/a><\/p>\n","protected":false},"excerpt":{"rendered":"<p>EMENDA N\u00ba 65 Parlamentar: George Soares Objetivo: Destina recurso para aparelhamento do Campus de Patu. Valor: R$ 50.000,00 Relat\u00f3rio SIGEF EMENDA N\u00ba 85 Parlamentar: Carlos Augusto Objetivo: Destina recurso para constru\u00e7\u00e3o de Complexo Cultural da UERN em Pau dos Ferros (Museu de Cultura Sertaneja e Teatro &#8211; UERN). Valor: R$ 370.000,00 Relat\u00f3rio SIGEF EMENDA N\u00ba [&hellip;]<\/p>\n","protected":false},"author":2,"featured_media":0,"parent":0,"menu_order":0,"comment_status":"closed","ping_status":"closed","template":"","meta":{"footnotes":""},"class_list":["post-776","page","type-page","status-publish","hentry"],"_links":{"self":[{"href":"https:\/\/portal.uern.br\/proplan\/wp-json\/wp\/v2\/pages\/776","targetHints":{"allow":["GET"]}}],"collection":[{"href":"https:\/\/portal.uern.br\/proplan\/wp-json\/wp\/v2\/pages"}],"about":[{"href":"https:\/\/portal.uern.br\/proplan\/wp-json\/wp\/v2\/types\/page"}],"author":[{"embeddable":true,"href":"https:\/\/portal.uern.br\/proplan\/wp-json\/wp\/v2\/users\/2"}],"replies":[{"embeddable":true,"href":"https:\/\/portal.uern.br\/proplan\/wp-json\/wp\/v2\/comments?post=776"}],"version-history":[{"count":2,"href":"https:\/\/portal.uern.br\/proplan\/wp-json\/wp\/v2\/pages\/776\/revisions"}],"predecessor-version":[{"id":787,"href":"https:\/\/portal.uern.br\/proplan\/wp-json\/wp\/v2\/pages\/776\/revisions\/787"}],"wp:attachment":[{"href":"https:\/\/portal.uern.br\/proplan\/wp-json\/wp\/v2\/media?parent=776"}],"curies":[{"name":"wp","href":"https:\/\/api.w.org\/{rel}","templated":true}]}}