{"id":767,"date":"2023-02-28T10:30:48","date_gmt":"2023-02-28T13:30:48","guid":{"rendered":"https:\/\/portal.uern.br\/proplan\/?page_id=767"},"modified":"2024-01-08T11:32:02","modified_gmt":"2024-01-08T14:32:02","slug":"pagamentos-realizados-2023","status":"publish","type":"page","link":"https:\/\/portal.uern.br\/proplan\/pagamentos-realizados-2023\/","title":{"rendered":"Pagamentos Realizados 2023"},"content":{"rendered":"<h3>Rela\u00e7\u00e3o Geral de Pagamentos &#8211; 2023<\/h3>\n<ul>\n<li><a href=\"https:\/\/portal.uern.br\/proplan\/wp-content\/uploads\/2023\/02\/01_relacao_geral_de_pagamentos_janeiro_2023.pdf\">Janeiro de 2023<\/a><\/li>\n<li><a href=\"https:\/\/portal.uern.br\/proplan\/wp-content\/uploads\/2023\/03\/02_relacao_geral_de_pagamentos_fevereiro_2023.pdf\">Fevereiro de 2023<\/a><\/li>\n<li><a href=\"https:\/\/portal.uern.br\/proplan\/wp-content\/uploads\/2023\/04\/03_relacao_geral_de_pagamentos_marco_2023.pdf\">Mar\u00e7o de 2023<\/a><\/li>\n<li><a href=\"https:\/\/portal.uern.br\/proplan\/wp-content\/uploads\/2023\/05\/04_relacao_geral_de_pagamentos_abril_2023.pdf\">Abril de 2023<\/a><\/li>\n<li><a href=\"https:\/\/portal.uern.br\/proplan\/wp-content\/uploads\/2023\/06\/05_relacao_geral_de_pagamentos_maio_2023.pdf\">Maio de 2023<\/a><\/li>\n<li><a href=\"https:\/\/portal.uern.br\/proplan\/wp-content\/uploads\/2023\/08\/06_relacao_geral_de_pagamentos_junho_2023.pdf\">Junho de 2023<\/a><\/li>\n<li><a href=\"https:\/\/portal.uern.br\/proplan\/wp-content\/uploads\/2023\/08\/07_relacao_geral_de_pagamentos_julho_2023.pdf\">Julho de 2023<\/a><\/li>\n<li><a href=\"https:\/\/portal.uern.br\/proplan\/wp-content\/uploads\/2023\/09\/08_relacao_geral_de_pagamentos_agosto_2023.pdf\">Agosto de 2023<\/a><\/li>\n<li><a href=\"https:\/\/portal.uern.br\/proplan\/wp-content\/uploads\/2023\/10\/09_relacao_geral_de_pagamentos_setembro_2023.pdf\">Setembro de 2023<\/a><\/li>\n<li><a href=\"https:\/\/portal.uern.br\/proplan\/wp-content\/uploads\/2023\/11\/10_relacao_geral_de_pagamentos_outubro_2023.pdf\">Outubro de 2023<\/a><\/li>\n<li><a href=\"https:\/\/portal.uern.br\/proplan\/wp-content\/uploads\/2024\/01\/11_relacao_geral_de_pagamentos_novembro_2023.pdf\">Novembro de 2023<\/a><\/li>\n<li><a href=\"https:\/\/portal.uern.br\/proplan\/wp-content\/uploads\/2024\/01\/12_relacao_geral_de_pagamentos_dezembro_2023.pdf\">Dezembro de 2023<\/a><\/li>\n<\/ul>\n","protected":false},"excerpt":{"rendered":"<p>Rela\u00e7\u00e3o Geral de Pagamentos &#8211; 2023 Janeiro de 2023 Fevereiro de 2023 Mar\u00e7o de 2023 Abril de 2023 Maio de 2023 Junho de 2023 Julho de 2023 Agosto de 2023 Setembro de 2023 Outubro de 2023 Novembro de 2023 Dezembro de 2023<\/p>\n","protected":false},"author":2,"featured_media":0,"parent":0,"menu_order":0,"comment_status":"closed","ping_status":"closed","template":"","meta":{"footnotes":""},"class_list":["post-767","page","type-page","status-publish","hentry"],"_links":{"self":[{"href":"https:\/\/portal.uern.br\/proplan\/wp-json\/wp\/v2\/pages\/767","targetHints":{"allow":["GET"]}}],"collection":[{"href":"https:\/\/portal.uern.br\/proplan\/wp-json\/wp\/v2\/pages"}],"about":[{"href":"https:\/\/portal.uern.br\/proplan\/wp-json\/wp\/v2\/types\/page"}],"author":[{"embeddable":true,"href":"https:\/\/portal.uern.br\/proplan\/wp-json\/wp\/v2\/users\/2"}],"replies":[{"embeddable":true,"href":"https:\/\/portal.uern.br\/proplan\/wp-json\/wp\/v2\/comments?post=767"}],"version-history":[{"count":11,"href":"https:\/\/portal.uern.br\/proplan\/wp-json\/wp\/v2\/pages\/767\/revisions"}],"predecessor-version":[{"id":1747,"href":"https:\/\/portal.uern.br\/proplan\/wp-json\/wp\/v2\/pages\/767\/revisions\/1747"}],"wp:attachment":[{"href":"https:\/\/portal.uern.br\/proplan\/wp-json\/wp\/v2\/media?parent=767"}],"curies":[{"name":"wp","href":"https:\/\/api.w.org\/{rel}","templated":true}]}}