{"id":651,"date":"2023-02-23T15:39:44","date_gmt":"2023-02-23T18:39:44","guid":{"rendered":"https:\/\/portal.uern.br\/proplan\/?page_id=651"},"modified":"2023-02-23T15:59:28","modified_gmt":"2023-02-23T18:59:28","slug":"pagamentos-realizados-2022","status":"publish","type":"page","link":"https:\/\/portal.uern.br\/proplan\/pagamentos-realizados-2022\/","title":{"rendered":"Pagamentos Realizados 2022"},"content":{"rendered":"<h3>Rela\u00e7\u00e3o Geral de Pagamentos &#8211; 2022<\/h3>\n<ul>\n<li><a href=\"https:\/\/portal.uern.br\/proplan\/wp-content\/uploads\/2023\/02\/01_relacao_geral_de_pagamentos_janeiro_2022.pdf\">Janeiro de 2022<\/a><\/li>\n<li><a href=\"https:\/\/portal.uern.br\/proplan\/wp-content\/uploads\/2023\/02\/02_relacao_geral_de_pagamentos_fevereiro_2022.pdf\">Fevereiro de 2022<\/a><\/li>\n<li><a href=\"https:\/\/portal.uern.br\/proplan\/wp-content\/uploads\/2023\/02\/03_relacao_geral_de_pagamentos_marco_2022.pdf\">Mar\u00e7o de 2022<\/a><\/li>\n<li><a href=\"https:\/\/portal.uern.br\/proplan\/wp-content\/uploads\/2023\/02\/04_relacao_geral_de_pagamentos_abril_2022.pdf\">Abril de 2022<\/a><\/li>\n<li><a href=\"https:\/\/portal.uern.br\/proplan\/wp-content\/uploads\/2023\/02\/05_relacao_geral_de_pagamentos_maio_2022.pdf\">Maio de 2022<\/a><\/li>\n<li><a href=\"https:\/\/portal.uern.br\/proplan\/wp-content\/uploads\/2023\/02\/06_relacao_geral_de_pagamentos_junho_2022.pdf\">Junho de 2022<\/a><\/li>\n<li><a href=\"https:\/\/portal.uern.br\/proplan\/wp-content\/uploads\/2023\/02\/07_relacao_geral_de_pagamentos_julho_2022.pdf\">Julho de 2022<\/a><\/li>\n<li><a href=\"https:\/\/portal.uern.br\/proplan\/wp-content\/uploads\/2023\/02\/08_relacao_geral_de_pagamentos_agosto_2022.pdf\">Agosto de 2022<\/a><\/li>\n<li><a href=\"https:\/\/portal.uern.br\/proplan\/wp-content\/uploads\/2023\/02\/09_relacao_geral_de_pagamentos_setembro_2022.pdf\">Setembro de 2022<\/a><\/li>\n<li><a href=\"https:\/\/portal.uern.br\/proplan\/wp-content\/uploads\/2023\/02\/10_relacao_geral_de_pagamentos_outubro_2022.pdf\">Outubro de 2022<\/a><\/li>\n<li><a href=\"https:\/\/portal.uern.br\/proplan\/wp-content\/uploads\/2023\/02\/11_relacao_geral_de_pagamentos_novembro_2022.pdf\">Novembro de 2022<\/a><\/li>\n<li><a href=\"https:\/\/portal.uern.br\/proplan\/wp-content\/uploads\/2023\/02\/12_relacao_geral_de_pagamentos_dezembro_2022.pdf\">Dezembro de 2022<\/a><\/li>\n<\/ul>\n","protected":false},"excerpt":{"rendered":"<p>Rela\u00e7\u00e3o Geral de Pagamentos &#8211; 2022 Janeiro de 2022 Fevereiro de 2022 Mar\u00e7o de 2022 Abril de 2022 Maio de 2022 Junho de 2022 Julho de 2022 Agosto de 2022 Setembro de 2022 Outubro de 2022 Novembro de 2022 Dezembro de 2022<\/p>\n","protected":false},"author":2,"featured_media":0,"parent":0,"menu_order":0,"comment_status":"closed","ping_status":"closed","template":"","meta":{"footnotes":""},"class_list":["post-651","page","type-page","status-publish","hentry"],"_links":{"self":[{"href":"https:\/\/portal.uern.br\/proplan\/wp-json\/wp\/v2\/pages\/651","targetHints":{"allow":["GET"]}}],"collection":[{"href":"https:\/\/portal.uern.br\/proplan\/wp-json\/wp\/v2\/pages"}],"about":[{"href":"https:\/\/portal.uern.br\/proplan\/wp-json\/wp\/v2\/types\/page"}],"author":[{"embeddable":true,"href":"https:\/\/portal.uern.br\/proplan\/wp-json\/wp\/v2\/users\/2"}],"replies":[{"embeddable":true,"href":"https:\/\/portal.uern.br\/proplan\/wp-json\/wp\/v2\/comments?post=651"}],"version-history":[{"count":4,"href":"https:\/\/portal.uern.br\/proplan\/wp-json\/wp\/v2\/pages\/651\/revisions"}],"predecessor-version":[{"id":668,"href":"https:\/\/portal.uern.br\/proplan\/wp-json\/wp\/v2\/pages\/651\/revisions\/668"}],"wp:attachment":[{"href":"https:\/\/portal.uern.br\/proplan\/wp-json\/wp\/v2\/media?parent=651"}],"curies":[{"name":"wp","href":"https:\/\/api.w.org\/{rel}","templated":true}]}}