{"id":2560,"date":"2026-04-24T11:00:43","date_gmt":"2026-04-24T14:00:43","guid":{"rendered":"https:\/\/portal.uern.br\/proplan\/?page_id=2560"},"modified":"2026-04-24T15:35:33","modified_gmt":"2026-04-24T18:35:33","slug":"pagamentos-realizados-2026","status":"publish","type":"page","link":"https:\/\/portal.uern.br\/proplan\/pagamentos-realizados-2026\/","title":{"rendered":"Pagamentos Realizados 2026"},"content":{"rendered":"<h3>Rela\u00e7\u00e3o Geral de Pagamentos &#8211; 2026<\/h3>\n<ul>\n<li><a href=\"https:\/\/portal.uern.br\/proplan\/wp-content\/uploads\/2026\/04\/01_relacao_geral_de_pagamentos_janeiro_2026.pdf\">Janeiro de 2026<\/a><\/li>\n<li><a href=\"https:\/\/portal.uern.br\/proplan\/wp-content\/uploads\/2026\/04\/02_relacao_geral_de_pagamentos_fevereiro_2026.pdf\">Fevereiro de 2026<\/a><\/li>\n<li><a href=\"https:\/\/portal.uern.br\/proplan\/wp-content\/uploads\/2026\/04\/03_relacao_geral_de_pagamentos_marco_2026.pdf\">Mar\u00e7o de 2026<\/a><\/li>\n<li>Abril de 2026<\/li>\n<li>Maio de 2026<\/li>\n<li>Junho de 2026<\/li>\n<li>Julho de 2026<\/li>\n<li>Agosto de 2026<\/li>\n<li>Setembro de 2026<\/li>\n<li>Outubro de 2026<\/li>\n<li>Novembro de 2026<\/li>\n<li>Dezembro de 2026<\/li>\n<\/ul>\n","protected":false},"excerpt":{"rendered":"<p>Rela\u00e7\u00e3o Geral de Pagamentos &#8211; 2026 Janeiro de 2026 Fevereiro de 2026 Mar\u00e7o de 2026 Abril de 2026 Maio de 2026 Junho de 2026 Julho de 2026 Agosto de 2026 Setembro de 2026 Outubro de 2026 Novembro de 2026 Dezembro de 2026<\/p>\n","protected":false},"author":2,"featured_media":0,"parent":0,"menu_order":0,"comment_status":"closed","ping_status":"closed","template":"","meta":{"footnotes":""},"class_list":["post-2560","page","type-page","status-publish","hentry"],"_links":{"self":[{"href":"https:\/\/portal.uern.br\/proplan\/wp-json\/wp\/v2\/pages\/2560","targetHints":{"allow":["GET"]}}],"collection":[{"href":"https:\/\/portal.uern.br\/proplan\/wp-json\/wp\/v2\/pages"}],"about":[{"href":"https:\/\/portal.uern.br\/proplan\/wp-json\/wp\/v2\/types\/page"}],"author":[{"embeddable":true,"href":"https:\/\/portal.uern.br\/proplan\/wp-json\/wp\/v2\/users\/2"}],"replies":[{"embeddable":true,"href":"https:\/\/portal.uern.br\/proplan\/wp-json\/wp\/v2\/comments?post=2560"}],"version-history":[{"count":3,"href":"https:\/\/portal.uern.br\/proplan\/wp-json\/wp\/v2\/pages\/2560\/revisions"}],"predecessor-version":[{"id":2591,"href":"https:\/\/portal.uern.br\/proplan\/wp-json\/wp\/v2\/pages\/2560\/revisions\/2591"}],"wp:attachment":[{"href":"https:\/\/portal.uern.br\/proplan\/wp-json\/wp\/v2\/media?parent=2560"}],"curies":[{"name":"wp","href":"https:\/\/api.w.org\/{rel}","templated":true}]}}