{"id":2489,"date":"2025-09-24T13:15:50","date_gmt":"2025-09-24T16:15:50","guid":{"rendered":"https:\/\/portal.uern.br\/proplan\/?page_id=2489"},"modified":"2025-09-24T13:24:35","modified_gmt":"2025-09-24T16:24:35","slug":"emendas-federais-2025","status":"publish","type":"page","link":"https:\/\/portal.uern.br\/proplan\/emendas-federais-2025\/","title":{"rendered":"Emendas Federais 2025"},"content":{"rendered":"<p><strong>EMENDA PARLAMENTAR N\u00b0 43740018<br \/>\n<\/strong><\/p>\n<p><strong>PARLAMENTAR AUTOR DA EMENDA:<\/strong> Fernando Mineiro<\/p>\n<p><strong>PROPOSTA N\u00ba 26600\/2025<br \/>\n<\/strong><\/p>\n<p><strong>CONV\u00caNIO N\u00ba &#8211;<br \/>\n<\/strong><\/p>\n<p><strong>Processo SEI n\u00ba:<\/strong> 04410066.000090\/2025-14<\/p>\n<p><strong>Objeto:<\/strong> Aquisi\u00e7\u00e3o de ve\u00edculos para atendimento \u00e0s demandas institucionais do Campus Avan\u00e7ado de Ass\u00fa, da FUERN, visando apoiar o desenvolvimento das atividades acad\u00eamicas e administrativas.<\/p>\n<p><strong>Valor Global:<\/strong> R$ 545.131,42<\/p>\n<p><strong>Valor da Contrapartida:<\/strong> R$ 45.131,42<\/p>\n<p><strong>Desembolso:<\/strong> R$ 0,00<\/p>\n<p><strong>Percentual executado do Plano de Trabalho:<\/strong> 0,00%<\/p>\n<p><strong>Vig\u00eancia:<\/strong> 30\/06\/2027<\/p>\n<p><strong>Situa\u00e7\u00e3o:<\/strong> Em Execu\u00e7\u00e3o.<\/p>\n<p><strong>Anexo:<\/strong> &#8211;<\/p>\n","protected":false},"excerpt":{"rendered":"<p>EMENDA PARLAMENTAR N\u00b0 43740018 PARLAMENTAR AUTOR DA EMENDA: Fernando Mineiro PROPOSTA N\u00ba 26600\/2025 CONV\u00caNIO N\u00ba &#8211; Processo SEI n\u00ba: 04410066.000090\/2025-14 Objeto: Aquisi\u00e7\u00e3o de ve\u00edculos para atendimento \u00e0s demandas institucionais do Campus Avan\u00e7ado de Ass\u00fa, da FUERN, visando apoiar o desenvolvimento das atividades acad\u00eamicas e administrativas. Valor Global: R$ 545.131,42 Valor da Contrapartida: R$ 45.131,42 Desembolso: [&hellip;]<\/p>\n","protected":false},"author":2,"featured_media":0,"parent":0,"menu_order":0,"comment_status":"closed","ping_status":"closed","template":"","meta":{"footnotes":""},"class_list":["post-2489","page","type-page","status-publish","hentry"],"_links":{"self":[{"href":"https:\/\/portal.uern.br\/proplan\/wp-json\/wp\/v2\/pages\/2489","targetHints":{"allow":["GET"]}}],"collection":[{"href":"https:\/\/portal.uern.br\/proplan\/wp-json\/wp\/v2\/pages"}],"about":[{"href":"https:\/\/portal.uern.br\/proplan\/wp-json\/wp\/v2\/types\/page"}],"author":[{"embeddable":true,"href":"https:\/\/portal.uern.br\/proplan\/wp-json\/wp\/v2\/users\/2"}],"replies":[{"embeddable":true,"href":"https:\/\/portal.uern.br\/proplan\/wp-json\/wp\/v2\/comments?post=2489"}],"version-history":[{"count":3,"href":"https:\/\/portal.uern.br\/proplan\/wp-json\/wp\/v2\/pages\/2489\/revisions"}],"predecessor-version":[{"id":2492,"href":"https:\/\/portal.uern.br\/proplan\/wp-json\/wp\/v2\/pages\/2489\/revisions\/2492"}],"wp:attachment":[{"href":"https:\/\/portal.uern.br\/proplan\/wp-json\/wp\/v2\/media?parent=2489"}],"curies":[{"name":"wp","href":"https:\/\/api.w.org\/{rel}","templated":true}]}}