{"id":2481,"date":"2025-09-24T11:49:04","date_gmt":"2025-09-24T14:49:04","guid":{"rendered":"https:\/\/portal.uern.br\/proplan\/?page_id=2481"},"modified":"2025-09-24T13:11:01","modified_gmt":"2025-09-24T16:11:01","slug":"emendas-federais-2024","status":"publish","type":"page","link":"https:\/\/portal.uern.br\/proplan\/emendas-federais-2024\/","title":{"rendered":"Emendas Federais 2024"},"content":{"rendered":"<p><strong>EMENDA PARLAMENTAR N\u00b0 43740014<br \/>\n<\/strong><\/p>\n<p><strong>PARLAMENTAR AUTOR DA EMENDA:<\/strong> Fernando Mineiro<\/p>\n<p><strong>PROPOSTA N\u00ba 2067\/2024<br \/>\n<\/strong><\/p>\n<p><strong>CONV\u00caNIO N\u00ba 968862\/2024<br \/>\n<\/strong><\/p>\n<p><strong>Processo SEI n\u00ba:<\/strong> 04410066.001857\/2023-61<\/p>\n<p><strong>Objeto:<\/strong> Aquisi\u00e7\u00e3o de ve\u00edculo tipo Van para o Campus Central da Universidade do Estado do Rio Grande do Norte (UERN) localizado em Mossor\u00f3\/RN.<\/p>\n<p><strong>Valor Global:<\/strong> R$ 416.000,00<\/p>\n<p><strong>Valor da Contrapartida:<\/strong> R$ 16.000,00<\/p>\n<p><strong>Desembolso:<\/strong> R$ 0,00<\/p>\n<p><strong>Percentual executado do Plano de Trabalho:<\/strong> 0,00%<\/p>\n<p><strong>Vig\u00eancia:<\/strong> 27\/12\/2027<\/p>\n<p><strong>Situa\u00e7\u00e3o:<\/strong> Em Execu\u00e7\u00e3o.<\/p>\n<p><strong>Anexo:<\/strong> &#8211;<\/p>\n<hr \/>\n<p><strong>EMENDA PARLAMENTAR N\u00b0 42760009<br \/>\n<\/strong><\/p>\n<p><strong>PARLAMENTAR AUTOR DA EMENDA:<\/strong> Rog\u00e9rio Marinho<\/p>\n<p><strong>PROPOSTA N\u00ba 2064\/2024<br \/>\n<\/strong><\/p>\n<p><strong>CONV\u00caNIO N\u00ba 968863\/2024<br \/>\n<\/strong><\/p>\n<p><strong>Processo SEI n\u00ba:<\/strong> 04410066.001856\/2023-16<\/p>\n<p><strong>Objeto:<\/strong> Aquisi\u00e7\u00e3o de equipamentos para melhoria da infraestrutura de redes\/servidores da Institui\u00e7\u00e3o localizados na Reitoria e Campus Central da institui\u00e7\u00e3o.<\/p>\n<p><strong>Valor Global:<\/strong> R$ 367.023,00<\/p>\n<p><strong>Valor da Contrapartida:<\/strong> R$ 67.023,00<\/p>\n<p><strong>Desembolso:<\/strong> R$ 0,00<\/p>\n<p><strong>Percentual executado do Plano de Trabalho:<\/strong> 0,00%<\/p>\n<p><strong>Vig\u00eancia:<\/strong> 27\/12\/2027<\/p>\n<p><strong>Situa\u00e7\u00e3o:<\/strong> Em Execu\u00e7\u00e3o.<\/p>\n<p><strong>Anexo:<\/strong> &#8211;<\/p>\n<hr \/>\n<p><strong>EMENDA PARLAMENTAR N\u00b0 24460005<br \/>\n<\/strong><\/p>\n<p><strong>PARLAMENTAR AUTOR DA EMENDA:<\/strong> Jo\u00e3o Maia<\/p>\n<p><strong>PROPOSTA N\u00ba 2063\/2024<br \/>\n<\/strong><\/p>\n<p><strong>CONV\u00caNIO N\u00ba 968865\/2024<br \/>\n<\/strong><\/p>\n<p><strong>Processo SEI n\u00ba:<\/strong> 04410066.001855\/2023-71<\/p>\n<p><strong>Objeto:<\/strong> Aquisi\u00e7\u00e3o de um ve\u00edculo tipo Van, destinado \u00e0s atividades dos docentes e equipe administrativa da Universidade do Estado do Rio Grande do Norte (UERN).<\/p>\n<p><strong>Valor Global:<\/strong> R$ 416.000,00<\/p>\n<p><strong>Valor da Contrapartida:<\/strong> R$ 16.000,00<\/p>\n<p><strong>Desembolso:<\/strong> R$ 0,00<\/p>\n<p><strong>Percentual executado do Plano de Trabalho:<\/strong> 0,00%<\/p>\n<p><strong>Vig\u00eancia:<\/strong> 27\/12\/2027<\/p>\n<p><strong>Situa\u00e7\u00e3o:<\/strong> Em Execu\u00e7\u00e3o.<\/p>\n<p><strong>Anexo:<\/strong> &#8211;<\/p>\n<hr \/>\n<p><strong>EMENDA PARLAMENTAR N\u00b0 &#8211;<br \/>\n<\/strong><\/p>\n<p><strong>PARLAMENTAR AUTOR DA EMENDA:<\/strong> Nat\u00e1lia Bonavides<\/p>\n<p><strong>PROPOSTA N\u00ba 2065\/2024<br \/>\n<\/strong><\/p>\n<p><strong>CONV\u00caNIO N\u00ba 971492\/2024<br \/>\n<\/strong><\/p>\n<p><strong>Processo SEI n\u00ba:<\/strong> 04410066.000413\/2024-99<\/p>\n<p><strong>Objeto:<\/strong> Aquisi\u00e7\u00e3o de equipamentos avan\u00e7ados para o curso de Geografia do Campus Avan\u00e7ado de Ass\u00fa, voltados para as atividades de ensino e pesquisa no contexto do semi\u00e1rido brasileiro.<\/p>\n<p><strong>Valor Global:<\/strong> R$ 244.032,27<\/p>\n<p><strong>Valor da Contrapartida:<\/strong> R$ 44.032,27<\/p>\n<p><strong>Desembolso:<\/strong> R$ 0,00<\/p>\n<p><strong>Percentual executado do Plano de Trabalho:<\/strong> 0,00%<\/p>\n<p><strong>Vig\u00eancia:<\/strong> 27\/12\/2027<\/p>\n<p><strong>Situa\u00e7\u00e3o:<\/strong> Em Execu\u00e7\u00e3o.<\/p>\n<p><strong>Anexo:<\/strong> &#8211;<\/p>\n<hr \/>\n<p><strong>EMENDA PARLAMENTAR N\u00b0 41630001<br \/>\n<\/strong><\/p>\n<p><strong>PARLAMENTAR AUTOR DA EMENDA:<\/strong> Nat\u00e1lia Bonavides<\/p>\n<p><strong>PROPOSTA N\u00ba 7582\/2024<br \/>\n<\/strong><\/p>\n<p><strong>CONV\u00caNIO N\u00ba 971495\/2024<br \/>\n<\/strong><\/p>\n<p><strong>Processo SEI n\u00ba:<\/strong> 04410066.001858\/2023-13; 04410066.000412\/2024-44; e 04410066.000413\/2024-99<\/p>\n<p><strong>Objeto:<\/strong> Aquisi\u00e7\u00e3o de material permanente para laborat\u00f3rios do Campus Avan\u00e7ado de Caic\u00f3 da Universidade do Estado do Rio Grande do Norte &#8211; UERN.<\/p>\n<p><strong>Valor Global:<\/strong> R$ 240.070,24<\/p>\n<p><strong>Valor da Contrapartida:<\/strong> R$ 40.070,24<\/p>\n<p><strong>Desembolso:<\/strong> R$ 0,00<\/p>\n<p><strong>Percentual executado do Plano de Trabalho:<\/strong> 0,00%<\/p>\n<p><strong>Vig\u00eancia:<\/strong> 27\/12\/2027<\/p>\n<p><strong>Situa\u00e7\u00e3o:<\/strong> Em Execu\u00e7\u00e3o.<\/p>\n<p><strong>Anexo:<\/strong> &#8211;<\/p>\n","protected":false},"excerpt":{"rendered":"<p>EMENDA PARLAMENTAR N\u00b0 43740014 PARLAMENTAR AUTOR DA EMENDA: Fernando Mineiro PROPOSTA N\u00ba 2067\/2024 CONV\u00caNIO N\u00ba 968862\/2024 Processo SEI n\u00ba: 04410066.001857\/2023-61 Objeto: Aquisi\u00e7\u00e3o de ve\u00edculo tipo Van para o Campus Central da Universidade do Estado do Rio Grande do Norte (UERN) localizado em Mossor\u00f3\/RN. Valor Global: R$ 416.000,00 Valor da Contrapartida: R$ 16.000,00 Desembolso: R$ 0,00 [&hellip;]<\/p>\n","protected":false},"author":2,"featured_media":0,"parent":0,"menu_order":0,"comment_status":"closed","ping_status":"closed","template":"","meta":{"footnotes":""},"class_list":["post-2481","page","type-page","status-publish","hentry"],"_links":{"self":[{"href":"https:\/\/portal.uern.br\/proplan\/wp-json\/wp\/v2\/pages\/2481","targetHints":{"allow":["GET"]}}],"collection":[{"href":"https:\/\/portal.uern.br\/proplan\/wp-json\/wp\/v2\/pages"}],"about":[{"href":"https:\/\/portal.uern.br\/proplan\/wp-json\/wp\/v2\/types\/page"}],"author":[{"embeddable":true,"href":"https:\/\/portal.uern.br\/proplan\/wp-json\/wp\/v2\/users\/2"}],"replies":[{"embeddable":true,"href":"https:\/\/portal.uern.br\/proplan\/wp-json\/wp\/v2\/comments?post=2481"}],"version-history":[{"count":7,"href":"https:\/\/portal.uern.br\/proplan\/wp-json\/wp\/v2\/pages\/2481\/revisions"}],"predecessor-version":[{"id":2488,"href":"https:\/\/portal.uern.br\/proplan\/wp-json\/wp\/v2\/pages\/2481\/revisions\/2488"}],"wp:attachment":[{"href":"https:\/\/portal.uern.br\/proplan\/wp-json\/wp\/v2\/media?parent=2481"}],"curies":[{"name":"wp","href":"https:\/\/api.w.org\/{rel}","templated":true}]}}