{"id":2472,"date":"2025-09-24T10:45:14","date_gmt":"2025-09-24T13:45:14","guid":{"rendered":"https:\/\/portal.uern.br\/proplan\/?page_id=2472"},"modified":"2025-09-24T11:42:14","modified_gmt":"2025-09-24T14:42:14","slug":"emendas-federais-2023","status":"publish","type":"page","link":"https:\/\/portal.uern.br\/proplan\/emendas-federais-2023\/","title":{"rendered":"Emendas Federais 2023"},"content":{"rendered":"<p><strong>EMENDA PARLAMENTAR N\u00b0 37420006<br \/>\n<\/strong><\/p>\n<p><strong>PARLAMENTAR AUTOR DA EMENDA:<\/strong> Rafael Mota<\/p>\n<p><strong>PROPOSTA N\u00ba 8590\/2023<br \/>\n<\/strong><\/p>\n<p><strong>CONV\u00caNIO N\u00ba 948593\/2023<br \/>\n<\/strong><\/p>\n<p><strong>Processo SEI n\u00ba:<\/strong> 04410066.000201\/2023-21<\/p>\n<p><strong>Objeto:<\/strong> Aquisi\u00e7\u00e3o de equipamentos para melhoramento da infraestrutura de computadores e de rede da Universidade do Estado do Rio Grande do Norte.<\/p>\n<p><strong>Valor Global:<\/strong> R$ 520.210,48<\/p>\n<p><strong>Valor da Contrapartida:<\/strong> R$ 20.210,48<\/p>\n<p><strong>Desembolso:<\/strong> R$ 0,00<\/p>\n<p><strong>Percentual executado do Plano de Trabalho:<\/strong> 0,00%<\/p>\n<p><strong>Vig\u00eancia:<\/strong> 27\/11\/2026<\/p>\n<p><strong>Situa\u00e7\u00e3o:<\/strong> Em Execu\u00e7\u00e3o.<\/p>\n<p><strong>Anexo:<\/strong> &#8211;<\/p>\n<hr \/>\n<p><strong>EMENDA PARLAMENTAR N\u00b0 41420017<br \/>\n<\/strong><\/p>\n<p><strong>PARLAMENTAR AUTOR DA EMENDA:<\/strong> Styvenson Valentim<\/p>\n<p><strong>PROPOSTA N\u00ba 9440\/2023<br \/>\n<\/strong><\/p>\n<p><strong>CONV\u00caNIO N\u00ba 942434\/2023<br \/>\n<\/strong><\/p>\n<p><strong>Processo SEI n\u00ba:<\/strong> 04410066.000002\/2023-12<\/p>\n<p><strong>Objeto:<\/strong> Aquisi\u00e7\u00e3o de equipamentos para fortalecer o ensino p\u00fablico de qualidade e melhoria na presta\u00e7\u00e3o de servi\u00e7os ao povo potiguar.<\/p>\n<p><strong>Valor Global:<\/strong> R$ 637.323,87<\/p>\n<p><strong>Valor da Contrapartida:<\/strong> R$ 27.323,87<\/p>\n<p><strong>Desembolso:<\/strong> R$ 0,00<\/p>\n<p><strong>Percentual executado do Plano de Trabalho:<\/strong> 0,00%<\/p>\n<p><strong>Vig\u00eancia:<\/strong> 20\/11\/2026<\/p>\n<p><strong>Situa\u00e7\u00e3o:<\/strong> Em Execu\u00e7\u00e3o.<\/p>\n<p><strong>Anexo:<\/strong> &#8211;<\/p>\n<hr \/>\n<p><strong>EMENDA PARLAMENTAR N\u00b0 41630005<br \/>\n<\/strong><\/p>\n<p><strong>PARLAMENTAR AUTOR DA EMENDA:<\/strong> Natalia Bonavides<\/p>\n<p><strong>PROPOSTA N\u00ba 8586\/2023<br \/>\n<\/strong><\/p>\n<p><strong>CONV\u00caNIO N\u00ba 950672\/2023<br \/>\n<\/strong><\/p>\n<p><strong>Processo SEI n\u00ba:<\/strong> 04410066.000199\/2023-90<\/p>\n<p><strong>Objeto:<\/strong> Aquisi\u00e7\u00e3o de equipamentos e materiais para renova\u00e7\u00e3o e expans\u00e3o do parque tecnol\u00f3gico e da infraestrutura de redes da Universidade.<\/p>\n<p><strong>Valor Global:<\/strong> R$ 597.927,37<\/p>\n<p><strong>Valor da Contrapartida:<\/strong> R$ 17.927,37<\/p>\n<p><strong>Desembolso:<\/strong> R$ 0,00<\/p>\n<p><strong>Percentual executado do Plano de Trabalho:<\/strong> 0,00%<\/p>\n<p><strong>Vig\u00eancia:<\/strong> 21\/12\/2026<\/p>\n<p><strong>Situa\u00e7\u00e3o:<\/strong> Em Execu\u00e7\u00e3o.<\/p>\n<p><strong>Anexo:<\/strong> &#8211;<\/p>\n","protected":false},"excerpt":{"rendered":"<p>EMENDA PARLAMENTAR N\u00b0 37420006 PARLAMENTAR AUTOR DA EMENDA: Rafael Mota PROPOSTA N\u00ba 8590\/2023 CONV\u00caNIO N\u00ba 948593\/2023 Processo SEI n\u00ba: 04410066.000201\/2023-21 Objeto: Aquisi\u00e7\u00e3o de equipamentos para melhoramento da infraestrutura de computadores e de rede da Universidade do Estado do Rio Grande do Norte. Valor Global: R$ 520.210,48 Valor da Contrapartida: R$ 20.210,48 Desembolso: R$ 0,00 Percentual [&hellip;]<\/p>\n","protected":false},"author":2,"featured_media":0,"parent":0,"menu_order":0,"comment_status":"closed","ping_status":"closed","template":"","meta":{"footnotes":""},"class_list":["post-2472","page","type-page","status-publish","hentry"],"_links":{"self":[{"href":"https:\/\/portal.uern.br\/proplan\/wp-json\/wp\/v2\/pages\/2472","targetHints":{"allow":["GET"]}}],"collection":[{"href":"https:\/\/portal.uern.br\/proplan\/wp-json\/wp\/v2\/pages"}],"about":[{"href":"https:\/\/portal.uern.br\/proplan\/wp-json\/wp\/v2\/types\/page"}],"author":[{"embeddable":true,"href":"https:\/\/portal.uern.br\/proplan\/wp-json\/wp\/v2\/users\/2"}],"replies":[{"embeddable":true,"href":"https:\/\/portal.uern.br\/proplan\/wp-json\/wp\/v2\/comments?post=2472"}],"version-history":[{"count":5,"href":"https:\/\/portal.uern.br\/proplan\/wp-json\/wp\/v2\/pages\/2472\/revisions"}],"predecessor-version":[{"id":2480,"href":"https:\/\/portal.uern.br\/proplan\/wp-json\/wp\/v2\/pages\/2472\/revisions\/2480"}],"wp:attachment":[{"href":"https:\/\/portal.uern.br\/proplan\/wp-json\/wp\/v2\/media?parent=2472"}],"curies":[{"name":"wp","href":"https:\/\/api.w.org\/{rel}","templated":true}]}}